{"id":5419,"date":"2017-07-06T09:30:56","date_gmt":"2017-07-06T08:30:56","guid":{"rendered":"http:\/\/www.each.eu\/?page_id=5419"},"modified":"2025-12-18T09:45:06","modified_gmt":"2025-12-18T09:45:06","slug":"sigs","status":"publish","type":"page","link":"https:\/\/each.international\/nl\/organisation\/sigs\/","title":{"rendered":"Speciale interessegroepen"},"content":{"rendered":"<div class=\"wp-block-media-text is-stacked-on-mobile shadow-bg\" style=\"grid-template-columns:15% auto\"><figure class=\"wp-block-media-text__media\"><img loading=\"lazy\" width=\"280\" height=\"280\" src=\"https:\/\/each.international\/wp-content\/uploads\/2020\/02\/group_icon_sig.png\" alt=\"\" class=\"wp-image-11234 size-full\" srcset=\"https:\/\/each.international\/wp-content\/uploads\/2020\/02\/group_icon_sig.png 280w, https:\/\/each.international\/wp-content\/uploads\/2020\/02\/group_icon_sig-150x150.png 150w, https:\/\/each.international\/wp-content\/uploads\/2020\/02\/group_icon_sig-200x200.png 200w\" sizes=\"auto, (max-width: 280px) 100vw, 280px\" \/><\/figure><div class=\"wp-block-media-text__content\">\n<h2 class=\"wp-block-heading\">Wat SIG&#039;s bieden<\/h2>\n\n\n\n<p>SIGs allow groups of EACH members with common interests to work and network together toward common goals in a specific area. Each SIG is given a space on the EACH website to publicize their activities and&nbsp; is also invited to submit activities and announcements in the monthly EACH newsletter.&nbsp; Each SIG is also given priority for a designated time\/meeting space at EACH sponsored ICCH conferences and can also sponsor online webinars through EACH.<\/p>\n<\/div><\/div>\n\n\n\n<p><\/p>\n\n\n\n<p>Huidige SIG&#039;s zijn onder meer:<\/p>\n\n\n\n<h2 class=\"wp-block-heading\"><a href=\"https:\/\/each.international\/nl\/organisation\/sigs\/improv\/\">SIG &#8211; Improv in Health Professions Education<\/a><\/h2>\n\n\n\n<p>Wij zijn een groep docenten en onderzoekers die improvisatietheatertechnieken gebruiken om essenti\u00eble gezondheidszorgvaardigheden aan te leren.<br>In de gezondheidszorgcommunicatietrainingen zijn improvisatietechnieken gebruikt om vaardigheden aan te leren die verband houden met empathie, communicatie, teamwerk en veerkracht. Dit werk begon met Viola Spolin in de Verenigde Staten en heeft wortels in Groot-Brittanni\u00eb via Impro van Keith Johnstone. Improv is gebaseerd op het concept dat we beter met elkaar in verbinding kunnen komen als we leren goed te luisteren en te reageren op een manier die het leven van onszelf en anderen verrijkt. Medische improvisatie is een groeiend vakgebied in de Verenigde Staten en in andere landen. Wij willen graag een community cre\u00ebren waar praktijkmensen samenkomen. Door ruimtes en mechanismen te cre\u00ebren om idee\u00ebn, inzichten en ervaringen te delen, kunnen we het veld vooruit helpen met een diversiteit aan perspectieven.<\/p>\n\n\n\n<h2 class=\"wp-block-heading\"><a href=\"https:\/\/each.international\/nl\/organisation\/sigs\/communication-oral-healthcare\/\">SIG &#8211; Communication in oral healthcare<\/a><\/h2>\n\n\n\n<p>The special surgical feature of dentistry and high prevalence of dental anxiety in patient groups requires dental professionals to take extra care on patients\u2019 well-being and their treatment experience.&nbsp; This SIG is therefore to provide a networking platform for communication researchers, dental clinicians and teachers to exchange ideas\/thoughts, knowledge, expertise and experiences in order to promote research and teaching collaborations and strengthen inter\/national links.&nbsp; We welcome anyone who has passion and interests related to communicative aspects of dental\/oral healthcare.<\/p>\n\n\n\n<h2 class=\"wp-block-heading\"><a href=\"https:\/\/each.international\/nl\/organisation\/sigs\/sig-communication-in-surgical-subspecialties\/\">SIG \u2013 Communicatie in chirurgische subspecialismen<\/a><\/h2>\n\n\n\n<p>Het onderwijs in communicatievaardigheden is van oudsher gericht op \u2018alle nieuwkomers\u2019, vanuit de eerstelijnszorg, en vertaalt zich niet rechtstreeks naar chirurgen. Deze SIG zal een centrale locatie zijn voor belanghebbenden op het gebied van chirurgische communicatie om klinische, onderzoeks- en onderwijsidee\u00ebn te delen, onderzoeksprojecten te ontwerpen en uit te voeren, en communicatiecurricula te bedenken, implementeren en beoordelen.<\/p>\n\n\n\n<h2 class=\"wp-block-heading\"><a href=\"https:\/\/each.international\/nl\/organisation\/sigs\/communication-in-veterinary-healthcare\/\">SIG &#8211; Communication in veterinary healthcare<\/a><\/h2>\n\n\n\n<p>Communicatie in de diergeneeskunde is een complexe activiteit, omdat het vereist dat meerdere belanghebbenden op dezelfde lijn staan bij het nemen van gezamenlijke beslissingen in de dierenzorg. Een belangrijk doel van deze SIG is het ondersteunen van de ontwikkeling en het gebruik van communicatiestrategie\u00ebn voor de hele zorgcirkel rond een dierpati\u00ebnt om de pati\u00ebntresultaten te verbeteren.<\/p>\n\n\n\n<h2 class=\"wp-block-heading\"><a href=\"https:\/\/each.international\/nl\/organisation\/sigs\/healthcare-communication-education-research\/\">SIG &#8211; Healthcare communication education research<\/a><\/h2>\n\n\n\n<p>Het hoofddoel van deze SIG is het opzetten van een netwerk van EACH-leden die onderzoekers zijn die actief zijn op het gebied van het leren en onderwijzen van gezondheidszorgcommunicatie om de communicatie te vergemakkelijken en de mogelijkheid te bieden onderzoeksplannen en expertise uit te wisselen.<\/p>\n\n\n\n<p><\/p>\n\n\n\n<h2 class=\"wp-block-heading\"><a href=\"https:\/\/each.international\/nl\/organisation\/sigs\/sig-healthcare-communication-in-nursing\/\">SIG &#8211; Healthcare communication in nursing<\/a><\/h2>\n\n\n\n<p>Er kan gesteld worden dat onderzoek, onderwijs en curriculumontwikkeling op het gebied van gezondheidszorgcommunicatie tot op zekere hoogte &#039;gedomineerd&#039; zijn door de medische beroepsgroep, die hard heeft gewerkt aan de ontwikkeling van een systematische en collaboratieve benadering van dit belangrijke aspect van het onderwijs. Hoewel het grootste deel van de kennis van deze groep rechtstreeks overdraagbaar is naar de opleiding tot verpleegkundige, lijkt het tijd om de specifieke uitdagingen en behoeften van de verpleegkunde als beroep te onderzoeken en door samen te werken om de invloedssfeer in de toekomst te vergroten. De articulatie, ontwikkeling en evaluatie van de verpleegkundig specifieke en verpleegkundig gevoelige kennis, modellen en strategie\u00ebn die de onafhankelijke en interprofessionele gezondheidszorgcommunicatiepraktijk van verpleegkundigen be\u00efnvloeden en optimaliseren, zullen door deze SIG worden verrijkt.<\/p>\n\n\n\n<h2 class=\"wp-block-heading\"><a href=\"https:\/\/each.international\/nl\/organisation\/sigs\/language-cultural-discordance-healthcare-communication\/\">SIG &#8211; Language and cultural discordance in healthcare communication<\/a><\/h2>\n\n\n\n<p>Ons doel is het bevorderen van een coherente interdisciplinaire en interprofessionele benadering van het onderzoeken en trainen van taal- en culturele dissonantie in gezondheidszorgcommunicatie. We nodigen gelijkgestemde onderzoekers, artsen, docenten, studenten en beleidsmakers uit om zich bij ons aan te sluiten om een internationaal netwerk te vormen, potenti\u00eble onderzoeksgebieden te verkennen en internationale samenwerking te ontwikkelen.<\/p>\n\n\n\n<h2 class=\"wp-block-heading\"><a href=\"https:\/\/each.international\/nl\/organisation\/sigs\/large-scale-communication-skills-interventions-for-healthcare-professionals\/\" data-type=\"page\" data-id=\"22180\">SIG &#8211; Large Scale Communication Skills Interventions for Healthcare Professionals<\/a><\/h2>\n\n\n\n<p>The overall purpose of the proposed SIG would be to explore and share best practices, outcomes and challenges that evolve around the implementation, development, sustainment and expansion of large scale CSI programmes for health professionals, be they discipline-based, institutional, regional or even national.<\/p>\n\n\n\n<h2 class=\"wp-block-heading\"><a href=\"https:\/\/each.international\/nl\/resources\/verona-coding-system\/\">Netwerk van sequentieanalyse<\/a><\/h2>\n\n\n\n<p>Het Verona Network on Sequence Analysis kwam bijeen om cruciale communicatiesequenties tussen zorgverlener en pati\u00ebnt te bestuderen waarin pati\u00ebnten emotioneel leed signaleren of uiten. Het ontbreken van een gemeenschappelijke basis bij het defini\u00ebren van signalen en zorgen leidde tot het besluit om een consensusproces op gang te brengen over de definitie van signalen en zorgen en, vervolgens, over de definitie van de reacties van zorgverleners op dergelijke uitingen. Met als doel vergelijkend onderzoek op basis van een gedeelde taal te vergemakkelijken, heeft het proces geleid tot de Verona Coding Definitions of Emotional Sequences (VR-CoDES), bestaande uit twee handleidingen, \u00e9\u00e9n voor signalen en zorgen die door pati\u00ebnten worden geuit en \u00e9\u00e9n voor zorgverleners. reacties.<\/p>\n\n\n\n<h2 class=\"wp-block-heading\"><\/h2>\n\n\n\n<h2 class=\"wp-block-heading\" id=\"block-5c0495c3-8d8b-4bea-b0cb-219950124fc4\"><a href=\"https:\/\/each.international\/nl\/organisation\/sigs\/sig-conversation-analysis-for-communication-in-healthcare\/\" data-type=\"page\" data-id=\"22349\">SIG &#8211; Conversation Analysis for Communication in Healthcare<\/a><\/h2>\n\n\n\n<p id=\"block-34c8e196-52a5-4821-bd2d-089cddbfd3ee\">The Conversation Analysis SIG is for anyone interested in the application of conversation analysis (CA) to clinician-patient, inter-professional, or any other naturally occurring, synchronous talk (face-to-face or virtual) in healthcare. We are a welcoming group and invite trained conversation analysts, aspiring conversation analysts, and experts in other fields who want to learn more about the method. We hope to create a vibrant group of CA enthusiasts committed to connection, collaboration, and the sharing of knowledge and expertise across disciplines. The CA SIG will also focus on advancing awareness, understanding, and utilization of conversation analysis in the broader healthcare communication research community and adjacent fields.<\/p>\n\n\n\n<div class=\"wp-block-group alignfull has-black-color has-text-color has-background has-link-color wp-elements-6e4653b91b66a708aa27f81d9c273874\" style=\"background-color:#d0cf25\"><div class=\"wp-block-group__inner-container is-layout-constrained wp-block-group-is-layout-constrained\">\n<h1 class=\"wp-block-heading\">Sollicitatie<\/h1>\n\n\n\n<p>We would like to invite members to propose Special Interest Groups to be affiliated within EACH. &nbsp;If your group has the intention of becoming a SIG, please click here for details of the application process and form.<\/p>\n\n\n\n<div class=\"wp-block-buttons is-layout-flex wp-block-buttons-is-layout-flex\">\n<div class=\"wp-block-button is-style-fill\"><a class=\"wp-block-button__link has-black-color has-white-background-color has-text-color has-background has-link-color wp-element-button\" href=\"https:\/\/each.international\/wp-content\/uploads\/2025\/12\/EACH-SIG-Application-Form-2025.docx\" target=\"_blank\" rel=\"noreferrer noopener\">SIG voorstellen<\/a><\/div>\n<\/div>\n<\/div><\/div>\n\n\n\n<p><\/p>","protected":false},"excerpt":{"rendered":"<p>What SIGs offer SIGs allow groups of EACH members with common interests to work and network together toward common goals in a specific area. Each&hellip;<\/p>","protected":false},"author":996,"featured_media":0,"parent":9503,"menu_order":0,"comment_status":"closed","ping_status":"open","template":"page-basic-full-width.php","meta":{"_acf_changed":false,"footnotes":""},"class_list":["post-5419","page","type-page","status-publish","hentry"],"acf":[],"_links":{"self":[{"href":"https:\/\/each.international\/nl\/wp-json\/wp\/v2\/pages\/5419","targetHints":{"allow":["GET"]}}],"collection":[{"href":"https:\/\/each.international\/nl\/wp-json\/wp\/v2\/pages"}],"about":[{"href":"https:\/\/each.international\/nl\/wp-json\/wp\/v2\/types\/page"}],"author":[{"embeddable":true,"href":"https:\/\/each.international\/nl\/wp-json\/wp\/v2\/users\/996"}],"replies":[{"embeddable":true,"href":"https:\/\/each.international\/nl\/wp-json\/wp\/v2\/comments?post=5419"}],"version-history":[{"count":16,"href":"https:\/\/each.international\/nl\/wp-json\/wp\/v2\/pages\/5419\/revisions"}],"predecessor-version":[{"id":23201,"href":"https:\/\/each.international\/nl\/wp-json\/wp\/v2\/pages\/5419\/revisions\/23201"}],"up":[{"embeddable":true,"href":"https:\/\/each.international\/nl\/wp-json\/wp\/v2\/pages\/9503"}],"wp:attachment":[{"href":"https:\/\/each.international\/nl\/wp-json\/wp\/v2\/media?parent=5419"}],"curies":[{"name":"wp","href":"https:\/\/api.w.org\/{rel}","templated":true}]}}