{"id":2324,"date":"2015-01-09T17:04:57","date_gmt":"2015-01-09T17:04:57","guid":{"rendered":"http:\/\/www.each.eu\/?page_id=2324"},"modified":"2025-06-18T10:42:37","modified_gmt":"2025-06-18T09:42:37","slug":"courses","status":"publish","type":"page","link":"https:\/\/each.international\/nl\/eachevents\/courses\/","title":{"rendered":"Cursussen"},"content":{"rendered":"<div class=\"wp-block-group shadow-bg courses-block\"><div class=\"wp-block-group__inner-container is-layout-constrained wp-block-group-is-layout-constrained\"><div class=\"em em-view-container\" id=\"em-view-1195382633\" data-view=\"list-grouped\">\r\n\t<div class=\"em-list em-events-list em-events-list-grouped\" id=\"em-events-list-grouped-1195382633\">\r\n\t<h3>mei 2026<\/h3><br \/>27 mei 2026 &#8211; <a href=\"https:\/\/each.international\/nl\/calendar\/how-to-maximise-the-impact-of-working-with-simulated-patients-in-communication-skills-teaching\/\">How to Maximise the Impact of Working with Simulated Patients in Communication Skills Teaching (Online Course)<\/a><h3>juni 2026<\/h3><br \/>11 jun 2026 &#8211; <a href=\"https:\/\/each.international\/nl\/calendar\/clinical-communication-skills-what-to-teach-online-course\/\">Clinical Communication Skills: What to Teach - Online Course<\/a><h3>september 2026<\/h3><br \/>14 sep 2026 - 18 sep 2026 &#8211; <a href=\"https:\/\/each.international\/nl\/calendar\/icch-2026\/\">ICCH 2026<\/a>\t<\/div>\r\n<\/div>\n\n\n\n<p><\/p>\n\n\n\n<h2 class=\"wp-block-heading\">E-learningcursussen<\/h2>\n\n\n\n<p><a href=\"https:\/\/each.international\/nl\/eachevents\/courses\/register001\/\">Hoe om te gaan met verkeerde informatie en desinformatie tijdens noodsituaties op het gebied van de volksgezondheid<\/a><br><a href=\"https:\/\/msurgery.ie\/course\/communication-skills-for-telephone-consultation\/\">E-learningcursus: Communicatieve vaardigheden voor telefonische consulten<\/a><a href=\"https:\/\/msurgery.ie\/course\/video-consultation-course\/\"><br>E-learningcursus: Communicatieve vaardigheden voor videoconsulten<\/a><\/p>\n<\/div><\/div>\n\n\n\n<h2 class=\"wp-block-heading\">Beurzen<\/h2>\n\n\n\n<p>There are scholarships available for members who struggle to pay the course fees. This can provide a limited amount of support for members who are not able to afford the fees or whose institutions do not provide financial support for courses. This provides a 50% discount on course fees. No additional support towards travel or accommodation is available.&nbsp;<\/p>\n\n\n\n<p>Klik alstublieft&nbsp;<a href=\"https:\/\/each.international\/wp-content\/uploads\/2023\/07\/Course-application-for-members-with-restricted-funding-2023.docx\">hier<\/a>&nbsp;voor meer details.&nbsp;<\/p>\n\n\n\n<h2 class=\"wp-block-heading\">Cursussen<\/h2>\n\n\n\n<p>EACH biedt elk jaar een aantal cursussen aan.<\/p>\n\n\n\n<p>We hope that this approach provides a wide variety of opportunities for teachers of communication skills to further develop their skills. If you want more information or to discuss which course would suit you best please contact us at info@each.international<\/p>\n\n\n\n<p>Momenteel bieden wij 6 verschillende cursussen aan:<\/p>\n\n\n<div id=\"accordion\" class=\"accordion-blocks\">\n    \n            \n            <button class=\"accordion\">Wat te onderwijzen in het onderwijzen van communicatieve vaardigheden: vaardigheden en structuur<\/button>\n            <div class=\"accordiontext\">\n                <h4>Wie moet aanwezig zijn<\/h4>\n<p>De cursus is bedoeld voor docenten van gezondheidszorgprofessionals die de onderliggende vaardigheden en structuur van communicatie in interacties in de gezondheidszorg willen verkennen. Het is geschikt voor leraren met uiteenlopende ervaring, vooral voor degenen die zich nog in de beginfase van de onderwijsloopbaan bevinden.<\/p>\n<h4>Cursus \u2018Wat te leren\u2019<\/h4>\n<p>De cursus &#039;Wat te leren&#039; is zeer interactief en gericht op de deelnemer. Het wordt gefaciliteerd door ervaren docenten van tEACH. De procedure zal in het Engels plaatsvinden en zal zoveel mogelijk tegemoetkomen aan deelnemers voor wie Engels niet hun moedertaal is.<\/p>\n<p>De primaire focus van deze tweedaagse, niet-residenti\u00eble cursus zal liggen op de structuur en vaardigheden van gezondheidszorgcommunicatie. In de cursus wordt gekeken naar de verschillende modellen die worden gebruikt om gezondheidszorgcommunicatie te conceptualiseren, en hoe deze kunnen worden gebruikt om communicatieve vaardigheden in geobserveerde ontmoetingen met pati\u00ebnten te analyseren. Dit zal de deelnemers helpen om:<\/p>\n<ul>\n<li>duidelijk maken wat ze proberen te onderwijzen en te leren,<\/li>\n<li>de individuele specifieke communicatievaardigheden defini\u00ebren<\/li>\n<li>breek de complexe taak van het interview op in zijn afzonderlijke componenten.<\/li>\n<\/ul>\n<p>De cursus zal een mix zijn van ervaringsgericht leren en didactisch lesgeven. We zullen communicatieve vaardigheden verkennen door voorbereide video&#039;s te observeren. We zullen ook in kleine groepen werken met gesimuleerde pati\u00ebnten om situaties na te bootsen waarin we communicatieve vaardigheden kunnen analyseren tijdens een lessessie.<\/p>\n            <\/div>\n        \n            \n            <button class=\"accordion\">Hoe les te geven: lesgeven in ervaringsgerichte communicatievaardigheden<\/button>\n            <div class=\"accordiontext\">\n                <p><strong>Cursus \u2018Hoe les te geven\u2019<\/strong><\/p>\n<p>The course is meant for teachers of health professionals who want to learn more about key strategies to facilitate experiential communication skills teaching. It is suitable for teachers of a variety of experience with experiential educational methods.<\/p>\n<p>Deze tweedaagse, niet-residenti\u00eble cursus zal zeer interactief, deelnemergericht en ervaringsgericht zijn. Het wordt gefaciliteerd door ervaren docenten van de onderwijscommissie van EACH: International Association of Communication in Healthcare. De feedback op eerdere cursussen was uiterst positief.<\/p>\n<p>De focus <span style=\"font-size: 1rem;\">De nadruk zal liggen op hoe les te geven, vooral op het faciliteren van kleine groepen, en niet zozeer op wat te onderwijzen of hoe een leerplan te ontwikkelen. Als resultaat van deze workshop kunnen deelnemers:<\/span><\/p>\n<ul>\n<li>onderwijstheorie toepassen op het ontwerpen van effectieve communicatievaardigheidstrainingen;<\/li>\n<li>de belangrijkste componenten beschrijven van effectieve trainingen op het gebied van ervaringsgerichte communicatievaardigheden;<\/li>\n<li>gebruik rollenspel, video, kleine groepen en gesimuleerde pati\u00ebnten om de communicatieve vaardigheden van leerlingen te verbeteren;<\/li>\n<li>structureer feedback om het leren in communicatietrainingen te verbeteren:<\/li>\n<li>en strategie\u00ebn beschrijven voor het beheren van de dynamiek van grote en kleine groepen in communicatietrainingen.<\/li>\n<\/ul>\n<p>De cursus wordt in het Engels gegeven en is zoveel mogelijk geschikt voor deelnemers voor wie Engels niet hun moedertaal is.<\/p>\n            <\/div>\n        \n            \n            <button class=\"accordion\">Uitdagingen bij het lesgeven in ervaringsgerichte communicatievaardigheden<\/button>\n            <div class=\"accordiontext\">\n                <h4>Wie moet aanwezig zijn<\/h4>\n<p>De cursus is bedoeld voor ervaren docenten communicatieve vaardigheden voor gezondheidswerkers die hun vaardigheden en enthousiasme willen opfrissen en nieuwe strategie\u00ebn willen ontwikkelen voor enkele van de uitdagingen waarmee ze in hun onderwijs worden geconfronteerd.<\/p>\n<h4>\u00a0Cursus \u2018De uitdagingen\u2019<\/h4>\n<p>Deze tweedaagse cursus zal zeer interactief, deelnemergericht en ervaringsgericht zijn.<\/p>\n<p>De nadruk zal liggen op gemeenschappelijke uitdagingen waarmee u te maken krijgt bij het geven van trainingen op het gebied van ervaringsgerichte communicatievaardigheden. Deelnemers krijgen de kans om enkele van de specifieke uitdagingen die zij identificeren te identificeren en eraan te werken.<\/p>\n<p>Als resultaat van deze workshop zullen de deelnemers dit kunnen<\/p>\n<ul>\n<li>Kleine groepen effectiever faciliteren en rollenspellen, video en gesimuleerde pati\u00ebnten gebruiken om de communicatieve vaardigheden van leerlingen te verbeteren.<\/li>\n<\/ul>\n<p>We zijn ons ervan bewust dat instellingen in verschillende landen over verschillende middelen zullen beschikken in termen van beschikbare leraren, gesimuleerde pati\u00ebnten en technologie. De cursus zal daarom in hoge mate worden afgestemd op de lespraktijk van de deelnemers.<\/p>\n<p>De cursus wordt in het Engels gegeven en is zoveel mogelijk geschikt voor deelnemers voor wie Engels niet hun moedertaal is.<\/p>\n<p>Het wordt gefaciliteerd door ervaren docenten van tEACH.<\/p>\n            <\/div>\n        \n            \n            <button class=\"accordion\">Curriculumontwikkeling<\/button>\n            <div class=\"accordiontext\">\n                <h4>Wie moet aanwezig zijn<\/h4>\n<p>De cursus is bedoeld voor docenten van zorgprofessionals die een nieuw curriculum willen ontwikkelen of een bestaand curriculum communicatieve vaardigheden willen uitbreiden. Het is geschikt voor docenten met uiteenlopende ervaring op het gebied van curriculumontwikkeling.<\/p>\n<h4>Curriculumcursus<\/h4>\n<p>De Curriculumcursus zal zeer interactief en deelnemergericht zijn en individuele deelnemers in staat stellen concrete plannen voor de toekomst te formuleren. De feedback op eerdere cursussen was uiterst positief.<\/p>\n<p>De primaire focus van deze tweedaagse cursus ligt op het ontwikkelen van een curriculum dat geschikt is voor de gezondheidszorgomgeving waarin de deelnemer opereert. In de cursus wordt gekeken naar wat er in het curriculum moet worden opgenomen en hoe het curriculum kan worden uitgevoerd en ge\u00ebvalueerd.<\/p>\n<p>Als resultaat van deze cursus kunnen deelnemers:<\/p>\n<ul>\n<li>relevante onderwijstheorie toepassen bij het ontwerpen van effectieve curricula voor communicatievaardigheden<\/li>\n<li>begrijpen hoe u ervoor kunt zorgen dat leerlingen een steeds groter scala aan vaardigheden onder de knie krijgen en deze in de loop van de tijd behouden<\/li>\n<li>de kerninhoud van het communicatiecurriculum selecteren en organiseren<\/li>\n<li>inhoud afstemmen op de behoeften van hun leerlingen<\/li>\n<li>voor elk onderdeel van het curriculum de juiste lesmethoden selecteren<\/li>\n<li>communicatie integreren met andere klinische vaardigheden en de rest van het leerprogramma en het curriculum evalueren.<\/li>\n<\/ul>\n<p>De procedure zal in het Engels plaatsvinden en zal zoveel mogelijk tegemoetkomen aan deelnemers voor wie Engels niet hun moedertaal is. We zijn ons er ook van bewust dat verschillende instellingen in verschillende landen over verschillende middelen zullen beschikken in termen van beschikbare leraren, gesimuleerde pati\u00ebnten en technologie.<\/p>\n            <\/div>\n        \n            \n            <button class=\"accordion\">Hoe te beoordelen<\/button>\n            <div class=\"accordiontext\">\n                <h4>Wie moet aanwezig zijn<\/h4>\n<p>De cursus is bedoeld voor docenten van gezondheidsprofessionals die de onderliggende principes en praktische aspecten van assessment in communicatie willen verkennen. Het is geschikt voor docenten met verschillende beoordelingservaringen. Let op: deze cursus gaat niet over gedetailleerde psychometrie en behandelt ook niet alle psychometrie van assessments diepgaand. De feedback op eerdere cursussen was zeer positief.<\/p>\n<h4>Beoordelingscursus<\/h4>\n<p>De Assessmentcursus zal zeer interactief zijn en de deelnemer centraal stellen. Het zal worden gefaciliteerd door deskundige tEACH-leden. De procedure zal in het Engels plaatsvinden en zal zoveel mogelijk tegemoetkomen aan deelnemers voor wie Engels niet hun moedertaal is.<\/p>\n<p>De primaire focus van deze tweedaagse cursus ligt op het ontwikkelen van beoordelingen die geschikt zijn voor de gezondheidszorgomgeving waarin de deelnemer opereert. Een bijzonder kenmerk van de cursus is de mogelijkheid voor deelnemers om uit de eerste hand ervaring op te doen met verschillende beoordelingsmethoden. Bovendien zullen deelnemers hun ervaringen en vragen kunnen delen, en kunnen ze werken aan hun eigen nieuwe assessmentprojecten of aan idee\u00ebn hoe ze bestaande assessmentprogramma&#039;s in hun thuisonderwijsomgeving kunnen verbeteren of uitbreiden.<\/p>\n<p>In de cursus wordt gekeken naar het belang van beoordeling, algemene beoordelingsprincipes, formatieve versus summatieve beoordeling, de geschiktheid van verschillende methoden voor verschillende beoordelingsresultaten, de haalbaarheid en kosten van verschillende formaten, het gebruik van gesimuleerde pati\u00ebnten en video bij beoordeling, OVSE-beoordeling, beoordeling van de werkplek, schriftelijke beoordeling, psychometrische basisvereisten en juridische en ethische kwesties.<\/p>\n            <\/div>\n        \n            \n            <button class=\"accordion\">Communicatieve vaardigheden onderwijzen en leren op de werkplek<\/button>\n            <div class=\"accordiontext\">\n                <h4>Wie moet aanwezig zijn<\/h4>\n<p>De cursus is gericht op docenten van gezondheidswerkers (bijvoorbeeld medische studenten, verpleegkundigen, fysiotherapeuten, artsen) die zich bezighouden met klinische supervisie van leerlingen, maar ook op docenten die betrokken zijn bij het ondersteunen van klinische training. Het is geschikt voor docenten met verschillende ervaring.<\/p>\n<h4>De cursus Lesgeven en leren op de werkplek<\/h4>\n<p>De cursus zal zeer interactief zijn en de deelnemers centraal stellen, met een mix van ervaringsleren en didactisch onderwijs. Het wordt gefaciliteerd door ervaren tEACH-facilitators. De procedure zal in het Engels plaatsvinden en zal zoveel mogelijk tegemoetkomen aan deelnemers voor wie Engels niet hun moedertaal is.<\/p>\n<p>De primaire focus van deze tweedaagse cursus zal liggen op benaderingen voor het integreren van onderwijs over communicatie op de klinische werkplek, zoals in klinieken en op ziekenhuisafdelingen waar leerlingen deelnemen aan de pati\u00ebntenzorg. Hoewel het aanleren van communicatieve vaardigheden tijdens klinische training belangrijk is om de communicatieve vaardigheden die in formele cursussen zijn geleerd te versterken en nieuwe vaardigheden te ontwikkelen, kunnen klinische supervisors het lastig vinden om deze taak te volbrengen. Deze cursus onderzoekt &#039;informele&#039; onderwijsmogelijkheden in klinische communicatie, zoals rolmodellering, observatie en reageren op presentaties van pati\u00ebnten, evenals meer formele \u00e9\u00e9n-op-\u00e9\u00e9n- en kleine groepsbenaderingen zoals videobeoordeling, rollenspel en reflectie, waarbij gebruik wordt gemaakt van de onmiddellijke klinische ervaringen van de leerlingen.<\/p>\n<p>Tijdens de cursus kunnen deelnemers:<\/p>\n<ul>\n<li>delen hun ervaringen en zorgen over kansen, strategie\u00ebn en uitdagingen voor communicatieonderwijs in de klinische setting<\/li>\n<li>klinische supervisors trainen en empoweren om communicatieve vaardigheden aan te pakken tijdens klinisch onderwijs<\/li>\n<li>obstakels aanpakken waarmee deelnemers worden geconfronteerd bij hun pogingen om communicatieve vaardigheden aan te pakken tijdens klinische training<\/li>\n<li>oefen een verscheidenheid aan benaderingen van het onderwijs in klinische communicatievaardigheden met behulp van materialen zoals rollenspellen, klinische vignetten en video&#039;s van stagiaires<\/li>\n<li>identificeren hoe inzichten en take home-punten uit de cursus praktisch kunnen worden ge\u00efmplementeerd in hun specifieke institutionele setting.<\/li>\n<\/ul>\n            <\/div>\n        \n        \n<\/div>\n\n\n\n\n\n<p>Elke cursus kan afzonderlijk gevolgd worden. Samen verzorgen zij een uitgebreid opleidingsprogramma. De cursussen omvatten een mix van leermethoden met bijzondere aandacht voor de actieve betrokkenheid van de deelnemers.<\/p>\n\n\n\n<div class=\"wp-block-group alignfull has-white-color has-text-color has-background has-link-color wp-elements-5b104535d0bf852609847b2acb35c005\" style=\"background-color:#f08b33\"><div class=\"wp-block-group__inner-container is-layout-constrained wp-block-group-is-layout-constrained\">\n<h1 class=\"wp-block-heading has-white-color has-text-color has-link-color wp-elements-09663c37751315dec86b8ade6abfe9ae\">Lokale cursussen\/mentorschap<\/h1>\n\n\n\n<p>tEACH is particularly interested in providing courses locally in people\u2019s own countries, disciplines and institutions. If you are interested in a course in your own centre or country get in touch.<\/p>\n\n\n\n<p>Het kan ook begeleiding, mentorschap, coaching en antwoorden op vragen bieden.<\/p>\n\n\n\n<div class=\"wp-block-buttons is-layout-flex wp-block-buttons-is-layout-flex\">\n<div class=\"wp-block-button is-style-fill\"><a class=\"wp-block-button__link has-white-background-color has-text-color has-background has-link-color wp-element-button\" href=\"https:\/\/each.international\/nl\/contact\/\" style=\"color:#f08b33\">Neem contact met ons op<\/a><\/div>\n<\/div>\n<\/div><\/div>","protected":false},"excerpt":{"rendered":"<p>E-Learning courses How to Deal with Misinformation and Disinformation during Public Health EmergenciesE-learning Course: Communication Skills for Telephone ConsultationsE-learning Course: Communication Skills for Video Consultations&hellip;<\/p>","protected":false},"author":996,"featured_media":0,"parent":2315,"menu_order":0,"comment_status":"closed","ping_status":"open","template":"page-basic-full-width.php","meta":{"_acf_changed":false,"footnotes":""},"class_list":["post-2324","page","type-page","status-publish","hentry"],"acf":[],"_links":{"self":[{"href":"https:\/\/each.international\/nl\/wp-json\/wp\/v2\/pages\/2324","targetHints":{"allow":["GET"]}}],"collection":[{"href":"https:\/\/each.international\/nl\/wp-json\/wp\/v2\/pages"}],"about":[{"href":"https:\/\/each.international\/nl\/wp-json\/wp\/v2\/types\/page"}],"author":[{"embeddable":true,"href":"https:\/\/each.international\/nl\/wp-json\/wp\/v2\/users\/996"}],"replies":[{"embeddable":true,"href":"https:\/\/each.international\/nl\/wp-json\/wp\/v2\/comments?post=2324"}],"version-history":[{"count":14,"href":"https:\/\/each.international\/nl\/wp-json\/wp\/v2\/pages\/2324\/revisions"}],"predecessor-version":[{"id":22293,"href":"https:\/\/each.international\/nl\/wp-json\/wp\/v2\/pages\/2324\/revisions\/22293"}],"up":[{"embeddable":true,"href":"https:\/\/each.international\/nl\/wp-json\/wp\/v2\/pages\/2315"}],"wp:attachment":[{"href":"https:\/\/each.international\/nl\/wp-json\/wp\/v2\/media?parent=2324"}],"curies":[{"name":"wp","href":"https:\/\/api.w.org\/{rel}","templated":true}]}}