{"id":8004,"date":"2019-02-12T11:28:00","date_gmt":"2019-02-12T11:28:00","guid":{"rendered":"https:\/\/each.eu\/?page_id=8004"},"modified":"2024-09-27T14:29:15","modified_gmt":"2024-09-27T13:29:15","slug":"policy-practice-projects","status":"publish","type":"page","link":"https:\/\/each.international\/fr\/projects\/policy-practice-projects\/","title":{"rendered":"Projets politiques et pratiques"},"content":{"rendered":"<div id=\"accordion\" class=\"accordion-blocks\">\n    \n            \n            <button class=\"accordion\">Le\u00e7ons de la mise en \u0153uvre<\/button>\n            <div class=\"accordiontext\">\n                <p>Chef de projet:\u00a0<a href=\"https:\/\/each.international\/fr\/members\/jammentorp\/\">Jette Ammentorp<\/a><\/p>\n<p>Objectif\u00a0: Le projet vise \u00e0 recueillir des exp\u00e9riences r\u00e9ussies en mati\u00e8re d&#039;application des connaissances qui peuvent \u00eatre partag\u00e9es avec la communaut\u00e9 CHAQUE au sens large afin d&#039;apprendre les uns des autres.<\/p>\n<p>R\u00e9sultat : Le projet a d\u00e9but\u00e9 en 2019, il est en cours.<\/p>\n<p>Il est n\u00e9 de la prise de conscience d&#039;un \u00e9norme effort mondial visant \u00e0 am\u00e9liorer la fourniture de soins de sant\u00e9 gr\u00e2ce \u00e0 une communication plus efficace, qui n&#039;est cependant pas organis\u00e9e et rarement \u00e9tay\u00e9e par des preuves solides.<\/p>\n<p>La port\u00e9e du projet est internationale, car il vise \u00e0 recueillir des exemples de projets de mise en \u0153uvre r\u00e9ussis qui pourraient servir d&#039;inspiration \u00e0 des coll\u00e8gues du monde entier.<\/p>\n<p>Les personnes impliqu\u00e9es sont des membres actuels de EACH, qui partagent leur expertise dans les efforts de mise en \u0153uvre.<\/p>\n<p>Nous pr\u00e9voyons de cr\u00e9er une base de donn\u00e9es consultable avec des exemples de projets de mise en \u0153uvre, ce qui pourrait susciter davantage d&#039;int\u00e9r\u00eat pour le processus de mise en \u0153uvre et conduire \u00e0 de nouveaux projets et collaborations avec des organismes politiques et de sant\u00e9.<\/p>\n            <\/div>\n        \n            \n            <button class=\"accordion\">Policy Documents<\/button>\n            <div class=\"accordiontext\">\n                <p>Chef de projet:\u00a0<a href=\"https:\/\/each.international\/fr\/members\/eeeckman\/\">Edgard Eckman<\/a><\/p>\n<p>Objectif : L&#039;objectif de ce projet en trois mots-cl\u00e9s est de \u00ab rassembler \u2013 r\u00e9pondre \u2013 d\u00e9velopper \u00bb des documents politiques sur la communication en mati\u00e8re de soins de sant\u00e9. Notre objectif est de : 1. Recueillir les documents politiques pertinents \u00e9mis par d&#039;autres organismes institutionnels sur la communication dans le domaine des soins de sant\u00e9 ; 2. Concevoir un processus\/cadre pour guider CHACUN dans la r\u00e9ponse \u00e0 ces documents\u00a0; 3. \u00c9laborer les propres documents de politique et lignes directrices de CHACUN.<\/p>\n<p>R\u00e9sultat : Le projet a d\u00e9but\u00e9 en 2019, il est en cours.<\/p>\n<p>Il est n\u00e9 de la prise de conscience que de nombreux organismes institutionnels publient des lignes directrices ou des d\u00e9clarations politiques sur la communication en mati\u00e8re de sant\u00e9, et non CHACUN. Nous pensons qu&#039;il s&#039;agit d&#039;une lacune qui devrait \u00eatre combl\u00e9e.<\/p>\n<p>La port\u00e9e du projet est internationale, car il vise \u00e0 collecter des exemples de documents politiques du monde entier.<\/p>\n<p>Les personnes impliqu\u00e9es sont des membres actuels de EACH.<\/p>\n<p>Comme objectif \u00e0 court terme, nous pr\u00e9voyons de cr\u00e9er une base de donn\u00e9es consultable avec les documents politiques collect\u00e9s. Un objectif \u00e0 moyen terme sera la conception d&#039;un mod\u00e8le pour r\u00e9pondre \u00e0 de tels documents\u00a0; tandis que l&#039;objectif \u00e0 long terme est de cr\u00e9er des mod\u00e8les et des proc\u00e9dures pour produire des documents politiques et des lignes directrices de EACH, contribuant ainsi \u00e0 rehausser le profil de EACH \u00e0 l&#039;\u00e9chelle internationale.<\/p>\n<p>pEACH appelle tous les membres de EACH \u00e0 fournir au moins un document politique. Remplir le mod\u00e8le prend au maximum 5 minutes. Le mod\u00e8le compl\u00e9t\u00e9 ainsi que le document de politique, de pr\u00e9f\u00e9rence au format PDF, doivent \u00eatre envoy\u00e9s au chef de projet. <a href=\"mailto:edgard.eeckman@proximus.be\">Edgard Eeckman<\/a>.<\/p>\n<p><a class=\"button\" href=\"https:\/\/each.international\/wp-content\/uploads\/2020\/02\/pEACH_Policy_document_identification_template_November_20191.pdf.pagespeed.ce.PT4fkqS9qq.pdf\" target=\"_blank\" rel=\"noopener noreferrer\">Document de politique<\/a><\/p>\n            <\/div>\n        \n            \n            <button class=\"accordion\">Instantan\u00e9s de preuves<\/button>\n            <div class=\"accordiontext\">\n                <p>Chef de projet:\u00a0<a href=\"https:\/\/each.international\/fr\/members\/cgilligan\/\">Conor Giligan<\/a><\/p>\n<p>Objectif : L&#039;un des premiers projets pEACH, il vise \u00e0 produire des documents de synth\u00e8se sur les grands enjeux de la communication sur les soins de sant\u00e9 afin de servir de ressources pr\u00eates \u00e0 l&#039;emploi pour impliquer les parties prenantes non universitaires. Les auteurs des instantan\u00e9s de preuves sont des experts internationalement reconnus sur le sujet qu\u2019ils sont invit\u00e9s \u00e0 r\u00e9sumer.<\/p>\n<p>R\u00e9sultat : Le projet a d\u00e9but\u00e9 en 2015, il est en cours.<\/p>\n<p>Il est n\u00e9 de la prise de conscience des difficult\u00e9s que peuvent rencontrer les universitaires lorsqu&#039;ils tentent d&#039;impliquer d&#039;autres parties prenantes dans des projets ou des initiatives autour des principales questions li\u00e9es \u00e0 la communication en mati\u00e8re de sant\u00e9.<\/p>\n<p>La port\u00e9e du projet est internationale, car il fournit des ressources valables dans tous les pays et cultures car bas\u00e9es sur la recherche actuelle.<\/p>\n<p>Les personnes impliqu\u00e9es sont des membres actuels de EACH, tandis que les auteurs des instantan\u00e9s de preuves peuvent \u00e9galement \u00eatre des non-membres.<\/p>\n<p>Ce projet constitue un effort continu visant \u00e0 produire un corpus croissant de ressources pour faciliter l&#039;interaction entre les acteurs acad\u00e9miques et non universitaires du secteur de la sant\u00e9.<\/p>\n<p>Des instantan\u00e9s de preuves sont publi\u00e9s\u00a0<a href=\"https:\/\/each.international\/fr\/resources\/peach\/\">ici<\/a>.<\/p>\n            <\/div>\n        \n            \n            <button class=\"accordion\">S\u00e9rie de documents de position dans PEC<\/button>\n            <div class=\"accordiontext\">\n                <p>Chef de projet:\u00a0<a href=\"https:\/\/each.international\/fr\/members\/sbigi\/\">Sarah Bigi<\/a><\/p>\n<p>Objectif\u00a0: D\u00e9veloppement du projet Bullet Points, cette s\u00e9rie fournira un compte rendu \u00ab de pointe \u00bb sur les sujets r\u00e9sum\u00e9s dans les puces.<\/p>\n<p>R\u00e9sultat : Le projet est discut\u00e9 depuis 2015, il a d\u00e9marr\u00e9 en 2019 et il est en cours.<\/p>\n<p>En compl\u00e9ment des Bullet Points, les articles de cette s\u00e9rie fourniront une discussion plus longue de chaque sujet et seront r\u00e9dig\u00e9s par les m\u00eames auteurs des Bullet Points.<br \/>\nLa port\u00e9e du projet est internationale.<\/p>\n<p>Les personnes impliqu\u00e9es sont des membres actuels de EACH, tandis que les auteurs des puces peuvent \u00e9galement \u00eatre des non-membres.<\/p>\n<p>Ce projet constitue un effort continu visant \u00e0 produire un corpus croissant de ressources pour faciliter l&#039;interaction entre les acteurs acad\u00e9miques et non universitaires du secteur de la sant\u00e9.<\/p>\n<p>Une fois termin\u00e9s, les expos\u00e9s de position para\u00eetront dans la revue\u00a0<a href=\"https:\/\/www.sciencedirect.com\/journal\/patient-education-and-counseling\" target=\"_blank\" rel=\"noreferrer noopener\">\u00c9ducation et conseil aux patients<\/a>\u00a0et sur le\u00a0<a href=\"https:\/\/each.international\/fr\/resources\/peach\/\" data-type=\"page\" data-id=\"10182\">Page de ressources pEACH<\/a>.<\/p>\n            <\/div>\n        \n        \n<\/div>\n\n\n\n\n\n<p><\/p>","protected":false},"excerpt":{"rendered":"","protected":false},"author":996,"featured_media":0,"parent":7979,"menu_order":0,"comment_status":"closed","ping_status":"open","template":"page-basic-header.php","meta":{"_acf_changed":false,"footnotes":""},"class_list":["post-8004","page","type-page","status-publish","hentry"],"acf":[],"_links":{"self":[{"href":"https:\/\/each.international\/fr\/wp-json\/wp\/v2\/pages\/8004","targetHints":{"allow":["GET"]}}],"collection":[{"href":"https:\/\/each.international\/fr\/wp-json\/wp\/v2\/pages"}],"about":[{"href":"https:\/\/each.international\/fr\/wp-json\/wp\/v2\/types\/page"}],"author":[{"embeddable":true,"href":"https:\/\/each.international\/fr\/wp-json\/wp\/v2\/users\/996"}],"replies":[{"embeddable":true,"href":"https:\/\/each.international\/fr\/wp-json\/wp\/v2\/comments?post=8004"}],"version-history":[{"count":8,"href":"https:\/\/each.international\/fr\/wp-json\/wp\/v2\/pages\/8004\/revisions"}],"predecessor-version":[{"id":21668,"href":"https:\/\/each.international\/fr\/wp-json\/wp\/v2\/pages\/8004\/revisions\/21668"}],"up":[{"embeddable":true,"href":"https:\/\/each.international\/fr\/wp-json\/wp\/v2\/pages\/7979"}],"wp:attachment":[{"href":"https:\/\/each.international\/fr\/wp-json\/wp\/v2\/media?parent=8004"}],"curies":[{"name":"wp","href":"https:\/\/api.w.org\/{rel}","templated":true}]}}