{"id":7979,"date":"2019-02-11T16:37:13","date_gmt":"2019-02-11T16:37:13","guid":{"rendered":"https:\/\/each.eu\/?page_id=7979"},"modified":"2024-11-27T13:32:09","modified_gmt":"2024-11-27T13:32:09","slug":"projects","status":"publish","type":"page","link":"https:\/\/each.international\/fr\/projects\/","title":{"rendered":"Projets"},"content":{"rendered":"<span class=\"here\"><\/span><div id=\"iconblock-block_24e410c622f3c340d05099153d08dd58\" class=\"icon-blocks\">\n    \n            \n        <div class=\"icon-block\">\n            <div class=\"icon-block-image\" style=\"background-color:#65215a;\"><img src=\"https:\/\/each.international\/wp-content\/uploads\/2022\/07\/organisation-1.png\" \/><\/div>\n            <div class=\"icon-block-text\">\n                <h3>Recherche<\/h3>\n                                <a href=\"https:\/\/each.international\/fr\/projects\/research\/\" class=\"button\">Explorer<\/a>            <\/div>\n        <\/div>\n        \n            \n        <div class=\"icon-block\">\n            <div class=\"icon-block-image\" style=\"background-color:#f08b33;\"><img src=\"https:\/\/each.international\/wp-content\/uploads\/2022\/07\/teachers-icon.png\" \/><\/div>\n            <div class=\"icon-block-text\">\n                <h3>Enseignement<\/h3>\n                                <a href=\"https:\/\/each.international\/fr\/projects\/teaching-projects\/\" class=\"button\">Explorer<\/a>            <\/div>\n        <\/div>\n        \n            \n        <div class=\"icon-block\">\n            <div class=\"icon-block-image\" style=\"background-color:#d0cf25;\"><img src=\"https:\/\/each.international\/wp-content\/uploads\/2022\/07\/organisation-3.png\" \/><\/div>\n            <div class=\"icon-block-text\">\n                <h3>Politique et pratique<\/h3>\n                                <a href=\"https:\/\/each.international\/fr\/policy-practice\/\" class=\"button\">Explorer<\/a>            <\/div>\n        <\/div>\n        \n            \n        <div class=\"icon-block\">\n            <div class=\"icon-block-image\" style=\"background-color:#0038a9;\"><img src=\"https:\/\/each.international\/wp-content\/uploads\/2022\/07\/network-icon.png\" \/><\/div>\n            <div class=\"icon-block-text\">\n                <h3>La mise en r\u00e9seau<\/h3>\n                                <a href=\"\/fr\/organisation\/networking\/\" class=\"button\">Explorer<\/a>            <\/div>\n        <\/div>\n        \n            \n        <div class=\"icon-block\">\n            <div class=\"icon-block-image\"><img src=\"https:\/\/each.international\/wp-content\/uploads\/2022\/07\/globe-icon.png\" \/><\/div>\n            <div class=\"icon-block-text\">\n                <h3>Repr\u00e9sentants nationaux<\/h3>\n                                <a href=\"\/fr\/national-representatives\/\" class=\"button\">Explorer<\/a>            <\/div>\n        <\/div>\n        \n            \n        <div class=\"icon-block\">\n            <div class=\"icon-block-image\" style=\"background-color:#5ac6e2;\"><img src=\"https:\/\/each.international\/wp-content\/uploads\/2022\/07\/cog-icon.png\" \/><\/div>\n            <div class=\"icon-block-text\">\n                <h3>Groupes d&#039;int\u00e9r\u00eats sp\u00e9ciaux<\/h3>\n                                <a href=\"\/fr\/organisation\/sigs\/\" class=\"button\">Explorer<\/a>            <\/div>\n        <\/div>\n        \n            \n        <div class=\"icon-block\">\n            <div class=\"icon-block-image\" style=\"background-color:#9b4f97;\"><img src=\"https:\/\/each.international\/wp-content\/uploads\/2022\/07\/money-icon.png\" \/><\/div>\n            <div class=\"icon-block-text\">\n                <h3>Fonds d&#039;activit\u00e9s annuel<\/h3>\n                                <a href=\"https:\/\/each.international\/fr\/projects\/\" class=\"button\">Coming soon<\/a>            <\/div>\n        <\/div>\n        \n            \n        <div class=\"icon-block\">\n            <div class=\"icon-block-image\" style=\"background-color:#65215e;\"><img src=\"https:\/\/each.international\/wp-content\/uploads\/2022\/07\/consultancy-icon.png\" \/><\/div>\n            <div class=\"icon-block-text\">\n                <h3>Consultancy work<\/h3>\n                                <a href=\"\/fr\/projects\/consultancy-work\/\" class=\"button\">Explorer<\/a>            <\/div>\n        <\/div>\n        \n        \n<\/div>\n<style type=\"text\/css\">\n    #iconblock-block_24e410c622f3c340d05099153d08dd58 {\n        background: ;\n        color: ;\n    }\n<\/style>","protected":false},"excerpt":{"rendered":"","protected":false},"author":996,"featured_media":0,"parent":0,"menu_order":0,"comment_status":"closed","ping_status":"open","template":"page-basic-full-width.php","meta":{"_acf_changed":false,"footnotes":""},"class_list":["post-7979","page","type-page","status-publish","hentry"],"acf":[],"_links":{"self":[{"href":"https:\/\/each.international\/fr\/wp-json\/wp\/v2\/pages\/7979","targetHints":{"allow":["GET"]}}],"collection":[{"href":"https:\/\/each.international\/fr\/wp-json\/wp\/v2\/pages"}],"about":[{"href":"https:\/\/each.international\/fr\/wp-json\/wp\/v2\/types\/page"}],"author":[{"embeddable":true,"href":"https:\/\/each.international\/fr\/wp-json\/wp\/v2\/users\/996"}],"replies":[{"embeddable":true,"href":"https:\/\/each.international\/fr\/wp-json\/wp\/v2\/comments?post=7979"}],"version-history":[{"count":6,"href":"https:\/\/each.international\/fr\/wp-json\/wp\/v2\/pages\/7979\/revisions"}],"predecessor-version":[{"id":21968,"href":"https:\/\/each.international\/fr\/wp-json\/wp\/v2\/pages\/7979\/revisions\/21968"}],"wp:attachment":[{"href":"https:\/\/each.international\/fr\/wp-json\/wp\/v2\/media?parent=7979"}],"curies":[{"name":"wp","href":"https:\/\/api.w.org\/{rel}","templated":true}]}}