{"id":5928,"date":"2022-06-23T14:20:29","date_gmt":"2022-06-23T13:20:29","guid":{"rendered":"http:\/\/www.each.eu\/?page_id=5928"},"modified":"2024-09-27T12:27:22","modified_gmt":"2024-09-27T11:27:22","slug":"location","status":"publish","type":"page","link":"https:\/\/each.international\/fr\/eachevents\/conferences\/icch-2024\/location\/","title":{"rendered":"Emplacement"},"content":{"rendered":"<h1 class=\"wp-block-heading\">Location and Travel<\/h1>\n\n\n\n<h2 class=\"wp-block-heading\">Lieu de la conf\u00e9rence<\/h2>\n\n\n\n<p>R\u00e9sidence des \u00e9tudiants Ram\u00f3n Pignatelli<br>Calle de Jarque del Moncayo 23,<br>50012, Saragosse<\/p>\n\n\n\n<p><a href=\"https:\/\/each.international\/wp-content\/uploads\/2024\/07\/Localizacion-Residencia.pdf\" target=\"_blank\" rel=\"noreferrer noopener\">Click here to view travel distances<\/a>&nbsp;from the main points of interest in Zaragoza.<\/p>\n\n\n\n<p>You are welcome to bring your reusable water bottles as there is a refilling station on site.<\/p>\n\n\n\n<figure class=\"wp-block-gallery has-nested-images columns-default is-cropped wp-block-gallery-1 is-layout-flex wp-block-gallery-is-layout-flex\">\n<figure class=\"wp-block-image\"><img src=\"https:\/\/each.international\/wp-content\/uploads\/2024\/01\/Foto-Miret_Residencia-Pigna-300x200.jpg\" alt=\"\" title=\"Foto-Miret_Residencia-Pigna\"\/><\/figure>\n\n\n\n<figure class=\"wp-block-image\"><img src=\"https:\/\/each.international\/wp-content\/uploads\/2024\/01\/Salon-de-Actos-7-300x200.jpg\" alt=\"\" title=\"Sal\u00f3n de Actos (7)\"\/><\/figure>\n\n\n\n<figure class=\"wp-block-image\"><img src=\"https:\/\/each.international\/wp-content\/uploads\/2024\/01\/Foto-Miret_Residencia-Pigna-1-300x206.jpg\" alt=\"\" title=\"Foto-Miret_Residencia-Pigna\"\/><\/figure>\n<\/figure>\n\n\n\n<h2 class=\"wp-block-heading\">Se rendre \u00e0 Saragosse<\/h2>\n\n\n\n<p>Both Zaragoza\u2019s airport and main train station are just a 15-minute taxi ride from the city centre.&nbsp;You can also fly into Barcelona or Madrid and get a train to Zaragoza which are both under 1hr 30mins.<\/p>\n\n\n\n<p>Please be aware train tickets need to be booked in advance. We recommend booking this via&nbsp;<a href=\"https:\/\/www.thetrainline.com\/\">thetrainline.<\/a><\/p>\n\n\n\n<h2 class=\"wp-block-heading\">Se d\u00e9placer dans la ville<\/h2>\n\n\n\n<p>Zaragoza has a very walkable city centre.<\/p>\n\n\n\n<p>Il existe des options pour utiliser les v\u00e9los \u00e9lectriques dans la ville, notamment&nbsp;<a href=\"https:\/\/lacicleria.com\/\"><strong>La Cicler\u00eda<\/strong><\/a>&nbsp;et&nbsp;<a href=\"https:\/\/ebrobizi.es\/\"><strong>Ebrobizi.<\/strong><\/a><\/p>\n\n\n\n<p>Consultez le site de Saragosse Tourisme pour leurs conseils complets sur&nbsp;<a href=\"https:\/\/www.zaragoza.es\/sede\/portal\/turismo\/es-util\/como-moverse\"><strong>transports en ville<\/strong><\/a>.<\/p>\n\n\n\n<h2 class=\"wp-block-heading\">Getting to the venue<\/h2>\n\n\n\n<p>Please be aware the event venue is outside of the city centre, and we are unable to have children attend ICCH 2024. Only registered delegates will be permitted to enter the building for this event.<\/p>\n\n\n\n<p>You can access the venue via taxi, or via public transport.<\/p>\n\n\n\n<p>For public transport we recommend the&nbsp;<a href=\"https:\/\/zaragoza.avanzagrupo.com\/lineas-y-horarios\/?selectLinea=38&amp;selectSentido=-1#lines-form\"><strong>autobus num\u00e9ro 38<\/strong><\/a>, which goes through the city centre and stops right outside the Residencia de Estudiantes Ram\u00f3n Pignatelli.<\/p>\n\n\n\n<p>You can check bus timings and routes via Google Maps.<\/p>\n\n\n\n<p>The local buses&nbsp;only&nbsp;take cash.<\/p>\n\n\n\n<h2 class=\"wp-block-heading\">Saragosse<\/h2>\n\n\n\n<iframe loading=\"lazy\" src=\"https:\/\/www.google.com\/maps\/d\/embed?mid=1eca3lOq_PDwH41jDowKFfw81EIom39o&#038;ehbc=2E312F\" width=\"640\" height=\"480\" class=\"map-height\"><\/iframe>\n\n\n\n<figure class=\"wp-block-embed aligncenter is-type-video is-provider-vimeo wp-block-embed-vimeo wp-embed-aspect-16-9 wp-has-aspect-ratio\"><div class=\"wp-block-embed__wrapper\">\n<iframe loading=\"lazy\" title=\"ICCH2024\" src=\"https:\/\/player.vimeo.com\/video\/883218720?dnt=1&amp;app_id=122963\" width=\"640\" height=\"360\" frameborder=\"0\" allow=\"autoplay; fullscreen; picture-in-picture; clipboard-write\"><\/iframe>\n<\/div><\/figure>","protected":false},"excerpt":{"rendered":"<p>Location and Travel Conference Venue Residencia de Estudiantes Ram\u00f3n PignatelliCalle de Jarque del Moncayo 23,50012, Zaragoza Click here to view travel distances&nbsp;from the main points&hellip;<\/p>","protected":false},"author":996,"featured_media":21102,"parent":5230,"menu_order":0,"comment_status":"closed","ping_status":"open","template":"page-icch.php","meta":{"_acf_changed":false,"footnotes":""},"class_list":["post-5928","page","type-page","status-publish","has-post-thumbnail","hentry"],"acf":[],"_links":{"self":[{"href":"https:\/\/each.international\/fr\/wp-json\/wp\/v2\/pages\/5928","targetHints":{"allow":["GET"]}}],"collection":[{"href":"https:\/\/each.international\/fr\/wp-json\/wp\/v2\/pages"}],"about":[{"href":"https:\/\/each.international\/fr\/wp-json\/wp\/v2\/types\/page"}],"author":[{"embeddable":true,"href":"https:\/\/each.international\/fr\/wp-json\/wp\/v2\/users\/996"}],"replies":[{"embeddable":true,"href":"https:\/\/each.international\/fr\/wp-json\/wp\/v2\/comments?post=5928"}],"version-history":[{"count":12,"href":"https:\/\/each.international\/fr\/wp-json\/wp\/v2\/pages\/5928\/revisions"}],"predecessor-version":[{"id":20695,"href":"https:\/\/each.international\/fr\/wp-json\/wp\/v2\/pages\/5928\/revisions\/20695"}],"up":[{"embeddable":true,"href":"https:\/\/each.international\/fr\/wp-json\/wp\/v2\/pages\/5230"}],"wp:featuredmedia":[{"embeddable":true,"href":"https:\/\/each.international\/fr\/wp-json\/wp\/v2\/media\/21102"}],"wp:attachment":[{"href":"https:\/\/each.international\/fr\/wp-json\/wp\/v2\/media?parent=5928"}],"curies":[{"name":"wp","href":"https:\/\/api.w.org\/{rel}","templated":true}]}}