{"id":50,"date":"2021-10-29T10:51:04","date_gmt":"2021-10-29T09:51:04","guid":{"rendered":"http:\/\/www.each.eu\/?page_id=50"},"modified":"2026-02-24T08:58:59","modified_gmt":"2026-02-24T08:58:59","slug":"membership","status":"publish","type":"page","link":"https:\/\/each.international\/fr\/membership\/","title":{"rendered":"Adh\u00e9sion"},"content":{"rendered":"<span class=\"here\"><\/span><div id=\"iconblock-block_86fdedd127ff042ab17a452d697b85cd\" class=\"icon-blocks\">\n    \n            \n        <div class=\"icon-block\">\n            <div class=\"icon-block-image\"><img src=\"https:\/\/each.international\/wp-content\/uploads\/2022\/07\/member-icon-1.png\" \/><\/div>\n            <div class=\"icon-block-text\">\n                <h3>Opportunit\u00e9s de r\u00e9seautage international<\/h3>\n                <p>Cliquez ici pour voir la carte des repr\u00e9sentants nationaux<\/p>\n                            <\/div>\n        <\/div>\n        \n            \n        <div class=\"icon-block\">\n            <div class=\"icon-block-image\"><img src=\"https:\/\/each.international\/wp-content\/uploads\/2022\/07\/member-icon-2.png\" \/><\/div>\n            <div class=\"icon-block-text\">\n                <h3>Acc\u00e8s privil\u00e9gi\u00e9 \u00e0 l&#039;espace membres du site EACH<\/h3>\n                <p>Acc\u00e8s GRATUIT aux manuels VR-CoDES.<br \/>\nAcc\u00e8s GRATUIT \u00e0 une biblioth\u00e8que de ressources d\u2019enseignement et de recherche.<br \/>\nAcc\u00e8s GRATUIT pour rechercher et se connecter avec des personnes travaillant dans l&#039;enseignement, la recherche et\/ou les politiques en mati\u00e8re de communication sur les soins de sant\u00e9.<\/p>\n                            <\/div>\n        <\/div>\n        \n            \n        <div class=\"icon-block\">\n            <div class=\"icon-block-image\"><img src=\"https:\/\/each.international\/wp-content\/uploads\/2022\/07\/member-icon-3.png\" \/><\/div>\n            <div class=\"icon-block-text\">\n                <h3>Possibilit\u00e9 de rejoindre l&#039;un de nos comit\u00e9s :<\/h3>\n                <p>REACH, tEACH ou pEACH, qui sont ensuite \u00e9ligibles pour demander un financement annuel pour le travail du projet.<\/p>\n                            <\/div>\n        <\/div>\n        \n            \n        <div class=\"icon-block\">\n            <div class=\"icon-block-image\"><img src=\"https:\/\/each.international\/wp-content\/uploads\/2022\/07\/member-icon-4.png\" \/><\/div>\n            <div class=\"icon-block-text\">\n                <h3>Frais d&#039;inscription r\u00e9duits pour tous les \u00e9v\u00e9nements CHAQUE \u00e9v\u00e9nement<\/h3>\n                                            <\/div>\n        <\/div>\n        \n            \n        <div class=\"icon-block\">\n            <div class=\"icon-block-image\"><img src=\"https:\/\/each.international\/wp-content\/uploads\/2022\/07\/member-icon-5.png\" \/><\/div>\n            <div class=\"icon-block-text\">\n                <h3>Possibilit\u00e9 de rejoindre ou de cr\u00e9er un groupe d&#039;int\u00e9r\u00eat sp\u00e9cial<\/h3>\n                                            <\/div>\n        <\/div>\n        \n            \n        <div class=\"icon-block\">\n            <div class=\"icon-block-image\"><img src=\"https:\/\/each.international\/wp-content\/uploads\/2022\/07\/member-icon-6.png\" \/><\/div>\n            <div class=\"icon-block-text\">\n                <h3>Frais d\u2019adh\u00e9sion r\u00e9duits pour les membres \u00e9tudiants (doctorants)<\/h3>\n                                            <\/div>\n        <\/div>\n        \n        \n<\/div>\n<style type=\"text\/css\">\n    #iconblock-block_86fdedd127ff042ab17a452d697b85cd {\n        background: ;\n        color: ;\n    }\n<\/style>\n\n\n\n\n<div class=\"wp-block-group alignfull has-white-color has-text-color has-background has-link-color wp-elements-7f275eda4337c9a6fe987784455c0f43\" style=\"background-color:#0038a8\"><div class=\"wp-block-group__inner-container is-layout-constrained wp-block-group-is-layout-constrained\">\n<div class=\"wp-block-media-text alignfull has-media-on-the-right is-stacked-on-mobile\" style=\"grid-template-columns:auto 40%\"><div class=\"wp-block-media-text__content\">\n<h2 class=\"wp-block-heading has-white-color has-text-color has-link-color wp-elements-0f801c278b13de32d8af6624113b326c\">Cotisation<\/h2>\n\n\n\n<p>Suite aux commentaires de nos membres, l&#039;adh\u00e9sion EACH offre d\u00e9sormais\u00a0:<\/p>\n\n\n\n<ul class=\"wp-block-list tick-list white-tick\">\n<li>Value for money \u2013 A rolling membership, ensuring you benefit from a full year regardless of when you join<\/li>\n\n\n\n<li>Longevity of membership \u2013 10% discount to members who wish to sign up for 2 years<\/li>\n\n\n\n<li>Lower membership fee options \u2013 Lower fees for undergraduate** students and members over 65 years of age<\/li>\n\n\n\n<li>Affiliate membership*** \u2013 20% discount for members of International Communication Association (ICA) or WONCA<\/li>\n\n\n\n<li>Institutional membership \u2013 20% discount for institutions registering 5 or more members<\/li>\n\n\n\n<li>Membership grants \u2013 A limited number of grants (up to 50% discount on fees) are available<\/li>\n\n\n\n<li>Remise 20% sur les produits de la boutique en ligne Elsevier en utilisant le code EACH2022<\/li>\n\n\n\n<li>Remise substantielle pour l&#039;abonnement en ligne au PEC (Patient Education and Counselling)<\/li>\n<\/ul>\n\n\n\n<p>*** L&#039;adh\u00e9sion affili\u00e9e est ouverte \u00e0 toute personne membre de l&#039;International<\/p>\n\n\n\n<p>Association de communication (ICA) ou WONCA. Une preuve d\u2019adh\u00e9sion sera exig\u00e9e au moment de l\u2019inscription.<\/p>\n\n\n\n<p>Tous les nouveaux membres de EACH peuvent profiter de cette r\u00e9duction ; les membres existants de EACH peuvent en profiter au moment de renouveler leur adh\u00e9sion.<\/p>\n\n\n\n<p>L\u2019adh\u00e9sion institutionnelle est une option d\u2019adh\u00e9sion de groupe pour les employ\u00e9s ou \u00e9tudiants d\u2019une m\u00eame institution ou organisation.<\/p>\n\n\n\n<p>Tous les membres du groupe b\u00e9n\u00e9ficient toujours des m\u00eames avantages qu&#039;un membre individuel, y compris des r\u00e9ductions sur les \u00e9v\u00e9nements.<\/p>\n\n\n\n<p>Une personne responsable devra cr\u00e9er l&#039;adh\u00e9sion et pourra ajouter un minimum de 5 coll\u00e8gues suppl\u00e9mentaires au groupe.<\/p>\n\n\n\n<p>L\u2019adh\u00e9sion institutionnelle du Nouveau-Brunswick doit \u00eatre s\u00e9lectionn\u00e9e au moment de devenir membre ou de renouveler son adh\u00e9sion.<\/p>\n\n\n\n<p>Nous regrettons qu&#039;il ne soit pas possible de changer de cat\u00e9gorie d&#039;adh\u00e9sion pour rejoindre un groupe institutionnel en cours de route vers votre adh\u00e9sion annuelle.<\/p>\n<\/div><figure class=\"wp-block-media-text__media\"><img loading=\"lazy\" width=\"336\" height=\"432\" src=\"https:\/\/each.international\/wp-content\/uploads\/2022\/07\/image-membership.png\" alt=\"\" class=\"wp-image-17506 size-full\" srcset=\"https:\/\/each.international\/wp-content\/uploads\/2022\/07\/image-membership.png 336w, https:\/\/each.international\/wp-content\/uploads\/2022\/07\/image-membership-233x300.png 233w\" sizes=\"auto, (max-width: 336px) 100vw, 336px\" \/><\/figure><\/div>\n<\/div><\/div>\n\n\n\n<div class=\"wp-block-group shadow-bg\"><div class=\"wp-block-group__inner-container is-layout-constrained wp-block-group-is-layout-constrained\">\n<div class=\"wp-block-columns is-layout-flex wp-container-core-columns-is-layout-9d6595d7 wp-block-columns-is-layout-flex\">\n<div class=\"wp-block-column is-layout-flow wp-block-column-is-layout-flow\">\n<h2 class=\"wp-block-heading\">Adh\u00e9sion compl\u00e8te<\/h2>\n\n\n\n<p>acc\u00e8s \u00e0 prix r\u00e9duit au Journal Patient Education &amp; Counseling<\/p>\n<\/div>\n\n\n\n<div class=\"wp-block-column is-layout-flow wp-block-column-is-layout-flow\">\n<h2 class=\"wp-block-heading has-text-align-center has-text-color has-link-color wp-elements-e94306e6e0e8ce24910de798bc6a3235\" style=\"color:#0038a8\">\u00a3114<\/h2>\n\n\n\n<p class=\"has-text-align-center\">un ans<\/p>\n<\/div>\n\n\n\n<div class=\"wp-block-column is-layout-flow wp-block-column-is-layout-flow\">\n<h2 class=\"wp-block-heading has-text-align-center has-text-color has-link-color wp-elements-4b016ff93abf26a8d9fcb38dae5bc456\" style=\"color:#0038a8\">\u00a3205<\/h2>\n\n\n\n<p class=\"has-text-align-center\">deux ans*<\/p>\n<\/div>\n<\/div>\n\n\n\n<div class=\"wp-block-columns is-layout-flex wp-container-core-columns-is-layout-9d6595d7 wp-block-columns-is-layout-flex\">\n<div class=\"wp-block-column is-layout-flow wp-block-column-is-layout-flow\">\n<h2 class=\"wp-block-heading\">Adh\u00e9sion doctorant**<\/h2>\n\n\n\n<p>acc\u00e8s \u00e0 prix r\u00e9duit au Journal Patient Education &amp; Counseling<\/p>\n<\/div>\n\n\n\n<div class=\"wp-block-column is-layout-flow wp-block-column-is-layout-flow\">\n<h2 class=\"wp-block-heading has-text-align-center has-text-color has-link-color wp-elements-033812b27eaf8c2a34deb1e0571e10e7\" style=\"color:#0038a8\">\u00a3104<\/h2>\n\n\n\n<p class=\"has-text-align-center\">un ans<\/p>\n<\/div>\n\n\n\n<div class=\"wp-block-column is-layout-flow wp-block-column-is-layout-flow\">\n<h2 class=\"wp-block-heading has-text-align-center has-text-color has-link-color wp-elements-0b2bfa1ace478a46437547f47582755a\" style=\"color:#0038a8\">\u00a3186<\/h2>\n\n\n\n<p class=\"has-text-align-center\">deux ans*<\/p>\n<\/div>\n<\/div>\n\n\n\n<div class=\"wp-block-columns is-layout-flex wp-container-core-columns-is-layout-9d6595d7 wp-block-columns-is-layout-flex\">\n<div class=\"wp-block-column is-layout-flow wp-block-column-is-layout-flow\">\n<h2 class=\"wp-block-heading\">Adh\u00e9sion de premier cycle**<\/h2>\n\n\n\n<p>acc\u00e8s \u00e0 prix r\u00e9duit au Journal Patient Education &amp; Counseling<\/p>\n<\/div>\n\n\n\n<div class=\"wp-block-column is-layout-flow wp-block-column-is-layout-flow\">\n<h2 class=\"wp-block-heading has-text-align-center has-text-color has-link-color wp-elements-9a1cb00b1f71e3242e7f4d5e297e35da\" style=\"color:#0038a8\">\u00a383<\/h2>\n\n\n\n<p class=\"has-text-align-center\">un ans<\/p>\n<\/div>\n\n\n\n<div class=\"wp-block-column is-layout-flow wp-block-column-is-layout-flow\">\n<h2 class=\"wp-block-heading has-text-align-center has-text-color has-link-color wp-elements-11fb94cf44af032c28b1c5c2b0ba962e\" style=\"color:#0038a8\">\u00a3145<\/h2>\n\n\n\n<p class=\"has-text-align-center\">deux ans*<\/p>\n<\/div>\n<\/div>\n\n\n\n<div class=\"wp-block-columns is-layout-flex wp-container-core-columns-is-layout-9d6595d7 wp-block-columns-is-layout-flex\">\n<div class=\"wp-block-column is-layout-flow wp-block-column-is-layout-flow\">\n<h2 class=\"wp-block-heading\">Plus de 65 membres<\/h2>\n\n\n\n<p>acc\u00e8s \u00e0 prix r\u00e9duit au Journal Patient Education &amp; Counseling<\/p>\n<\/div>\n\n\n\n<div class=\"wp-block-column is-layout-flow wp-block-column-is-layout-flow\">\n<h2 class=\"wp-block-heading has-text-align-center has-text-color has-link-color wp-elements-9a1cb00b1f71e3242e7f4d5e297e35da\" style=\"color:#0038a8\">\u00a383<\/h2>\n\n\n\n<p class=\"has-text-align-center\">un ans<\/p>\n<\/div>\n\n\n\n<div class=\"wp-block-column is-layout-flow wp-block-column-is-layout-flow\">\n<h2 class=\"wp-block-heading has-text-align-center has-text-color has-link-color wp-elements-11fb94cf44af032c28b1c5c2b0ba962e\" style=\"color:#0038a8\">\u00a3145<\/h2>\n\n\n\n<p class=\"has-text-align-center\">deux ans*<\/p>\n<\/div>\n<\/div>\n\n\n\n<div class=\"wp-block-columns is-layout-flex wp-container-core-columns-is-layout-9d6595d7 wp-block-columns-is-layout-flex\">\n<div class=\"wp-block-column is-layout-flow wp-block-column-is-layout-flow\">\n<h2 class=\"wp-block-heading\">Adh\u00e9sion affili\u00e9e ***<\/h2>\n\n\n\n<p>acc\u00e8s \u00e0 prix r\u00e9duit au Journal Patient Education &amp; Counseling<\/p>\n<\/div>\n\n\n\n<div class=\"wp-block-column is-layout-flow wp-block-column-is-layout-flow\">\n<h2 class=\"wp-block-heading has-text-align-center has-text-color has-link-color wp-elements-9a1cb00b1f71e3242e7f4d5e297e35da\" style=\"color:#0038a8\">\u00a383<\/h2>\n\n\n\n<p class=\"has-text-align-center\">un ans<\/p>\n<\/div>\n\n\n\n<div class=\"wp-block-column is-layout-flow wp-block-column-is-layout-flow\">\n<h2 class=\"wp-block-heading has-text-align-center has-text-color has-link-color wp-elements-ddd1d73adea0986db5cc32f22f3a5c86\" style=\"color:#0038a8\"><\/h2>\n\n\n\n<p class=\"has-text-align-center\"><\/p>\n<\/div>\n<\/div>\n\n\n\n<div class=\"wp-block-columns is-layout-flex wp-container-core-columns-is-layout-9d6595d7 wp-block-columns-is-layout-flex\">\n<div class=\"wp-block-column is-layout-flow wp-block-column-is-layout-flow\" style=\"flex-basis:33.33%\">\n<h2 class=\"wp-block-heading\">Adh\u00e9sion institutionnelle<\/h2>\n\n\n\n<p>acc\u00e8s \u00e0 prix r\u00e9duit au Journal Patient Education &amp; Counseling pour 5 membres ou plus<\/p>\n<\/div>\n\n\n\n<div class=\"wp-block-column is-layout-flow wp-block-column-is-layout-flow\">\n<h2 class=\"wp-block-heading has-text-align-right has-text-color has-link-color wp-elements-abf3d39fe87de25d0c98780b8b385275\" style=\"color:#0038a8\">\u00a3435<\/h2>\n\n\n\n<p class=\"has-text-align-right\"><small>pour 5 membres pendant un an<br>+\u00a388 per additional full member<br>+\u00a375 per additional PhD Student member<br>+ 70 \u00a3 par \u00e9tudiant suppl\u00e9mentaire ou membre de plus de 65 ans par la suite<\/small><\/p>\n<\/div>\n<\/div>\n<\/div><\/div>\n\n\n\n<h2 class=\"wp-block-heading has-text-align-center\">Please consider donating to EACH<\/h2>\n\n\n\n<div class=\"wp-block-columns is-layout-flex wp-container-core-columns-is-layout-9d6595d7 wp-block-columns-is-layout-flex\">\n<div class=\"wp-block-column is-layout-flow wp-block-column-is-layout-flow\">\n<div class=\"wp-block-buttons is-layout-flex wp-block-buttons-is-layout-flex\">\n<div class=\"wp-block-button has-custom-width wp-block-button__width-100\"><a class=\"wp-block-button__link wp-element-button\" href=\"https:\/\/buy.stripe.com\/8x2bJ2gjNest5XF2Yh9MY05\" target=\"_blank\" rel=\"noreferrer noopener\">Faire un don<\/a><\/div>\n<\/div>\n<\/div>\n\n\n\n<div class=\"wp-block-column is-layout-flow wp-block-column-is-layout-flow\">\n<figure class=\"wp-block-image size-full is-resized\"><a href=\"https:\/\/each.international\/wp-content\/uploads\/2026\/02\/EACH-Scholarship-Donation-QR-Code.png\"><img loading=\"lazy\" width=\"200\" height=\"200\" src=\"https:\/\/each.international\/wp-content\/uploads\/2026\/02\/EACH-Scholarship-Donation-QR-Code.png\" alt=\"\" class=\"wp-image-23303\" style=\"width:242px;height:auto\" srcset=\"https:\/\/each.international\/wp-content\/uploads\/2026\/02\/EACH-Scholarship-Donation-QR-Code.png 200w, https:\/\/each.international\/wp-content\/uploads\/2026\/02\/EACH-Scholarship-Donation-QR-Code-150x150.png 150w, https:\/\/each.international\/wp-content\/uploads\/2026\/02\/EACH-Scholarship-Donation-QR-Code-12x12.png 12w\" sizes=\"auto, (max-width: 200px) 100vw, 200px\" \/><\/a><\/figure>\n<\/div>\n<\/div>\n\n\n\n<p>Votre don sera vers\u00e9 au Fonds de bourses d&#039;\u00e9tudes EACH, auquel les membres en difficult\u00e9 financi\u00e8re peuvent postuler pour\u00a0:<\/p>\n\n\n\n<ul class=\"wp-block-list\">\n<li>Frais d&#039;adh\u00e9sion r\u00e9duits<\/li>\n\n\n\n<li>Frais d&#039;inscription r\u00e9duits pour les \u00e9v\u00e9nements organis\u00e9s par EACH, tels que la Conf\u00e9rence internationale pour la communication dans le domaine des soins de sant\u00e9 (ICCH).<\/li>\n<\/ul>\n\n\n\n<p>Merci de soutenir vos coll\u00e8gues de la communaut\u00e9 de la communication sur les soins de sant\u00e9.<\/p>\n\n\n\n<h2 class=\"wp-block-heading\">Maternity\/Parental Leave Discount<\/h2>\n\n\n\n<p>From 1 January 2025, EACH has introduced a 50% discounted membership for members on maternity\/parental leave (including adoption) for one year. We understand that this is a time to focus on family and self-care and we want to ensure you can continue enjoying the benefits of membership without added financial stress. Whether it\u2019s staying connected, accessing resources, or attending courses, this reduced membership is EACH\u2019s way of saying thank you for your membership and we look forward to welcoming you back.&nbsp;<\/p>\n\n\n\n<p>Please let us know as soon as you go on leave and we check your membership and apply the discount to your renewal.  Please contact&nbsp;<a href=\"mailto:membership@each.international\">membership@each.international<\/a><\/p>\n\n\n\n<h2 class=\"wp-block-heading\">Subventions d&#039;adh\u00e9sion restreintes<\/h2>\n\n\n\n<h2 class=\"wp-block-heading\">Besoin d&#039;un peu d&#039;aide ?<\/h2>\n\n\n\n<p>There are a limited number of grants available to apply for a discount on membership fees.&nbsp; Please see below for further details about eligibility and how to apply.<\/p>\n\n\n\n<p>La subvention maximale accord\u00e9e par personne sera de&nbsp;<strong>50% de cotisation standard<\/strong>.&nbsp;&nbsp;Membership grants will only be awarded to the following membership category:<\/p>\n\n\n\n<ul class=\"wp-block-list\">\n<li><strong>Adh\u00e9sion compl\u00e8te, un an seulement<\/strong><\/li>\n<\/ul>\n\n\n\n<p>Before applying for a grant, please do ensure you have tried all other sources of funding available to you, including your local institution\/organisation\/company.&nbsp;&nbsp;Each application will be considered on a case-by-case basis.&nbsp; The discount must be applied for annually.<\/p>\n\n\n\n<p>The limited number of grants available each year will be allocated throughout the year on a \u2018first come, first served basis\u2019 (assuming that the eligibility criteria have been met).&nbsp; It will not be possible to issue any grants once the annual allocation has run out.&nbsp; These grants are awarded from the EACH Scholarship Fund.<\/p>\n\n\n\n<h3 class=\"wp-block-heading\">Admissibilit\u00e9 aux demandes de subvention d\u2019adh\u00e9sion\u00a0:<\/h3>\n\n\n\n<p><strong>Revenu r\u00e9duit<\/strong><\/p>\n\n\n\n<p>Si vous n\u2019\u00eates pas en mesure de payer CHAQUE adh\u00e9sion en raison de faibles revenus.<\/p>\n\n\n\n<p><strong>Aide au ch\u00f4mage<\/strong><\/p>\n\n\n\n<p>Si vous n&#039;exercez pas d&#039;activit\u00e9 professionnelle en raison de votre situation personnelle, par exemple pour l&#039;une des raisons suivantes\u00a0:<\/p>\n\n\n\n<ul class=\"wp-block-list\">\n<li>Vous \u00e9levez une famille \u00e0 temps plein ou \u00eates soignant \u00e0 temps plein.<\/li>\n\n\n\n<li>Vous vivez un ch\u00f4mage de longue dur\u00e9e.<\/li>\n\n\n\n<li>Vous souffrez d&#039;une maladie prolong\u00e9e qui vous emp\u00eache de chercher un emploi.<\/li>\n<\/ul>\n\n\n\n<h3 class=\"wp-block-heading\">comment s&#039;inscrire<\/h3>\n\n\n\n<p>Veuillez remplir le&nbsp;<a href=\"https:\/\/each.international\/wp-content\/uploads\/2023\/11\/Restricted-membership-application-form-Nov-23.docx\" target=\"_blank\" rel=\"noreferrer noopener\">formulaire de candidature<\/a>&nbsp;et retournez-le \u00e0&nbsp;<a href=\"mailto:treasurer@each.international\">treasurer@each.international<\/a>&nbsp;et&nbsp;<a href=\"mailto:info@each.international\">info@each.international<\/a>, ensemble avec:<\/p>\n\n\n\n<ul class=\"wp-block-list\">\n<li>une lettre de motivation expliquant votre motivation pour rejoindre EACH et<\/li>\n\n\n\n<li>une lettre de r\u00e9f\u00e9rence de votre institution\/organisation\/entreprise ou d&#039;un coll\u00e8gue qui conna\u00eet votre travail dans le domaine de la communication sanitaire.<\/li>\n<\/ul>\n\n\n\n<p>Applications will be considered throughout the year at monthly Executive meetings.&nbsp; On receipt of your application you will be notified of when you will receive a decision.<\/p>\n\n\n\n<div class=\"wp-block-group alignfull has-white-color has-text-color has-background has-link-color wp-elements-b9ed3e69e5e2d10d55f755105da6c8c5\" style=\"background-color:#3a4558\"><div class=\"wp-block-group__inner-container is-layout-constrained wp-block-group-is-layout-constrained\">\n<h1 class=\"wp-block-heading has-white-color has-text-color has-link-color wp-elements-93f8f5208a1a7f6e651cb3ccc8c80b1a\">termes et conditions<\/h1>\n\n\n\n<p>* L&#039;adh\u00e9sion de deux ans doit \u00eatre s\u00e9lectionn\u00e9e au moment de devenir membre ou de renouveler l&#039;adh\u00e9sion afin de b\u00e9n\u00e9ficier du rabais. L\u2019adh\u00e9sion de deux ans n\u2019est pas disponible pour les cat\u00e9gories de membres affili\u00e9s.<\/p>\n\n\n\n<p>** Pour b\u00e9n\u00e9ficier des frais r\u00e9duits associ\u00e9s au fait d&#039;\u00eatre \u00e9tudiant, il vous sera demand\u00e9 d&#039;envoyer par courrier \u00e9lectronique une certification num\u00e9ris\u00e9e de votre statut d&#039;\u00e9tudiant sign\u00e9e par votre affiliation acad\u00e9mique dans les 4 semaines suivant la date de paiement. Si vous ne recevez pas cette lettre, vous devrez payer la cotisation normale ou votre adh\u00e9sion sera annul\u00e9e. L&#039;attestation devra \u00eatre fournie \u00e0 chaque souscription annuelle successive.<\/p>\n\n\n\n<p>*** Pour b\u00e9n\u00e9ficier des frais r\u00e9duits associ\u00e9s aux cat\u00e9gories de membres affili\u00e9s, il vous sera demand\u00e9 de t\u00e9l\u00e9charger une preuve d&#039;adh\u00e9sion \u00e0 l&#039;ICA ou \u00e0 WONCA au moment de votre inscription pour devenir membre de EACH.<\/p>\n\n\n\n<p>Une facture d\u2019adh\u00e9sion ou un email de confirmation fera foi.<\/p>\n\n\n\n<p>Veuillez noter que les frais d&#039;adh\u00e9sion ne sont pas remboursables.<\/p>\n<\/div><\/div>\n\n\n\n<h1 class=\"wp-block-heading has-text-align-center\">Requ\u00eates<\/h1>\n\n\n\n<p class=\"has-text-align-center\">Si vous avez des pr\u00e9occupations ou des questions concernant la possibilit\u00e9 de devenir membre, veuillez&nbsp;<a href=\"mailto:info@each.international\">Envoyez-nous un email<\/a>&nbsp;avant de vous inscrire.<\/p>\n\n\n\n<p><\/p>","protected":false},"excerpt":{"rendered":"<p>Membership Fee Following feedback from our members the EACH membership now offers: *** Affiliate membership is open to anyone that is a member of the&hellip;<\/p>","protected":false},"author":996,"featured_media":0,"parent":0,"menu_order":0,"comment_status":"closed","ping_status":"open","template":"page-basic-full-width.php","meta":{"_acf_changed":false,"footnotes":""},"class_list":["post-50","page","type-page","status-publish","hentry"],"acf":[],"_links":{"self":[{"href":"https:\/\/each.international\/fr\/wp-json\/wp\/v2\/pages\/50","targetHints":{"allow":["GET"]}}],"collection":[{"href":"https:\/\/each.international\/fr\/wp-json\/wp\/v2\/pages"}],"about":[{"href":"https:\/\/each.international\/fr\/wp-json\/wp\/v2\/types\/page"}],"author":[{"embeddable":true,"href":"https:\/\/each.international\/fr\/wp-json\/wp\/v2\/users\/996"}],"replies":[{"embeddable":true,"href":"https:\/\/each.international\/fr\/wp-json\/wp\/v2\/comments?post=50"}],"version-history":[{"count":36,"href":"https:\/\/each.international\/fr\/wp-json\/wp\/v2\/pages\/50\/revisions"}],"predecessor-version":[{"id":23306,"href":"https:\/\/each.international\/fr\/wp-json\/wp\/v2\/pages\/50\/revisions\/23306"}],"wp:attachment":[{"href":"https:\/\/each.international\/fr\/wp-json\/wp\/v2\/media?parent=50"}],"curies":[{"name":"wp","href":"https:\/\/api.w.org\/{rel}","templated":true}]}}