{"id":3937,"date":"2016-03-02T15:23:23","date_gmt":"2016-03-02T15:23:23","guid":{"rendered":"http:\/\/www.each.eu\/?page_id=3937"},"modified":"2026-03-23T12:35:16","modified_gmt":"2026-03-23T12:35:16","slug":"improv","status":"publish","type":"page","link":"https:\/\/each.international\/fr\/organisation\/sigs\/improv\/","title":{"rendered":"Improvisation dans l\u2019enseignement des professions de la sant\u00e9"},"content":{"rendered":"<p>L&#039;Improv SIG est un groupe d&#039;accueil pour toute personne int\u00e9ress\u00e9e par l&#039;improvisation appliqu\u00e9e. Ce SIG aspire \u00e0 honorer les valeurs fondamentales de l\u2019improvisation : \u00eatre pr\u00e9sent, jouer en \u00e9quipe, d\u00e9fendre les autres et co-cr\u00e9er. Nous esp\u00e9rons cr\u00e9er une communaut\u00e9 dynamique ancr\u00e9e dans une culture de respect mutuel, de soutien et de coop\u00e9ration.<\/p>\n\n\n\n<p>Le SIG se concentrera \u00e9galement sur l\u2019avancement de la recherche d\u2019improvisation dans la formation des professions de la sant\u00e9. Dans cet espace unique, nous esp\u00e9rons rassembler des esprits brillants, des esprits solidaires et des passions pour organiser des ressources, r\u00e9seauter et collaborer avec d&#039;autres membres du monde entier afin de produire des recherches de haute qualit\u00e9.<\/p>\n\n\n\n<p>Nous serons un espace d\u2019\u00e9change de connaissances pour permettre l\u2019apprentissage et le progr\u00e8s individuel et collectif.<\/p>\n\n\n\n<p>Accueillir.<\/p>\n\n\n\n<h2 class=\"wp-block-heading has-text-align-center\">Nous sommes\u2026<\/h2>\n\n\n\n<p>\u2026 un groupe d\u2019\u00e9ducateurs et de chercheurs qui utilisent des techniques de th\u00e9\u00e2tre d\u2019improvisation pour enseigner les comp\u00e9tences essentielles en soins de sant\u00e9.<\/p>\n\n\n\n<p>Des techniques d&#039;improvisation ont \u00e9t\u00e9 utilis\u00e9es dans la formation en communication sur la sant\u00e9 pour enseigner des comp\u00e9tences li\u00e9es \u00e0 l&#039;empathie, \u00e0 la communication, au travail d&#039;\u00e9quipe et \u00e0 la r\u00e9silience. Ce travail a commenc\u00e9 avec Viola Spolin aux \u00c9tats-Unis et a ses racines au Royaume-Uni gr\u00e2ce \u00e0 Impro de Keith Johnstone. L&#039;improvisation est bas\u00e9e sur le concept selon lequel nous pouvons mieux communiquer les uns avec les autres si nous apprenons \u00e0 \u00e9couter attentivement et \u00e0 r\u00e9agir de mani\u00e8re \u00e0 enrichir notre vie et celle des autres. L&#039;improvisation m\u00e9dicale est un domaine en pleine croissance aux \u00c9tats-Unis et dans d&#039;autres pays. Nous aimerions cr\u00e9er une communaut\u00e9 pour rassembler les praticiens. En cr\u00e9ant des espaces et des m\u00e9canismes pour partager des id\u00e9es, des id\u00e9es et des exp\u00e9riences, nous pouvons faire avancer le domaine avec une diversit\u00e9 de perspectives.<\/p>\n\n\n\n<p>Dans ce SIG, les enseignants en communication, les concepteurs de programmes et les chercheurs trouveront un espace pour partager des id\u00e9es sur la mani\u00e8re d&#039;incorporer l&#039;improvisation et d&#039;autres m\u00e9thodes th\u00e9\u00e2trales dans leur propre travail. Ces m\u00e9thodes ont un grand potentiel pour nous aider \u00e0 r\u00e9soudre certains probl\u00e8mes tenaces dans le domaine des soins de sant\u00e9. Ceux-ci incluent des hi\u00e9rarchies bien ancr\u00e9es, la rigidit\u00e9 et la d\u00e9connexion entre les cliniciens, les patients et les familles.<\/p>\n\n\n\n<h2 class=\"wp-block-heading\">Officiers<\/h2>\n\n\n\n<div class=\"wp-block-columns is-layout-flex wp-container-core-columns-is-layout-9d6595d7 wp-block-columns-is-layout-flex\">\n<div class=\"wp-block-column is-layout-flow wp-block-column-is-layout-flow\">\n<div class=\"wp-block-media-text is-stacked-on-mobile\" style=\"grid-template-columns:20% auto\"><figure class=\"wp-block-media-text__media\"><img src=\"https:\/\/each.international\/wp-content\/uploads\/2024\/09\/1697830453-bpfull.jpg\" alt=\"\" class=\"wp-image-21271 size-full\"\/><\/figure><div class=\"wp-block-media-text__content\">\n<p><a href=\"https:\/\/each.international\/fr\/members\/aladisa\/profile\/\">Anne Graff LaDisa<\/a><\/p>\n<\/div><\/div>\n<\/div>\n\n\n\n<div class=\"wp-block-column is-layout-flow wp-block-column-is-layout-flow\">\n<div class=\"wp-block-media-text is-stacked-on-mobile\" style=\"grid-template-columns:20% auto\"><figure class=\"wp-block-media-text__media\"><img loading=\"lazy\" width=\"300\" height=\"300\" src=\"https:\/\/each.international\/wp-content\/uploads\/2021\/02\/photoSarahShepherd.jpg\" alt=\"Sarah Shepherd\" class=\"wp-image-14788 size-full\" srcset=\"https:\/\/each.international\/wp-content\/uploads\/2021\/02\/photoSarahShepherd.jpg 300w, https:\/\/each.international\/wp-content\/uploads\/2021\/02\/photoSarahShepherd-150x150.jpg 150w, https:\/\/each.international\/wp-content\/uploads\/2021\/02\/photoSarahShepherd-200x200.jpg 200w\" sizes=\"auto, (max-width: 300px) 100vw, 300px\" \/><\/figure><div class=\"wp-block-media-text__content\">\n<p><a href=\"https:\/\/each.international\/fr\/members\/sshepherd\/profile\/\">Sarah Berger<\/a><\/p>\n<\/div><\/div>\n<\/div>\n<\/div>\n\n\n\n<div class=\"wp-block-columns is-layout-flex wp-container-core-columns-is-layout-9d6595d7 wp-block-columns-is-layout-flex\">\n<div class=\"wp-block-column is-layout-flow wp-block-column-is-layout-flow\">\n<div class=\"wp-block-media-text is-stacked-on-mobile\" style=\"grid-template-columns:20% auto\"><figure class=\"wp-block-media-text__media\"><img src=\"https:\/\/each.international\/wp-content\/uploads\/2024\/09\/4c1ed4f87a685ad9711f71a96ffd7250.png\" alt=\"\" class=\"wp-image-21270 size-full\"\/><\/figure><div class=\"wp-block-media-text__content\">\n<p>&nbsp;<a href=\"https:\/\/each.international\/fr\/members\/shanson\/profile\/\">Shannon Hanson<\/a><\/p>\n<\/div><\/div>\n<\/div>\n\n\n\n<div class=\"wp-block-column is-layout-flow wp-block-column-is-layout-flow\">\n<div class=\"wp-block-media-text is-stacked-on-mobile\" style=\"grid-template-columns:20% auto\"><figure class=\"wp-block-media-text__media\"><img src=\"https:\/\/each.international\/wp-content\/uploads\/2024\/09\/1695056767-bpfull.jpg\" alt=\"\" class=\"wp-image-21272 size-full\"\/><\/figure><div class=\"wp-block-media-text__content\">\n<p>&nbsp;<a href=\"https:\/\/each.international\/fr\/members\/azelenski\/profile\/\">Amy Zelenski<\/a><\/p>\n<\/div><\/div>\n<\/div>\n<\/div>\n\n\n\n<div class=\"wp-block-columns is-layout-flex wp-container-core-columns-is-layout-9d6595d7 wp-block-columns-is-layout-flex\">\n<div class=\"wp-block-column is-layout-flow wp-block-column-is-layout-flow\">\n<div class=\"wp-block-media-text is-stacked-on-mobile\" style=\"grid-template-columns:20% auto\"><figure class=\"wp-block-media-text__media\"><img src=\"https:\/\/each.international\/wp-content\/uploads\/2024\/09\/1697914882-bpfull.jpg\" alt=\"\" class=\"wp-image-21273 size-full\"\/><\/figure><div class=\"wp-block-media-text__content\">\n<p><a href=\"https:\/\/each.international\/fr\/members\/amehta\/profile\/\">Ankit Mehta<\/a><\/p>\n<\/div><\/div>\n<\/div>\n\n\n\n<div class=\"wp-block-column is-layout-flow wp-block-column-is-layout-flow\"><\/div>\n<\/div>\n\n\n\n<h2 class=\"wp-block-heading has-text-align-center\">Notre plan<\/h2>\n\n\n\n<p>Le SIG Improv in Health Professions Education offrira une communaut\u00e9 \u00e0 ceux qui utilisent les techniques du th\u00e9\u00e2tre d\u2019improvisation dans la formation des professionnels de la sant\u00e9. Nous esp\u00e9rons susciter des collaborations en mati\u00e8re de recherche et d\u2019enseignement. Nous pr\u00e9voyons d&#039;offrir des webinaires sur le th\u00e8me de l&#039;utilisation de l&#039;improvisation dans la formation des professionnels de la sant\u00e9 et d&#039;\u00e9tudier les effets d&#039;un tel programme.<\/p>\n\n\n\n<p><strong>Nos objectifs initiaux incluent<\/strong>:<br>1. Organiser les r\u00e9unions du SIG lors des r\u00e9unions annuelles de l&#039;ICCH.<br>2. Faciliter les collaborations en mati\u00e8re de recherche et d&#039;enseignement entre les membres du SIG.<br>3. Recueillir des informations sur les besoins de la communaut\u00e9.<\/p>\n\n\n\n<p><strong><u>2023<\/u><\/strong><br>Organiser la premi\u00e8re r\u00e9union en personne du SIG lors de la conf\u00e9rence ICCH \u00e0 Porto Rico. Lors de cette r\u00e9union, nous rassemblerons les informations de contact afin de cr\u00e9er un r\u00e9pertoire et une liste de diffusion par courrier \u00e9lectronique.<\/p>\n\n\n\n<p><strong><u>2024<\/u><\/strong><br>R\u00e9union en personne lors de la conf\u00e9rence ICCH.<br>Webinaire d&#039;offre\u00a0:\u00a0Comment nous utilisons l&#039;improvisation dans la formation des professions de la sant\u00e9. Sondez les membres du SIG pour comprendre les besoins\/d\u00e9sirs du groupe. Instituer une structure de mentorat.<\/p>\n\n\n\n<p><strong><u>2025<\/u><\/strong><br>Effectuer le suivi de la structure de mentorat et \u00e9laborer une liste de projets collaboratifs lors de la r\u00e9union SIG en personne \u00e0 l&#039;ICCH.<br>Webinaire propos\u00e9\u00a0:\u00a0C&#039;est ainsi que nous \u00e9tudions l&#039;effet de l&#039;am\u00e9lioration dans la formation des professions de la sant\u00e9.<\/p>\n\n\n\n<hr class=\"wp-block-separator has-alpha-channel-opacity\"\/>\n\n\n\n<h2 class=\"wp-block-heading\"><strong>Upcoming Webinars&#8230;<\/strong><\/h2>\n\n\n\n<p><strong>Watch this space!<\/strong><\/p>\n\n\n\n<p><\/p>\n\n\n\n<hr class=\"wp-block-separator has-alpha-channel-opacity\"\/>\n\n\n\n<h2 class=\"wp-block-heading has-text-align-center\">Videos<\/h2>\n\n\n\n<figure class=\"wp-block-embed is-type-video is-provider-vimeo wp-block-embed-vimeo wp-embed-aspect-16-9 wp-has-aspect-ratio\"><div class=\"wp-block-embed__wrapper\">\n<iframe loading=\"lazy\" title=\"Improv SIG Lets Have Fun! Webinar - 2 March 2026\" src=\"https:\/\/player.vimeo.com\/video\/1176157614?dnt=1&amp;app_id=122963\" width=\"640\" height=\"360\" frameborder=\"0\" allow=\"autoplay; fullscreen; picture-in-picture; clipboard-write; encrypted-media; web-share\" referrerpolicy=\"strict-origin-when-cross-origin\"><\/iframe>\n<\/div><figcaption class=\"wp-element-caption\">Improv SIG Lets Have Some Fun! Webinar &#8211; 2 March 2026<\/figcaption><\/figure>\n\n\n\n<div class=\"wp-block-columns is-layout-flex wp-container-core-columns-is-layout-9d6595d7 wp-block-columns-is-layout-flex\">\n<div class=\"wp-block-column is-layout-flow wp-block-column-is-layout-flow\">\n<figure class=\"wp-block-embed is-type-video is-provider-vimeo wp-block-embed-vimeo wp-embed-aspect-16-9 wp-has-aspect-ratio\"><div class=\"wp-block-embed__wrapper\">\n<iframe loading=\"lazy\" title=\"Improv SIG  - Medical Improv\" src=\"https:\/\/player.vimeo.com\/video\/1060408927?dnt=1&amp;app_id=122963\" width=\"640\" height=\"360\" frameborder=\"0\" allow=\"autoplay; fullscreen; picture-in-picture; clipboard-write; encrypted-media; web-share\" referrerpolicy=\"strict-origin-when-cross-origin\"><\/iframe>\n<\/div><figcaption class=\"wp-element-caption\"><em>Wellness<\/em> &#8211; <em><a href=\"https:\/\/forms.gle\/u7fr8VD2grCNRg458\">Test d&#039;\u00e9valuation<\/a><\/em><\/figcaption><\/figure>\n<\/div>\n\n\n\n<div class=\"wp-block-column is-layout-flow wp-block-column-is-layout-flow\">\n<figure class=\"wp-block-embed is-type-video is-provider-vimeo wp-block-embed-vimeo wp-embed-aspect-16-9 wp-has-aspect-ratio\"><div class=\"wp-block-embed__wrapper\">\n<iframe loading=\"lazy\" title=\"Improv SIG - From small steps to big impact\" src=\"https:\/\/player.vimeo.com\/video\/1026078160?dnt=1&amp;app_id=122963\" width=\"640\" height=\"361\" frameborder=\"0\" allow=\"autoplay; fullscreen; picture-in-picture; clipboard-write; encrypted-media; web-share\" referrerpolicy=\"strict-origin-when-cross-origin\"><\/iframe>\n<\/div><figcaption class=\"wp-element-caption\"><em>From Small Steps to Big Impact: Lessons Learned from Building Healthcare Improv Programs<\/em><\/figcaption><\/figure>\n<\/div>\n<\/div>\n\n\n\n<h2 class=\"wp-block-heading has-text-align-center\">En savoir plus sur l&#039;improvisation appliqu\u00e9e<\/h2>\n\n\n\n<p><strong>Watson K.<\/strong>&nbsp;<em>Perspective : jeu s\u00e9rieux : enseignement des comp\u00e9tences m\u00e9dicales avec des techniques de th\u00e9\u00e2tre d&#039;improvisation.<\/em>&nbsp;Acad Med. 2011;86(10):1260-5.<\/p>\n\n\n\n<p><strong>Watson K, Fu B.<\/strong>&nbsp;<em>Improvisation m\u00e9dicale\u00a0: une nouvelle approche de la formation en communication et en professionnalisme.<\/em>&nbsp;Ann Intern Med. 2016\u00a0;\u00a0165\u00a0:\u00a0591-2.<\/p>\n\n\n\n<p><strong>Kaplan-Liss E, Lantz-Gefroh V, Bass E, Killebrew D, Ponzio NM, Savi C et al.<\/strong>&nbsp;<em>Apprendre aux \u00e9tudiants en m\u00e9decine \u00e0 communiquer avec empathie et clart\u00e9 en utilisant l&#039;improvisation.<\/em>&nbsp;Acad Med 2018;93(3):440\u20133.<\/p>\n\n\n\n<p><strong>Hoffmann-Longtin K, Rossing JP, Weinstein E.<\/strong>&nbsp;<em>Douze conseils pour utiliser l&#039;improvisation appliqu\u00e9e dans l&#039;enseignement m\u00e9dical.&nbsp;<\/em>Med Teach 2018;40(4):351\u20136.<\/p>\n\n\n\n<p><strong>Fu B.<\/strong>&nbsp;<em>Terrain d&#039;entente\u00a0: cadres pour l&#039;enseignement de la capacit\u00e9 d&#039;improvisation dans l&#039;enseignement m\u00e9dical.<\/em>&nbsp;Teach Learn Med 2019;31(3):342-55.<\/p>\n\n\n\n<p><strong>Gao L, Peranson J, Nyhof-Young J, Kapoor E, Rezmovitz J.<\/strong>&nbsp;<em>Le r\u00f4le de \u00ab l&#039;improvisation \u00bb dans l&#039;apprentissage des professionnels de la sant\u00e9 : un examen de la port\u00e9e.<\/em>&nbsp;Enseigner la m\u00e9decine. 2019;41(5):561-568. est ce que je:10.1080\/0142159X.2018. 1505033<\/p>\n\n\n\n<p><strong>Zelenski AB, Saldivar N, Park LS, Schoenleber V, Osman F, Kraemer S<\/strong>.&nbsp;<em>Improvisation interprofessionnelle\u00a0: utiliser des techniques de th\u00e9\u00e2tre pour enseigner aux \u00e9tudiants des professions de sant\u00e9 l&#039;empathie en \u00e9quipe<\/em>. Acad Med 2020;95(8):1210\u20134.<\/p>\n\n\n\n<p><strong>Felsman P, Gunawardena S, Seifert CM.<\/strong>&nbsp;<em>L&#039;exp\u00e9rience d&#039;improvisation favorise la pens\u00e9e divergente, la tol\u00e9rance \u00e0 l&#039;incertitude et le bien-\u00eatre affectif.<\/em>&nbsp;Pensez \u00e0 la cr\u00e9ation de comp\u00e9tences. 2020;35:1871.<\/p>\n\n\n\n<p><strong>Mehta A, Fu B, Chou E, Mitchell S, Fessell D.<\/strong>&nbsp;<em>Improv\u00a0: transformer les m\u00e9decins et la m\u00e9decine<\/em>. Med Sci Educ. 2020;31(1):263-266. est ce que je:10.1007\/s40670-020-01174-<\/p>\n\n\n\n<p><strong>Chan C, Chou E, La Disa A, Mehta A, Zelenski A, Longtin K.<\/strong>&nbsp;<em>Utiliser la technique du groupe nominal pour d\u00e9terminer les comp\u00e9tences que l&#039;improvisation appliqu\u00e9e peut enseigner aux apprenants en mati\u00e8re de formation aux professions de sant\u00e9.<\/em>&nbsp;PEC Innovation, Volume 3, 2023,100194.<\/p>","protected":false},"excerpt":{"rendered":"<p>The Improv SIG is a welcoming group for anyone interested in applied improv. This SIG aspires to honor the core values of improv \u2013 to&hellip;<\/p>","protected":false},"author":996,"featured_media":0,"parent":5419,"menu_order":0,"comment_status":"closed","ping_status":"open","template":"page-basic-header.php","meta":{"_acf_changed":false,"footnotes":""},"class_list":["post-3937","page","type-page","status-publish","hentry"],"acf":[],"_links":{"self":[{"href":"https:\/\/each.international\/fr\/wp-json\/wp\/v2\/pages\/3937","targetHints":{"allow":["GET"]}}],"collection":[{"href":"https:\/\/each.international\/fr\/wp-json\/wp\/v2\/pages"}],"about":[{"href":"https:\/\/each.international\/fr\/wp-json\/wp\/v2\/types\/page"}],"author":[{"embeddable":true,"href":"https:\/\/each.international\/fr\/wp-json\/wp\/v2\/users\/996"}],"replies":[{"embeddable":true,"href":"https:\/\/each.international\/fr\/wp-json\/wp\/v2\/comments?post=3937"}],"version-history":[{"count":20,"href":"https:\/\/each.international\/fr\/wp-json\/wp\/v2\/pages\/3937\/revisions"}],"predecessor-version":[{"id":23344,"href":"https:\/\/each.international\/fr\/wp-json\/wp\/v2\/pages\/3937\/revisions\/23344"}],"up":[{"embeddable":true,"href":"https:\/\/each.international\/fr\/wp-json\/wp\/v2\/pages\/5419"}],"wp:attachment":[{"href":"https:\/\/each.international\/fr\/wp-json\/wp\/v2\/media?parent=3937"}],"curies":[{"name":"wp","href":"https:\/\/api.w.org\/{rel}","templated":true}]}}