{"id":1862,"date":"2014-11-14T17:07:13","date_gmt":"2014-11-14T17:07:13","guid":{"rendered":"http:\/\/www.each.eu\/?page_id=1862"},"modified":"2024-09-27T12:27:59","modified_gmt":"2024-09-27T11:27:59","slug":"charity","status":"publish","type":"page","link":"https:\/\/each.international\/fr\/organisation\/charity\/","title":{"rendered":"Charit\u00e9"},"content":{"rendered":"<p>EACH a \u00e9t\u00e9 inscrit au registre britannique des organismes de bienfaisance le 3 novembre 2014 en tant qu&#039;organisation caritative constitu\u00e9e en soci\u00e9t\u00e9 (CIO). L&#039;objectif du CIO est de soulager la maladie et de pr\u00e9server la sant\u00e9 des patients pour le bien public en promouvant une communication efficace et centr\u00e9e sur les patients, fond\u00e9e sur des donn\u00e9es probantes, entre les patients, leurs proches et les professionnels de la sant\u00e9 du monde entier.<\/p>\n\n\n\n<h2 class=\"wp-block-heading\">Num\u00e9ro d&#039;organisme de bienfaisance enregistr\u00e9<\/h2>\n\n\n\n<p>Num\u00e9ro d&#039;organisme de bienfaisance enregistr\u00e9 1159050. Cliquez sur&nbsp;<a rel=\"noreferrer noopener\" href=\"https:\/\/register-of-charities.charitycommission.gov.uk\/charity-search\/-\/charity-details\/5048139\" target=\"_blank\">ici&nbsp;<\/a>pour consulter les d\u00e9tails d\u00e9tenus par la UK Charity Commission et&nbsp;<a rel=\"noreferrer noopener\" href=\"https:\/\/each.international\/wp-content\/uploads\/2021\/07\/EACH-Constitution-CIO-161116.pdf\" target=\"_blank\">ici<\/a>&nbsp;lire notre constitution. Cliquez sur <a rel=\"noreferrer noopener\" href=\"https:\/\/each.international\/wp-content\/uploads\/2021\/07\/RegistrationCertificate_5048139-min.pdf\" target=\"_blank\">ici<\/a> pour consulter le certificat d&#039;enregistrement d&#039;organisme de bienfaisance de CHACUN.<\/p>\n\n\n\n<h2 class=\"wp-block-heading\">Comment nous atteignons notre objectif caritatif<\/h2>\n\n\n\n<p>Dans notre candidature caritative, nous avons d\u00e9clar\u00e9 que nous atteindrons notre objectif en\u00a0:<\/p>\n\n\n\n<ul class=\"wp-block-list\"><li>promouvoir le d\u00e9veloppement de la recherche et de l&#039;\u00e9ducation en mati\u00e8re de communication dans le domaine des soins de sant\u00e9 afin d&#039;am\u00e9liorer la qualit\u00e9 de la communication dans le domaine des soins de sant\u00e9 \u00e0 l&#039;\u00e9chelle mondiale et ainsi am\u00e9liorer les r\u00e9sultats de sant\u00e9 du grand public<\/li><li>permettre l&#039;\u00e9change et la diffusion des produits de l&#039;enseignement et de la recherche au sein de la communaut\u00e9 des chercheurs et enseignants en communication de sant\u00e9, pour am\u00e9liorer la qualit\u00e9 de la communication dans le domaine de la sant\u00e9 et ainsi am\u00e9liorer l&#039;exp\u00e9rience des patients et de leurs proches.<\/li><li>diffuser plus largement les connaissances sur la communication efficace entre les patients, les proches et les professionnels de la sant\u00e9, vanter les meilleures pratiques et les am\u00e9liorations en mati\u00e8re d&#039;\u00e9ducation pour se conformer aux besoins changeants de la prestation de soins de sant\u00e9 et progresser vers une approche centr\u00e9e sur la personne int\u00e9grant une responsabilit\u00e9 et une prise de d\u00e9cision partag\u00e9es.<\/li><li>d\u00e9velopper un r\u00e9seau actif de chercheurs, d&#039;enseignants et de praticiens \u00e0 travers le monde, engag\u00e9s dans l&#039;am\u00e9lioration de l&#039;exp\u00e9rience patient dans le domaine de la communication en sant\u00e9<\/li><\/ul>\n\n\n\n<h2 class=\"wp-block-heading\">Administrateurs<\/h2>\n\n\n\n<p>Tous les membres votants des comit\u00e9s ex\u00e9cutif et directeur sont des administrateurs de l&#039;organisme de bienfaisance.<\/p>\n\n\n\n<h2 class=\"wp-block-heading\">Dons de charit\u00e9 \u00e0 CHACUN<\/h2>\n\n\n\n<p>EACH : L&#039;Association internationale pour la communication dans le domaine des soins de sant\u00e9 a \u00e9t\u00e9 cr\u00e9\u00e9e en 2001 et a r\u00e9cemment obtenu le statut d&#039;organisation caritative. L&#039;objectif de l&#039;association est de \u00ab\u00a0soulager la maladie et de pr\u00e9server la sant\u00e9 des patients par la promotion d&#039;une communication efficace et centr\u00e9e sur le patient, fond\u00e9e sur des donn\u00e9es probantes, entre les patients, leurs proches et les professionnels de la sant\u00e9 du monde entier\u00a0\u00bb. Il y parvient \u00e0 travers les activit\u00e9s suivantes :<\/p>\n\n\n\n<ul class=\"wp-block-list\"><li>promouvoir le d\u00e9veloppement de la recherche et de l&#039;\u00e9ducation en mati\u00e8re de communication dans le domaine des soins de sant\u00e9 afin d&#039;am\u00e9liorer la qualit\u00e9 de la communication dans le domaine des soins de sant\u00e9 \u00e0 l&#039;\u00e9chelle mondiale et ainsi am\u00e9liorer les r\u00e9sultats de sant\u00e9 du grand public<\/li><li>permettre l&#039;\u00e9change et la diffusion de produits de l&#039;enseignement et de la recherche au sein de la communaut\u00e9 des chercheurs et enseignants en communication de sant\u00e9, pour am\u00e9liorer la qualit\u00e9 de la communication dans le domaine de la sant\u00e9 et ainsi am\u00e9liorer l&#039;exp\u00e9rience des patients et de leurs proches<\/li><li>diffuser plus largement les connaissances sur la communication efficace entre les patients, les proches et les professionnels de la sant\u00e9, vanter les meilleures pratiques et les am\u00e9liorations en mati\u00e8re d&#039;\u00e9ducation pour se conformer aux besoins changeants de la prestation de soins de sant\u00e9 et progresser vers une approche centr\u00e9e sur la personne int\u00e9grant une responsabilit\u00e9 et une prise de d\u00e9cision partag\u00e9es.<\/li><li>d\u00e9velopper un r\u00e9seau actif de chercheurs, d&#039;enseignants et de praticiens \u00e0 travers le monde, engag\u00e9s dans l&#039;am\u00e9lioration de l&#039;exp\u00e9rience patient dans le domaine de la communication en sant\u00e9<\/li><\/ul>\n\n\n\n<p>Nous recherchons actuellement des dons caritatifs pour nous aider, au cours des 3 prochaines ann\u00e9es, \u00e0 r\u00e9aliser deux projets fondamentaux hautement interd\u00e9pendants qui contribueront de mani\u00e8re significative \u00e0 la r\u00e9alisation de la vision de EACH\u00a0:<\/p>\n\n\n\n<ol class=\"wp-block-list\"><li><strong>L\u2019accompagnement et le d\u00e9veloppement de jeunes chercheurs en communication en sant\u00e9 qui seront les futurs leaders dans notre domaine<\/strong>.<br>Il existe un int\u00e9r\u00eat croissant dans le monde entier pour la recherche sur la communication en mati\u00e8re de soins de sant\u00e9, en particulier pour explorer les besoins en communication des patients et de leurs proches \u00e0 mesure qu&#039;ils progressent dans le syst\u00e8me de sant\u00e9 et pour d\u00e9couvrir les comp\u00e9tences requises par les praticiens de la sant\u00e9 pour pratiquer une communication centr\u00e9e sur le patient dans le monde moderne. EACH souhaite donc fournir un syst\u00e8me complet de soutien et de formation aux jeunes chercheurs en communication dans les soins de sant\u00e9 \u00e0 travers une s\u00e9rie d&#039;ateliers sur la m\u00e9thodologie de recherche et l&#039;organisation de r\u00e9unions continues de jeunes chercheurs pour discuter de leurs besoins en mati\u00e8re de recherche. Celles-ci seraient facilit\u00e9es par des chercheurs seniors de EACH et permettraient \u00e0 la future g\u00e9n\u00e9ration de chercheurs en communication des soins de sant\u00e9 de d\u00e9velopper et de former un r\u00e9seau solide pour promouvoir une recherche en communication de haute qualit\u00e9 \u00e0 travers le monde.<\/li><li><strong>Le soutien et le d\u00e9veloppement de l\u2019enseignement de la communication aupr\u00e8s des professionnels de sant\u00e9 dans les pays qui ont plus r\u00e9cemment reconnu la n\u00e9cessit\u00e9 d\u2019une formation en communication.<\/strong><br>Sans formation des professionnels de sant\u00e9 \u00e0 la communication, nous ne pouvons pas mettre les enseignements de la recherche dans la pratique quotidienne et ainsi b\u00e9n\u00e9ficier aux patients. Le monde est une communaut\u00e9 tr\u00e8s diversifi\u00e9e avec diff\u00e9rents syst\u00e8mes de sant\u00e9 et offres de formation pour les professionnels de la sant\u00e9. De nombreux pays commencent aujourd\u2019hui \u00e0 \u00e9tablir des programmes de communication sur les soins de sant\u00e9 \u00e0 partir d\u2019un point de d\u00e9part relativement modeste et ont besoin d\u2019une aide consid\u00e9rable pour faire avancer ce programme. La libert\u00e9 de circulation des professionnels de la sant\u00e9 qui travaillent dans les pays des autres pays impose \u00e9galement que le niveau de formation en mati\u00e8re de communication en mati\u00e8re de sant\u00e9 devienne plus \u00e9galitaire entre les pays. Les populations de patients sont \u00e9galement devenues plus diversifi\u00e9es en raison de la migration : il est donc devenu encore plus important et plus difficile de fournir des soins ad\u00e9quats et centr\u00e9s sur la personne. EACH souhaite donc proposer un programme continu de cours de \u00ab formation des formateurs \u00bb pour l\u2019enseignement du premier cycle et du troisi\u00e8me cycle dans les pays \u00ab d\u00e9butants \u00bb du monde entier. Ceux-ci seraient dispens\u00e9s par des p\u00e9dagogues chevronn\u00e9s en communication au sein de CHAQUE et se concentreraient sur des pays sp\u00e9cifiques, dans le but de fournir un r\u00e9seau de formateurs en communication dans le domaine de la sant\u00e9 au sein de chaque pays qui formeraient une communaut\u00e9 continue et autonome de formateurs en communication.<\/li><\/ol>\n\n\n\n<p>EACH recherche des dons caritatifs de 50 000 \u20ac par an pendant trois ans pour permettre \u00e0 cette vision de se r\u00e9aliser. Cette d\u00e9claration initiale vise \u00e0 donner un aper\u00e7u g\u00e9n\u00e9ral de notre organisation et de nos besoins caritatifs. Des informations plus d\u00e9taill\u00e9es sur ces projets et les exigences financi\u00e8res seront mises \u00e0 disposition selon les besoins et des discussions en face-\u00e0-face seront n\u00e9cessaires pour explorer des projets distincts pouvant \u00eatre soutenus par n&#039;importe quel donateur individuel.<\/p>\n\n\n\n<p>Veuillez contacter le pr\u00e9sident par <a href=\"mailto:president@each.international\" data-type=\"mailto\" data-id=\"mailto:president@each.international\">e-mail<\/a>.<\/p>","protected":false},"excerpt":{"rendered":"<p>EACH was entered into the UK Register of Charities on 3 November 2014 as a charitable incorporated organisation (CIO). The aim of the CIO is&hellip;<\/p>","protected":false},"author":996,"featured_media":0,"parent":9503,"menu_order":0,"comment_status":"closed","ping_status":"open","template":"page-basic-header.php","meta":{"_acf_changed":false,"footnotes":""},"class_list":["post-1862","page","type-page","status-publish","hentry"],"acf":[],"_links":{"self":[{"href":"https:\/\/each.international\/fr\/wp-json\/wp\/v2\/pages\/1862","targetHints":{"allow":["GET"]}}],"collection":[{"href":"https:\/\/each.international\/fr\/wp-json\/wp\/v2\/pages"}],"about":[{"href":"https:\/\/each.international\/fr\/wp-json\/wp\/v2\/types\/page"}],"author":[{"embeddable":true,"href":"https:\/\/each.international\/fr\/wp-json\/wp\/v2\/users\/996"}],"replies":[{"embeddable":true,"href":"https:\/\/each.international\/fr\/wp-json\/wp\/v2\/comments?post=1862"}],"version-history":[{"count":1,"href":"https:\/\/each.international\/fr\/wp-json\/wp\/v2\/pages\/1862\/revisions"}],"predecessor-version":[{"id":20656,"href":"https:\/\/each.international\/fr\/wp-json\/wp\/v2\/pages\/1862\/revisions\/20656"}],"up":[{"embeddable":true,"href":"https:\/\/each.international\/fr\/wp-json\/wp\/v2\/pages\/9503"}],"wp:attachment":[{"href":"https:\/\/each.international\/fr\/wp-json\/wp\/v2\/media?parent=1862"}],"curies":[{"name":"wp","href":"https:\/\/api.w.org\/{rel}","templated":true}]}}