{"id":10182,"date":"2020-01-13T14:42:05","date_gmt":"2020-01-13T14:42:05","guid":{"rendered":"https:\/\/each.eu\/?page_id=10182"},"modified":"2024-09-27T12:33:29","modified_gmt":"2024-09-27T11:33:29","slug":"peach","status":"publish","type":"page","link":"https:\/\/each.international\/fr\/resources\/peach\/","title":{"rendered":"Ressources p\u00eache"},"content":{"rendered":"<h2 class=\"wp-block-heading\">Webinaires<\/h2>\n\n\n\n<figure class=\"wp-block-embed is-type-video is-provider-vimeo wp-block-embed-vimeo wp-embed-aspect-16-9 wp-has-aspect-ratio\"><div class=\"wp-block-embed__wrapper\">\n<iframe loading=\"lazy\" title=\"EACH Webinaire sur les politiques Pourquoi la politique est importante et comment influencer les d\u00e9cideurs politiques\" src=\"https:\/\/player.vimeo.com\/video\/881661736?h=dce86bbafd&amp;dnt=1&amp;app_id=122963\" width=\"640\" height=\"360\" frameborder=\"0\" allow=\"autoplay; fullscreen; picture-in-picture; clipboard-write; encrypted-media; web-share\" referrerpolicy=\"strict-origin-when-cross-origin\"><\/iframe>\n<\/div><figcaption class=\"wp-element-caption\"><em>Pourquoi la politique est importante et comment influencer les d\u00e9cideurs politiques (31 octobre 2023)<\/em><\/figcaption><\/figure>\n\n\n\n<h2 class=\"wp-block-heading\">Podcasts Healthchat(ter)<\/h2>\n\n\n<div class=\"wp-block-image\">\n<figure class=\"alignleft is-resized\"><a href=\"https:\/\/each.international\/fr\/resources\/peach\/podcasts\/\"><img src=\"https:\/\/each.international\/wp-content\/uploads\/2020\/08\/healthchatter-269x300.jpg\" alt=\"HealthChat(ter) podcasts\" style=\"width:150px\" title=\"bavardage sur la sant\u00e9\"\/><\/a><\/figure>\n<\/div>\n\n\n<div class=\"wp-block-buttons is-layout-flex wp-block-buttons-is-layout-flex\">\n<div class=\"wp-block-button\"><a class=\"wp-block-button__link wp-element-button\" href=\"https:\/\/each.international\/fr\/resources\/peach\/podcasts\/\">PODCASTS<\/a><\/div>\n<\/div>\n\n\n\n<p>HealthChat(ter) est une s\u00e9rie de podcasts visant \u00e0 partager des id\u00e9es, des exp\u00e9riences et des preuves relatives \u00e0 la communication dans le domaine des soins de sant\u00e9. Nous interviewons des professionnels de la sant\u00e9, des chercheurs, des \u00e9ducateurs et des patients sur une gamme de sujets, tous li\u00e9s \u00e0 un th\u00e8me choisi. Le podcast est une initiative du (sous-comit\u00e9 politique et pratique de) l&#039;Association internationale pour la communication dans les soins de sant\u00e9 et est dirig\u00e9 par le Dr Sarah White de l&#039;Universit\u00e9 Macquarie \u00e0 Sydney, en Australie, avec le soutien d&#039;\u00e9tudiants en stage.<\/p>\n\n\n\n<h2 class=\"wp-block-heading\">Instantan\u00e9s de preuves<\/h2>\n\n\n\n<p>pEACH has produced the following position papers on big issues in healthcare communication to serve as ready-to-use summaries.&nbsp; We hope you find the below topics useful.&nbsp; Please do&nbsp;<a href=\"mailto:peach@each.international?subject=Position%20Paper%20enquiry\">entrer en contact<\/a>&nbsp;si vous avez d&#039;autres sujets que vous aimeriez que nous envisagions d&#039;ajouter.<\/p>\n\n\n\n<p><a href=\"https:\/\/each.international\/wp-content\/uploads\/2021\/04\/Basic-Principles-of-Communication-Teaching-EACH.pdf\" target=\"_blank\" rel=\"noreferrer noopener\">Principes de base de l&#039;enseignement de la communication<\/a><br><a href=\"https:\/\/each.international\/wp-content\/uploads\/2021\/06\/Essentials-of-learner-centered-teaching-EACH.pdf\" target=\"_blank\" rel=\"noreferrer noopener\">\u00c9l\u00e9ments essentiels de l\u2019enseignement centr\u00e9 sur l\u2019apprenant (LCT)<\/a><br><a href=\"https:\/\/each.international\/wp-content\/uploads\/2021\/06\/Healthcare-communication-across-language-barriers.pdf\" target=\"_blank\" rel=\"noreferrer noopener\">Communication en mati\u00e8re de soins de sant\u00e9 au-del\u00e0 des barri\u00e8res linguistiques<\/a><br><a href=\"https:\/\/each.international\/wp-content\/uploads\/2021\/06\/Patient-centred-communication-1.pdf\" target=\"_blank\" rel=\"noreferrer noopener\">Communication centr\u00e9e sur le patient<\/a><br><a href=\"https:\/\/each.international\/wp-content\/uploads\/2021\/02\/Shared-Decision-Making.pdf\" target=\"_blank\" rel=\"noreferrer noopener\">Prise de d\u00e9cision partag\u00e9e<\/a><br><a href=\"https:\/\/each.international\/wp-content\/uploads\/2018\/08\/Teaching-Communication-Skills-to-Undergraduate-Medical-Students.pdf\" target=\"_blank\" rel=\"noreferrer noopener\">Enseigner les comp\u00e9tences en communication aux \u00e9tudiants en m\u00e9decine de premier cycle<\/a><br><a href=\"https:\/\/each.international\/wp-content\/uploads\/2021\/07\/When-developing-Curricula-for-Communication-Skills-Education.pdf\" target=\"_blank\" rel=\"noreferrer noopener\">Lors de l\u2019\u00e9laboration de programmes d\u2019enseignement des comp\u00e9tences en communication<\/a><br><a href=\"https:\/\/each.international\/wp-content\/uploads\/2019\/06\/Communication-About-Medical-Errors.pdf\" target=\"_blank\" rel=\"noreferrer noopener\">Communication sur les erreurs m\u00e9dicales<\/a><br><a href=\"https:\/\/each.international\/wp-content\/uploads\/2019\/06\/Health-Behaviour-Change.pdf\" target=\"_blank\" rel=\"noreferrer noopener\">Changement de comportement en mati\u00e8re de sant\u00e9<\/a><br><a href=\"https:\/\/each.international\/wp-content\/uploads\/2019\/06\/Assessment-of-Communication-Skills.pdf\" target=\"_blank\" rel=\"noreferrer noopener\">\u00c9valuation des comp\u00e9tences en communication<\/a><br><a href=\"https:\/\/each.international\/wp-content\/uploads\/2019\/06\/End-of-Life-Care.pdf\" target=\"_blank\" rel=\"noreferrer noopener\">Communiquer avec les patients et les familles sur les soins de fin de vie<\/a><br><a href=\"https:\/\/each.international\/wp-content\/uploads\/2020\/05\/pEACH-Evidence-Snapshot_Translation_Ammentorp_FINAL.pdf\" target=\"_blank\" rel=\"noreferrer noopener\">Application des connaissances<\/a><br><a href=\"https:\/\/each.international\/wp-content\/uploads\/2020\/05\/pEACH-Evidence-Snapshot_Culture_Schouten_FINAL.pdf\" target=\"_blank\" rel=\"noreferrer noopener\">Comp\u00e9tences en communication interculturelle dans le domaine de la sant\u00e9<\/a><br><a href=\"https:\/\/each.international\/wp-content\/uploads\/2021\/05\/Basic-Principles-of-Patient-Engagement.pdf\" target=\"_blank\" rel=\"noreferrer noopener\">Principes de base de l&#039;engagement des patients<\/a><br><a href=\"https:\/\/each.international\/wp-content\/uploads\/2021\/04\/Teaching-breaking-bad-news.pdf\" target=\"_blank\" rel=\"noreferrer noopener\">Enseigner les mauvaises nouvelles aux \u00e9tudiants en m\u00e9decine de premier cycle<\/a><br><a href=\"https:\/\/each.international\/wp-content\/uploads\/2021\/03\/Evidence-snapshot_Communication-and-cancer_Heather-Shepherd.pdf\" target=\"_blank\" rel=\"noreferrer noopener\">Communication et Cancer<\/a><\/p>\n\n\n\n<h2 class=\"wp-block-heading\">Publications<\/h2>\n\n\n\n<p><a href=\"https:\/\/www.clinicalkey.com\/#!\/content\/playContent\/1-s2.0-S0738399120304596?returnurl=https:%2F%2Flinkinghub.elsevier.com%2Fretrieve%2Fpii%2FS0738399120304596%3Fshowall%3Dtrue&amp;referrer=https:%2F%2Fpubmed.ncbi.nlm.nih.gov%2F\" target=\"_blank\" rel=\"noreferrer noopener\">Renforcement de la formation aux comp\u00e9tences en communication \u2013 le\u00e7ons tir\u00e9es des initiatives internationales<\/a><\/p>\n\n\n\n<p><a href=\"https:\/\/doi.org\/10.1016\/j.pec.2020.12.025\" target=\"_blank\" rel=\"noreferrer noopener\">Critical observations on and suggested ways forward for healthcare&nbsp;communication during COVID-19: pEACH position paper<\/a><\/p>\n\n\n\n<p><a href=\"https:\/\/doi.org\/10.1016\/j.pec.2020.10.027\" target=\"_blank\" rel=\"noreferrer noopener\">Fostering the creation of common ground between the academia and the&nbsp;profession: The \u2018Position Papers Series\u2019<\/a><\/p>\n\n\n\n<h2 class=\"wp-block-heading\">Infographie<\/h2>\n\n\n\n<figure class=\"wp-block-gallery has-nested-images columns-4 wp-block-gallery-1 is-layout-flex wp-block-gallery-is-layout-flex\">\n<figure data-wp-context=\"{&quot;imageId&quot;:&quot;69fcf1264bb52&quot;}\" data-wp-interactive=\"core\/image\" data-wp-key=\"69fcf1264bb52\" class=\"wp-block-image wp-lightbox-container\"><img data-wp-class--hide=\"state.isContentHidden\" data-wp-class--show=\"state.isContentVisible\" data-wp-init=\"callbacks.setButtonStyles\" data-wp-on--click=\"actions.showLightbox\" data-wp-on--load=\"callbacks.setButtonStyles\" data-wp-on-window--resize=\"callbacks.setButtonStyles\" src=\"https:\/\/each.international\/wp-content\/uploads\/2021\/02\/Shared-decision-making.png\" alt=\"Shared decision making position papers series PEC\" title=\"Prise de d\u00e9cision partag\u00e9e\"\/><button\n\t\t\tclass=\"lightbox-trigger\"\n\t\t\ttype=\"button\"\n\t\t\taria-haspopup=\"dialog\"\n\t\t\taria-label=\"Agrandir\"\n\t\t\tdata-wp-init=\"callbacks.initTriggerButton\"\n\t\t\tdata-wp-on--click=\"actions.showLightbox\"\n\t\t\tdata-wp-style--right=\"state.imageButtonRight\"\n\t\t\tdata-wp-style--top=\"state.imageButtonTop\"\n\t\t>\n\t\t\t<svg xmlns=\"http:\/\/www.w3.org\/2000\/svg\" width=\"12\" height=\"12\" fill=\"none\" viewbox=\"0 0 12 12\">\n\t\t\t\t<path fill=\"#fff\" d=\"M2 0a2 2 0 0 0-2 2v2h1.5V2a.5.5 0 0 1 .5-.5h2V0H2Zm2 10.5H2a.5.5 0 0 1-.5-.5V8H0v2a2 2 0 0 0 2 2h2v-1.5ZM8 12v-1.5h2a.5.5 0 0 0 .5-.5V8H12v2a2 2 0 0 1-2 2H8Zm2-12a2 2 0 0 1 2 2v2h-1.5V2a.5.5 0 0 0-.5-.5H8V0h2Z\" \/>\n\t\t\t<\/svg>\n\t\t<\/button><\/figure>\n\n\n\n<figure data-wp-context=\"{&quot;imageId&quot;:&quot;69fcf1264bd3b&quot;}\" data-wp-interactive=\"core\/image\" data-wp-key=\"69fcf1264bd3b\" class=\"wp-block-image wp-lightbox-container\"><img data-wp-class--hide=\"state.isContentHidden\" data-wp-class--show=\"state.isContentVisible\" data-wp-init=\"callbacks.setButtonStyles\" data-wp-on--click=\"actions.showLightbox\" data-wp-on--load=\"callbacks.setButtonStyles\" data-wp-on-window--resize=\"callbacks.setButtonStyles\" src=\"https:\/\/each.international\/wp-content\/uploads\/2021\/04\/Basic-principles-of-communication-teaching-s.jpg\" alt=\"Basic principles of communication teaching\" title=\"Principes de base de l&#039;enseignement de la communication\"\/><button\n\t\t\tclass=\"lightbox-trigger\"\n\t\t\ttype=\"button\"\n\t\t\taria-haspopup=\"dialog\"\n\t\t\taria-label=\"Agrandir\"\n\t\t\tdata-wp-init=\"callbacks.initTriggerButton\"\n\t\t\tdata-wp-on--click=\"actions.showLightbox\"\n\t\t\tdata-wp-style--right=\"state.imageButtonRight\"\n\t\t\tdata-wp-style--top=\"state.imageButtonTop\"\n\t\t>\n\t\t\t<svg xmlns=\"http:\/\/www.w3.org\/2000\/svg\" width=\"12\" height=\"12\" fill=\"none\" viewbox=\"0 0 12 12\">\n\t\t\t\t<path fill=\"#fff\" d=\"M2 0a2 2 0 0 0-2 2v2h1.5V2a.5.5 0 0 1 .5-.5h2V0H2Zm2 10.5H2a.5.5 0 0 1-.5-.5V8H0v2a2 2 0 0 0 2 2h2v-1.5ZM8 12v-1.5h2a.5.5 0 0 0 .5-.5V8H12v2a2 2 0 0 1-2 2H8Zm2-12a2 2 0 0 1 2 2v2h-1.5V2a.5.5 0 0 0-.5-.5H8V0h2Z\" \/>\n\t\t\t<\/svg>\n\t\t<\/button><\/figure>\n\n\n\n<figure data-wp-context=\"{&quot;imageId&quot;:&quot;69fcf1264beb2&quot;}\" data-wp-interactive=\"core\/image\" data-wp-key=\"69fcf1264beb2\" class=\"wp-block-image wp-lightbox-container\"><img data-wp-class--hide=\"state.isContentHidden\" data-wp-class--show=\"state.isContentVisible\" data-wp-init=\"callbacks.setButtonStyles\" data-wp-on--click=\"actions.showLightbox\" data-wp-on--load=\"callbacks.setButtonStyles\" data-wp-on-window--resize=\"callbacks.setButtonStyles\" src=\"https:\/\/each.international\/wp-content\/uploads\/2021\/04\/Complete-Teaching-breaking-bad-news-to-undergraduate-medical-students-infographic-s.jpg\" alt=\"Complete Teaching breaking bad news to undergraduate medical students infographic\" title=\"Enseignement complet annon\u00e7ant de mauvaises nouvelles aux \u00e9tudiants en m\u00e9decine de premier cycle\"\/><button\n\t\t\tclass=\"lightbox-trigger\"\n\t\t\ttype=\"button\"\n\t\t\taria-haspopup=\"dialog\"\n\t\t\taria-label=\"Agrandir\"\n\t\t\tdata-wp-init=\"callbacks.initTriggerButton\"\n\t\t\tdata-wp-on--click=\"actions.showLightbox\"\n\t\t\tdata-wp-style--right=\"state.imageButtonRight\"\n\t\t\tdata-wp-style--top=\"state.imageButtonTop\"\n\t\t>\n\t\t\t<svg xmlns=\"http:\/\/www.w3.org\/2000\/svg\" width=\"12\" height=\"12\" fill=\"none\" viewbox=\"0 0 12 12\">\n\t\t\t\t<path fill=\"#fff\" d=\"M2 0a2 2 0 0 0-2 2v2h1.5V2a.5.5 0 0 1 .5-.5h2V0H2Zm2 10.5H2a.5.5 0 0 1-.5-.5V8H0v2a2 2 0 0 0 2 2h2v-1.5ZM8 12v-1.5h2a.5.5 0 0 0 .5-.5V8H12v2a2 2 0 0 1-2 2H8Zm2-12a2 2 0 0 1 2 2v2h-1.5V2a.5.5 0 0 0-.5-.5H8V0h2Z\" \/>\n\t\t\t<\/svg>\n\t\t<\/button><\/figure>\n\n\n\n<figure data-wp-context=\"{&quot;imageId&quot;:&quot;69fcf1264bff0&quot;}\" data-wp-interactive=\"core\/image\" data-wp-key=\"69fcf1264bff0\" class=\"wp-block-image wp-lightbox-container\"><img data-wp-class--hide=\"state.isContentHidden\" data-wp-class--show=\"state.isContentVisible\" data-wp-init=\"callbacks.setButtonStyles\" data-wp-on--click=\"actions.showLightbox\" data-wp-on--load=\"callbacks.setButtonStyles\" data-wp-on-window--resize=\"callbacks.setButtonStyles\" src=\"https:\/\/each.international\/wp-content\/uploads\/2021\/05\/Patient-engagement-FINAL.png\" alt=\"\" title=\"Engagement des patients\"\/><button\n\t\t\tclass=\"lightbox-trigger\"\n\t\t\ttype=\"button\"\n\t\t\taria-haspopup=\"dialog\"\n\t\t\taria-label=\"Agrandir\"\n\t\t\tdata-wp-init=\"callbacks.initTriggerButton\"\n\t\t\tdata-wp-on--click=\"actions.showLightbox\"\n\t\t\tdata-wp-style--right=\"state.imageButtonRight\"\n\t\t\tdata-wp-style--top=\"state.imageButtonTop\"\n\t\t>\n\t\t\t<svg xmlns=\"http:\/\/www.w3.org\/2000\/svg\" width=\"12\" height=\"12\" fill=\"none\" viewbox=\"0 0 12 12\">\n\t\t\t\t<path fill=\"#fff\" d=\"M2 0a2 2 0 0 0-2 2v2h1.5V2a.5.5 0 0 1 .5-.5h2V0H2Zm2 10.5H2a.5.5 0 0 1-.5-.5V8H0v2a2 2 0 0 0 2 2h2v-1.5ZM8 12v-1.5h2a.5.5 0 0 0 .5-.5V8H12v2a2 2 0 0 1-2 2H8Zm2-12a2 2 0 0 1 2 2v2h-1.5V2a.5.5 0 0 0-.5-.5H8V0h2Z\" \/>\n\t\t\t<\/svg>\n\t\t<\/button><\/figure>\n\n\n\n<figure data-wp-context=\"{&quot;imageId&quot;:&quot;69fcf1264c136&quot;}\" data-wp-interactive=\"core\/image\" data-wp-key=\"69fcf1264c136\" class=\"wp-block-image wp-lightbox-container\"><img data-wp-class--hide=\"state.isContentHidden\" data-wp-class--show=\"state.isContentVisible\" data-wp-init=\"callbacks.setButtonStyles\" data-wp-on--click=\"actions.showLightbox\" data-wp-on--load=\"callbacks.setButtonStyles\" data-wp-on-window--resize=\"callbacks.setButtonStyles\" src=\"https:\/\/each.international\/wp-content\/uploads\/2021\/06\/Essentials-of-learner-centered-teaching-LCT-Infographic.png\" alt=\"\" title=\"\u00c9l\u00e9ments essentiels de l&#039;enseignement centr\u00e9 sur l&#039;apprenant-Infographie LCT\"\/><button\n\t\t\tclass=\"lightbox-trigger\"\n\t\t\ttype=\"button\"\n\t\t\taria-haspopup=\"dialog\"\n\t\t\taria-label=\"Agrandir\"\n\t\t\tdata-wp-init=\"callbacks.initTriggerButton\"\n\t\t\tdata-wp-on--click=\"actions.showLightbox\"\n\t\t\tdata-wp-style--right=\"state.imageButtonRight\"\n\t\t\tdata-wp-style--top=\"state.imageButtonTop\"\n\t\t>\n\t\t\t<svg xmlns=\"http:\/\/www.w3.org\/2000\/svg\" width=\"12\" height=\"12\" fill=\"none\" viewbox=\"0 0 12 12\">\n\t\t\t\t<path fill=\"#fff\" d=\"M2 0a2 2 0 0 0-2 2v2h1.5V2a.5.5 0 0 1 .5-.5h2V0H2Zm2 10.5H2a.5.5 0 0 1-.5-.5V8H0v2a2 2 0 0 0 2 2h2v-1.5ZM8 12v-1.5h2a.5.5 0 0 0 .5-.5V8H12v2a2 2 0 0 1-2 2H8Zm2-12a2 2 0 0 1 2 2v2h-1.5V2a.5.5 0 0 0-.5-.5H8V0h2Z\" \/>\n\t\t\t<\/svg>\n\t\t<\/button><\/figure>\n\n\n\n<figure data-wp-context=\"{&quot;imageId&quot;:&quot;69fcf1264c252&quot;}\" data-wp-interactive=\"core\/image\" data-wp-key=\"69fcf1264c252\" class=\"wp-block-image wp-lightbox-container\"><img data-wp-class--hide=\"state.isContentHidden\" data-wp-class--show=\"state.isContentVisible\" data-wp-init=\"callbacks.setButtonStyles\" data-wp-on--click=\"actions.showLightbox\" data-wp-on--load=\"callbacks.setButtonStyles\" data-wp-on-window--resize=\"callbacks.setButtonStyles\" src=\"https:\/\/each.international\/wp-content\/uploads\/2021\/06\/Healthcare-comms-across-lang-barriers.png\" alt=\"\" title=\"Communications de soins de sant\u00e9 au-del\u00e0 des barri\u00e8res linguistiques\"\/><button\n\t\t\tclass=\"lightbox-trigger\"\n\t\t\ttype=\"button\"\n\t\t\taria-haspopup=\"dialog\"\n\t\t\taria-label=\"Agrandir\"\n\t\t\tdata-wp-init=\"callbacks.initTriggerButton\"\n\t\t\tdata-wp-on--click=\"actions.showLightbox\"\n\t\t\tdata-wp-style--right=\"state.imageButtonRight\"\n\t\t\tdata-wp-style--top=\"state.imageButtonTop\"\n\t\t>\n\t\t\t<svg xmlns=\"http:\/\/www.w3.org\/2000\/svg\" width=\"12\" height=\"12\" fill=\"none\" viewbox=\"0 0 12 12\">\n\t\t\t\t<path fill=\"#fff\" d=\"M2 0a2 2 0 0 0-2 2v2h1.5V2a.5.5 0 0 1 .5-.5h2V0H2Zm2 10.5H2a.5.5 0 0 1-.5-.5V8H0v2a2 2 0 0 0 2 2h2v-1.5ZM8 12v-1.5h2a.5.5 0 0 0 .5-.5V8H12v2a2 2 0 0 1-2 2H8Zm2-12a2 2 0 0 1 2 2v2h-1.5V2a.5.5 0 0 0-.5-.5H8V0h2Z\" \/>\n\t\t\t<\/svg>\n\t\t<\/button><\/figure>\n\n\n\n<figure data-wp-context=\"{&quot;imageId&quot;:&quot;69fcf1264c375&quot;}\" data-wp-interactive=\"core\/image\" data-wp-key=\"69fcf1264c375\" class=\"wp-block-image wp-lightbox-container\"><img data-wp-class--hide=\"state.isContentHidden\" data-wp-class--show=\"state.isContentVisible\" data-wp-init=\"callbacks.setButtonStyles\" data-wp-on--click=\"actions.showLightbox\" data-wp-on--load=\"callbacks.setButtonStyles\" data-wp-on-window--resize=\"callbacks.setButtonStyles\" src=\"https:\/\/each.international\/wp-content\/uploads\/2021\/06\/Patient-Centred-Communication-1.png\" alt=\"\" title=\"Communication centr\u00e9e sur le patient-1\"\/><button\n\t\t\tclass=\"lightbox-trigger\"\n\t\t\ttype=\"button\"\n\t\t\taria-haspopup=\"dialog\"\n\t\t\taria-label=\"Agrandir\"\n\t\t\tdata-wp-init=\"callbacks.initTriggerButton\"\n\t\t\tdata-wp-on--click=\"actions.showLightbox\"\n\t\t\tdata-wp-style--right=\"state.imageButtonRight\"\n\t\t\tdata-wp-style--top=\"state.imageButtonTop\"\n\t\t>\n\t\t\t<svg xmlns=\"http:\/\/www.w3.org\/2000\/svg\" width=\"12\" height=\"12\" fill=\"none\" viewbox=\"0 0 12 12\">\n\t\t\t\t<path fill=\"#fff\" d=\"M2 0a2 2 0 0 0-2 2v2h1.5V2a.5.5 0 0 1 .5-.5h2V0H2Zm2 10.5H2a.5.5 0 0 1-.5-.5V8H0v2a2 2 0 0 0 2 2h2v-1.5ZM8 12v-1.5h2a.5.5 0 0 0 .5-.5V8H12v2a2 2 0 0 1-2 2H8Zm2-12a2 2 0 0 1 2 2v2h-1.5V2a.5.5 0 0 0-.5-.5H8V0h2Z\" \/>\n\t\t\t<\/svg>\n\t\t<\/button><\/figure>\n\n\n\n<figure data-wp-context=\"{&quot;imageId&quot;:&quot;69fcf1264d22b&quot;}\" data-wp-interactive=\"core\/image\" data-wp-key=\"69fcf1264d22b\" class=\"wp-block-image wp-lightbox-container\"><img data-wp-class--hide=\"state.isContentHidden\" data-wp-class--show=\"state.isContentVisible\" data-wp-init=\"callbacks.setButtonStyles\" data-wp-on--click=\"actions.showLightbox\" data-wp-on--load=\"callbacks.setButtonStyles\" data-wp-on-window--resize=\"callbacks.setButtonStyles\" src=\"https:\/\/each.international\/wp-content\/uploads\/2021\/07\/When-developing-Curricula-for-Communication-Skills-Education.png\" alt=\"\" title=\"Lors de l\u2019\u00e9laboration de programmes d\u2019enseignement des comp\u00e9tences en communication\"\/><button\n\t\t\tclass=\"lightbox-trigger\"\n\t\t\ttype=\"button\"\n\t\t\taria-haspopup=\"dialog\"\n\t\t\taria-label=\"Agrandir\"\n\t\t\tdata-wp-init=\"callbacks.initTriggerButton\"\n\t\t\tdata-wp-on--click=\"actions.showLightbox\"\n\t\t\tdata-wp-style--right=\"state.imageButtonRight\"\n\t\t\tdata-wp-style--top=\"state.imageButtonTop\"\n\t\t>\n\t\t\t<svg xmlns=\"http:\/\/www.w3.org\/2000\/svg\" width=\"12\" height=\"12\" fill=\"none\" viewbox=\"0 0 12 12\">\n\t\t\t\t<path fill=\"#fff\" d=\"M2 0a2 2 0 0 0-2 2v2h1.5V2a.5.5 0 0 1 .5-.5h2V0H2Zm2 10.5H2a.5.5 0 0 1-.5-.5V8H0v2a2 2 0 0 0 2 2h2v-1.5ZM8 12v-1.5h2a.5.5 0 0 0 .5-.5V8H12v2a2 2 0 0 1-2 2H8Zm2-12a2 2 0 0 1 2 2v2h-1.5V2a.5.5 0 0 0-.5-.5H8V0h2Z\" \/>\n\t\t\t<\/svg>\n\t\t<\/button><\/figure>\n<\/figure>","protected":false},"excerpt":{"rendered":"<p>Webinars Healthchat(ter) podcasts HealthChat(ter) is a podcast series aimed at sharing ideas, experience, and evidence relating to communication in healthcare. We interview healthcare professionals, researchers,&hellip;<\/p>","protected":false},"author":996,"featured_media":0,"parent":7610,"menu_order":0,"comment_status":"closed","ping_status":"open","template":"page-basic-header.php","meta":{"_acf_changed":false,"footnotes":""},"class_list":["post-10182","page","type-page","status-publish","hentry"],"acf":[],"_links":{"self":[{"href":"https:\/\/each.international\/fr\/wp-json\/wp\/v2\/pages\/10182","targetHints":{"allow":["GET"]}}],"collection":[{"href":"https:\/\/each.international\/fr\/wp-json\/wp\/v2\/pages"}],"about":[{"href":"https:\/\/each.international\/fr\/wp-json\/wp\/v2\/types\/page"}],"author":[{"embeddable":true,"href":"https:\/\/each.international\/fr\/wp-json\/wp\/v2\/users\/996"}],"replies":[{"embeddable":true,"href":"https:\/\/each.international\/fr\/wp-json\/wp\/v2\/comments?post=10182"}],"version-history":[{"count":11,"href":"https:\/\/each.international\/fr\/wp-json\/wp\/v2\/pages\/10182\/revisions"}],"predecessor-version":[{"id":22393,"href":"https:\/\/each.international\/fr\/wp-json\/wp\/v2\/pages\/10182\/revisions\/22393"}],"up":[{"embeddable":true,"href":"https:\/\/each.international\/fr\/wp-json\/wp\/v2\/pages\/7610"}],"wp:attachment":[{"href":"https:\/\/each.international\/fr\/wp-json\/wp\/v2\/media?parent=10182"}],"curies":[{"name":"wp","href":"https:\/\/api.w.org\/{rel}","templated":true}]}}