{"id":50,"date":"2021-10-29T10:51:04","date_gmt":"2021-10-29T09:51:04","guid":{"rendered":"http:\/\/www.each.eu\/?page_id=50"},"modified":"2026-02-24T08:58:59","modified_gmt":"2026-02-24T08:58:59","slug":"membership","status":"publish","type":"page","link":"https:\/\/each.international\/es\/membership\/","title":{"rendered":"Afiliaci\u00f3n"},"content":{"rendered":"<span class=\"here\"><\/span><div id=\"iconblock-block_86fdedd127ff042ab17a452d697b85cd\" class=\"icon-blocks\">\n    \n            \n        <div class=\"icon-block\">\n            <div class=\"icon-block-image\"><img src=\"https:\/\/each.international\/wp-content\/uploads\/2022\/07\/member-icon-1.png\" \/><\/div>\n            <div class=\"icon-block-text\">\n                <h3>Oportunidades de networking internacional<\/h3>\n                <p>Haga clic aqu\u00ed para ver el mapa de Representantes Nacionales<\/p>\n                            <\/div>\n        <\/div>\n        \n            \n        <div class=\"icon-block\">\n            <div class=\"icon-block-image\"><img src=\"https:\/\/each.international\/wp-content\/uploads\/2022\/07\/member-icon-2.png\" \/><\/div>\n            <div class=\"icon-block-text\">\n                <h3>Acceso privilegiado al \u00e1rea de miembros de la web de CADA<\/h3>\n                <p>Acceso GRATUITO a los manuales de VR-CoDES.<br \/>\nAcceso GRATUITO a una biblioteca de recursos de ense\u00f1anza e investigaci\u00f3n.<br \/>\nAcceso GRATUITO para buscar y conectarse con personas que trabajan en la docencia, la investigaci\u00f3n y\/o las pol\u00edticas de comunicaci\u00f3n sanitaria.<\/p>\n                            <\/div>\n        <\/div>\n        \n            \n        <div class=\"icon-block\">\n            <div class=\"icon-block-image\"><img src=\"https:\/\/each.international\/wp-content\/uploads\/2022\/07\/member-icon-3.png\" \/><\/div>\n            <div class=\"icon-block-text\">\n                <h3>Oportunidad de unirse a uno de nuestros comit\u00e9s:<\/h3>\n                <p>REACH, tEACH o pEACH, que luego son elegibles para solicitar financiaci\u00f3n anual para el trabajo de proyectos.<\/p>\n                            <\/div>\n        <\/div>\n        \n            \n        <div class=\"icon-block\">\n            <div class=\"icon-block-image\"><img src=\"https:\/\/each.international\/wp-content\/uploads\/2022\/07\/member-icon-4.png\" \/><\/div>\n            <div class=\"icon-block-text\">\n                <h3>Tarifas de inscripci\u00f3n reducidas para todos CADA evento<\/h3>\n                                            <\/div>\n        <\/div>\n        \n            \n        <div class=\"icon-block\">\n            <div class=\"icon-block-image\"><img src=\"https:\/\/each.international\/wp-content\/uploads\/2022\/07\/member-icon-5.png\" \/><\/div>\n            <div class=\"icon-block-text\">\n                <h3>Oportunidad de unirse o crear un grupo de inter\u00e9s especial<\/h3>\n                                            <\/div>\n        <\/div>\n        \n            \n        <div class=\"icon-block\">\n            <div class=\"icon-block-image\"><img src=\"https:\/\/each.international\/wp-content\/uploads\/2022\/07\/member-icon-6.png\" \/><\/div>\n            <div class=\"icon-block-text\">\n                <h3>Cuotas de membres\u00eda reducidas para miembros estudiantes (de doctorado)<\/h3>\n                                            <\/div>\n        <\/div>\n        \n        \n<\/div>\n<style type=\"text\/css\">\n    #iconblock-block_86fdedd127ff042ab17a452d697b85cd {\n        background: ;\n        color: ;\n    }\n<\/style>\n\n\n\n\n<div class=\"wp-block-group alignfull has-white-color has-text-color has-background has-link-color wp-elements-7f275eda4337c9a6fe987784455c0f43\" style=\"background-color:#0038a8\"><div class=\"wp-block-group__inner-container is-layout-constrained wp-block-group-is-layout-constrained\">\n<div class=\"wp-block-media-text alignfull has-media-on-the-right is-stacked-on-mobile\" style=\"grid-template-columns:auto 40%\"><div class=\"wp-block-media-text__content\">\n<h2 class=\"wp-block-heading has-white-color has-text-color has-link-color wp-elements-0f801c278b13de32d8af6624113b326c\">Cuota de socio<\/h2>\n\n\n\n<p>Tras los comentarios de nuestros miembros, la membres\u00eda de CADA ahora ofrece:<\/p>\n\n\n\n<ul class=\"wp-block-list tick-list white-tick\">\n<li>Value for money \u2013 A rolling membership, ensuring you benefit from a full year regardless of when you join<\/li>\n\n\n\n<li>Longevity of membership \u2013 10% discount to members who wish to sign up for 2 years<\/li>\n\n\n\n<li>Lower membership fee options \u2013 Lower fees for undergraduate** students and members over 65 years of age<\/li>\n\n\n\n<li>Affiliate membership*** \u2013 20% discount for members of International Communication Association (ICA) or WONCA<\/li>\n\n\n\n<li>Institutional membership \u2013 20% discount for institutions registering 5 or more members<\/li>\n\n\n\n<li>Membership grants \u2013 A limited number of grants (up to 50% discount on fees) are available<\/li>\n\n\n\n<li>Descuento 20% en productos de la tienda web de Elsevier usando el c\u00f3digo EACH2022<\/li>\n\n\n\n<li>Descuento sustancial por suscripci\u00f3n en l\u00ednea a PEC (Educaci\u00f3n y asesoramiento para pacientes)<\/li>\n<\/ul>\n\n\n\n<p>*** La membres\u00eda de afiliado est\u00e1 abierta a cualquier persona que sea miembro de International<\/p>\n\n\n\n<p>Asociaci\u00f3n de Comunicaci\u00f3n (ICA) o WONCA. Se requerir\u00e1 prueba de membres\u00eda al momento de registrarse.<\/p>\n\n\n\n<p>Todos los nuevos miembros de EACH pueden aprovechar este descuento; Los miembros existentes de EACH pueden aprovechar esto al momento de renovar su membres\u00eda.<\/p>\n\n\n\n<p>La membres\u00eda institucional es una opci\u00f3n de membres\u00eda grupal para empleados o estudiantes de la misma instituci\u00f3n u organizaci\u00f3n.<\/p>\n\n\n\n<p>Todos los miembros del grupo siguen recibiendo los mismos beneficios que un miembro individual, incluidos descuentos en eventos.<\/p>\n\n\n\n<p>Una persona l\u00edder debe crear la membres\u00eda y podr\u00e1 agregar un m\u00ednimo de 5 colegas adicionales al grupo.<\/p>\n\n\n\n<p>NB La membres\u00eda institucional debe seleccionarse al momento de convertirse en miembro o renovar la membres\u00eda.<\/p>\n\n\n\n<p>Lamentamos que no sea posible cambiar su categor\u00eda de membres\u00eda para unirse a un grupo institucional a mitad de su membres\u00eda anual.<\/p>\n<\/div><figure class=\"wp-block-media-text__media\"><img loading=\"lazy\" width=\"336\" height=\"432\" src=\"https:\/\/each.international\/wp-content\/uploads\/2022\/07\/image-membership.png\" alt=\"\" class=\"wp-image-17506 size-full\" srcset=\"https:\/\/each.international\/wp-content\/uploads\/2022\/07\/image-membership.png 336w, https:\/\/each.international\/wp-content\/uploads\/2022\/07\/image-membership-233x300.png 233w\" sizes=\"auto, (max-width: 336px) 100vw, 336px\" \/><\/figure><\/div>\n<\/div><\/div>\n\n\n\n<div class=\"wp-block-group shadow-bg\"><div class=\"wp-block-group__inner-container is-layout-constrained wp-block-group-is-layout-constrained\">\n<div class=\"wp-block-columns is-layout-flex wp-container-core-columns-is-layout-9d6595d7 wp-block-columns-is-layout-flex\">\n<div class=\"wp-block-column is-layout-flow wp-block-column-is-layout-flow\">\n<h2 class=\"wp-block-heading\">Membres\u00eda completa<\/h2>\n\n\n\n<p>acceso con descuento a la revista Patient Education &amp; Counseling<\/p>\n<\/div>\n\n\n\n<div class=\"wp-block-column is-layout-flow wp-block-column-is-layout-flow\">\n<h2 class=\"wp-block-heading has-text-align-center has-text-color has-link-color wp-elements-e94306e6e0e8ce24910de798bc6a3235\" style=\"color:#0038a8\">\u00a3114<\/h2>\n\n\n\n<p class=\"has-text-align-center\">un a\u00f1o<\/p>\n<\/div>\n\n\n\n<div class=\"wp-block-column is-layout-flow wp-block-column-is-layout-flow\">\n<h2 class=\"wp-block-heading has-text-align-center has-text-color has-link-color wp-elements-4b016ff93abf26a8d9fcb38dae5bc456\" style=\"color:#0038a8\">\u00a3205<\/h2>\n\n\n\n<p class=\"has-text-align-center\">dos a\u00f1o*<\/p>\n<\/div>\n<\/div>\n\n\n\n<div class=\"wp-block-columns is-layout-flex wp-container-core-columns-is-layout-9d6595d7 wp-block-columns-is-layout-flex\">\n<div class=\"wp-block-column is-layout-flow wp-block-column-is-layout-flow\">\n<h2 class=\"wp-block-heading\">Membres\u00eda de estudiante de doctorado**<\/h2>\n\n\n\n<p>acceso con descuento a la revista Patient Education &amp; Counseling<\/p>\n<\/div>\n\n\n\n<div class=\"wp-block-column is-layout-flow wp-block-column-is-layout-flow\">\n<h2 class=\"wp-block-heading has-text-align-center has-text-color has-link-color wp-elements-033812b27eaf8c2a34deb1e0571e10e7\" style=\"color:#0038a8\">\u00a3104<\/h2>\n\n\n\n<p class=\"has-text-align-center\">un a\u00f1o<\/p>\n<\/div>\n\n\n\n<div class=\"wp-block-column is-layout-flow wp-block-column-is-layout-flow\">\n<h2 class=\"wp-block-heading has-text-align-center has-text-color has-link-color wp-elements-0b2bfa1ace478a46437547f47582755a\" style=\"color:#0038a8\">\u00a3186<\/h2>\n\n\n\n<p class=\"has-text-align-center\">dos a\u00f1o*<\/p>\n<\/div>\n<\/div>\n\n\n\n<div class=\"wp-block-columns is-layout-flex wp-container-core-columns-is-layout-9d6595d7 wp-block-columns-is-layout-flex\">\n<div class=\"wp-block-column is-layout-flow wp-block-column-is-layout-flow\">\n<h2 class=\"wp-block-heading\">Membres\u00eda de pregrado**<\/h2>\n\n\n\n<p>acceso con descuento a la revista Patient Education &amp; Counseling<\/p>\n<\/div>\n\n\n\n<div class=\"wp-block-column is-layout-flow wp-block-column-is-layout-flow\">\n<h2 class=\"wp-block-heading has-text-align-center has-text-color has-link-color wp-elements-9a1cb00b1f71e3242e7f4d5e297e35da\" style=\"color:#0038a8\">\u00a383<\/h2>\n\n\n\n<p class=\"has-text-align-center\">un a\u00f1o<\/p>\n<\/div>\n\n\n\n<div class=\"wp-block-column is-layout-flow wp-block-column-is-layout-flow\">\n<h2 class=\"wp-block-heading has-text-align-center has-text-color has-link-color wp-elements-11fb94cf44af032c28b1c5c2b0ba962e\" style=\"color:#0038a8\">\u00a3145<\/h2>\n\n\n\n<p class=\"has-text-align-center\">dos a\u00f1o*<\/p>\n<\/div>\n<\/div>\n\n\n\n<div class=\"wp-block-columns is-layout-flex wp-container-core-columns-is-layout-9d6595d7 wp-block-columns-is-layout-flex\">\n<div class=\"wp-block-column is-layout-flow wp-block-column-is-layout-flow\">\n<h2 class=\"wp-block-heading\">M\u00e1s de 65 miembros<\/h2>\n\n\n\n<p>acceso con descuento a la revista Patient Education &amp; Counseling<\/p>\n<\/div>\n\n\n\n<div class=\"wp-block-column is-layout-flow wp-block-column-is-layout-flow\">\n<h2 class=\"wp-block-heading has-text-align-center has-text-color has-link-color wp-elements-9a1cb00b1f71e3242e7f4d5e297e35da\" style=\"color:#0038a8\">\u00a383<\/h2>\n\n\n\n<p class=\"has-text-align-center\">un a\u00f1o<\/p>\n<\/div>\n\n\n\n<div class=\"wp-block-column is-layout-flow wp-block-column-is-layout-flow\">\n<h2 class=\"wp-block-heading has-text-align-center has-text-color has-link-color wp-elements-11fb94cf44af032c28b1c5c2b0ba962e\" style=\"color:#0038a8\">\u00a3145<\/h2>\n\n\n\n<p class=\"has-text-align-center\">dos a\u00f1o*<\/p>\n<\/div>\n<\/div>\n\n\n\n<div class=\"wp-block-columns is-layout-flex wp-container-core-columns-is-layout-9d6595d7 wp-block-columns-is-layout-flex\">\n<div class=\"wp-block-column is-layout-flow wp-block-column-is-layout-flow\">\n<h2 class=\"wp-block-heading\">Membres\u00eda afiliada ***<\/h2>\n\n\n\n<p>acceso con descuento a la revista Patient Education &amp; Counseling<\/p>\n<\/div>\n\n\n\n<div class=\"wp-block-column is-layout-flow wp-block-column-is-layout-flow\">\n<h2 class=\"wp-block-heading has-text-align-center has-text-color has-link-color wp-elements-9a1cb00b1f71e3242e7f4d5e297e35da\" style=\"color:#0038a8\">\u00a383<\/h2>\n\n\n\n<p class=\"has-text-align-center\">un a\u00f1o<\/p>\n<\/div>\n\n\n\n<div class=\"wp-block-column is-layout-flow wp-block-column-is-layout-flow\">\n<h2 class=\"wp-block-heading has-text-align-center has-text-color has-link-color wp-elements-ddd1d73adea0986db5cc32f22f3a5c86\" style=\"color:#0038a8\"><\/h2>\n\n\n\n<p class=\"has-text-align-center\"><\/p>\n<\/div>\n<\/div>\n\n\n\n<div class=\"wp-block-columns is-layout-flex wp-container-core-columns-is-layout-9d6595d7 wp-block-columns-is-layout-flex\">\n<div class=\"wp-block-column is-layout-flow wp-block-column-is-layout-flow\" style=\"flex-basis:33.33%\">\n<h2 class=\"wp-block-heading\">Membres\u00eda institucional<\/h2>\n\n\n\n<p>acceso con descuento al Journal Patient Education &amp; Counseling para 5 o m\u00e1s miembros<\/p>\n<\/div>\n\n\n\n<div class=\"wp-block-column is-layout-flow wp-block-column-is-layout-flow\">\n<h2 class=\"wp-block-heading has-text-align-right has-text-color has-link-color wp-elements-abf3d39fe87de25d0c98780b8b385275\" style=\"color:#0038a8\">\u00a3435<\/h2>\n\n\n\n<p class=\"has-text-align-right\"><small>para 5 miembros por un a\u00f1o<br>+\u00a388 per additional full member<br>+\u00a375 per additional PhD Student member<br>+\u00a370 por estudiante universitario adicional o miembro mayor de 65 a\u00f1os a partir de entonces<\/small><\/p>\n<\/div>\n<\/div>\n<\/div><\/div>\n\n\n\n<h2 class=\"wp-block-heading has-text-align-center\">Please consider donating to EACH<\/h2>\n\n\n\n<div class=\"wp-block-columns is-layout-flex wp-container-core-columns-is-layout-9d6595d7 wp-block-columns-is-layout-flex\">\n<div class=\"wp-block-column is-layout-flow wp-block-column-is-layout-flow\">\n<div class=\"wp-block-buttons is-layout-flex wp-block-buttons-is-layout-flex\">\n<div class=\"wp-block-button has-custom-width wp-block-button__width-100\"><a class=\"wp-block-button__link wp-element-button\" href=\"https:\/\/buy.stripe.com\/8x2bJ2gjNest5XF2Yh9MY05\" target=\"_blank\" rel=\"noreferrer noopener\">Donar<\/a><\/div>\n<\/div>\n<\/div>\n\n\n\n<div class=\"wp-block-column is-layout-flow wp-block-column-is-layout-flow\">\n<figure class=\"wp-block-image size-full is-resized\"><a href=\"https:\/\/each.international\/wp-content\/uploads\/2026\/02\/EACH-Scholarship-Donation-QR-Code.png\"><img loading=\"lazy\" width=\"200\" height=\"200\" src=\"https:\/\/each.international\/wp-content\/uploads\/2026\/02\/EACH-Scholarship-Donation-QR-Code.png\" alt=\"\" class=\"wp-image-23303\" style=\"width:242px;height:auto\" srcset=\"https:\/\/each.international\/wp-content\/uploads\/2026\/02\/EACH-Scholarship-Donation-QR-Code.png 200w, https:\/\/each.international\/wp-content\/uploads\/2026\/02\/EACH-Scholarship-Donation-QR-Code-150x150.png 150w, https:\/\/each.international\/wp-content\/uploads\/2026\/02\/EACH-Scholarship-Donation-QR-Code-12x12.png 12w\" sizes=\"auto, (max-width: 200px) 100vw, 200px\" \/><\/a><\/figure>\n<\/div>\n<\/div>\n\n\n\n<p>Su donaci\u00f3n se destinar\u00e1 al Fondo de Becas EACH, al que los miembros con dificultades financieras pueden solicitar:<\/p>\n\n\n\n<ul class=\"wp-block-list\">\n<li>Cuotas de membres\u00eda con descuento<\/li>\n\n\n\n<li>Tarifa de inscripci\u00f3n con descuento para eventos organizados por CADA UNO, como la Conferencia Internacional para la Comunicaci\u00f3n en la Atenci\u00f3n M\u00e9dica (ICCH).<\/li>\n<\/ul>\n\n\n\n<p>Gracias por apoyar a sus colegas de la comunidad de comunicaci\u00f3n sanitaria.<\/p>\n\n\n\n<h2 class=\"wp-block-heading\">Maternity\/Parental Leave Discount<\/h2>\n\n\n\n<p>From 1 January 2025, EACH has introduced a 50% discounted membership for members on maternity\/parental leave (including adoption) for one year. We understand that this is a time to focus on family and self-care and we want to ensure you can continue enjoying the benefits of membership without added financial stress. Whether it\u2019s staying connected, accessing resources, or attending courses, this reduced membership is EACH\u2019s way of saying thank you for your membership and we look forward to welcoming you back.&nbsp;<\/p>\n\n\n\n<p>Please let us know as soon as you go on leave and we check your membership and apply the discount to your renewal.  Please contact&nbsp;<a href=\"mailto:membership@each.international\">membership@each.international<\/a><\/p>\n\n\n\n<h2 class=\"wp-block-heading\">Subvenciones de membres\u00eda restringidas<\/h2>\n\n\n\n<h2 class=\"wp-block-heading\">\u00bfNecesitas un poco de ayuda?<\/h2>\n\n\n\n<p>There are a limited number of grants available to apply for a discount on membership fees.&nbsp; Please see below for further details about eligibility and how to apply.<\/p>\n\n\n\n<p>La subvenci\u00f3n m\u00e1xima concedida por persona ser\u00e1&nbsp;<strong>50% de cuotas de membres\u00eda est\u00e1ndar<\/strong>.&nbsp;&nbsp;Membership grants will only be awarded to the following membership category:<\/p>\n\n\n\n<ul class=\"wp-block-list\">\n<li><strong>Membres\u00eda completa, solo un a\u00f1o<\/strong><\/li>\n<\/ul>\n\n\n\n<p>Before applying for a grant, please do ensure you have tried all other sources of funding available to you, including your local institution\/organisation\/company.&nbsp;&nbsp;Each application will be considered on a case-by-case basis.&nbsp; The discount must be applied for annually.<\/p>\n\n\n\n<p>The limited number of grants available each year will be allocated throughout the year on a \u2018first come, first served basis\u2019 (assuming that the eligibility criteria have been met).&nbsp; It will not be possible to issue any grants once the annual allocation has run out.&nbsp; These grants are awarded from the EACH Scholarship Fund.<\/p>\n\n\n\n<h3 class=\"wp-block-heading\">Elegibilidad para solicitudes de subvenciones de membres\u00eda:<\/h3>\n\n\n\n<p><strong>Ingresos reducidos<\/strong><\/p>\n\n\n\n<p>Si no puede pagar CADA membres\u00eda debido a sus bajos ingresos.<\/p>\n\n\n\n<p><strong>Asistencia de desempleo<\/strong><\/p>\n\n\n\n<p>Si no est\u00e1 en un empleo activo debido a sus circunstancias personales, por ejemplo, por una de las siguientes razones:<\/p>\n\n\n\n<ul class=\"wp-block-list\">\n<li>Est\u00e1 criando una familia a tiempo completo o es un cuidador a tiempo completo.<\/li>\n\n\n\n<li>Est\u00e1 experimentando un desempleo de larga duraci\u00f3n.<\/li>\n\n\n\n<li>Est\u00e1 sufriendo una enfermedad prolongada que le impide buscar empleo.<\/li>\n<\/ul>\n\n\n\n<h3 class=\"wp-block-heading\">C\u00f3mo aplicar<\/h3>\n\n\n\n<p>Por favor complete el&nbsp;<a href=\"https:\/\/each.international\/wp-content\/uploads\/2023\/11\/Restricted-membership-application-form-Nov-23.docx\" target=\"_blank\" rel=\"noreferrer noopener\">formulario de aplicaci\u00f3n<\/a>&nbsp;y devolverlo a&nbsp;<a href=\"mailto:treasurer@each.international\">treasurer@each.international<\/a>&nbsp;y&nbsp;<a href=\"mailto:info@each.international\">info@each.international<\/a>, Juntos con:<\/p>\n\n\n\n<ul class=\"wp-block-list\">\n<li>una carta de presentaci\u00f3n que explique su motivaci\u00f3n para unirse a EACH y<\/li>\n\n\n\n<li>una carta de referencia de su instituci\u00f3n\/organizaci\u00f3n\/empresa o de un colega que conozca su trabajo en comunicaci\u00f3n sanitaria.<\/li>\n<\/ul>\n\n\n\n<p>Applications will be considered throughout the year at monthly Executive meetings.&nbsp; On receipt of your application you will be notified of when you will receive a decision.<\/p>\n\n\n\n<div class=\"wp-block-group alignfull has-white-color has-text-color has-background has-link-color wp-elements-b9ed3e69e5e2d10d55f755105da6c8c5\" style=\"background-color:#3a4558\"><div class=\"wp-block-group__inner-container is-layout-constrained wp-block-group-is-layout-constrained\">\n<h1 class=\"wp-block-heading has-white-color has-text-color has-link-color wp-elements-93f8f5208a1a7f6e651cb3ccc8c80b1a\">T\u00e9rminos y condiciones<\/h1>\n\n\n\n<p>* Se debe seleccionar una membres\u00eda de dos a\u00f1os al momento de convertirse en miembro o renovar la membres\u00eda para poder recibir el descuento. La membres\u00eda de dos a\u00f1os no est\u00e1 disponible para las categor\u00edas de membres\u00eda afiliada.<\/p>\n\n\n\n<p>** Para calificar para la tarifa reducida asociada con ser estudiante, se le pedir\u00e1 que env\u00ede por correo electr\u00f3nico una certificaci\u00f3n escaneada de su condici\u00f3n de estudiante firmada por su afiliaci\u00f3n acad\u00e9mica dentro de las 4 semanas posteriores a la fecha de pago. Si no lo recibe, tendr\u00e1 que pagar la cuota de membres\u00eda normal o su membres\u00eda ser\u00e1 rescindida. La certificaci\u00f3n deber\u00e1 entregarse con cada suscripci\u00f3n anual sucesiva.<\/p>\n\n\n\n<p>*** Para calificar para la tarifa reducida asociada con las categor\u00edas de membres\u00eda de Afiliado, se le pedir\u00e1 que cargue un comprobante de membres\u00eda en ICA o WONCA en el momento de registrarse para convertirse en miembro de EACH.<\/p>\n\n\n\n<p>Se aceptar\u00e1 como prueba una factura de membres\u00eda o un correo electr\u00f3nico de confirmaci\u00f3n.<\/p>\n\n\n\n<p>Tenga en cuenta que las cuotas de membres\u00eda no son reembolsables.<\/p>\n<\/div><\/div>\n\n\n\n<h1 class=\"wp-block-heading has-text-align-center\">Consultas<\/h1>\n\n\n\n<p class=\"has-text-align-center\">Si tiene alguna inquietud o consulta sobre c\u00f3mo convertirse en miembro, por favor&nbsp;<a href=\"mailto:info@each.international\">Env\u00edanos un correo electr\u00f3nico<\/a>&nbsp;antes de registrarse.<\/p>\n\n\n\n<p><\/p>","protected":false},"excerpt":{"rendered":"<p>Membership Fee Following feedback from our members the EACH membership now offers: *** Affiliate membership is open to anyone that is a member of the&hellip;<\/p>","protected":false},"author":996,"featured_media":0,"parent":0,"menu_order":0,"comment_status":"closed","ping_status":"open","template":"page-basic-full-width.php","meta":{"_acf_changed":false,"footnotes":""},"class_list":["post-50","page","type-page","status-publish","hentry"],"acf":[],"_links":{"self":[{"href":"https:\/\/each.international\/es\/wp-json\/wp\/v2\/pages\/50","targetHints":{"allow":["GET"]}}],"collection":[{"href":"https:\/\/each.international\/es\/wp-json\/wp\/v2\/pages"}],"about":[{"href":"https:\/\/each.international\/es\/wp-json\/wp\/v2\/types\/page"}],"author":[{"embeddable":true,"href":"https:\/\/each.international\/es\/wp-json\/wp\/v2\/users\/996"}],"replies":[{"embeddable":true,"href":"https:\/\/each.international\/es\/wp-json\/wp\/v2\/comments?post=50"}],"version-history":[{"count":36,"href":"https:\/\/each.international\/es\/wp-json\/wp\/v2\/pages\/50\/revisions"}],"predecessor-version":[{"id":23306,"href":"https:\/\/each.international\/es\/wp-json\/wp\/v2\/pages\/50\/revisions\/23306"}],"wp:attachment":[{"href":"https:\/\/each.international\/es\/wp-json\/wp\/v2\/media?parent=50"}],"curies":[{"name":"wp","href":"https:\/\/api.w.org\/{rel}","templated":true}]}}