{"id":4259,"date":"2021-10-26T08:51:23","date_gmt":"2021-10-26T07:51:23","guid":{"rendered":"http:\/\/www.each.eu\/?page_id=2"},"modified":"2026-03-31T12:30:10","modified_gmt":"2026-03-31T11:30:10","slug":"home","status":"publish","type":"page","link":"https:\/\/each.international\/es\/","title":{"rendered":"Hogar"},"content":{"rendered":"<div class=\"wp-block-cover\"><img class=\"wp-block-cover__image-background wp-image-20948\" alt=\"\" src=\"https:\/\/each.international\/wp-content\/uploads\/2024\/08\/1-1024x281.png\" data-object-fit=\"cover\"\/><span aria-hidden=\"true\" class=\"wp-block-cover__background has-background-dim-0 has-background-dim\"><\/span><div class=\"wp-block-cover__inner-container is-layout-flow wp-block-cover-is-layout-flow\">\n<h1 class=\"wp-block-heading has-text-align-center has-large-font-size\">Asociaci\u00f3n Internacional para la Comunicaci\u00f3n en la Salud<\/h1>\n\n\n\n<p class=\"has-text-align-center\">Una organizaci\u00f3n global dedicada a explorar y mejorar las formas en que los profesionales de la salud, los pacientes y sus familiares se comunican entre s\u00ed.<\/p>\n\n\n\n<div class=\"wp-block-buttons is-content-justification-center is-layout-flex wp-container-core-buttons-is-layout-16018d1d wp-block-buttons-is-layout-flex\">\n<div class=\"wp-block-button is-style-fill\"><a class=\"wp-block-button__link has-black-color has-white-background-color has-text-color has-background has-link-color wp-element-button\" href=\"https:\/\/each.international\/es\/about-us\/\">Saber m\u00e1s<\/a><\/div>\n<\/div>\n<\/div><\/div>\n\n\n<div class=\"wp-block-image\">\n<figure class=\"aligncenter size-large is-resized\"><a href=\"https:\/\/each.international\/es\/calendar\/icch-2026-14th-to-18th-september-2026-in-belfast-northern-ireland\/\"><img loading=\"lazy\" width=\"1024\" height=\"341\" src=\"https:\/\/each.international\/wp-content\/uploads\/2025\/11\/ICCH-2026-Email-Branding-2-1-1024x341.png\" alt=\"\" class=\"wp-image-23110\" style=\"width:782px;height:auto\" srcset=\"https:\/\/each.international\/wp-content\/uploads\/2025\/11\/ICCH-2026-Email-Branding-2-1-1024x341.png 1024w, https:\/\/each.international\/wp-content\/uploads\/2025\/11\/ICCH-2026-Email-Branding-2-1-300x100.png 300w, https:\/\/each.international\/wp-content\/uploads\/2025\/11\/ICCH-2026-Email-Branding-2-1-768x256.png 768w, https:\/\/each.international\/wp-content\/uploads\/2025\/11\/ICCH-2026-Email-Branding-2-1-18x6.png 18w, https:\/\/each.international\/wp-content\/uploads\/2025\/11\/ICCH-2026-Email-Branding-2-1-624x208.png 624w, https:\/\/each.international\/wp-content\/uploads\/2025\/11\/ICCH-2026-Email-Branding-2-1.png 1500w\" sizes=\"auto, (max-width: 1024px) 100vw, 1024px\" \/><\/a><\/figure>\n<\/div>\n\n\n<div class=\"wp-block-columns is-layout-flex wp-container-core-columns-is-layout-9d6595d7 wp-block-columns-is-layout-flex\">\n<div class=\"wp-block-column is-layout-flow wp-block-column-is-layout-flow\" style=\"flex-basis:25%\"><\/div>\n\n\n\n<div class=\"wp-block-column is-layout-flow wp-block-column-is-layout-flow\" style=\"flex-basis:50%\">\n<div class=\"wp-block-buttons is-layout-flex wp-block-buttons-is-layout-flex\">\n<div class=\"wp-block-button\"><a class=\"wp-block-button__link wp-element-button\" href=\"https:\/\/eur02.safelinks.protection.outlook.com\/?url=https%3A%2F%2Ffitwise.eventsair.com%2Ficch2026%2F&amp;data=05%7C02%7Csandi.va%40fitwise.co.uk%7C7bb6b65a54e1401a375a08de8f0a4ec6%7Cb79ba57803344d809d74ae8d4d22e95e%7C0%7C0%7C639105471601753298%7CUnknown%7CTWFpbGZsb3d8eyJFbXB0eU1hcGkiOnRydWUsIlYiOiIwLjAuMDAwMCIsIlAiOiJXaW4zMiIsIkFOIjoiTWFpbCIsIldUIjoyfQ%3D%3D%7C0%7C%7C%7C&amp;sdata=2QUUHjuVL1iCGvDoVeE674ysdcdp2gF7EbB%2BseVQJyI%3D&amp;reserved=0\">Delegate Registration Now Open!<\/a><\/div>\n<\/div>\n<\/div>\n\n\n\n<div class=\"wp-block-column is-layout-flow wp-block-column-is-layout-flow\" style=\"flex-basis:25%\"><\/div>\n<\/div>\n\n\n\n<div class=\"wp-block-columns is-layout-flex wp-container-core-columns-is-layout-9d6595d7 wp-block-columns-is-layout-flex\">\n<div class=\"wp-block-column is-vertically-aligned-center is-layout-flow wp-block-column-is-layout-flow\" style=\"flex-basis:35%\">\n<h3 class=\"wp-block-heading\">Le animamos a unirse a EACH para ayudar a promover una comunicaci\u00f3n sanitaria eficaz en todo el mundo.<\/h3>\n<\/div>\n\n\n\n<div class=\"wp-block-column is-layout-flow wp-block-column-is-layout-flow\">\n<p>Los miembros de CADA contribuyen significativamente al conjunto de evidencia y mejores pr\u00e1cticas en investigaci\u00f3n, educaci\u00f3n e implementaci\u00f3n de comunicaci\u00f3n efectiva en atenci\u00f3n m\u00e9dica para estudiantes, m\u00e9dicos y sistemas de atenci\u00f3n m\u00e9dica.<\/p>\n\n\n\n<p>A trav\u00e9s de EACH, usted puede aprender y contribuir a mejorar la comunicaci\u00f3n en su propio pa\u00eds o esfera de influencia, as\u00ed como en todo el mundo.<\/p>\n<\/div>\n<\/div>\n\n\n\n<div class=\"wp-block-buttons home-buttons is-content-justification-center is-layout-flex wp-container-core-buttons-is-layout-16018d1d wp-block-buttons-is-layout-flex\">\n<div class=\"wp-block-button is-style-fill\"><a class=\"wp-block-button__link wp-element-button\" href=\"https:\/\/each.international\/es\/amember\/signup\/\" target=\"_blank\" rel=\"noreferrer noopener\">Hazte miembro <span class=\"material-symbols-outlined\">person<\/span><\/a><\/div>\n\n\n\n<div class=\"wp-block-button is-style-outline is-style-outline--1\"><a class=\"wp-block-button__link wp-element-button\" href=\"https:\/\/each.international\/es\/resources\/\">Nuestros recursos <span class=\"material-symbols-outlined\">chat_bubble<\/span><\/a><\/div>\n\n\n\n<div class=\"wp-block-button is-style-fill\"><a class=\"wp-block-button__link wp-element-button\" href=\"https:\/\/buy.stripe.com\/3cI7sMaZtgAB3Px7ex9MY02\" target=\"_blank\" rel=\"noreferrer noopener\">Donate \u00a3<\/a><\/div>\n<\/div>\n\n\n<div class=\"wp-block-image\">\n<figure class=\"aligncenter size-full\"><a href=\"https:\/\/each.international\/wp-content\/uploads\/2026\/02\/EACH-General-Donation-QR-Code.png\"><img loading=\"lazy\" width=\"200\" height=\"200\" src=\"https:\/\/each.international\/wp-content\/uploads\/2026\/02\/EACH-General-Donation-QR-Code.png\" alt=\"\" class=\"wp-image-23308\" srcset=\"https:\/\/each.international\/wp-content\/uploads\/2026\/02\/EACH-General-Donation-QR-Code.png 200w, https:\/\/each.international\/wp-content\/uploads\/2026\/02\/EACH-General-Donation-QR-Code-150x150.png 150w, https:\/\/each.international\/wp-content\/uploads\/2026\/02\/EACH-General-Donation-QR-Code-12x12.png 12w\" sizes=\"auto, (max-width: 200px) 100vw, 200px\" \/><\/a><figcaption class=\"wp-element-caption\"><strong>Make at donation to EACH<\/strong><\/figcaption><\/figure>\n<\/div>\n\n\n<div class=\"wp-block-media-text has-media-on-the-right is-stacked-on-mobile has-white-color has-text-color has-background has-link-color wp-elements-fcee0573d48e497ff8890650a1f649cc\" style=\"background-color:#d74070\"><div class=\"wp-block-media-text__content\">\n<h2 class=\"wp-block-heading has-white-color has-text-color has-link-color wp-elements-28cf88e7375b851a2eab3cbf8497eddd\">EACH y sus miembros trabajan juntos para:<\/h2>\n\n\n\n<ul class=\"wp-block-list tick-list white-tick\">\n<li>Fomentar el networking entre profesionales de la comunicaci\u00f3n sanitaria para proporcionar asesoramiento y cooperaci\u00f3n en proyectos de comunicaci\u00f3n sanitaria y educaci\u00f3n.<\/li>\n\n\n\n<li>Promover una comunicaci\u00f3n sanitaria eficaz, centrada en el paciente y basada en evidencia.<\/li>\n\n\n\n<li>Proporcionar experiencia, recursos y habilidades para la educaci\u00f3n, la investigaci\u00f3n y la pr\u00e1ctica de la comunicaci\u00f3n sanitaria.<\/li>\n<\/ul>\n<\/div><figure class=\"wp-block-media-text__media\"><img loading=\"lazy\" width=\"822\" height=\"830\" src=\"https:\/\/each.international\/wp-content\/uploads\/2022\/07\/Untitled-2.png\" alt=\"\" class=\"wp-image-17345 size-full\" srcset=\"https:\/\/each.international\/wp-content\/uploads\/2022\/07\/Untitled-2.png 822w, https:\/\/each.international\/wp-content\/uploads\/2022\/07\/Untitled-2-297x300.png 297w, https:\/\/each.international\/wp-content\/uploads\/2022\/07\/Untitled-2-150x150.png 150w, https:\/\/each.international\/wp-content\/uploads\/2022\/07\/Untitled-2-768x775.png 768w, https:\/\/each.international\/wp-content\/uploads\/2022\/07\/Untitled-2-624x630.png 624w\" sizes=\"auto, (max-width: 822px) 100vw, 822px\" \/><\/figure><\/div>\n\n\n<div id=\"pagelinksblock-block_65eb199b6f93758e60c29486e454c067\" class=\"page-links-block\">\n    \n            \n        <div class=\"page-block\" style=\"background-color:#65215e;\">\n            <a href=\"\/es\/research\/\">\n                <div class=\"page-block-image\"><img src=\"https:\/\/each.international\/wp-content\/uploads\/2022\/07\/research-300x204.jpeg\" \/><\/div>\n                <div class=\"page-block-text\">\n                    <h3>Investigaci\u00f3n<\/h3>\n                <\/div>\n            <\/a>\n        <\/div>\n        \n            \n        <div class=\"page-block\" style=\"background-color:#f08b33;\">\n            <a href=\"\/es\/teaching\/\">\n                <div class=\"page-block-image\"><img src=\"https:\/\/each.international\/wp-content\/uploads\/2022\/07\/teaching-300x204.jpeg\" \/><\/div>\n                <div class=\"page-block-text\">\n                    <h3>Ense\u00f1ando<\/h3>\n                <\/div>\n            <\/a>\n        <\/div>\n        \n            \n        <div class=\"page-block\" style=\"background-color:#d0cf25;\">\n            <a href=\"\/es\/practice\/\">\n                <div class=\"page-block-image\"><img src=\"https:\/\/each.international\/wp-content\/uploads\/2022\/07\/policy-300x204.jpeg\" \/><\/div>\n                <div class=\"page-block-text\">\n                    <h3>Pol\u00edtica\/pr\u00e1ctica<\/h3>\n                <\/div>\n            <\/a>\n        <\/div>\n        \n            \n        <div class=\"page-block\" style=\"background-color:#0038a9;\">\n            <a href=\"\/es\/organisation\/networking\/\">\n                <div class=\"page-block-image\"><img src=\"https:\/\/each.international\/wp-content\/uploads\/2022\/07\/networking-300x204.jpeg\" \/><\/div>\n                <div class=\"page-block-text\">\n                    <h3>Redes<\/h3>\n                <\/div>\n            <\/a>\n        <\/div>\n        \n        \n<\/div>\n<style type=\"text\/css\">\n    #pagelinksblock-block_65eb199b6f93758e60c29486e454c067 {\n        background: ;\n        color: ;\n    }\n<\/style>\n\n\n\n\n<div class=\"wp-block-group has-white-color has-text-color has-background has-link-color wp-elements-c77627b74f46fada8f4ee0b2aada4ef7\" style=\"background-color:#0038a8\"><div class=\"wp-block-group__inner-container is-layout-constrained wp-block-group-is-layout-constrained\">\n<div class=\"wp-block-media-text has-media-on-the-right is-stacked-on-mobile\" style=\"grid-template-columns:auto 15%\"><div class=\"wp-block-media-text__content\">\n<h2 class=\"wp-block-heading has-white-color has-text-color has-link-color wp-elements-1bbc6463c4ee118dafe4c1802c271222\"><a href=\"https:\/\/www.sciencedirect.com\/journal\/patient-education-and-counseling?_gl=1*1nmoss1*_ga*ODk2MzE5NDQ2LjE2NjQxODQ5NTU.*_ga_4R527DM8F7*MTY2NDE4NDk1NS4xLjEuMTY2NDE4NDk4MS4wLjAuMA..\" target=\"_blank\" rel=\"noreferrer noopener\">Educaci\u00f3n y asesoramiento al paciente<\/a><\/h2>\n\n\n\n<p>Diario Oficial de EACH, Asociaci\u00f3n Internacional para la Comunicaci\u00f3n en el Cuidado de la Salud y ACH, la Academia de Comunicaci\u00f3n en el Cuidado de la Salud.<\/p>\n<\/div><figure class=\"wp-block-media-text__media\"><a href=\"https:\/\/www.sciencedirect.com\/journal\/patient-education-and-counseling?_gl=1*1nmoss1*_ga*ODk2MzE5NDQ2LjE2NjQxODQ5NTU.*_ga_4R527DM8F7*MTY2NDE4NDk1NS4xLjEuMTY2NDE4NDk4MS4wLjAuMA..\"><img loading=\"lazy\" width=\"300\" height=\"406\" src=\"https:\/\/each.international\/wp-content\/uploads\/2021\/01\/img-pec-sml.jpg\" alt=\"Access PEC\" class=\"wp-image-14021 size-full\" srcset=\"https:\/\/each.international\/wp-content\/uploads\/2021\/01\/img-pec-sml.jpg 300w, https:\/\/each.international\/wp-content\/uploads\/2021\/01\/img-pec-sml-222x300.jpg 222w\" sizes=\"auto, (max-width: 300px) 100vw, 300px\" \/><\/a><\/figure><\/div>\n<\/div><\/div>\n\n\n\n<div class=\"wp-block-group has-white-background-color has-background\"><div class=\"wp-block-group__inner-container is-layout-constrained wp-block-group-is-layout-constrained\">\n<h2 class=\"wp-block-heading has-text-align-center\">\u00daltimas noticias<\/h2>\n\n\n<ul class=\"wp-block-latest-posts__list is-grid columns-3 wp-block-latest-posts\"><li><a class=\"wp-block-latest-posts__post-title\" href=\"https:\/\/each.international\/es\/icch-2026-abstract-submission-deadline-6-march-2026\/\">ICCH 2026 Abstract Submission Deadline 6 March 2026<\/a><div class=\"wp-block-latest-posts__post-excerpt\">Find out more on the dedicated ICCH 2026 website and present your abstract in Belfast from the 14th \u2013 18th September! Abstract submission is now open for&nbsp;ICCH 2026! \u2013 EACH<\/div><\/li>\n<li><a class=\"wp-block-latest-posts__post-title\" href=\"https:\/\/each.international\/es\/abstract-submission-is-now-open-for-icch-2026\/\">Abstract submission is now open for\u00a0ICCH 2026!<\/a><div class=\"wp-block-latest-posts__post-excerpt\">Find out more on the dedicated ICCH 2026 website and present your abstract in Belfast from the 14th &#8211; 18th September!<\/div><\/li>\n<li><a class=\"wp-block-latest-posts__post-title\" href=\"https:\/\/each.international\/es\/get-ready-for-reach-summer-school-2025\/\">Get Ready for rEACH Summer School 2025!<\/a><div class=\"wp-block-latest-posts__post-excerpt\">Enhance your research skills. Expand your network. Advance your career. Are you an early-career researcher in healthcare communication looking to refine your research project and connect with like-minded peers and leading experts? The rEACH Summer School&hellip;<\/div><\/li>\n<\/ul><\/div><\/div>\n\n\n\n<p><\/p>\n\n\n\n<p><\/p>","protected":false},"excerpt":{"rendered":"<p>We encourage you to join EACH to help promote effective healthcare Communication throughout the world. EACH members significantly contribute to the body of evidence and&hellip;<\/p>","protected":false},"author":996,"featured_media":0,"parent":0,"menu_order":0,"comment_status":"closed","ping_status":"open","template":"","meta":{"_acf_changed":false,"footnotes":""},"class_list":["post-4259","page","type-page","status-publish","hentry"],"acf":[],"_links":{"self":[{"href":"https:\/\/each.international\/es\/wp-json\/wp\/v2\/pages\/4259","targetHints":{"allow":["GET"]}}],"collection":[{"href":"https:\/\/each.international\/es\/wp-json\/wp\/v2\/pages"}],"about":[{"href":"https:\/\/each.international\/es\/wp-json\/wp\/v2\/types\/page"}],"author":[{"embeddable":true,"href":"https:\/\/each.international\/es\/wp-json\/wp\/v2\/users\/996"}],"replies":[{"embeddable":true,"href":"https:\/\/each.international\/es\/wp-json\/wp\/v2\/comments?post=4259"}],"version-history":[{"count":43,"href":"https:\/\/each.international\/es\/wp-json\/wp\/v2\/pages\/4259\/revisions"}],"predecessor-version":[{"id":23366,"href":"https:\/\/each.international\/es\/wp-json\/wp\/v2\/pages\/4259\/revisions\/23366"}],"wp:attachment":[{"href":"https:\/\/each.international\/es\/wp-json\/wp\/v2\/media?parent=4259"}],"curies":[{"name":"wp","href":"https:\/\/api.w.org\/{rel}","templated":true}]}}