{"id":3218,"date":"2015-09-17T15:18:53","date_gmt":"2015-09-17T14:18:53","guid":{"rendered":"http:\/\/www.each.eu\/?page_id=3218"},"modified":"2024-09-27T12:28:20","modified_gmt":"2024-09-27T11:28:20","slug":"step-4","status":"publish","type":"page","link":"https:\/\/each.international\/es\/organisation\/networking\/step-4\/","title":{"rendered":"Etapa 4"},"content":{"rendered":"<h2 class=\"wp-block-heading\">Decidir las caracter\u00edsticas de la membres\u00eda<\/h2>\n\n\n\n<div class=\"wp-block-image\"><figure class=\"alignleft size-large\"><a href=\"https:\/\/each.international\/wp-content\/uploads\/2021\/01\/4a.png\"><img loading=\"lazy\" width=\"225\" height=\"175\" src=\"https:\/\/each.international\/wp-content\/uploads\/2021\/01\/4a.png\" alt=\"\" class=\"wp-image-14171\"\/><\/a><\/figure><\/div>\n\n\n\n<p>Los miembros deben ser \u201chacedores\u201d, responsables, entusiastas, comprometidos y abiertos a compartir. Deben estar dispuestos a contribuir y, si es necesario, trabajar entre reuniones. Deber\u00edan compartir una necesidad percibida (mejor juntos) de lograr m\u00e1s como grupo. Los miembros tambi\u00e9n deben confiar en el proceso y darle tiempo a la red para avanzar.<\/p>\n\n\n\n<div class=\"wp-block-image\"><figure class=\"alignright size-large\"><a href=\"https:\/\/each.international\/wp-content\/uploads\/2021\/01\/4b.png\"><img loading=\"lazy\" width=\"225\" height=\"175\" src=\"https:\/\/each.international\/wp-content\/uploads\/2021\/01\/4b.png\" alt=\"\" class=\"wp-image-14172\"\/><\/a><\/figure><\/div>\n\n\n\n<p>Los niveles de experiencia pueden diferir.<\/p>\n\n\n\n<div class=\"wp-block-qubely-buttongroup qubely-block-d2f0ad\"><div class=\"qubely-block-button-group\">\n<div class=\"wp-block-qubely-button qubely-block-f4e446 qubely-group-button\"><div class=\"qubely-block-btn-wrapper\"><div class=\"qubely-block-btn\"><a class=\"qubely-block-btn-anchor is-medium\" href=\"https:\/\/each.international\/es\/organisation\/networking\/\">Redes<\/a><\/div><\/div><\/div>\n\n\n\n<div class=\"wp-block-qubely-button qubely-block-cdd09e qubely-group-button\"><div class=\"qubely-block-btn-wrapper\"><div class=\"qubely-block-btn\"><a class=\"qubely-block-btn-anchor is-medium\" href=\"https:\/\/each.international\/es\/organisation\/networking\/step-5\/\">Paso 5<\/a><\/div><\/div><\/div>\n<\/div><\/div>","protected":false},"excerpt":{"rendered":"<p>Decide on membership characteristics Members should be &#8220;doers&#8221;, responsible, enthusiastic, committed and open to share. They should be willing to contribute and if necessary work&hellip;<\/p>","protected":false},"author":996,"featured_media":0,"parent":3206,"menu_order":0,"comment_status":"closed","ping_status":"open","template":"page-basic-full-width.php","meta":{"_acf_changed":false,"footnotes":""},"class_list":["post-3218","page","type-page","status-publish","hentry"],"acf":[],"_links":{"self":[{"href":"https:\/\/each.international\/es\/wp-json\/wp\/v2\/pages\/3218","targetHints":{"allow":["GET"]}}],"collection":[{"href":"https:\/\/each.international\/es\/wp-json\/wp\/v2\/pages"}],"about":[{"href":"https:\/\/each.international\/es\/wp-json\/wp\/v2\/types\/page"}],"author":[{"embeddable":true,"href":"https:\/\/each.international\/es\/wp-json\/wp\/v2\/users\/996"}],"replies":[{"embeddable":true,"href":"https:\/\/each.international\/es\/wp-json\/wp\/v2\/comments?post=3218"}],"version-history":[{"count":1,"href":"https:\/\/each.international\/es\/wp-json\/wp\/v2\/pages\/3218\/revisions"}],"predecessor-version":[{"id":20665,"href":"https:\/\/each.international\/es\/wp-json\/wp\/v2\/pages\/3218\/revisions\/20665"}],"up":[{"embeddable":true,"href":"https:\/\/each.international\/es\/wp-json\/wp\/v2\/pages\/3206"}],"wp:attachment":[{"href":"https:\/\/each.international\/es\/wp-json\/wp\/v2\/media?parent=3218"}],"curies":[{"name":"wp","href":"https:\/\/api.w.org\/{rel}","templated":true}]}}