{"id":1862,"date":"2014-11-14T17:07:13","date_gmt":"2014-11-14T17:07:13","guid":{"rendered":"http:\/\/www.each.eu\/?page_id=1862"},"modified":"2024-09-27T12:27:59","modified_gmt":"2024-09-27T11:27:59","slug":"charity","status":"publish","type":"page","link":"https:\/\/each.international\/es\/organisation\/charity\/","title":{"rendered":"Caridad"},"content":{"rendered":"<p>EACH se inscribi\u00f3 en el Registro de organizaciones ben\u00e9ficas del Reino Unido el 3 de noviembre de 2014 como una organizaci\u00f3n ben\u00e9fica incorporada (CIO). El objetivo del CIO es el alivio de las enfermedades y la preservaci\u00f3n de la salud de los pacientes para el beneficio p\u00fablico mediante la promoci\u00f3n de una comunicaci\u00f3n sanitaria eficaz basada en evidencia y centrada en el paciente entre pacientes, familiares y profesionales sanitarios de todo el mundo.<\/p>\n\n\n\n<h2 class=\"wp-block-heading\">N\u00famero de organizaci\u00f3n ben\u00e9fica registrada<\/h2>\n\n\n\n<p>N\u00famero de organizaci\u00f3n ben\u00e9fica registrada 1159050. Haga clic&nbsp;<a rel=\"noreferrer noopener\" href=\"https:\/\/register-of-charities.charitycommission.gov.uk\/charity-search\/-\/charity-details\/5048139\" target=\"_blank\">aqu\u00ed&nbsp;<\/a>para ver los detalles en poder de la Comisi\u00f3n de Caridad del Reino Unido y&nbsp;<a rel=\"noreferrer noopener\" href=\"https:\/\/each.international\/wp-content\/uploads\/2021\/07\/EACH-Constitution-CIO-161116.pdf\" target=\"_blank\">aqu\u00ed<\/a>&nbsp;leer nuestra constituci\u00f3n. Hacer clic <a rel=\"noreferrer noopener\" href=\"https:\/\/each.international\/wp-content\/uploads\/2021\/07\/RegistrationCertificate_5048139-min.pdf\" target=\"_blank\">aqu\u00ed<\/a> para ver el certificado de registro de caridad de CADA UNO.<\/p>\n\n\n\n<h2 class=\"wp-block-heading\">C\u00f3mo logramos nuestro objetivo caritativo<\/h2>\n\n\n\n<p>En nuestra solicitud ben\u00e9fica, hemos declarado que lograremos nuestro objetivo al:<\/p>\n\n\n\n<ul class=\"wp-block-list\"><li>Promover el desarrollo de la investigaci\u00f3n y la educaci\u00f3n en comunicaci\u00f3n sanitaria para mejorar la calidad de la comunicaci\u00f3n en la atenci\u00f3n sanitaria a nivel mundial y, por tanto, mejorar los resultados de salud del p\u00fablico en general.<\/li><li>Permitir el intercambio y la difusi\u00f3n de productos de ense\u00f1anza e investigaci\u00f3n dentro de la comunidad de investigadores y profesores de comunicaci\u00f3n sanitaria, para mejorar la calidad de la comunicaci\u00f3n en la atenci\u00f3n sanitaria y, por tanto, mejorar la experiencia de los pacientes y familiares.<\/li><li>difundir m\u00e1s ampliamente conocimientos sobre la comunicaci\u00f3n eficaz entre pacientes, familiares y profesionales de la salud, ensalzar las mejores pr\u00e1cticas y mejoras en la educaci\u00f3n para satisfacer las necesidades cambiantes de la prestaci\u00f3n de servicios de salud y aumentar los avances hacia un enfoque centrado en la persona que incorpore la responsabilidad y la toma de decisiones compartidas.<\/li><li>Desarrollar una red activa de investigadores, profesores y profesionales de todo el mundo, comprometidos con mejorar la experiencia del paciente en el campo de la comunicaci\u00f3n en la atenci\u00f3n sanitaria.<\/li><\/ul>\n\n\n\n<h2 class=\"wp-block-heading\">Fideicomisarios<\/h2>\n\n\n\n<p>Todos los miembros votantes de los comit\u00e9s ejecutivo y directivo son fideicomisarios de la organizaci\u00f3n ben\u00e9fica.<\/p>\n\n\n\n<h2 class=\"wp-block-heading\">Donaciones caritativas a CADA UNO<\/h2>\n\n\n\n<p>EACH: La Asociaci\u00f3n Internacional para la Comunicaci\u00f3n en el Cuidado de la Salud se estableci\u00f3 en 2001 y recientemente ha alcanzado el estatus de organizaci\u00f3n ben\u00e9fica. El prop\u00f3sito de la organizaci\u00f3n ben\u00e9fica es &quot;el alivio de las enfermedades y la preservaci\u00f3n de la salud de los pacientes mediante la promoci\u00f3n de una comunicaci\u00f3n sanitaria eficaz basada en evidencia y centrada en el paciente entre pacientes, familiares y profesionales sanitarios de todo el mundo&quot;. Lo logra a trav\u00e9s de las siguientes actividades:<\/p>\n\n\n\n<ul class=\"wp-block-list\"><li>Promover el desarrollo de la investigaci\u00f3n y la educaci\u00f3n en comunicaci\u00f3n sanitaria para mejorar la calidad de la comunicaci\u00f3n en la atenci\u00f3n sanitaria a nivel mundial y, por tanto, mejorar los resultados de salud del p\u00fablico en general.<\/li><li>Permitir el intercambio y la difusi\u00f3n de productos de ense\u00f1anza e investigaci\u00f3n dentro de la comunidad de investigadores y profesores de comunicaci\u00f3n sanitaria, para mejorar la calidad de la comunicaci\u00f3n en la atenci\u00f3n sanitaria y, por tanto, mejorar la experiencia de los pacientes y familiares.<\/li><li>difundir m\u00e1s ampliamente conocimientos sobre la comunicaci\u00f3n eficaz entre pacientes, familiares y profesionales de la salud, ensalzar las mejores pr\u00e1cticas y mejoras en la educaci\u00f3n para satisfacer las necesidades cambiantes de la prestaci\u00f3n de servicios de salud y aumentar los avances hacia un enfoque centrado en la persona que incorpore la responsabilidad y la toma de decisiones compartidas.<\/li><li>Desarrollar una red activa de investigadores, profesores y profesionales de todo el mundo, comprometidos con mejorar la experiencia del paciente en el campo de la comunicaci\u00f3n en la atenci\u00f3n sanitaria.<\/li><\/ul>\n\n\n\n<p>Actualmente estamos buscando donaciones caritativas que nos ayuden durante los pr\u00f3ximos 3 a\u00f1os a ejecutar dos proyectos fundamentales y altamente interrelacionados que ayudar\u00e1n significativamente a lograr la visi\u00f3n de CADA UNO:<\/p>\n\n\n\n<ol class=\"wp-block-list\"><li><strong>El apoyo y desarrollo de investigadores j\u00f3venes en comunicaci\u00f3n sanitaria que ser\u00e1n los futuros l\u00edderes en nuestro campo.<\/strong>.<br>Existe un creciente inter\u00e9s mundial en investigar la comunicaci\u00f3n sanitaria, en particular explorando las necesidades de comunicaci\u00f3n de los pacientes y familiares a medida que avanzan en el sistema sanitario y descubriendo las habilidades necesarias para que los profesionales sanitarios practiquen la comunicaci\u00f3n centrada en el paciente en el mundo moderno. Por lo tanto, a CADA le gustar\u00eda proporcionar un sistema de apoyo y capacitaci\u00f3n integral para investigadores j\u00f3venes en comunicaci\u00f3n en atenci\u00f3n m\u00e9dica a trav\u00e9s de una serie de talleres sobre metodolog\u00eda de investigaci\u00f3n y la organizaci\u00f3n de reuniones continuas de investigadores j\u00f3venes para discutir sus necesidades de investigaci\u00f3n. Estos ser\u00edan facilitados por investigadores senior de EACH y permitir\u00edan a la futura generaci\u00f3n de investigadores en comunicaci\u00f3n sanitaria desarrollar y formar una red s\u00f3lida para promulgar investigaciones en comunicaci\u00f3n de alta calidad en todo el mundo.<\/li><li><strong>El apoyo y el desarrollo de la ense\u00f1anza de la comunicaci\u00f3n a los profesionales de la salud en pa\u00edses que m\u00e1s recientemente han asumido la necesidad de formaci\u00f3n en comunicaci\u00f3n.<\/strong><br>Sin la formaci\u00f3n de los profesionales de la salud en comunicaci\u00f3n, no podemos poner las lecciones de la investigaci\u00f3n en la pr\u00e1ctica diaria y, por tanto, beneficiar a los pacientes. El mundo es una comunidad muy diversa con diferentes sistemas de salud y oferta educativa para los profesionales de la salud. Muchos pa\u00edses est\u00e1n empezando a establecer programas de comunicaci\u00f3n sobre atenci\u00f3n de salud desde un punto de partida relativamente bajo y necesitan una ayuda considerable para impulsar esta agenda. La libertad de movimiento de los profesionales de la salud que trabajan en los pa\u00edses de otros pa\u00edses tambi\u00e9n dicta que el est\u00e1ndar de educaci\u00f3n en comunicaci\u00f3n sanitaria sea m\u00e1s igualitario en todos los pa\u00edses. Las poblaciones de pacientes tambi\u00e9n se han vuelto m\u00e1s diversas a trav\u00e9s de la migraci\u00f3n: por lo tanto, brindar una atenci\u00f3n adecuada centrada en la persona se ha vuelto a\u00fan m\u00e1s importante y desafiante. Por lo tanto, a CADA UNO le gustar\u00eda ofrecer un programa continuo de cursos de \u201cformaci\u00f3n de formadores\u201d en educaci\u00f3n de pregrado y posgrado en pa\u00edses \u201cprincipiantes\u201d a nivel mundial. Estos ser\u00edan impartidos por educadores de comunicaci\u00f3n de alto nivel dentro de CADA UNO y se centrar\u00edan en pa\u00edses espec\u00edficos, con el objetivo de proporcionar una red de capacitadores en comunicaci\u00f3n de atenci\u00f3n m\u00e9dica dentro de cada pa\u00eds que formar\u00edan una comunidad autosostenible y continua de capacitadores en comunicaci\u00f3n.<\/li><\/ol>\n\n\n\n<p>CADA uno busca donaciones caritativas de 50.000 \u20ac al a\u00f1o durante tres a\u00f1os para permitir que esta visi\u00f3n se haga realidad. Esta declaraci\u00f3n inicial tiene como objetivo brindar una visi\u00f3n amplia de nuestra organizaci\u00f3n y las necesidades caritativas. Se pondr\u00e1 a disposici\u00f3n informaci\u00f3n m\u00e1s detallada sobre estos proyectos y los requisitos financieros seg\u00fan sea necesario y se necesitar\u00e1n discusiones cara a cara para explorar distintos proyectos que ser\u00e1n apoyados por cualquier donante individual.<\/p>\n\n\n\n<p>Por favor contacte al Presidente por <a href=\"mailto:president@each.international\" data-type=\"mailto\" data-id=\"mailto:president@each.international\">correo electr\u00f3nico<\/a>.<\/p>","protected":false},"excerpt":{"rendered":"<p>EACH was entered into the UK Register of Charities on 3 November 2014 as a charitable incorporated organisation (CIO). The aim of the CIO is&hellip;<\/p>","protected":false},"author":996,"featured_media":0,"parent":9503,"menu_order":0,"comment_status":"closed","ping_status":"open","template":"page-basic-header.php","meta":{"_acf_changed":false,"footnotes":""},"class_list":["post-1862","page","type-page","status-publish","hentry"],"acf":[],"_links":{"self":[{"href":"https:\/\/each.international\/es\/wp-json\/wp\/v2\/pages\/1862","targetHints":{"allow":["GET"]}}],"collection":[{"href":"https:\/\/each.international\/es\/wp-json\/wp\/v2\/pages"}],"about":[{"href":"https:\/\/each.international\/es\/wp-json\/wp\/v2\/types\/page"}],"author":[{"embeddable":true,"href":"https:\/\/each.international\/es\/wp-json\/wp\/v2\/users\/996"}],"replies":[{"embeddable":true,"href":"https:\/\/each.international\/es\/wp-json\/wp\/v2\/comments?post=1862"}],"version-history":[{"count":1,"href":"https:\/\/each.international\/es\/wp-json\/wp\/v2\/pages\/1862\/revisions"}],"predecessor-version":[{"id":20656,"href":"https:\/\/each.international\/es\/wp-json\/wp\/v2\/pages\/1862\/revisions\/20656"}],"up":[{"embeddable":true,"href":"https:\/\/each.international\/es\/wp-json\/wp\/v2\/pages\/9503"}],"wp:attachment":[{"href":"https:\/\/each.international\/es\/wp-json\/wp\/v2\/media?parent=1862"}],"curies":[{"name":"wp","href":"https:\/\/api.w.org\/{rel}","templated":true}]}}