{"id":13651,"date":"2020-12-16T16:24:07","date_gmt":"2020-12-16T16:24:07","guid":{"rendered":"https:\/\/each.international\/?page_id=13651"},"modified":"2024-12-17T12:28:09","modified_gmt":"2024-12-17T12:28:09","slug":"awards","status":"publish","type":"page","link":"https:\/\/each.international\/es\/eachevents\/awards\/","title":{"rendered":"Premios"},"content":{"rendered":"<h2 class=\"wp-block-heading\">Felicitaciones a nuestros ganadores anteriores.<\/h2>\n\n\n\n<h3 class=\"wp-block-heading\" id=\"jozien-bensing-research-award\">Premio de Investigaci\u00f3n Jozien Bensing<\/h3>\n\n\n\n<figure class=\"wp-block-table is-style-stripes\"><table class=\"has-fixed-layout\"><tbody><tr><td>2024<\/td><td><a href=\"https:\/\/each.international\/es\/members\/jmenichetti\/\" data-type=\"link\" data-id=\"https:\/\/each.international\/members\/jmenichetti\/\" target=\"_blank\" rel=\"noreferrer noopener\">Julia Menichetti, Norway<\/a> y <a href=\"https:\/\/each.international\/es\/members\/ymhuang\/\" target=\"_blank\" rel=\"noreferrer noopener\">Yen-Ming Huang, Taiwan<\/a><\/td><\/tr><tr><td>2022<\/td><td><a href=\"https:\/\/www.universiteitleiden.nl\/en\/staffmembers\/liesbeth-van-vliet#tab-1\" target=\"_blank\" rel=\"noreferrer noopener\">Marleen Kunneman, The Netherlands<\/a><\/td><\/tr><tr><td>2020<\/td><td><a href=\"https:\/\/www.universiteitleiden.nl\/en\/staffmembers\/liesbeth-van-vliet#tab-1\" target=\"_blank\" rel=\"noreferrer noopener\">Liesbeth Van Vliet, Pa\u00edses Bajos<\/a><\/td><\/tr><tr><td>2018<\/td><td><a href=\"https:\/\/www.lumc.nl\/org\/bds\/medewerkers\/904090251135212\" target=\"_blank\" rel=\"noreferrer noopener\">Arwen Pieterse, Pa\u00edses Bajos<\/a><\/td><\/tr><tr><td>2016<\/td><td><a href=\"https:\/\/annegrethannawa.com\/\" target=\"_blank\" rel=\"noreferrer noopener\">Annegret Hannawa, Suiza<\/a><\/td><\/tr><tr><td>2014<\/td><td><a href=\"https:\/\/www.uva.nl\/en\/profile\/w\/e\/j.c.m.vanweert\/j.c.m.vanweert.html\" target=\"_blank\" rel=\"noreferrer noopener\">Julia van Weert, Pa\u00edses Bajos<\/a><\/td><\/tr><tr><td>2012<\/td><td><a href=\"https:\/\/www.dcu.ie\/snpch\/people\/veronica-lambert\" target=\"_blank\" rel=\"noreferrer noopener\">Ver\u00f3nica Lambert, Irlanda<\/a><\/td><\/tr><tr><td>2010<\/td><td><a href=\"https:\/\/www.hopkinsmedicine.org\/profiles\/details\/mary-catherine-beach\" target=\"_blank\" rel=\"noreferrer noopener\">Playa Mary Catherine, Estados Unidos<\/a><\/td><\/tr><tr><td>2008<\/td><td><a href=\"https:\/\/www.dnbm.univr.it\/?ent=persona&amp;id=1174&amp;lang=en\" target=\"_blank\" rel=\"noreferrer noopener\">Lidia Del Piccolo, Italia<\/a><\/td><\/tr><\/tbody><\/table><\/figure>\n\n\n\n<h3 class=\"wp-block-heading\" id=\"each-teaching-award\">CADA Premio a la Ense\u00f1anza<\/h3>\n\n\n\n<figure class=\"wp-block-table is-style-stripes\"><table class=\"has-fixed-layout\"><tbody><tr><td>2024<\/td><td><a href=\"https:\/\/each.international\/es\/members\/srehman\/\" target=\"_blank\" rel=\"noreferrer noopener\">Shak Rehman, USA<\/a> y <a href=\"https:\/\/each.international\/es\/members\/award\/\" target=\"_blank\" rel=\"noreferrer noopener\">Andy Ward, UK<\/a><\/td><\/tr><tr><td>2022<\/td><td><a href=\"https:\/\/each.international\/es\/members\/cgilligan\/\">Conor Gilligan, Australia<\/a><\/td><\/tr><tr><td>2020<\/td><td><a href=\"https:\/\/www.med.uio.no\/klinmed\/english\/people\/aca\/paalgul\/\" target=\"_blank\" rel=\"noreferrer noopener\">Pal Gulbrandsen, Noruega<\/a>&nbsp;y&nbsp;<a href=\"https:\/\/www.researchgate.net\/profile\/Roger-Moral\" target=\"_blank\" rel=\"noreferrer noopener\">Roger Ruiz Morales, Espa\u00f1a<\/a><\/td><\/tr><tr><td>2018<\/td><td><a href=\"https:\/\/www.researchgate.net\/profile\/Francesc-Borrell-Carrio\" target=\"_blank\" rel=\"noreferrer noopener\">Francesc Borrell, Espa\u00f1a<\/a><\/td><\/tr><tr><td>2016<\/td><td><a href=\"https:\/\/med.pdn.ac.lk\/departments\/paediatrics\/staff\/mudiyanse.html\" target=\"_blank\" rel=\"noreferrer noopener\">Bandera de Sri Lanka<\/a><\/td><\/tr><\/tbody><\/table><\/figure>\n\n\n\n<div class=\"wp-block-columns is-layout-flex wp-container-core-columns-is-layout-9d6595d7 wp-block-columns-is-layout-flex\">\n<div class=\"wp-block-column is-layout-flow wp-block-column-is-layout-flow\">\n<h3 class=\"wp-block-heading\" id=\"the-each-teaching-award\">El Premio a la Ense\u00f1anza EACH<\/h3>\n\n\n\n<p>El Premio a la Ense\u00f1anza EACH es un premio innovador para profesores de comunicaci\u00f3n sanitaria que se otorga cada dos a\u00f1os en las conferencias de la&nbsp;<a href=\"https:\/\/each.international\/es\/eachevents\/conferences\/\">Conferencia Internacional sobre Comunicaci\u00f3n en Salud (ICCH)<\/a>. El premio se otorg\u00f3 por primera vez en 2016.<\/p>\n\n\n\n<p>El premio est\u00e1 dirigido a profesores de comunicaci\u00f3n en el \u00e1mbito sanitario que hayan realizado una contribuci\u00f3n significativa y destacada a la educaci\u00f3n en comunicaci\u00f3n sanitaria.<\/p>\n\n\n\n<p>Ejemplos de tales contribuciones podr\u00edan incluir:<\/p>\n\n\n\n<ul class=\"wp-block-list\">\n<li>tener un impacto en la ense\u00f1anza de la comunicaci\u00f3n sanitaria m\u00e1s all\u00e1 de la instituci\u00f3n del candidato<\/li>\n\n\n\n<li>Creando una innovaci\u00f3n en la ense\u00f1anza y el aprendizaje de la comunicaci\u00f3n sanitaria.<\/li>\n\n\n\n<li>Introducir la formaci\u00f3n en comunicaci\u00f3n en un entorno especialmente desafiante.<\/li>\n<\/ul>\n\n\n\n<p>Las nominaciones pueden ser enviadas por los propios candidatos o por sus colegas con el acuerdo de los candidatos. Los nominadores deben ser miembros de CADA UNO. Al aceptar el premio, el ganador deber\u00e1 ser miembro de CADA.<\/p>\n\n\n\n<h4 class=\"wp-block-heading\" id=\"the-jozien-bensing-research-award-winner-will-receive-the-following-prize\">The Teaching Award winner will receive the following prize*:<\/h4>\n\n\n\n<ul class=\"wp-block-list\">\n<li>Free ICCH conference attendance either in person or online for the conference at which the award is made.<\/li>\n\n\n\n<li>Dos a\u00f1os&nbsp;<a href=\"https:\/\/each.international\/es\/membership\/\">CADA membres\u00eda<\/a>&nbsp;gratis&nbsp;<em>(los miembros existentes recibir\u00e1n dos a\u00f1os a partir del momento de la pr\u00f3xima renovaci\u00f3n)<\/em>.*The prize of free conference registration and two years EACH membership is not transferable, cannot be exchanged for cash or any other goods or services, and is, in the case where the recipient is entitled to alternative free registration, limited to one free registration per award winner per conference.<\/li>\n<\/ul>\n\n\n\n<h4 class=\"wp-block-heading\" id=\"the-nomination-should-consist-of\">La nominaci\u00f3n debe consistir en:<\/h4>\n\n\n\n<ul class=\"wp-block-list\">\n<li>CV actualizado del candidato.<\/li>\n\n\n\n<li>Una descripci\u00f3n por parte del nominado del programa de comunicaci\u00f3n sanitaria a trav\u00e9s del cual ha realizado una contribuci\u00f3n significativa y destacada a la comunicaci\u00f3n sanitaria: los nominados deben proporcionar un ejemplo de material did\u00e1ctico del que est\u00e9n particularmente orgullosos.<\/li>\n\n\n\n<li>Dos cartas de recomendaci\u00f3n de colegas de alto nivel u otras personas, que describen los logros del nominado y exploran c\u00f3mo el nominado cumple con los criterios para el premio en el campo de la ense\u00f1anza de la comunicaci\u00f3n en el cuidado de la salud.<\/li>\n<\/ul>\n\n\n\n<p>The jury for the award consists of members of the EACH teaching committee (tEACH), national representatives and the former recipient of the award and is chaired by Eva Doherty, Co-Chair of tEACH. The jury welcome applications and will look for credible evidence and recognition from others in making this award such as:<\/p>\n\n\n\n<ul class=\"wp-block-list\">\n<li>Evaluaciones de los participantes en el programa de educaci\u00f3n sanitaria.<\/li>\n\n\n\n<li>evidencia de un impacto sostenido del programa de ense\u00f1anza<\/li>\n<\/ul>\n\n\n\n<p><em>Nominations are now closed until Spring 2026.<\/em><\/p>\n<\/div>\n\n\n\n<div class=\"wp-block-column is-layout-flow wp-block-column-is-layout-flow\">\n<h3 class=\"wp-block-heading\" id=\"the-each-jozien-bensing-research-award\">El Premio de Investigaci\u00f3n EACH Jozien Bensing<\/h3>\n\n\n\n<p>El Premio de Investigaci\u00f3n Jozien Bensing es un premio para investigadores talentosos que inician su carrera y se otorga cada dos a\u00f1os en las conferencias de la&nbsp;<a href=\"https:\/\/each.international\/es\/eachevents\/conferences\/\">Conferencia Internacional sobre Comunicaci\u00f3n en Salud (ICCH)<\/a>. El premio se otorg\u00f3 por primera vez en 2008.<\/p>\n\n\n\n<p>El premio est\u00e1 destinado a investigadores en los primeros diez a\u00f1os de su carrera investigadora, por ejemplo dentro de los diez a\u00f1os posteriores al doctorado o una calificaci\u00f3n similar, lo que permite interrupciones en su carrera.<\/p>\n\n\n\n<p>Se considerar\u00e1:<\/p>\n\n\n\n<ul class=\"wp-block-list\">\n<li>el n\u00famero de publicaciones<\/li>\n\n\n\n<li>n\u00famero de publicaciones como primer autor<\/li>\n\n\n\n<li>el per\u00edodo en el que se publicaron los art\u00edculos<\/li>\n\n\n\n<li>factor de impacto de las revistas<\/li>\n<\/ul>\n\n\n\n<p>Las nominaciones pueden ser enviadas por los propios candidatos o por colegas de alto nivel con el acuerdo de los candidatos. Los nominadores deben ser miembros de CADA UNO. Al aceptar el premio, el ganador deber\u00e1 ser miembro de CADA.<\/p>\n\n\n\n<h4 class=\"wp-block-heading\" id=\"the-jozien-bensing-research-award-winner-will-receive-the-following-prize\">The Jozien Bensing Research Award winner will receive the following prize*:<\/h4>\n\n\n\n<ul class=\"wp-block-list\">\n<li>Free ICCH conference attendance either in person or online for the conference at which the award is made.<\/li>\n\n\n\n<li>Dos a\u00f1os&nbsp;<a href=\"https:\/\/each.international\/es\/membership\/\">CADA membres\u00eda<\/a>&nbsp;gratis&nbsp;<em>(los miembros existentes recibir\u00e1n dos a\u00f1os a partir del momento de la pr\u00f3xima renovaci\u00f3n)<\/em>.*The prize of free conference registration and two years EACH membership is not transferable, cannot be exchanged for cash or any other goods or services, and is, in the case where the recipient is entitled to alternative free registration, limited to one free registration per award winner per conference.<\/li>\n<\/ul>\n\n\n\n<p>La nominaci\u00f3n debe consistir en:<\/p>\n\n\n\n<ul class=\"wp-block-list\">\n<li>Un CV actualizado del candidato, incluyendo una lista de publicaciones.<\/li>\n\n\n\n<li>Una copia de la publicaci\u00f3n favorita del nominado (a los ojos del propio nominado).<\/li>\n\n\n\n<li>Dos cartas de recomendaci\u00f3n de colegas de alto nivel u otras personas, que describan los logros del candidato y dejen en claro por qu\u00e9 este candidato es particularmente prometedor y talentoso en el campo de la investigaci\u00f3n en comunicaci\u00f3n sanitaria.<\/li>\n<\/ul>\n\n\n\n<p>The jury of the award includes former and current Presidents of EACH, the Editor-in-chief of Patient Education &amp; Counseling and former recipients of the award and is chaired by Evelyn Watson, Chair of rEACH.<\/p>\n\n\n\n<p>El jurado da la bienvenida a las solicitudes y buscar\u00e1 pruebas cre\u00edbles y el reconocimiento de otros para otorgar este premio.<\/p>\n\n\n\n<p>Nominations are now closed.<\/p>\n<\/div>\n<\/div>","protected":false},"excerpt":{"rendered":"<p>Congratulation to our previous winners Jozien Bensing Research Award 2024 Julia Menichetti, Norway and Yen-Ming Huang, Taiwan 2022 Marleen Kunneman, The Netherlands 2020 Liesbeth Van&hellip;<\/p>","protected":false},"author":2,"featured_media":21167,"parent":2315,"menu_order":0,"comment_status":"closed","ping_status":"open","template":"page-basic-header.php","meta":{"_acf_changed":false,"footnotes":""},"class_list":["post-13651","page","type-page","status-publish","has-post-thumbnail","hentry"],"acf":[],"_links":{"self":[{"href":"https:\/\/each.international\/es\/wp-json\/wp\/v2\/pages\/13651","targetHints":{"allow":["GET"]}}],"collection":[{"href":"https:\/\/each.international\/es\/wp-json\/wp\/v2\/pages"}],"about":[{"href":"https:\/\/each.international\/es\/wp-json\/wp\/v2\/types\/page"}],"author":[{"embeddable":true,"href":"https:\/\/each.international\/es\/wp-json\/wp\/v2\/users\/2"}],"replies":[{"embeddable":true,"href":"https:\/\/each.international\/es\/wp-json\/wp\/v2\/comments?post=13651"}],"version-history":[{"count":20,"href":"https:\/\/each.international\/es\/wp-json\/wp\/v2\/pages\/13651\/revisions"}],"predecessor-version":[{"id":21991,"href":"https:\/\/each.international\/es\/wp-json\/wp\/v2\/pages\/13651\/revisions\/21991"}],"up":[{"embeddable":true,"href":"https:\/\/each.international\/es\/wp-json\/wp\/v2\/pages\/2315"}],"wp:featuredmedia":[{"embeddable":true,"href":"https:\/\/each.international\/es\/wp-json\/wp\/v2\/media\/21167"}],"wp:attachment":[{"href":"https:\/\/each.international\/es\/wp-json\/wp\/v2\/media?parent=13651"}],"curies":[{"name":"wp","href":"https:\/\/api.w.org\/{rel}","templated":true}]}}