{"id":12393,"date":"2020-07-13T12:14:37","date_gmt":"2020-07-13T11:14:37","guid":{"rendered":"https:\/\/www.each.eu\/?page_id=12393"},"modified":"2024-09-27T12:27:43","modified_gmt":"2024-09-27T11:27:43","slug":"pairing-programme","status":"publish","type":"page","link":"https:\/\/each.international\/es\/pairing-programme\/","title":{"rendered":"ICCH Pairing Programme"},"content":{"rendered":"<p>The Pairing with Colleagues programme was initiated by tEACH, the Teaching Committee of EACH, at the ICCH meeting in 2007 and has continued to be a successful part of the ICCH meetings annually. The purpose of the programme is to provide a formal way for junior colleagues to network with more experienced colleagues at the meeting. The \u201cPairing with Colleagues\u201d session allows less experienced colleagues to have an opportunity for dedicated time to discuss their teaching, research, policy\/practice issues with more experienced persons in the field during the meeting. These sessions will give those with more expertise the opportunity to share their experience and expertise with more junior colleagues.<\/p>\n\n\n\n<p>El compromiso de tiempo ser\u00e1 tanto o tan peque\u00f1o como desee. El compromiso de tiempo m\u00ednimo incluye comunicarse con su colega coincidente antes de la conferencia y elegir un horario en el que se reunir\u00e1n durante al menos 1 hora durante la reuni\u00f3n. Habr\u00e1 horarios designados para que las parejas se re\u00fanan durante la conferencia, o las parejas pueden elegir reunirse en un horario diferente que les resulte conveniente. Si despu\u00e9s de conocerse eligen pasar m\u00e1s tiempo juntos o continuar correspondiendo, esa es su elecci\u00f3n.<\/p>\n\n\n\n<div class=\"wp-block-columns is-layout-flex wp-container-core-columns-is-layout-9d6595d7 wp-block-columns-is-layout-flex\">\n<div class=\"wp-block-column is-layout-flow wp-block-column-is-layout-flow\">\n<h2 class=\"wp-block-heading\">personas mayores<\/h2>\n\n\n\n<div class=\"wp-block-columns is-layout-flex wp-container-core-columns-is-layout-9d6595d7 wp-block-columns-is-layout-flex\">\n<div class=\"wp-block-column is-layout-flow wp-block-column-is-layout-flow\" style=\"flex-basis:100%\">\n<p>Senior colleagues who are willing to share their expertise in communication in healthcare with a less experienced colleagues have been invited to sign up. Though we refer to participants as \u201cseniors\u201d, this is not meant to reflect age but rather that someone would be comfortable sharing what experience they have had in the field of communication and healthcare.<\/p>\n\n\n\n<p>Los colegas junior podr\u00e1n ver informaci\u00f3n sobre los participantes senior y elegir con qui\u00e9n les gustar\u00eda que los emparejen. Tanto los estudiantes de \u00faltimo a\u00f1o como los de tercer a\u00f1o deben estar \u201cen persona\u201d o \u201cen l\u00ednea\u201d.<\/p>\n\n\n\n<p>Seniors who have been chosen by the number of juniors they would be willing to meet with (seniors can choose 1-3), will automatically be removed from the list of eligible seniors. All participants will be notified 4 weeks before the event with whom they have been paired and provided with contact information.<\/p>\n<\/div>\n<\/div>\n\n\n\n<p>CLOSED<\/p>\n<\/div>\n\n\n\n<div class=\"wp-block-column is-layout-flow wp-block-column-is-layout-flow\">\n<h2 class=\"wp-block-heading\">juveniles<\/h2>\n\n\n\n<p>Los colegas j\u00f3venes interesados en reunirse con un colega experimentado para discutir sus preguntas sobre la ense\u00f1anza, la investigaci\u00f3n y\/o las pol\u00edticas de comunicaci\u00f3n en el sector sanitario, est\u00e1n invitados a participar en el programa &quot;Emparejamiento con colegas&quot;. Aunque nos referimos a los participantes como &quot;juniors&quot;, esto no refleja la edad, sino m\u00e1s bien alguien que est\u00e1 interesado en beneficiarse de esta experiencia y recibir orientaci\u00f3n en su propio trabajo y carrera.<\/p>\n\n\n\n<p>Anyone attending the ICCH meeting can participate.&nbsp; To participate, juniors may review the list of participating seniors and select the person whose interests match your needs most closely.&nbsp; Juniors&nbsp;<strong>can only choose one senior colleague with whom to meet<\/strong>&nbsp;and both seniors and juniors must either be \u201conline\u201d or \u201cin person\u201d. Final confirmation of matches and information on how to contact your colleague will be sent out in advance of the event.<\/p>\n\n\n\n<p>CLOSED<\/p>\n<\/div>\n<\/div>\n\n\n\n<h2 class=\"wp-block-heading\">Consultas<\/h2>\n\n\n\n<p>Si tienes alguna duda sobre el Programa de Maridaje, ponte en contacto con&nbsp;<a href=\"mailto:info@each.international?subject=ICCH%20Pairing%20Programme%20Query\">info@each.international<\/a>.<\/p>\n\n\n\n<p>A continuaci\u00f3n se presentan algunos comentarios sobre los beneficios del programa por parte de participantes junior y senior de a\u00f1os anteriores:<\/p>\n\n\n\n<blockquote class=\"wp-block-quote is-layout-flow wp-block-quote-is-layout-flow\">\n<p><em>\u201cMuchos de los mismos intereses; una oportunidad reflexiva y estimulante para ambos\u201d.<\/em><\/p>\n<\/blockquote>\n\n\n\n<blockquote class=\"wp-block-quote is-layout-flow wp-block-quote-is-layout-flow\">\n<p><em>\u201cEl colega principal fue muy alentador y valid\u00f3 mis habilidades y experiencias y su aplicabilidad para trabajos futuros. El colega principal tambi\u00e9n me ofreci\u00f3 sugerencias concretas y me present\u00f3 a algunas personas en la conferencia\u201d.<\/em><\/p>\n<\/blockquote>\n\n\n\n<blockquote class=\"wp-block-quote is-layout-flow wp-block-quote-is-layout-flow\">\n<p><em>\u201cConocer a alguien que comparte muchos intereses conmigo. Sentirse inspirado y lleno de energ\u00eda por la energ\u00eda del otro\u201d.<\/em><\/p>\n<\/blockquote>\n\n\n\n<blockquote class=\"wp-block-quote is-layout-flow wp-block-quote-is-layout-flow\">\n<p><em>\u201cBravo por esta iniciativa, desde la perspectiva junior fue una experiencia muy enriquecedora\u201d.<\/em><\/p>\n<\/blockquote>\n\n\n\n<blockquote class=\"wp-block-quote is-layout-flow wp-block-quote-is-layout-flow\">\n<p><em>\u201cAprend\u00ed algo sobre la perspectiva de un colega m\u00e1s joven en un lugar diferente; Tuve la oportunidad de compartir mis propias experiencias\u201d.<\/em><\/p>\n<\/blockquote>\n\n\n\n<blockquote class=\"wp-block-quote is-layout-flow wp-block-quote-is-layout-flow\">\n<p><em>&quot;Qu\u00e9 manera tan maravillosa de conocer a los participantes nuevos\/nuevas de la conferencia&quot;.<\/em><\/p>\n<\/blockquote>","protected":false},"excerpt":{"rendered":"<p>The Pairing with Colleagues programme was initiated by tEACH, the Teaching Committee of EACH, at the ICCH meeting in 2007 and has continued to be&hellip;<\/p>","protected":false},"author":996,"featured_media":0,"parent":0,"menu_order":0,"comment_status":"closed","ping_status":"open","template":"page-basic-header.php","meta":{"_acf_changed":false,"footnotes":""},"class_list":["post-12393","page","type-page","status-publish","hentry"],"acf":[],"_links":{"self":[{"href":"https:\/\/each.international\/es\/wp-json\/wp\/v2\/pages\/12393","targetHints":{"allow":["GET"]}}],"collection":[{"href":"https:\/\/each.international\/es\/wp-json\/wp\/v2\/pages"}],"about":[{"href":"https:\/\/each.international\/es\/wp-json\/wp\/v2\/types\/page"}],"author":[{"embeddable":true,"href":"https:\/\/each.international\/es\/wp-json\/wp\/v2\/users\/996"}],"replies":[{"embeddable":true,"href":"https:\/\/each.international\/es\/wp-json\/wp\/v2\/comments?post=12393"}],"version-history":[{"count":11,"href":"https:\/\/each.international\/es\/wp-json\/wp\/v2\/pages\/12393\/revisions"}],"predecessor-version":[{"id":20740,"href":"https:\/\/each.international\/es\/wp-json\/wp\/v2\/pages\/12393\/revisions\/20740"}],"wp:attachment":[{"href":"https:\/\/each.international\/es\/wp-json\/wp\/v2\/media?parent=12393"}],"curies":[{"name":"wp","href":"https:\/\/api.w.org\/{rel}","templated":true}]}}