{"id":10182,"date":"2020-01-13T14:42:05","date_gmt":"2020-01-13T14:42:05","guid":{"rendered":"https:\/\/each.eu\/?page_id=10182"},"modified":"2024-09-27T12:33:29","modified_gmt":"2024-09-27T11:33:29","slug":"peach","status":"publish","type":"page","link":"https:\/\/each.international\/es\/resources\/peach\/","title":{"rendered":"Recursos de melocot\u00f3n"},"content":{"rendered":"<h2 class=\"wp-block-heading\">Seminarios web<\/h2>\n\n\n\n<figure class=\"wp-block-embed is-type-video is-provider-vimeo wp-block-embed-vimeo wp-embed-aspect-16-9 wp-has-aspect-ratio\"><div class=\"wp-block-embed__wrapper\">\n<iframe loading=\"lazy\" title=\"Seminario web de EACH Policy Por qu\u00e9 las pol\u00edticas son importantes y c\u00f3mo influir en los responsables de las pol\u00edticas\" src=\"https:\/\/player.vimeo.com\/video\/881661736?h=dce86bbafd&amp;dnt=1&amp;app_id=122963\" width=\"640\" height=\"360\" frameborder=\"0\" allow=\"autoplay; fullscreen; picture-in-picture; clipboard-write; encrypted-media; web-share\" referrerpolicy=\"strict-origin-when-cross-origin\"><\/iframe>\n<\/div><figcaption class=\"wp-element-caption\"><em>Por qu\u00e9 las pol\u00edticas son importantes y c\u00f3mo influir en los responsables de la formulaci\u00f3n de pol\u00edticas (31 de octubre de 2023)<\/em><\/figcaption><\/figure>\n\n\n\n<h2 class=\"wp-block-heading\">Podcasts de Healthchat(ter)<\/h2>\n\n\n<div class=\"wp-block-image\">\n<figure class=\"alignleft is-resized\"><a href=\"https:\/\/each.international\/es\/resources\/peach\/podcasts\/\"><img src=\"https:\/\/each.international\/wp-content\/uploads\/2020\/08\/healthchatter-269x300.jpg\" alt=\"HealthChat(ter) podcasts\" style=\"width:150px\" title=\"charla de salud\"\/><\/a><\/figure>\n<\/div>\n\n\n<div class=\"wp-block-buttons is-layout-flex wp-block-buttons-is-layout-flex\">\n<div class=\"wp-block-button\"><a class=\"wp-block-button__link wp-element-button\" href=\"https:\/\/each.international\/es\/resources\/peach\/podcasts\/\">P\u00d3DCAS<\/a><\/div>\n<\/div>\n\n\n\n<p>HealthChat(ter) es una serie de podcasts destinada a compartir ideas, experiencias y pruebas relacionadas con la comunicaci\u00f3n en la atenci\u00f3n sanitaria. Entrevistamos a profesionales de la salud, investigadores, educadores y pacientes sobre una variedad de temas, todos relacionados con un tema elegido. El podcast es una iniciativa del subcomit\u00e9 de Pol\u00edticas y Pr\u00e1cticas de la Asociaci\u00f3n Internacional para la Comunicaci\u00f3n en la Atenci\u00f3n M\u00e9dica y est\u00e1 dirigido por la Dra. Sarah White de la Universidad Macquarie en Sydney, Australia, con el apoyo de estudiantes en pr\u00e1cticas.<\/p>\n\n\n\n<h2 class=\"wp-block-heading\">Instant\u00e1neas de evidencia<\/h2>\n\n\n\n<p>pEACH has produced the following position papers on big issues in healthcare communication to serve as ready-to-use summaries.&nbsp; We hope you find the below topics useful.&nbsp; Please do&nbsp;<a href=\"mailto:peach@each.international?subject=Position%20Paper%20enquiry\">Ponerse en contacto<\/a>&nbsp;si tiene otros temas que le gustar\u00eda que consider\u00e1ramos agregar.<\/p>\n\n\n\n<p><a href=\"https:\/\/each.international\/wp-content\/uploads\/2021\/04\/Basic-Principles-of-Communication-Teaching-EACH.pdf\" target=\"_blank\" rel=\"noreferrer noopener\">Principios b\u00e1sicos de la ense\u00f1anza de la comunicaci\u00f3n.<\/a><br><a href=\"https:\/\/each.international\/wp-content\/uploads\/2021\/06\/Essentials-of-learner-centered-teaching-EACH.pdf\" target=\"_blank\" rel=\"noreferrer noopener\">Fundamentos de la ense\u00f1anza centrada en el alumno (LCT)<\/a><br><a href=\"https:\/\/each.international\/wp-content\/uploads\/2021\/06\/Healthcare-communication-across-language-barriers.pdf\" target=\"_blank\" rel=\"noreferrer noopener\">Comunicaci\u00f3n sanitaria a trav\u00e9s de las barreras del idioma<\/a><br><a href=\"https:\/\/each.international\/wp-content\/uploads\/2021\/06\/Patient-centred-communication-1.pdf\" target=\"_blank\" rel=\"noreferrer noopener\">Comunicaci\u00f3n centrada en el paciente<\/a><br><a href=\"https:\/\/each.international\/wp-content\/uploads\/2021\/02\/Shared-Decision-Making.pdf\" target=\"_blank\" rel=\"noreferrer noopener\">Toma de decisiones compartida<\/a><br><a href=\"https:\/\/each.international\/wp-content\/uploads\/2018\/08\/Teaching-Communication-Skills-to-Undergraduate-Medical-Students.pdf\" target=\"_blank\" rel=\"noreferrer noopener\">Ense\u00f1anza de habilidades comunicativas a estudiantes de medicina de pregrado<\/a><br><a href=\"https:\/\/each.international\/wp-content\/uploads\/2021\/07\/When-developing-Curricula-for-Communication-Skills-Education.pdf\" target=\"_blank\" rel=\"noreferrer noopener\">Al desarrollar planes de estudios para la educaci\u00f3n en habilidades comunicativas<\/a><br><a href=\"https:\/\/each.international\/wp-content\/uploads\/2019\/06\/Communication-About-Medical-Errors.pdf\" target=\"_blank\" rel=\"noreferrer noopener\">Comunicaci\u00f3n sobre errores m\u00e9dicos<\/a><br><a href=\"https:\/\/each.international\/wp-content\/uploads\/2019\/06\/Health-Behaviour-Change.pdf\" target=\"_blank\" rel=\"noreferrer noopener\">Cambio de comportamiento de salud<\/a><br><a href=\"https:\/\/each.international\/wp-content\/uploads\/2019\/06\/Assessment-of-Communication-Skills.pdf\" target=\"_blank\" rel=\"noreferrer noopener\">Evaluaci\u00f3n de habilidades comunicativas<\/a><br><a href=\"https:\/\/each.international\/wp-content\/uploads\/2019\/06\/End-of-Life-Care.pdf\" target=\"_blank\" rel=\"noreferrer noopener\">Comunicaci\u00f3n con pacientes y familias sobre la atenci\u00f3n al final de la vida<\/a><br><a href=\"https:\/\/each.international\/wp-content\/uploads\/2020\/05\/pEACH-Evidence-Snapshot_Translation_Ammentorp_FINAL.pdf\" target=\"_blank\" rel=\"noreferrer noopener\">Traducci\u00f3n de conocimientos<\/a><br><a href=\"https:\/\/each.international\/wp-content\/uploads\/2020\/05\/pEACH-Evidence-Snapshot_Culture_Schouten_FINAL.pdf\" target=\"_blank\" rel=\"noreferrer noopener\">Habilidades de comunicaci\u00f3n intercultural en la atenci\u00f3n sanitaria<\/a><br><a href=\"https:\/\/each.international\/wp-content\/uploads\/2021\/05\/Basic-Principles-of-Patient-Engagement.pdf\" target=\"_blank\" rel=\"noreferrer noopener\">Principios b\u00e1sicos de la participaci\u00f3n del paciente<\/a><br><a href=\"https:\/\/each.international\/wp-content\/uploads\/2021\/04\/Teaching-breaking-bad-news.pdf\" target=\"_blank\" rel=\"noreferrer noopener\">Ense\u00f1ar malas noticias de \u00faltima hora a estudiantes de medicina de pregrado<\/a><br><a href=\"https:\/\/each.international\/wp-content\/uploads\/2021\/03\/Evidence-snapshot_Communication-and-cancer_Heather-Shepherd.pdf\" target=\"_blank\" rel=\"noreferrer noopener\">Comunicaci\u00f3n y c\u00e1ncer<\/a><\/p>\n\n\n\n<h2 class=\"wp-block-heading\">Publicaciones<\/h2>\n\n\n\n<p><a href=\"https:\/\/www.clinicalkey.com\/#!\/content\/playContent\/1-s2.0-S0738399120304596?returnurl=https:%2F%2Flinkinghub.elsevier.com%2Fretrieve%2Fpii%2FS0738399120304596%3Fshowall%3Dtrue&amp;referrer=https:%2F%2Fpubmed.ncbi.nlm.nih.gov%2F\" target=\"_blank\" rel=\"noreferrer noopener\">Mejora de la formaci\u00f3n en habilidades de comunicaci\u00f3n: lecciones aprendidas de iniciativas internacionales<\/a><\/p>\n\n\n\n<p><a href=\"https:\/\/doi.org\/10.1016\/j.pec.2020.12.025\" target=\"_blank\" rel=\"noreferrer noopener\">Critical observations on and suggested ways forward for healthcare&nbsp;communication during COVID-19: pEACH position paper<\/a><\/p>\n\n\n\n<p><a href=\"https:\/\/doi.org\/10.1016\/j.pec.2020.10.027\" target=\"_blank\" rel=\"noreferrer noopener\">Fostering the creation of common ground between the academia and the&nbsp;profession: The \u2018Position Papers Series\u2019<\/a><\/p>\n\n\n\n<h2 class=\"wp-block-heading\">Infograf\u00edas<\/h2>\n\n\n\n<figure class=\"wp-block-gallery has-nested-images columns-4 wp-block-gallery-1 is-layout-flex wp-block-gallery-is-layout-flex\">\n<figure data-wp-context=\"{&quot;imageId&quot;:&quot;69f9691f22478&quot;}\" data-wp-interactive=\"core\/image\" data-wp-key=\"69f9691f22478\" class=\"wp-block-image wp-lightbox-container\"><img data-wp-class--hide=\"state.isContentHidden\" data-wp-class--show=\"state.isContentVisible\" data-wp-init=\"callbacks.setButtonStyles\" data-wp-on--click=\"actions.showLightbox\" data-wp-on--load=\"callbacks.setButtonStyles\" data-wp-on-window--resize=\"callbacks.setButtonStyles\" src=\"https:\/\/each.international\/wp-content\/uploads\/2021\/02\/Shared-decision-making.png\" alt=\"Shared decision making position papers series PEC\" title=\"Toma de decisiones compartida\"\/><button\n\t\t\tclass=\"lightbox-trigger\"\n\t\t\ttype=\"button\"\n\t\t\taria-haspopup=\"dialog\"\n\t\t\taria-label=\"Agrandar\"\n\t\t\tdata-wp-init=\"callbacks.initTriggerButton\"\n\t\t\tdata-wp-on--click=\"actions.showLightbox\"\n\t\t\tdata-wp-style--right=\"state.imageButtonRight\"\n\t\t\tdata-wp-style--top=\"state.imageButtonTop\"\n\t\t>\n\t\t\t<svg xmlns=\"http:\/\/www.w3.org\/2000\/svg\" width=\"12\" height=\"12\" fill=\"none\" viewbox=\"0 0 12 12\">\n\t\t\t\t<path fill=\"#fff\" d=\"M2 0a2 2 0 0 0-2 2v2h1.5V2a.5.5 0 0 1 .5-.5h2V0H2Zm2 10.5H2a.5.5 0 0 1-.5-.5V8H0v2a2 2 0 0 0 2 2h2v-1.5ZM8 12v-1.5h2a.5.5 0 0 0 .5-.5V8H12v2a2 2 0 0 1-2 2H8Zm2-12a2 2 0 0 1 2 2v2h-1.5V2a.5.5 0 0 0-.5-.5H8V0h2Z\" \/>\n\t\t\t<\/svg>\n\t\t<\/button><\/figure>\n\n\n\n<figure data-wp-context=\"{&quot;imageId&quot;:&quot;69f9691f22613&quot;}\" data-wp-interactive=\"core\/image\" data-wp-key=\"69f9691f22613\" class=\"wp-block-image wp-lightbox-container\"><img data-wp-class--hide=\"state.isContentHidden\" data-wp-class--show=\"state.isContentVisible\" data-wp-init=\"callbacks.setButtonStyles\" data-wp-on--click=\"actions.showLightbox\" data-wp-on--load=\"callbacks.setButtonStyles\" data-wp-on-window--resize=\"callbacks.setButtonStyles\" src=\"https:\/\/each.international\/wp-content\/uploads\/2021\/04\/Basic-principles-of-communication-teaching-s.jpg\" alt=\"Basic principles of communication teaching\" title=\"Principios b\u00e1sicos de la ense\u00f1anza de la comunicaci\u00f3n.\"\/><button\n\t\t\tclass=\"lightbox-trigger\"\n\t\t\ttype=\"button\"\n\t\t\taria-haspopup=\"dialog\"\n\t\t\taria-label=\"Agrandar\"\n\t\t\tdata-wp-init=\"callbacks.initTriggerButton\"\n\t\t\tdata-wp-on--click=\"actions.showLightbox\"\n\t\t\tdata-wp-style--right=\"state.imageButtonRight\"\n\t\t\tdata-wp-style--top=\"state.imageButtonTop\"\n\t\t>\n\t\t\t<svg xmlns=\"http:\/\/www.w3.org\/2000\/svg\" width=\"12\" height=\"12\" fill=\"none\" viewbox=\"0 0 12 12\">\n\t\t\t\t<path fill=\"#fff\" d=\"M2 0a2 2 0 0 0-2 2v2h1.5V2a.5.5 0 0 1 .5-.5h2V0H2Zm2 10.5H2a.5.5 0 0 1-.5-.5V8H0v2a2 2 0 0 0 2 2h2v-1.5ZM8 12v-1.5h2a.5.5 0 0 0 .5-.5V8H12v2a2 2 0 0 1-2 2H8Zm2-12a2 2 0 0 1 2 2v2h-1.5V2a.5.5 0 0 0-.5-.5H8V0h2Z\" \/>\n\t\t\t<\/svg>\n\t\t<\/button><\/figure>\n\n\n\n<figure data-wp-context=\"{&quot;imageId&quot;:&quot;69f9691f22779&quot;}\" data-wp-interactive=\"core\/image\" data-wp-key=\"69f9691f22779\" class=\"wp-block-image wp-lightbox-container\"><img data-wp-class--hide=\"state.isContentHidden\" data-wp-class--show=\"state.isContentVisible\" data-wp-init=\"callbacks.setButtonStyles\" data-wp-on--click=\"actions.showLightbox\" data-wp-on--load=\"callbacks.setButtonStyles\" data-wp-on-window--resize=\"callbacks.setButtonStyles\" src=\"https:\/\/each.international\/wp-content\/uploads\/2021\/04\/Complete-Teaching-breaking-bad-news-to-undergraduate-medical-students-infographic-s.jpg\" alt=\"Complete Teaching breaking bad news to undergraduate medical students infographic\" title=\"Ense\u00f1anza completa de dar malas noticias a estudiantes de medicina de pregrado\"\/><button\n\t\t\tclass=\"lightbox-trigger\"\n\t\t\ttype=\"button\"\n\t\t\taria-haspopup=\"dialog\"\n\t\t\taria-label=\"Agrandar\"\n\t\t\tdata-wp-init=\"callbacks.initTriggerButton\"\n\t\t\tdata-wp-on--click=\"actions.showLightbox\"\n\t\t\tdata-wp-style--right=\"state.imageButtonRight\"\n\t\t\tdata-wp-style--top=\"state.imageButtonTop\"\n\t\t>\n\t\t\t<svg xmlns=\"http:\/\/www.w3.org\/2000\/svg\" width=\"12\" height=\"12\" fill=\"none\" viewbox=\"0 0 12 12\">\n\t\t\t\t<path fill=\"#fff\" d=\"M2 0a2 2 0 0 0-2 2v2h1.5V2a.5.5 0 0 1 .5-.5h2V0H2Zm2 10.5H2a.5.5 0 0 1-.5-.5V8H0v2a2 2 0 0 0 2 2h2v-1.5ZM8 12v-1.5h2a.5.5 0 0 0 .5-.5V8H12v2a2 2 0 0 1-2 2H8Zm2-12a2 2 0 0 1 2 2v2h-1.5V2a.5.5 0 0 0-.5-.5H8V0h2Z\" \/>\n\t\t\t<\/svg>\n\t\t<\/button><\/figure>\n\n\n\n<figure data-wp-context=\"{&quot;imageId&quot;:&quot;69f9691f228ac&quot;}\" data-wp-interactive=\"core\/image\" data-wp-key=\"69f9691f228ac\" class=\"wp-block-image wp-lightbox-container\"><img data-wp-class--hide=\"state.isContentHidden\" data-wp-class--show=\"state.isContentVisible\" data-wp-init=\"callbacks.setButtonStyles\" data-wp-on--click=\"actions.showLightbox\" data-wp-on--load=\"callbacks.setButtonStyles\" data-wp-on-window--resize=\"callbacks.setButtonStyles\" src=\"https:\/\/each.international\/wp-content\/uploads\/2021\/05\/Patient-engagement-FINAL.png\" alt=\"\" title=\"Compromiso del paciente\"\/><button\n\t\t\tclass=\"lightbox-trigger\"\n\t\t\ttype=\"button\"\n\t\t\taria-haspopup=\"dialog\"\n\t\t\taria-label=\"Agrandar\"\n\t\t\tdata-wp-init=\"callbacks.initTriggerButton\"\n\t\t\tdata-wp-on--click=\"actions.showLightbox\"\n\t\t\tdata-wp-style--right=\"state.imageButtonRight\"\n\t\t\tdata-wp-style--top=\"state.imageButtonTop\"\n\t\t>\n\t\t\t<svg xmlns=\"http:\/\/www.w3.org\/2000\/svg\" width=\"12\" height=\"12\" fill=\"none\" viewbox=\"0 0 12 12\">\n\t\t\t\t<path fill=\"#fff\" d=\"M2 0a2 2 0 0 0-2 2v2h1.5V2a.5.5 0 0 1 .5-.5h2V0H2Zm2 10.5H2a.5.5 0 0 1-.5-.5V8H0v2a2 2 0 0 0 2 2h2v-1.5ZM8 12v-1.5h2a.5.5 0 0 0 .5-.5V8H12v2a2 2 0 0 1-2 2H8Zm2-12a2 2 0 0 1 2 2v2h-1.5V2a.5.5 0 0 0-.5-.5H8V0h2Z\" \/>\n\t\t\t<\/svg>\n\t\t<\/button><\/figure>\n\n\n\n<figure data-wp-context=\"{&quot;imageId&quot;:&quot;69f9691f229ca&quot;}\" data-wp-interactive=\"core\/image\" data-wp-key=\"69f9691f229ca\" class=\"wp-block-image wp-lightbox-container\"><img data-wp-class--hide=\"state.isContentHidden\" data-wp-class--show=\"state.isContentVisible\" data-wp-init=\"callbacks.setButtonStyles\" data-wp-on--click=\"actions.showLightbox\" data-wp-on--load=\"callbacks.setButtonStyles\" data-wp-on-window--resize=\"callbacks.setButtonStyles\" src=\"https:\/\/each.international\/wp-content\/uploads\/2021\/06\/Essentials-of-learner-centered-teaching-LCT-Infographic.png\" alt=\"\" title=\"Infograf\u00eda-fundamentos-de-la-ense\u00f1anza-centrada-en-el-alumno-LCT\"\/><button\n\t\t\tclass=\"lightbox-trigger\"\n\t\t\ttype=\"button\"\n\t\t\taria-haspopup=\"dialog\"\n\t\t\taria-label=\"Agrandar\"\n\t\t\tdata-wp-init=\"callbacks.initTriggerButton\"\n\t\t\tdata-wp-on--click=\"actions.showLightbox\"\n\t\t\tdata-wp-style--right=\"state.imageButtonRight\"\n\t\t\tdata-wp-style--top=\"state.imageButtonTop\"\n\t\t>\n\t\t\t<svg xmlns=\"http:\/\/www.w3.org\/2000\/svg\" width=\"12\" height=\"12\" fill=\"none\" viewbox=\"0 0 12 12\">\n\t\t\t\t<path fill=\"#fff\" d=\"M2 0a2 2 0 0 0-2 2v2h1.5V2a.5.5 0 0 1 .5-.5h2V0H2Zm2 10.5H2a.5.5 0 0 1-.5-.5V8H0v2a2 2 0 0 0 2 2h2v-1.5ZM8 12v-1.5h2a.5.5 0 0 0 .5-.5V8H12v2a2 2 0 0 1-2 2H8Zm2-12a2 2 0 0 1 2 2v2h-1.5V2a.5.5 0 0 0-.5-.5H8V0h2Z\" \/>\n\t\t\t<\/svg>\n\t\t<\/button><\/figure>\n\n\n\n<figure data-wp-context=\"{&quot;imageId&quot;:&quot;69f9691f22b3c&quot;}\" data-wp-interactive=\"core\/image\" data-wp-key=\"69f9691f22b3c\" class=\"wp-block-image wp-lightbox-container\"><img data-wp-class--hide=\"state.isContentHidden\" data-wp-class--show=\"state.isContentVisible\" data-wp-init=\"callbacks.setButtonStyles\" data-wp-on--click=\"actions.showLightbox\" data-wp-on--load=\"callbacks.setButtonStyles\" data-wp-on-window--resize=\"callbacks.setButtonStyles\" src=\"https:\/\/each.international\/wp-content\/uploads\/2021\/06\/Healthcare-comms-across-lang-barriers.png\" alt=\"\" title=\"Comunicaciones sanitarias a trav\u00e9s de barreras ling\u00fc\u00edsticas\"\/><button\n\t\t\tclass=\"lightbox-trigger\"\n\t\t\ttype=\"button\"\n\t\t\taria-haspopup=\"dialog\"\n\t\t\taria-label=\"Agrandar\"\n\t\t\tdata-wp-init=\"callbacks.initTriggerButton\"\n\t\t\tdata-wp-on--click=\"actions.showLightbox\"\n\t\t\tdata-wp-style--right=\"state.imageButtonRight\"\n\t\t\tdata-wp-style--top=\"state.imageButtonTop\"\n\t\t>\n\t\t\t<svg xmlns=\"http:\/\/www.w3.org\/2000\/svg\" width=\"12\" height=\"12\" fill=\"none\" viewbox=\"0 0 12 12\">\n\t\t\t\t<path fill=\"#fff\" d=\"M2 0a2 2 0 0 0-2 2v2h1.5V2a.5.5 0 0 1 .5-.5h2V0H2Zm2 10.5H2a.5.5 0 0 1-.5-.5V8H0v2a2 2 0 0 0 2 2h2v-1.5ZM8 12v-1.5h2a.5.5 0 0 0 .5-.5V8H12v2a2 2 0 0 1-2 2H8Zm2-12a2 2 0 0 1 2 2v2h-1.5V2a.5.5 0 0 0-.5-.5H8V0h2Z\" \/>\n\t\t\t<\/svg>\n\t\t<\/button><\/figure>\n\n\n\n<figure data-wp-context=\"{&quot;imageId&quot;:&quot;69f9691f22ca0&quot;}\" data-wp-interactive=\"core\/image\" data-wp-key=\"69f9691f22ca0\" class=\"wp-block-image wp-lightbox-container\"><img data-wp-class--hide=\"state.isContentHidden\" data-wp-class--show=\"state.isContentVisible\" data-wp-init=\"callbacks.setButtonStyles\" data-wp-on--click=\"actions.showLightbox\" data-wp-on--load=\"callbacks.setButtonStyles\" data-wp-on-window--resize=\"callbacks.setButtonStyles\" src=\"https:\/\/each.international\/wp-content\/uploads\/2021\/06\/Patient-Centred-Communication-1.png\" alt=\"\" title=\"Comunicaci\u00f3n-centrada-en-el-paciente-1\"\/><button\n\t\t\tclass=\"lightbox-trigger\"\n\t\t\ttype=\"button\"\n\t\t\taria-haspopup=\"dialog\"\n\t\t\taria-label=\"Agrandar\"\n\t\t\tdata-wp-init=\"callbacks.initTriggerButton\"\n\t\t\tdata-wp-on--click=\"actions.showLightbox\"\n\t\t\tdata-wp-style--right=\"state.imageButtonRight\"\n\t\t\tdata-wp-style--top=\"state.imageButtonTop\"\n\t\t>\n\t\t\t<svg xmlns=\"http:\/\/www.w3.org\/2000\/svg\" width=\"12\" height=\"12\" fill=\"none\" viewbox=\"0 0 12 12\">\n\t\t\t\t<path fill=\"#fff\" d=\"M2 0a2 2 0 0 0-2 2v2h1.5V2a.5.5 0 0 1 .5-.5h2V0H2Zm2 10.5H2a.5.5 0 0 1-.5-.5V8H0v2a2 2 0 0 0 2 2h2v-1.5ZM8 12v-1.5h2a.5.5 0 0 0 .5-.5V8H12v2a2 2 0 0 1-2 2H8Zm2-12a2 2 0 0 1 2 2v2h-1.5V2a.5.5 0 0 0-.5-.5H8V0h2Z\" \/>\n\t\t\t<\/svg>\n\t\t<\/button><\/figure>\n\n\n\n<figure data-wp-context=\"{&quot;imageId&quot;:&quot;69f9691f22dd6&quot;}\" data-wp-interactive=\"core\/image\" data-wp-key=\"69f9691f22dd6\" class=\"wp-block-image wp-lightbox-container\"><img data-wp-class--hide=\"state.isContentHidden\" data-wp-class--show=\"state.isContentVisible\" data-wp-init=\"callbacks.setButtonStyles\" data-wp-on--click=\"actions.showLightbox\" data-wp-on--load=\"callbacks.setButtonStyles\" data-wp-on-window--resize=\"callbacks.setButtonStyles\" src=\"https:\/\/each.international\/wp-content\/uploads\/2021\/07\/When-developing-Curricula-for-Communication-Skills-Education.png\" alt=\"\" title=\"Al desarrollar planes de estudios para la educaci\u00f3n en habilidades comunicativas\"\/><button\n\t\t\tclass=\"lightbox-trigger\"\n\t\t\ttype=\"button\"\n\t\t\taria-haspopup=\"dialog\"\n\t\t\taria-label=\"Agrandar\"\n\t\t\tdata-wp-init=\"callbacks.initTriggerButton\"\n\t\t\tdata-wp-on--click=\"actions.showLightbox\"\n\t\t\tdata-wp-style--right=\"state.imageButtonRight\"\n\t\t\tdata-wp-style--top=\"state.imageButtonTop\"\n\t\t>\n\t\t\t<svg xmlns=\"http:\/\/www.w3.org\/2000\/svg\" width=\"12\" height=\"12\" fill=\"none\" viewbox=\"0 0 12 12\">\n\t\t\t\t<path fill=\"#fff\" d=\"M2 0a2 2 0 0 0-2 2v2h1.5V2a.5.5 0 0 1 .5-.5h2V0H2Zm2 10.5H2a.5.5 0 0 1-.5-.5V8H0v2a2 2 0 0 0 2 2h2v-1.5ZM8 12v-1.5h2a.5.5 0 0 0 .5-.5V8H12v2a2 2 0 0 1-2 2H8Zm2-12a2 2 0 0 1 2 2v2h-1.5V2a.5.5 0 0 0-.5-.5H8V0h2Z\" \/>\n\t\t\t<\/svg>\n\t\t<\/button><\/figure>\n<\/figure>","protected":false},"excerpt":{"rendered":"<p>Webinars Healthchat(ter) podcasts HealthChat(ter) is a podcast series aimed at sharing ideas, experience, and evidence relating to communication in healthcare. We interview healthcare professionals, researchers,&hellip;<\/p>","protected":false},"author":996,"featured_media":0,"parent":7610,"menu_order":0,"comment_status":"closed","ping_status":"open","template":"page-basic-header.php","meta":{"_acf_changed":false,"footnotes":""},"class_list":["post-10182","page","type-page","status-publish","hentry"],"acf":[],"_links":{"self":[{"href":"https:\/\/each.international\/es\/wp-json\/wp\/v2\/pages\/10182","targetHints":{"allow":["GET"]}}],"collection":[{"href":"https:\/\/each.international\/es\/wp-json\/wp\/v2\/pages"}],"about":[{"href":"https:\/\/each.international\/es\/wp-json\/wp\/v2\/types\/page"}],"author":[{"embeddable":true,"href":"https:\/\/each.international\/es\/wp-json\/wp\/v2\/users\/996"}],"replies":[{"embeddable":true,"href":"https:\/\/each.international\/es\/wp-json\/wp\/v2\/comments?post=10182"}],"version-history":[{"count":11,"href":"https:\/\/each.international\/es\/wp-json\/wp\/v2\/pages\/10182\/revisions"}],"predecessor-version":[{"id":22393,"href":"https:\/\/each.international\/es\/wp-json\/wp\/v2\/pages\/10182\/revisions\/22393"}],"up":[{"embeddable":true,"href":"https:\/\/each.international\/es\/wp-json\/wp\/v2\/pages\/7610"}],"wp:attachment":[{"href":"https:\/\/each.international\/es\/wp-json\/wp\/v2\/media?parent=10182"}],"curies":[{"name":"wp","href":"https:\/\/api.w.org\/{rel}","templated":true}]}}