{"id":9503,"date":"2019-11-18T17:04:32","date_gmt":"2019-11-18T17:04:32","guid":{"rendered":"https:\/\/each.eu\/?page_id=9503"},"modified":"2025-12-19T11:27:43","modified_gmt":"2025-12-19T11:27:43","slug":"organisation","status":"publish","type":"page","link":"https:\/\/each.international\/de\/organisation\/","title":{"rendered":"Organisation"},"content":{"rendered":"<p><\/p>\n\n\n<span class=\"here\"><\/span><div id=\"iconblock-block_c53000abb463f3546c9ee12d72b8819d\" class=\"icon-blocks\">\n    \n            \n        <div class=\"icon-block\">\n            <div class=\"icon-block-image\" style=\"background-color:#0038a8;\"><img src=\"https:\/\/each.international\/wp-content\/uploads\/2022\/07\/organisation-1.png\" \/><\/div>\n            <div class=\"icon-block-text\">\n                <h3>rEACH the research committee<\/h3>\n                                <a href=\"\/de\/research\/\" class=\"button\">More Info<\/a>            <\/div>\n        <\/div>\n        \n            \n        <div class=\"icon-block\">\n            <div class=\"icon-block-image\" style=\"background-color:#0038a8;\"><img src=\"https:\/\/each.international\/wp-content\/uploads\/2022\/07\/organisation-2.png\" \/><\/div>\n            <div class=\"icon-block-text\">\n                <h3>tEACH the teaching committee<\/h3>\n                                <a href=\"\/de\/teaching\/\" class=\"button\">More Info<\/a>            <\/div>\n        <\/div>\n        \n            \n        <div class=\"icon-block\">\n            <div class=\"icon-block-image\" style=\"background-color:#0038a8;\"><img src=\"https:\/\/each.international\/wp-content\/uploads\/2022\/07\/organisation-3.png\" \/><\/div>\n            <div class=\"icon-block-text\">\n                <h3>pEACH the policy\/practice committee<\/h3>\n                                <a href=\"\/de\/policy-practice\/\" class=\"button\">More Info<\/a>            <\/div>\n        <\/div>\n        \n            \n        <div class=\"icon-block\">\n            <div class=\"icon-block-image\" style=\"background-color:#0038a8;\"><img src=\"https:\/\/each.international\/wp-content\/uploads\/2022\/07\/teachers-icon.png\" \/><\/div>\n            <div class=\"icon-block-text\">\n                <h3>Early Career EACH<\/h3>\n                                <a href=\"https:\/\/each.international\/de\/early-career-each\/\" class=\"button\">More Info<\/a>            <\/div>\n        <\/div>\n        \n        \n<\/div>\n<style type=\"text\/css\">\n    #iconblock-block_c53000abb463f3546c9ee12d72b8819d {\n        background: ;\n        color: ;\n    }\n<\/style>\n\n\n\n\n<p class=\"has-text-align-center\">Gemeinsam mit den Kernaussch\u00fcssen t\u00e4tig,\u00a0<a href=\"https:\/\/each.international\/de\/organisation\/sigs\/\">Spezielle Interessengruppen (SIGs)<\/a>\u00a0allow members with similar interests in a specific subject area to meet and collaborate.<\/p>\n\n\n\n<div class=\"wp-block-group alignfull has-white-color has-text-color has-background has-link-color wp-elements-a7d7fc05261d1b9d241d6bbfc78d58ee\" style=\"background-color:#d74070\"><div class=\"wp-block-group__inner-container is-layout-constrained wp-block-group-is-layout-constrained\">\n<h2 class=\"wp-block-heading has-text-align-left has-white-color has-text-color has-link-color wp-elements-7695cc6726ad110357179360156deaea\">Wohlt\u00e4tigkeit<\/h2>\n\n\n\n<p class=\"has-text-align-left\">EACH: International Association for Communication in Healthcare was established in 2001 and has achieved charitable status. The charity\u2019s purpose is \u201cthe relief of sickness and the preservation of health of patients by the promotion of effective evidence-based patient-centred healthcare communication between patients, relatives and healthcare practitioners throughout the world\u201d.<\/p>\n\n\n\n<p class=\"has-text-align-left\">Nationale Vertreter aus L\u00e4ndern mit mehr als 5 Mitgliedern k\u00f6nnen als Treuh\u00e4nder der Wohlt\u00e4tigkeitsorganisation fungieren und auch im Beratungsausschuss sitzen.<\/p>\n\n\n\n<p class=\"has-text-align-left\">Bei all seinen Aktivit\u00e4ten innerhalb seines gemeinn\u00fctzigen Fachnetzwerks respektiert und f\u00f6rdert EACH den Grundwert der Transparenz. Bitte&nbsp;<a href=\"https:\/\/each.international\/wp-content\/uploads\/2021\/07\/Position-statement-on-transparency.pdf\" target=\"_blank\" rel=\"noreferrer noopener\">klicken Sie hier<\/a>&nbsp;Einzelheiten zu unserer Stellungnahme zur Transparenz finden Sie hier.<\/p>\n\n\n\n<p class=\"has-text-align-left\">Registrierte Wohlt\u00e4tigkeitsorganisation unter der Nummer 1159050.&nbsp;<a href=\"https:\/\/register-of-charities.charitycommission.gov.uk\/charity-search\/-\/charity-details\/5048139\" target=\"_blank\" rel=\"noreferrer noopener\">klicken Sie hier<\/a>&nbsp;um Details der UK Charity Commission einzusehen und&nbsp;<a href=\"https:\/\/each.international\/wp-content\/uploads\/2021\/07\/EACH-Constitution-CIO-161116.pdf\" target=\"_blank\" rel=\"noreferrer noopener\">Hier<\/a>&nbsp;to read our constitution. Click here to view EACH\u2019s charity registration certificate.<\/p>\n\n\n\n<p class=\"has-text-align-left\"><a href=\"https:\/\/each.international\/de\/organisation\/charity\/\">Klicken Sie hier f\u00fcr weitere Informationen.<\/a><\/p>\n<\/div><\/div>\n\n\n\n<h2 class=\"wp-block-heading\">Finanzierung<\/h2>\n\n\n\n<p>Funding for the charity\u2019s core activities and projects come from charitable and voluntary donations, membership fees, conferences and courses. Many of EACH\u2019s activities are also supported by contributions in kind.<\/p>\n\n\n\n<p><\/p>","protected":false},"excerpt":{"rendered":"<p>Running alongside the core committees,\u00a0Special Interest Groups (SIGs)\u00a0allow members with similar interests in a specific subject area to meet and collaborate. Charity EACH: International Association&hellip;<\/p>","protected":false},"author":996,"featured_media":0,"parent":0,"menu_order":0,"comment_status":"closed","ping_status":"open","template":"page-basic-full-width.php","meta":{"_acf_changed":false,"footnotes":""},"class_list":["post-9503","page","type-page","status-publish","hentry"],"acf":[],"_links":{"self":[{"href":"https:\/\/each.international\/de\/wp-json\/wp\/v2\/pages\/9503","targetHints":{"allow":["GET"]}}],"collection":[{"href":"https:\/\/each.international\/de\/wp-json\/wp\/v2\/pages"}],"about":[{"href":"https:\/\/each.international\/de\/wp-json\/wp\/v2\/types\/page"}],"author":[{"embeddable":true,"href":"https:\/\/each.international\/de\/wp-json\/wp\/v2\/users\/996"}],"replies":[{"embeddable":true,"href":"https:\/\/each.international\/de\/wp-json\/wp\/v2\/comments?post=9503"}],"version-history":[{"count":15,"href":"https:\/\/each.international\/de\/wp-json\/wp\/v2\/pages\/9503\/revisions"}],"predecessor-version":[{"id":23223,"href":"https:\/\/each.international\/de\/wp-json\/wp\/v2\/pages\/9503\/revisions\/23223"}],"wp:attachment":[{"href":"https:\/\/each.international\/de\/wp-json\/wp\/v2\/media?parent=9503"}],"curies":[{"name":"wp","href":"https:\/\/api.w.org\/{rel}","templated":true}]}}