{"id":8004,"date":"2019-02-12T11:28:00","date_gmt":"2019-02-12T11:28:00","guid":{"rendered":"https:\/\/each.eu\/?page_id=8004"},"modified":"2024-09-27T14:29:15","modified_gmt":"2024-09-27T13:29:15","slug":"policy-practice-projects","status":"publish","type":"page","link":"https:\/\/each.international\/de\/projects\/policy-practice-projects\/","title":{"rendered":"Politik- und Praxisprojekte"},"content":{"rendered":"<div id=\"accordion\" class=\"accordion-blocks\">\n    \n            \n            <button class=\"accordion\">Lehren aus der Umsetzung<\/button>\n            <div class=\"accordiontext\">\n                <p>Projektleitung:\u00a0<a href=\"https:\/\/each.international\/de\/members\/jammentorp\/\">Jette Ammentorp<\/a><\/p>\n<p>Ziel: Ziel des Projekts ist es, erfolgreiche Erfahrungen bei der Wissens\u00fcbersetzung zu sammeln, die mit der breiteren JEDEN Community geteilt werden k\u00f6nnen, um voneinander zu lernen.<\/p>\n<p>Ausgabe: Das Projekt begann im Jahr 2019 und l\u00e4uft noch.<\/p>\n<p>Es entstand aus dem Bewusstsein, dass es weltweit gro\u00dfe Anstrengungen gibt, die Gesundheitsversorgung durch effektivere Kommunikation zu verbessern, die jedoch nicht organisiert sind und selten auf \u00fcberzeugenden Beweisen beruhen.<\/p>\n<p>Der Umfang des Projekts ist international, da es darauf abzielt, Beispiele erfolgreicher Umsetzungsprojekte zu sammeln, die als Inspiration f\u00fcr Kollegen auf der ganzen Welt dienen k\u00f6nnten.<\/p>\n<p>Bei den beteiligten Personen handelt es sich um aktuelle EACH-Mitglieder, die ihr Fachwissen bei den Umsetzungsbem\u00fchungen weitergeben.<\/p>\n<p>Wir gehen davon aus, eine durchsuchbare Datenbank mit Beispielen von Implementierungsprojekten zu erstellen, die weiteres Interesse am Implementierungsprozess wecken und zu neuen Projekten und Kooperationen mit politischen und Gesundheitsbeh\u00f6rden f\u00fchren k\u00f6nnte.<\/p>\n            <\/div>\n        \n            \n            <button class=\"accordion\">Policy Documents<\/button>\n            <div class=\"accordiontext\">\n                <p>Projektleitung:\u00a0<a href=\"https:\/\/each.international\/de\/members\/eeeckman\/\">Edgard Eckmann<\/a><\/p>\n<p>Ziel: Das Ziel dieses Projekts besteht in drei Schl\u00fcsselw\u00f6rtern darin, Grundsatzdokumente zur Gesundheitskommunikation \u201ezu sammeln \u2013 zu reagieren \u2013 zu entwickeln\u201c. Unser Ziel ist es: 1. relevante Grundsatzdokumente zu sammeln, die von anderen institutionellen Gremien zur Kommunikation im Gesundheitswesen herausgegeben wurden; 2. Entwerfen Sie einen Prozess\/einen Rahmen, der JEDEN bei der Beantwortung solcher Dokumente als Leitfaden dient. 3. Entwickeln Sie JEDE eigene Strategiedokumente und Richtlinien.<\/p>\n<p>Ausgabe: Das Projekt begann im Jahr 2019 und l\u00e4uft noch.<\/p>\n<p>Es entstand aus dem Bewusstsein heraus, dass nicht JEDE, sondern viele institutionelle Gremien Leitlinien oder Grundsatzerkl\u00e4rungen zur Kommunikation im Gesundheitswesen herausgeben. Wir sind der Meinung, dass dies eine L\u00fccke ist, die geschlossen werden sollte.<\/p>\n<p>Der Umfang des Projekts ist international, da es darauf abzielt, Beispiele politischer Dokumente aus der ganzen Welt zu sammeln.<\/p>\n<p>Die beteiligten Personen sind aktuelle EACH-Mitglieder.<\/p>\n<p>Als kurzfristiges Ziel planen wir die Erstellung einer durchsuchbaren Datenbank mit den gesammelten Policendokumenten. Ein mittelfristiges Ziel wird die Gestaltung einer Vorlage zur Beantwortung solcher Dokumente sein; Das langfristige Ziel besteht darin, Vorlagen und Verfahren f\u00fcr die Erstellung von EACH-Richtliniendokumenten und -Leitlinien zu erstellen und so dazu beizutragen, das Profil von EACH auf internationaler Ebene zu sch\u00e4rfen.<\/p>\n<p>pEACH fordert alle Mitglieder von EACH auf, mindestens ein Richtliniendokument vorzulegen. Das Ausf\u00fcllen der Vorlage dauert maximal 5 Minuten. Die ausgef\u00fcllte Vorlage sollte zusammen mit dem Richtliniendokument, vorzugsweise im PDF-Format, an den Projektleiter gesendet werden <a href=\"mailto:edgard.eeckman@proximus.be\">Edgard Eeckmann<\/a>.<\/p>\n<p><a class=\"button\" href=\"https:\/\/each.international\/wp-content\/uploads\/2020\/02\/pEACH_Policy_document_identification_template_November_20191.pdf.pagespeed.ce.PT4fkqS9qq.pdf\" target=\"_blank\" rel=\"noopener noreferrer\">Richtliniendokument<\/a><\/p>\n            <\/div>\n        \n            \n            <button class=\"accordion\">Beweisschnappsch\u00fcsse<\/button>\n            <div class=\"accordiontext\">\n                <p>Projektleitung:\u00a0<a href=\"https:\/\/each.international\/de\/members\/cgilligan\/\">Conor Gilligan<\/a><\/p>\n<p>Ziel: Als eines der ersten pEACH-Projekte zielt es darauf ab, zusammenfassende Positionspapiere zu wichtigen Themen der Gesundheitskommunikation zu erstellen, die als gebrauchsfertige Ressourcen f\u00fcr die Einbindung nicht-akademischer Interessengruppen dienen sollen. Die Autoren der Beweisschnappsch\u00fcsse sind international anerkannte Experten f\u00fcr das Thema, das sie zusammenfassen sollen.<\/p>\n<p>Ausgabe: Das Projekt begann im Jahr 2015 und l\u00e4uft noch.<\/p>\n<p>Es entstand aus dem Bewusstsein der Schwierigkeiten, die Akademiker haben k\u00f6nnen, wenn sie versuchen, andere Interessengruppen in Projekte oder Initiativen rund um wichtige Themen im Zusammenhang mit der Kommunikation im Gesundheitswesen einzubeziehen.<\/p>\n<p>Der Umfang des Projekts ist international, da es Ressourcen bereitstellt, die \u00fcber L\u00e4nder und Kulturen hinweg g\u00fcltig sind, da sie auf aktueller Forschung basieren.<\/p>\n<p>Die beteiligten Personen sind aktuelle EACH-Mitglieder, w\u00e4hrend die Autoren der Beweisschnappsch\u00fcsse auch Nichtmitglieder sein k\u00f6nnen.<\/p>\n<p>Dieses Projekt stellt eine fortlaufende Anstrengung dar, eine wachsende Menge an Ressourcen zu erstellen, um die Interaktion zwischen akademischen und nicht-akademischen Akteuren im Gesundheitssektor zu erleichtern.<\/p>\n<p>Beweisschnappsch\u00fcsse werden ver\u00f6ffentlicht\u00a0<a href=\"https:\/\/each.international\/de\/resources\/peach\/\">Hier<\/a>.<\/p>\n            <\/div>\n        \n            \n            <button class=\"accordion\">Positionspapierreihe in PEC<\/button>\n            <div class=\"accordiontext\">\n                <p>Projektleitung:\u00a0<a href=\"https:\/\/each.international\/de\/members\/sbigi\/\">Sarah Bigi<\/a><\/p>\n<p>Ziel: Diese Reihe ist eine Weiterentwicklung des Bullet Points-Projekts und bietet einen aktuellen \u00dcberblick \u00fcber die in den Bullet Points zusammengefassten Themen.<\/p>\n<p>Ergebnis: Das Projekt wird seit 2015 diskutiert, es wurde 2019 gestartet und l\u00e4uft noch.<\/p>\n<p>Als Erg\u00e4nzung zu den Bullet Points bieten die Beitr\u00e4ge dieser Reihe eine ausf\u00fchrlichere Diskussion jedes Themas und werden von denselben Autoren der Bullet Points verfasst.<br \/>\nDer Umfang des Projekts ist international.<\/p>\n<p>Die beteiligten Personen sind aktuelle EACH-Mitglieder, w\u00e4hrend die Verfasser der Aufz\u00e4hlungspunkte auch Nichtmitglieder sein k\u00f6nnen.<\/p>\n<p>Dieses Projekt stellt eine fortlaufende Anstrengung dar, eine wachsende Menge an Ressourcen zu erstellen, um die Interaktion zwischen akademischen und nicht-akademischen Akteuren im Gesundheitssektor zu erleichtern.<\/p>\n<p>Nach Fertigstellung erscheinen die Positionspapiere im Journal\u00a0<a href=\"https:\/\/www.sciencedirect.com\/journal\/patient-education-and-counseling\" target=\"_blank\" rel=\"noreferrer noopener\">Patientenaufkl\u00e4rung und -beratung<\/a>\u00a0und auf der\u00a0<a href=\"https:\/\/each.international\/de\/resources\/peach\/\" data-type=\"page\" data-id=\"10182\">pEACH-Ressourcenseite<\/a>.<\/p>\n            <\/div>\n        \n        \n<\/div>\n\n\n\n\n\n<p><\/p>","protected":false},"excerpt":{"rendered":"","protected":false},"author":996,"featured_media":0,"parent":7979,"menu_order":0,"comment_status":"closed","ping_status":"open","template":"page-basic-header.php","meta":{"_acf_changed":false,"footnotes":""},"class_list":["post-8004","page","type-page","status-publish","hentry"],"acf":[],"_links":{"self":[{"href":"https:\/\/each.international\/de\/wp-json\/wp\/v2\/pages\/8004","targetHints":{"allow":["GET"]}}],"collection":[{"href":"https:\/\/each.international\/de\/wp-json\/wp\/v2\/pages"}],"about":[{"href":"https:\/\/each.international\/de\/wp-json\/wp\/v2\/types\/page"}],"author":[{"embeddable":true,"href":"https:\/\/each.international\/de\/wp-json\/wp\/v2\/users\/996"}],"replies":[{"embeddable":true,"href":"https:\/\/each.international\/de\/wp-json\/wp\/v2\/comments?post=8004"}],"version-history":[{"count":8,"href":"https:\/\/each.international\/de\/wp-json\/wp\/v2\/pages\/8004\/revisions"}],"predecessor-version":[{"id":21668,"href":"https:\/\/each.international\/de\/wp-json\/wp\/v2\/pages\/8004\/revisions\/21668"}],"up":[{"embeddable":true,"href":"https:\/\/each.international\/de\/wp-json\/wp\/v2\/pages\/7979"}],"wp:attachment":[{"href":"https:\/\/each.international\/de\/wp-json\/wp\/v2\/media?parent=8004"}],"curies":[{"name":"wp","href":"https:\/\/api.w.org\/{rel}","templated":true}]}}