{"id":7610,"date":"2018-11-30T16:04:56","date_gmt":"2018-11-30T16:04:56","guid":{"rendered":"https:\/\/each.eu\/?page_id=7610"},"modified":"2024-12-17T13:43:02","modified_gmt":"2024-12-17T13:43:02","slug":"resources","status":"publish","type":"page","link":"https:\/\/each.international\/de\/resources\/","title":{"rendered":"Ressourcen"},"content":{"rendered":"<div class=\"wp-block-media-text is-stacked-on-mobile is-vertically-aligned-center\" style=\"grid-template-columns:15% auto\"><figure class=\"wp-block-media-text__media\"><img loading=\"lazy\" width=\"108\" height=\"108\" src=\"https:\/\/each.international\/wp-content\/uploads\/2022\/07\/icon2.png\" alt=\"\" class=\"wp-image-17440 size-full\"\/><\/figure><div class=\"wp-block-media-text__content\">\n<h2 class=\"wp-block-heading has-text-color has-link-color wp-elements-4c6bf4350137bea73674e809e39a8187\" style=\"color:#d74070\">Lehren<\/h2>\n\n\n\n<p class=\"has-text-color has-link-color wp-elements-1fd799ebfbb7f90d5a32b1e213debca3\" style=\"color:#d74070\">F\u00fcr Ressourcen, die Sie bei der Gestaltung der Ausbildung und Bewertung von Kommunikationsf\u00e4higkeiten f\u00fcr Lernende von Gesundheitsfachkr\u00e4ften unterst\u00fctzen,<strong>&nbsp;<a href=\"https:\/\/each.international\/de\/resources\/teach\/\">Klicken Sie auf Lehrmittel.<\/a><\/strong><\/p>\n<\/div><\/div>\n\n\n\n<div class=\"wp-block-media-text is-stacked-on-mobile is-vertically-aligned-center\" style=\"grid-template-columns:15% auto\"><figure class=\"wp-block-media-text__media\"><img loading=\"lazy\" width=\"108\" height=\"108\" src=\"https:\/\/each.international\/wp-content\/uploads\/2022\/07\/icon3.png\" alt=\"\" class=\"wp-image-17439 size-full\"\/><\/figure><div class=\"wp-block-media-text__content\">\n<h2 class=\"wp-block-heading has-text-color has-link-color wp-elements-d18e5695f7cab58f6623a06b1dde425c\" style=\"color:#f08b33\">Forschung<\/h2>\n\n\n\n<p class=\"has-text-color has-link-color wp-elements-4df59c13d1a5d33990127b1ccee5f8d3\" style=\"color:#f08b33\">F\u00fcr beobachtende Kodierungsinstrumente f\u00fcr die Forschung zur Kommunikation im Gesundheitswesen finden Sie rEACH PEC-Seiten und Videos aus rEACH-Webinaren&nbsp;<strong><a href=\"https:\/\/each.international\/de\/resources\/reach\/\">Klicken Sie auf Recherchetools<\/a>.<\/strong><\/p>\n<\/div><\/div>\n\n\n\n<div class=\"wp-block-media-text is-stacked-on-mobile is-vertically-aligned-center\" style=\"grid-template-columns:15% auto\"><figure class=\"wp-block-media-text__media\"><img loading=\"lazy\" width=\"108\" height=\"108\" src=\"https:\/\/each.international\/wp-content\/uploads\/2022\/07\/icon4.png\" alt=\"\" class=\"wp-image-17438 size-full\"\/><\/figure><div class=\"wp-block-media-text__content\">\n<h2 class=\"wp-block-heading has-text-color has-link-color wp-elements-087931fa47532c0b18b6e275bdc52c66\" style=\"color:#9b4f96\">Politik und Praxis<\/h2>\n\n\n\n<p class=\"has-text-color has-link-color wp-elements-f83b0de861b5d279354b8832ba79d3a1\" style=\"color:#9b4f96\">F\u00fcr die Snapshots der Policy &amp; Practice-Evidenz und die Healthchat(ter)-Podcasts wenden Sie sich bitte an uns&nbsp;<strong><a href=\"https:\/\/each.international\/de\/resources\/peach\/\">Klicken Sie auf Richtlinien und Praxis<\/a>.<\/strong><\/p>\n<\/div><\/div>\n\n\n\n<div class=\"wp-block-media-text is-stacked-on-mobile is-vertically-aligned-center\" style=\"grid-template-columns:15% auto\"><figure class=\"wp-block-media-text__media\"><img loading=\"lazy\" width=\"108\" height=\"108\" src=\"https:\/\/each.international\/wp-content\/uploads\/2022\/07\/icon5.png\" alt=\"\" class=\"wp-image-17437 size-full\"\/><\/figure><div class=\"wp-block-media-text__content\">\n<h2 class=\"wp-block-heading has-text-color has-link-color wp-elements-529f1866bd3c131d5f549b1f5ca275c4\" style=\"color:#0038a8\">VR-CODES<\/h2>\n\n\n\n<p class=\"has-text-color has-link-color wp-elements-82312df35d7102b22b6c455c55123709\" style=\"color:#0038a8\">F\u00fcr Verona Coding Definitions of Emotional Sequences (VR-CoDES) bitte<strong><a href=\"https:\/\/each.international\/de\/resources\/verona-coding-system\/\">&nbsp;Klicken Sie auf VR-CODES.<\/a><\/strong><\/p>\n<\/div><\/div>\n\n\n\n<div class=\"wp-block-media-text is-stacked-on-mobile is-vertically-aligned-center\" style=\"grid-template-columns:15% auto\"><figure class=\"wp-block-media-text__media\"><img loading=\"lazy\" width=\"108\" height=\"108\" src=\"https:\/\/each.international\/wp-content\/uploads\/2022\/07\/icon1.png\" alt=\"\" class=\"wp-image-17441 size-full\"\/><\/figure><div class=\"wp-block-media-text__content\">\n<h2 class=\"wp-block-heading has-text-color has-link-color wp-elements-eb73f3a5f3798f5cfec9fa62f8d3dcf3\" style=\"color:#64215d\">COVID 19<\/h2>\n\n\n\n<p class=\"has-text-color has-link-color wp-elements-b21454696a49617ce82adb32f2fcbf08\" style=\"color:#64215d\">Um Ressourcen f\u00fcr die Kommunikation im Gesundheitswesen w\u00e4hrend der COVID-19-Pandemie zu finden und zu teilen,&nbsp;<strong><a href=\"https:\/\/each.international\/de\/resources\/covid-19\/\">Klicken Sie auf COVID-19.<\/a><\/strong><\/p>\n<\/div><\/div>\n\n\n\n<p><\/p>","protected":false},"excerpt":{"rendered":"<p>Teaching For resources to help you with designing education and assessment on communication skills for health professional learners,&nbsp;click Teaching tools. Research For observational coding instruments&hellip;<\/p>","protected":false},"author":996,"featured_media":0,"parent":0,"menu_order":0,"comment_status":"closed","ping_status":"open","template":"page-basic-header.php","meta":{"_acf_changed":false,"footnotes":""},"class_list":["post-7610","page","type-page","status-publish","hentry"],"acf":[],"_links":{"self":[{"href":"https:\/\/each.international\/de\/wp-json\/wp\/v2\/pages\/7610","targetHints":{"allow":["GET"]}}],"collection":[{"href":"https:\/\/each.international\/de\/wp-json\/wp\/v2\/pages"}],"about":[{"href":"https:\/\/each.international\/de\/wp-json\/wp\/v2\/types\/page"}],"author":[{"embeddable":true,"href":"https:\/\/each.international\/de\/wp-json\/wp\/v2\/users\/996"}],"replies":[{"embeddable":true,"href":"https:\/\/each.international\/de\/wp-json\/wp\/v2\/comments?post=7610"}],"version-history":[{"count":3,"href":"https:\/\/each.international\/de\/wp-json\/wp\/v2\/pages\/7610\/revisions"}],"predecessor-version":[{"id":22013,"href":"https:\/\/each.international\/de\/wp-json\/wp\/v2\/pages\/7610\/revisions\/22013"}],"wp:attachment":[{"href":"https:\/\/each.international\/de\/wp-json\/wp\/v2\/media?parent=7610"}],"curies":[{"name":"wp","href":"https:\/\/api.w.org\/{rel}","templated":true}]}}