{"id":7214,"date":"2018-11-17T12:37:08","date_gmt":"2018-11-17T12:37:08","guid":{"rendered":"https:\/\/each.eu\/?page_id=7214"},"modified":"2025-10-06T13:06:36","modified_gmt":"2025-10-06T12:06:36","slug":"faq","status":"publish","type":"page","link":"https:\/\/each.international\/de\/faq\/","title":{"rendered":"FAQ"},"content":{"rendered":"<h2 class=\"wp-block-heading\">Sozialen Medien<\/h2>\n\n\n<div id=\"accordion\" class=\"accordion-blocks\">\n    \n            \n            <button class=\"accordion\">How can I join in with EACH social media?<\/button>\n            <div class=\"accordiontext\">\n                <p>Bitte\u00a0<a href=\"https:\/\/each.international\/wp-content\/uploads\/2022\/11\/EACH-Social-Media-How-To.pdf\" target=\"_blank\" rel=\"noopener\">herunterladen<\/a>\u00a0unser How To, das alle ben\u00f6tigten Konten und Hashtags enth\u00e4lt.<\/p>\n            <\/div>\n        \n        \n<\/div>\n\n\n\n\n\n<h2 class=\"wp-block-heading\">Mitgliedschaft<\/h2>\n\n\n<div id=\"accordion\" class=\"accordion-blocks\">\n    \n            \n            <button class=\"accordion\">I have a query about my membership. Who should I contact?<\/button>\n            <div class=\"accordiontext\">\n                <p>Bitte kontaktieren Sie das Mitgliederteam per E-Mail: <a href=\"mailto:membership@each.international\">membership@each.international<\/a><\/p>\n            <\/div>\n        \n            \n            <button class=\"accordion\">How much does it cost to join EACH?<\/button>\n            <div class=\"accordiontext\">\n                <p>JEDER bietet eine Vielzahl von Mitgliedschaftsarten an.\u00a0\u00a0<a href=\"https:\/\/each.international\/de\/membership\/\" target=\"_blank\" rel=\"noopener\">klicken Sie hier<\/a>\u00a0um die Optionen und Geb\u00fchren anzuzeigen.<\/p>\n            <\/div>\n        \n        \n<\/div>\n\n\n\n\n\n<h2 class=\"wp-block-heading\">Nationale Vertreter<\/h2>\n\n\n<div id=\"accordion\" class=\"accordion-blocks\">\n    \n            \n            <button class=\"accordion\">How do I join a national network (group)?<\/button>\n            <div class=\"accordiontext\">\n                <p>Mitglieder werden automatisch zu ihrer nationalen Netzwerkgruppe hinzugef\u00fcgt, sofern eine solche vorhanden ist. Wenn Sie noch nicht hinzugef\u00fcgt wurden, wenden Sie sich bitte an <a href=\"mailto:membership@each.international\">membership@each.international\u00a0<\/a><\/p>\n            <\/div>\n        \n            \n            <button class=\"accordion\">I&#8217;m the NR\/DNR and therefore the group administrator. What can I do?<\/button>\n            <div class=\"accordiontext\">\n                <p>Der Vorsitzende\/Leiter eines Ausschusses\/einer Untergruppe\/SIG sind die designierten Administratoren der Gruppe. Als Gruppenadministrator m\u00fcssen Sie:<\/p>\n<ul>\n<li>F\u00fcgen Sie die Gruppenbeschreibung und das Titelbild hinzu, bearbeiten oder aktualisieren Sie sie<\/li>\n<li>\u00c4ndern Sie das Gruppenfoto (muss 219 x 219 Pixel bei 300 dpi als JPG sein)<\/li>\n<li>Nehmen Sie Mitgliedschaftsanfragen entgegen und nehmen Sie diese bei Bedarf an oder lehnen Sie sie ab<\/li>\n<li>Laden Sie Gruppendokumente (z. B. Besprechungsprotokolle) auf Buddydrive hoch<\/li>\n<li>Starten Sie ein Diskussionsthema im Forum. Bearbeiten, schlie\u00dfen und l\u00f6schen Sie ein beliebiges Forumsthema<\/li>\n<li>Senden Sie eine E-Mail an alle Mitglieder der Gruppe<\/li>\n<\/ul>\n            <\/div>\n        \n            \n            <button class=\"accordion\">I&#8217;m a national network group administrator. How can I send an email to all my group members?<\/button>\n            <div class=\"accordiontext\">\n                <p>Wenn Sie der Gruppenadministrator sind, k\u00f6nnen Sie wie folgt eine E-Mail an alle Ihre Gruppenmitglieder senden:<\/p>\n<ol>\n<li>Anmeldung<\/li>\n<li>Navigieren Sie zu Ihrer Gruppe<\/li>\n<li>Klicken Sie im Men\u00fc der Gruppe auf \u201eVerwalten\u201c (m\u00f6glicherweise auf den drei Punkten).<\/li>\n<li>Klicken Sie auf E-Mail-Optionen<\/li>\n<li>F\u00fcllen Sie das Formular (Betreff und Inhalt) aus und klicken Sie auf Speichern.<\/li>\n<\/ol>\n<p>Die E-Mail wird an alle Mitglieder Ihrer Gruppe gesendet, unabh\u00e4ngig davon, ob sie sich daf\u00fcr entschieden haben, keine Aktualisierungs-E-Mails zu erhalten.<\/p>\n            <\/div>\n        \n            \n            <button class=\"accordion\">I&#8217;m the NR\/DNR. How do I get my bio to appear on the NR page?<\/button>\n            <div class=\"accordiontext\">\n                <p>Um Ihre Biografie zur NR-Webseite hinzuzuf\u00fcgen, gehen Sie bitte wie folgt vor:<\/p>\n<ol>\n<li>Anmeldung<\/li>\n<li>Navigieren Sie zu Ihrem Profil<\/li>\n<li>Klicken Sie auf Bearbeiten<\/li>\n<li>Scroll down to the Biography \u2013 Exec and complete with no more than 100 words. (Make sure you paste any text into the Text tab, not the Visual tab otherwise the formatting will be awful!)<\/li>\n<li>Klicken Sie auf Speichern.<\/li>\n<li>Email\u00a0<a href=\"mailto:info@each.international\">info@each.international<\/a>\u00a0um es anzufordern erscheint auf der Seite.<\/li>\n<\/ol>\n            <\/div>\n        \n        \n<\/div>\n\n\n\n\n\n<h2 class=\"wp-block-heading\">Ressourcen<\/h2>\n\n\n<div id=\"accordion\" class=\"accordion-blocks\">\n    \n            \n            <button class=\"accordion\">I&#8217;m not a member of EACH, how can I view the publicly visible teaching resources?<\/button>\n            <div class=\"accordiontext\">\n                <p>All resources are now visible to members and non members alike.<\/p>\n            <\/div>\n        \n            \n            <button class=\"accordion\">How can I upload a new resources?<\/button>\n            <div class=\"accordiontext\">\n                <p>Sie m\u00fcssen Mitglied von EACH sein und angemeldet sein, um eine Lehrressource hochladen zu k\u00f6nnen. Nichtmitglieder k\u00f6nnen eine Forschungsressource hochladen.<\/p>\n<p>Gehen Sie nach der Anmeldung zur entsprechenden Upload-Seite unter \u201eRessourcen\u201c.<\/p>\n            <\/div>\n        \n        \n<\/div>\n\n\n\n\n\n<h2 class=\"wp-block-heading\">Gruppen<\/h2>\n\n\n<div id=\"accordion\" class=\"accordion-blocks\">\n    \n            \n            <button class=\"accordion\">What is a Group?<\/button>\n            <div class=\"accordiontext\">\n                <p>JEDE Aussch\u00fcsse, Untergruppen, SIGs und nationalen Netzwerke sind alle Gruppen. JEDES Mitglied ist jedes Mitglied der JEDES Gruppe. Reach, Teach und Peach haben alle ihre eigene Gruppe und Untergruppen.<\/p>\n<p>Die vollst\u00e4ndige Liste JEDER Gruppen finden Sie hier\u00a0<a href=\"https:\/\/each.international\/de\/groups\/\">Hier<\/a>.<\/p>\n<p>Der Gruppenbereich bietet eine Plattform f\u00fcr den Kontakt mit anderen Gruppenmitgliedern, ein Diskussionsforum und eine Ablage f\u00fcr Dokumente (z. B. Sitzungsprotokolle).<\/p>\n<p>Der Ausschuss-\/Untergruppen-\/SIG-\/Netzwerkvorsitzende oder -leiter ist der Administrator der Gruppe. Der Gruppenadministrator ist in der Lage, den Gruppenbereich zu verwalten.<\/p>\n            <\/div>\n        \n            \n            <button class=\"accordion\">How do I join a Group?<\/button>\n            <div class=\"accordiontext\">\n                <p>JEDE Mitglieder sind automatisch Mitglieder JEDER Gruppe.<\/p>\n<p>If you wish to join a specific Group, please navigate to the Group you wish to join each.international\/groups and click on request membership. (3 dots if not shown). This will send a message tot he group administrator.<\/p>\n            <\/div>\n        \n            \n            <button class=\"accordion\">I&#8217;m a Group Administrator. What can I do?<\/button>\n            <div class=\"accordiontext\">\n                <p>Der Vorsitzende\/Leiter eines Ausschusses\/einer Untergruppe\/SIG sind die designierten Administratoren der Gruppe. Als Gruppenadministrator m\u00fcssen Sie:<\/p>\n<ul>\n<li>F\u00fcgen Sie die Gruppenbeschreibung und das Titelbild hinzu, bearbeiten oder aktualisieren Sie sie<\/li>\n<li>\u00c4ndern Sie das Gruppenfoto\u00a0<em>(muss 219 x 219 Pixel bei 300 dpi als JPG sein)<\/em><\/li>\n<li>Nehmen Sie Mitgliedschaftsanfragen entgegen und nehmen Sie diese bei Bedarf an oder lehnen Sie sie ab<\/li>\n<li>Laden Sie Gruppendokumente (z. B. Besprechungsprotokolle) auf Buddydrive hoch<\/li>\n<li>Starten Sie ein Diskussionsthema im Forum<\/li>\n<li>Bearbeiten, schlie\u00dfen und l\u00f6schen Sie alle Forenthemen<\/li>\n<li>Senden Sie eine E-Mail an alle Mitglieder der Gruppe<\/li>\n<\/ul>\n            <\/div>\n        \n            \n            <button class=\"accordion\">I&#8217;m a Group Administrator. How can I send an email to all my group members?<\/button>\n            <div class=\"accordiontext\">\n                <p>Wenn Sie der Gruppenadministrator sind, k\u00f6nnen Sie wie folgt eine E-Mail an alle Ihre Gruppenmitglieder senden:<\/p>\n<ol>\n<li>Anmeldung<\/li>\n<li>Navigieren Sie zu Ihrer Gruppe<\/li>\n<li>Klicken Sie im Men\u00fc der Gruppe auf \u201eVerwalten\u201c (m\u00f6glicherweise auf den drei Punkten).<\/li>\n<li>Klicken Sie auf E-Mail-Optionen<\/li>\n<li>F\u00fcllen Sie das Formular (Betreff und Inhalt) aus und klicken Sie auf Speichern.<\/li>\n<\/ol>\n<p>Die E-Mail wird an alle Mitglieder Ihrer Gruppe gesendet, unabh\u00e4ngig davon, ob sie sich daf\u00fcr entschieden haben, keine Aktualisierungs-E-Mails zu erhalten.<\/p>\n            <\/div>\n        \n        \n<\/div>\n\n\n\n\n\n<h2 class=\"wp-block-heading\">Buddydrive (hochgeladene Dokumente)<\/h2>\n\n\n<div id=\"accordion\" class=\"accordion-blocks\">\n    \n            \n            <button class=\"accordion\">How do I change the name of a document I have uploaded?<\/button>\n            <div class=\"accordiontext\">\n                <p>So \u00e4ndern Sie den Namen oder die Beschreibung Ihrer Datei:<\/p>\n<ol>\n<li>Anmeldung<\/li>\n<li>Navigieren Sie zu Ihrer Gruppe<\/li>\n<li>Click\u00a0Buddydrive\u00a0on the group\u2019s menu<\/li>\n<li>Click the\u00a0pencil icon\u00a0on your uploaded file.<\/li>\n<li>Change the details and click\u00a0Edit\u00a0to save.<\/li>\n<\/ol>\n            <\/div>\n        \n            \n            <button class=\"accordion\">How do I move a file to Buddydrive folder or change folders?<\/button>\n            <div class=\"accordiontext\">\n                <p>So verschieben Sie eine Datei in einen anderen Ordner:<\/p>\n<ol>\n<li>Anmeldung<\/li>\n<li>Navigieren Sie zu Ihrer Gruppe<\/li>\n<li>Klicken\u00a0<strong>Buddydrive<\/strong>\u00a0auf der Speisekarte der Gruppe<\/li>\n<li>Dr\u00fccke den\u00a0<em>Bleistift-Symbol<\/em>\u00a0auf Ihrer hochgeladenen Datei.<\/li>\n<li>Klicken Sie auf den Abw\u00e4rtspfeil neben\u00a0<em>Auf Gruppe beschr\u00e4nkt<\/em>\u00a0und klicken\u00a0<strong>Zu einem vorhandenen Ordner hinzuf\u00fcgen<\/strong><\/li>\n<li>Geben Sie den Namen des Ordners in das Feld f\u00fcr die automatische Vervollst\u00e4ndigung rechts ein und w\u00e4hlen Sie den Ordner aus den angezeigten Optionen aus.<\/li>\n<li>Klicken\u00a0<strong>Bearbeiten<\/strong>\u00a0speichern.<\/li>\n<\/ol>\n            <\/div>\n        \n            \n            <button class=\"accordion\">How do I delete a file in Buddydrive?<\/button>\n            <div class=\"accordiontext\">\n                <p>So l\u00f6schen Sie eine oder mehrere Dateien in Buddydrive:<\/p>\n<ol id=\"block-e05aa54f-7da6-48c3-8b2d-48c140cb1e22\">\n<li>Anmeldung<\/li>\n<li>Navigieren Sie zu Ihrer Gruppe<\/li>\n<li>Click\u00a0Buddydrive\u00a0on the group\u2019s menu<\/li>\n<li>Click the\u00a0checkerbox icon\u00a0(top left after the new file and folder icons).<\/li>\n<li>Select the file or files you wish to remove and click\u00a0Remove selected items from group<\/li>\n<\/ol>\n            <\/div>\n        \n            \n            <button class=\"accordion\">Can I create sub-folders?<\/button>\n            <div class=\"accordiontext\">\n                <div class=\"vc_do_toggle vc_toggle vc_toggle_default vc_toggle_color_default vc_toggle_size_md vc_custom_1667986155561 vc_toggle_active\">\n<div class=\"vc_toggle_content\">\n<p>Ungl\u00fccklicherweise nicht.<\/p>\n<\/div>\n<\/div>\n            <\/div>\n        \n        \n<\/div>\n\n\n\n\n\n<h2 class=\"wp-block-heading\">Foren<\/h2>\n\n\n<div id=\"accordion\" class=\"accordion-blocks\">\n    \n            \n            <button class=\"accordion\">What is a forum?<\/button>\n            <div class=\"accordiontext\">\n                <p>Alle EACH-Aussch\u00fcsse, Untergruppen, SIGs und nationalen Netzwerke verf\u00fcgen \u00fcber ein Forum. Das Forum ist der Ort, um gruppenbezogene Themen zu diskutieren. Gruppenmitglieder k\u00f6nnen ein Thema oder einen Thread starten und Gruppenmitglieder k\u00f6nnen darauf antworten.<\/p>\n            <\/div>\n        \n            \n            <button class=\"accordion\">Who can see or participate in a forum?<\/button>\n            <div class=\"accordiontext\">\n                <p>Nur Gruppenmitglieder k\u00f6nnen ein Gruppenforum anzeigen und daran teilnehmen. (Alle Gruppenmitglieder m\u00fcssen bei JEDEM Mitglied angemeldet sein).<\/p>\n<p>Es gibt ein \u00f6ffentliches Forum, an dem nur JEDES Mitglied teilnehmen kann, das jedoch f\u00fcr nicht JEDES Mitglied sichtbar ist.<\/p>\n            <\/div>\n        \n            \n            <button class=\"accordion\">Where can I find the forums?<\/button>\n            <div class=\"accordiontext\">\n                <p>Auf Foren kann \u00fcber die Gruppenseite oder \u00fcber das Forum-Men\u00fc zugegriffen werden. Das \u00f6ffentliche Forum ist nur \u00fcber das Forum-Men\u00fc zug\u00e4nglich.<\/p>\n<p>Die Liste der Foren ist\u00a0<a href=\"https:\/\/each.international\/de\/forums\/forum\/member-forums\/\">Hier<\/a>.<\/p>\n            <\/div>\n        \n            \n            <button class=\"accordion\">How can I receive notifications of forum activity?<\/button>\n            <div class=\"accordiontext\">\n                <p>Um E-Mail-Benachrichtigungen \u00fcber neue Themen zu erhalten, die in einem Forum erstellt wurden, m\u00fcssen Sie dieses Forum abonnieren, indem Sie beim Thema des jeweiligen Forums auf die Schaltfl\u00e4che \u201eAbonnieren\u201c klicken. Die Schaltfl\u00e4che \u00e4ndert sich in \u201eAbbestellen\u201c. Bitte beachten Sie, dass Sie keine Benachrichtigungen \u00fcber Themen erhalten, die Sie beginnen.<\/p>\n<p>Um E-Mail-Benachrichtigungen \u00fcber Antworten zu einem Thema in einem Forum zu erhalten, m\u00fcssen Sie beim Ver\u00f6ffentlichen einer Antwort auf \u201eIch m\u00f6chte \u00fcber Folgeantworten per E-Mail benachrichtigen\u201c klicken.<\/p>\n<p>Sie k\u00f6nnen die Liste Ihrer Foren- und Themenabonnements sehen, indem Sie zu Ihrem Profil \u2013 Foren \u2013 Abonnements gehen (zug\u00e4nglich, indem Sie mit der Maus \u00fcber Ihren Namen oben rechts auf der Website fahren).<\/p>\n<p>So erhalten Sie Benachrichtigungen \u00fcber Ihre eigenen Beitr\u00e4ge in Gruppenforen: Stellen Sie sicher, dass Sie angemeldet sind, gehen Sie zu Ihrem Profil \u2013 Einstellungen \u2013 E-Mail (zug\u00e4nglich, indem Sie mit der Maus \u00fcber Ihren Namen oben rechts auf der Website fahren) und stellen Sie sicher, dass bei der Frage \u201eBenachrichtigungen erhalten\u201c ein H\u00e4kchen bei \u201eJa\u201c gesetzt ist deiner eigenen Beitr\u00e4ge? unter Gruppenforen.<\/p>\n            <\/div>\n        \n        \n<\/div>\n\n\n\n\n\n<h2 class=\"wp-block-heading\">Kalender<\/h2>\n\n\n<div id=\"accordion\" class=\"accordion-blocks\">\n    \n            \n            <button class=\"accordion\">What events does the calendar show?<\/button>\n            <div class=\"accordiontext\">\n                <p>Der Kalender zeigt alle JEDEN Veranstaltungen, einschlie\u00dflich Konferenzen und Kurse.<\/p>\n            <\/div>\n        \n        \n<\/div>\n\n\n\n\n\n<h2 class=\"wp-block-heading\">Wahlen<\/h2>\n\n\n<div id=\"accordion\" class=\"accordion-blocks\">\n    \n            \n            <button class=\"accordion\">How do I find information on the President-Elect and\/or Treasurer elections?<\/button>\n            <div class=\"accordiontext\">\n                <p>Einzelheiten sind vor Beginn der Wahl verf\u00fcgbar und werden im Men\u00fc angezeigt.<\/p>\n            <\/div>\n        \n            \n            <button class=\"accordion\">How do I find information on the elections for National and Deputy National Representatives?<\/button>\n            <div class=\"accordiontext\">\n                <p>Einzelheiten sind vor Beginn der Wahl verf\u00fcgbar und werden im Men\u00fc angezeigt.<\/p>\n            <\/div>\n        \n        \n<\/div>\n\n\n\n\n\n<p><\/p>","protected":false},"excerpt":{"rendered":"<p>Social Media Membership National Representatives Resources Groups Buddydrive (uploaded documents) Forums Calendar Elections<\/p>","protected":false},"author":996,"featured_media":0,"parent":0,"menu_order":0,"comment_status":"closed","ping_status":"open","template":"page-basic-full-width.php","meta":{"_acf_changed":false,"footnotes":""},"class_list":["post-7214","page","type-page","status-publish","hentry"],"acf":[],"_links":{"self":[{"href":"https:\/\/each.international\/de\/wp-json\/wp\/v2\/pages\/7214","targetHints":{"allow":["GET"]}}],"collection":[{"href":"https:\/\/each.international\/de\/wp-json\/wp\/v2\/pages"}],"about":[{"href":"https:\/\/each.international\/de\/wp-json\/wp\/v2\/types\/page"}],"author":[{"embeddable":true,"href":"https:\/\/each.international\/de\/wp-json\/wp\/v2\/users\/996"}],"replies":[{"embeddable":true,"href":"https:\/\/each.international\/de\/wp-json\/wp\/v2\/comments?post=7214"}],"version-history":[{"count":9,"href":"https:\/\/each.international\/de\/wp-json\/wp\/v2\/pages\/7214\/revisions"}],"predecessor-version":[{"id":22503,"href":"https:\/\/each.international\/de\/wp-json\/wp\/v2\/pages\/7214\/revisions\/22503"}],"wp:attachment":[{"href":"https:\/\/each.international\/de\/wp-json\/wp\/v2\/media?parent=7214"}],"curies":[{"name":"wp","href":"https:\/\/api.w.org\/{rel}","templated":true}]}}