{"id":4262,"date":"2021-10-29T10:22:19","date_gmt":"2021-10-29T09:22:19","guid":{"rendered":"http:\/\/www.each.eu\/?page_id=9"},"modified":"2025-04-10T12:47:57","modified_gmt":"2025-04-10T11:47:57","slug":"research","status":"publish","type":"page","link":"https:\/\/each.international\/de\/research\/","title":{"rendered":"Forschung"},"content":{"rendered":"<div class=\"wp-block-group shadow-bg\"><div class=\"wp-block-group__inner-container is-layout-constrained wp-block-group-is-layout-constrained\">\n<h2 class=\"wp-block-heading has-text-align-center\">REACH-Kernausschuss<\/h2>\n\n\n\n<div class=\"wp-block-columns is-layout-flex wp-container-core-columns-is-layout-9d6595d7 wp-block-columns-is-layout-flex\">\n<div class=\"wp-block-column is-layout-flow wp-block-column-is-layout-flow\">\n<div class=\"wp-block-columns is-layout-flex wp-container-core-columns-is-layout-9d6595d7 wp-block-columns-is-layout-flex\">\n<div class=\"wp-block-column is-layout-flow wp-block-column-is-layout-flow\" style=\"flex-basis:50%\">\n<div class=\"wp-block-media-text is-stacked-on-mobile is-vertically-aligned-center\" style=\"grid-template-columns:30% auto\"><figure class=\"wp-block-media-text__media\"><img loading=\"lazy\" width=\"400\" height=\"400\" src=\"https:\/\/each.international\/wp-content\/uploads\/2023\/12\/evelyn-watson.jpg\" alt=\"\" class=\"wp-image-19599 size-full\" srcset=\"https:\/\/each.international\/wp-content\/uploads\/2023\/12\/evelyn-watson.jpg 400w, https:\/\/each.international\/wp-content\/uploads\/2023\/12\/evelyn-watson-300x300.jpg 300w, https:\/\/each.international\/wp-content\/uploads\/2023\/12\/evelyn-watson-150x150.jpg 150w, https:\/\/each.international\/wp-content\/uploads\/2023\/12\/evelyn-watson-12x12.jpg 12w, https:\/\/each.international\/wp-content\/uploads\/2023\/12\/evelyn-watson-200x200.jpg 200w\" sizes=\"auto, (max-width: 400px) 100vw, 400px\" \/><\/figure><div class=\"wp-block-media-text__content\">\n<p><a href=\"https:\/\/each.international\/de\/members\/ewatson\/\">Evelyn Watson<\/a><\/p>\n\n\n\n<p>Stuhl<\/p>\n<\/div><\/div>\n<\/div>\n\n\n\n<div class=\"wp-block-column is-layout-flow wp-block-column-is-layout-flow\" style=\"flex-basis:50%\">\n<div class=\"wp-block-media-text is-stacked-on-mobile\" style=\"grid-template-columns:30% auto\"><figure class=\"wp-block-media-text__media\"><img loading=\"lazy\" width=\"280\" height=\"281\" src=\"https:\/\/each.international\/wp-content\/uploads\/2024\/11\/India-Pinker.jpg\" alt=\"\" class=\"wp-image-21930 size-full\" srcset=\"https:\/\/each.international\/wp-content\/uploads\/2024\/11\/India-Pinker.jpg 280w, https:\/\/each.international\/wp-content\/uploads\/2024\/11\/India-Pinker-150x150.jpg 150w, https:\/\/each.international\/wp-content\/uploads\/2024\/11\/India-Pinker-12x12.jpg 12w\" sizes=\"auto, (max-width: 280px) 100vw, 280px\" \/><\/figure><div class=\"wp-block-media-text__content\">\n<p><a href=\"https:\/\/each.international\/de\/members\/ipinker\/\">Indien Pinker<\/a><\/p>\n\n\n\n<p>Co-Vorsitzender<\/p>\n<\/div><\/div>\n<\/div>\n<\/div>\n<\/div>\n<\/div>\n<\/div><\/div>\n\n\n\n<h3 class=\"wp-block-heading\"><strong>Was rEACH bietet<\/strong><\/h3>\n\n\n\n<p>Im Laufe der Jahre haben wir daran gearbeitet, die Ziele von rEACH zu verwirklichen, indem wir:<\/p>\n\n\n\n<ul class=\"wp-block-list\">\n<li>Organisation der Biennale<a href=\"https:\/\/each.international\/de\/calendar\/reach-summer-school-2025\/\" target=\"_blank\" rel=\"noreferrer noopener\">\u00a0REACH-Sommerschule<\/a>\u00a0for early-career researchers in the field of healthcare communication to expand their research skills, enhance their networks, and develop their current research projects<\/li>\n\n\n\n<li>Creating a database of <a href=\"https:\/\/each.international\/de\/resources\/reach\/search\/\">communication coding tools<\/a> to measure communication in healthcare settings<\/li>\n\n\n\n<li>Bereitstellung einer Auswahl von&nbsp;<a href=\"https:\/\/each.international\/de\/resources\/reach\/\">Ressourcen<\/a><\/li>\n\n\n\n<li>Delivering <a href=\"https:\/\/each.international\/de\/eachevents\/courses\/\">workshops and training <\/a>on research methodology and new trends in healthcare communication research<\/li>\n\n\n\n<li>Unterst\u00fctzung von Forschergruppen, die an \u00e4hnlichen Themen arbeiten, um Kontakte zu kn\u00fcpfen und zusammenzuarbeiten<\/li>\n\n\n\n<li>Assisting with the organisation of <a href=\"https:\/\/each.international\/de\/eachevents\/\">EACH events<\/a> and arranging conference symposia on healthcare communication research for <a href=\"https:\/\/achonline.org\/icch\/\">ICCH<\/a><\/li>\n<\/ul>\n\n\n\n<p>Im Rahmen von rEACH arbeiten wir kontinuierlich an einer Reihe von Projekten, um den Nutzen, den wir der Forschungsgemeinschaft im Bereich Gesundheitskommunikation bieten, zu verbessern und zu erweitern.<\/p>\n\n\n\n<p>Bitte&nbsp;<a href=\"https:\/\/each.international\/de\/projects\/research\/\">klicken Sie hier&nbsp;<\/a>um mehr \u00fcber unsere aktuelle Arbeit zu erfahren.<\/p>\n\n\n\n<div class=\"wp-block-group alignfull has-white-color has-text-color has-background has-link-color wp-elements-de4bc2959a29b0888189e595dec89a33\" style=\"background-color:#0038a8\"><div class=\"wp-block-group__inner-container is-layout-constrained wp-block-group-is-layout-constrained\">\n<h2 class=\"wp-block-heading has-text-align-center has-white-color has-text-color has-link-color wp-elements-1f8dbc69ebe62dca3436a6613577df6c\">So engagieren Sie sich bei rEACH<\/h2>\n\n\n\n<div class=\"wp-block-columns is-layout-flex wp-container-core-columns-is-layout-9d6595d7 wp-block-columns-is-layout-flex\">\n<div class=\"wp-block-column is-layout-flow wp-block-column-is-layout-flow\">\n<p class=\"has-text-align-center\">Haben Sie Ideen zur F\u00f6rderung?<br>Kommunikationsforschung im Gesundheitswesen?<\/p>\n<\/div>\n\n\n\n<div class=\"wp-block-column is-layout-flow wp-block-column-is-layout-flow\">\n<p class=\"has-text-align-center\">M\u00f6chten Sie dabei helfen, N\u00fctzliches zu schaffen?<br>Ressourcen f\u00fcr Forscher?<\/p>\n<\/div>\n<\/div>\n\n\n\n<div class=\"wp-block-columns is-layout-flex wp-container-core-columns-is-layout-9d6595d7 wp-block-columns-is-layout-flex\">\n<div class=\"wp-block-column is-layout-flow wp-block-column-is-layout-flow\">\n<p class=\"has-text-align-center\">M\u00f6chten Sie Ihr Netzwerk erweitern?<br>Forscher im Bereich Gesundheitskommunikation?<\/p>\n<\/div>\n\n\n\n<div class=\"wp-block-column is-layout-flow wp-block-column-is-layout-flow\">\n<p class=\"has-text-align-center\">Sind Sie an einer Zusammenarbeit interessiert?<br>eine Gruppe hochmotivierter Forscher?<\/p>\n<\/div>\n<\/div>\n\n\n\n<div class=\"wp-block-buttons is-content-justification-center is-layout-flex wp-container-core-buttons-is-layout-16018d1d wp-block-buttons-is-layout-flex\">\n<div class=\"wp-block-button\"><a class=\"wp-block-button__link has-white-background-color has-text-color has-background has-link-color wp-element-button\" href=\"mailto:reach@each.international\" style=\"color:#0038a8\">Kontaktieren Sie reach<\/a><\/div>\n<\/div>\n<\/div><\/div>\n\n\n<span class=\"here\"><\/span><div id=\"iconblock-block_b3ea0b76753c2e64e01f628d147551ed\" class=\"icon-blocks\">\n    \n            \n        <div class=\"icon-block\">\n            <div class=\"icon-block-image\" style=\"background-color:#0038a8;\"><img src=\"https:\/\/each.international\/wp-content\/uploads\/2022\/07\/organisation-4-3.png\" \/><\/div>\n            <div class=\"icon-block-text\">\n                <h3>Join the rEACH Committee<\/h3>\n                <p>Join the rEACH Committee:<\/p>\n<p>If you are currently an EACH member, contact the rEACH Chair, <a href=\"https:\/\/each.international\/de\/members\/ewatson\/\"><strong>Evelyn Watson<\/strong><\/a>, for more information about the rEACH committee and how to join\u2019<\/p>\n                <a href=\"https:\/\/each.international\/de\/members\/apapageorgiou\/\" class=\"button\">Treten Sie dem Ausschuss bei<\/a>            <\/div>\n        <\/div>\n        \n            \n        <div class=\"icon-block\">\n            <div class=\"icon-block-image\" style=\"background-color:#0038a8;\"><img src=\"https:\/\/each.international\/wp-content\/uploads\/2022\/07\/organisation-4-3.png\" \/><\/div>\n            <div class=\"icon-block-text\">\n                <h3>Sign up for EACH membership<\/h3>\n                <p>Verpassen Sie nicht die Vorteile, die JEDES zu bieten hat. Als EACH-Mitglied k\u00f6nnen Sie die hilfreichen EACH-Tools und -Ressourcen nutzen und erhalten besonderen Zugang zu Kursen und Veranstaltungen.<\/p>\n                <a href=\"https:\/\/each.international\/de\/membership\/\" class=\"button\">Melden Sie sich f\u00fcr eine Mitgliedschaft an<\/a>            <\/div>\n        <\/div>\n        \n        \n<\/div>\n<style type=\"text\/css\">\n    #iconblock-block_b3ea0b76753c2e64e01f628d147551ed {\n        background: ;\n        color: ;\n    }\n<\/style>","protected":false},"excerpt":{"rendered":"<p>rEACH Core committee Evelyn Watson Chair India Pinker Co-chair What rEACH offers Over the years, we have worked to realise the goals of rEACH through:&hellip;<\/p>","protected":false},"author":996,"featured_media":0,"parent":0,"menu_order":0,"comment_status":"closed","ping_status":"open","template":"page-basic-full-width.php","meta":{"_acf_changed":false,"footnotes":""},"class_list":["post-4262","page","type-page","status-publish","hentry"],"acf":[],"_links":{"self":[{"href":"https:\/\/each.international\/de\/wp-json\/wp\/v2\/pages\/4262","targetHints":{"allow":["GET"]}}],"collection":[{"href":"https:\/\/each.international\/de\/wp-json\/wp\/v2\/pages"}],"about":[{"href":"https:\/\/each.international\/de\/wp-json\/wp\/v2\/types\/page"}],"author":[{"embeddable":true,"href":"https:\/\/each.international\/de\/wp-json\/wp\/v2\/users\/996"}],"replies":[{"embeddable":true,"href":"https:\/\/each.international\/de\/wp-json\/wp\/v2\/comments?post=4262"}],"version-history":[{"count":13,"href":"https:\/\/each.international\/de\/wp-json\/wp\/v2\/pages\/4262\/revisions"}],"predecessor-version":[{"id":22248,"href":"https:\/\/each.international\/de\/wp-json\/wp\/v2\/pages\/4262\/revisions\/22248"}],"wp:attachment":[{"href":"https:\/\/each.international\/de\/wp-json\/wp\/v2\/media?parent=4262"}],"curies":[{"name":"wp","href":"https:\/\/api.w.org\/{rel}","templated":true}]}}