{"id":4260,"date":"2014-06-24T06:57:38","date_gmt":"2014-06-24T05:57:38","guid":{"rendered":"http:\/\/www.each.eu\/?page_id=5"},"modified":"2024-12-17T13:06:47","modified_gmt":"2024-12-17T13:06:47","slug":"about-us","status":"publish","type":"page","link":"https:\/\/each.international\/de\/about-us\/","title":{"rendered":"\u00dcber jeden"},"content":{"rendered":"<div class=\"wp-block-media-text alignfull has-media-on-the-right is-stacked-on-mobile is-vertically-aligned-top about-gap\" style=\"grid-template-columns:auto 30%\"><div class=\"wp-block-media-text__content\">\n<h2 class=\"wp-block-heading\">Was macht JEDER?<\/h2>\n\n\n\n<p>EACH entwickelt, f\u00f6rdert und lehrt weltweit wirksame Gesundheitskommunikation durch:<\/p>\n\n\n\n<ul class=\"wp-block-list tick-list\">\n<li><a href=\"https:\/\/each.international\/de\/organisation\/networking\/\">Ein aktives globales Netzwerk<\/a>&nbsp;von Forschern, Lehrern und Praktikern, die sich f\u00fcr die Verbesserung der Patientenerfahrung einsetzen.<\/li>\n\n\n\n<li><a href=\"https:\/\/each.international\/de\/research\/\">Forschung<\/a>&nbsp;Und&nbsp;<a href=\"https:\/\/each.international\/de\/teaching\/\">Lehren<\/a>&nbsp;Verbesserung der Gesundheitskommunikation und der Gesundheitsergebnisse der \u00d6ffentlichkeit.<\/li>\n\n\n\n<li>Streben nach Einflussnahme&nbsp;<a href=\"https:\/\/each.international\/de\/practice\/\">politische Entscheidungstr\u00e4ger und nicht-akademische Interessengruppen<\/a>&nbsp;Damit eine wirksame Gesundheitskommunikation \u00fcberall in das System der Gesundheitsversorgung integriert werden kann<\/li>\n\n\n\n<li><a href=\"https:\/\/each.international\/de\/resources\/\">Wissensaustausch<\/a>&nbsp;um die Verbreitung von Lehr- und Forschungsprodukten innerhalb der Gesundheitsgemeinschaft zu erm\u00f6glichen.<\/li>\n\n\n\n<li><a href=\"https:\/\/each.international\/de\/projects\/\">Best-Practice-Austausch<\/a>&nbsp;die sich \u00e4ndernden Bed\u00fcrfnisse der Gesundheitsversorgung und eines personenzentrierten Ansatzes aktiv aufzuzeigen.<\/li>\n<\/ul>\n<\/div><figure class=\"wp-block-media-text__media\"><img loading=\"lazy\" width=\"803\" height=\"1025\" src=\"https:\/\/each.international\/wp-content\/uploads\/2022\/07\/abt-each.png\" alt=\"\" class=\"wp-image-17349 size-full\" srcset=\"https:\/\/each.international\/wp-content\/uploads\/2022\/07\/abt-each.png 803w, https:\/\/each.international\/wp-content\/uploads\/2022\/07\/abt-each-235x300.png 235w, https:\/\/each.international\/wp-content\/uploads\/2022\/07\/abt-each-768x980.png 768w, https:\/\/each.international\/wp-content\/uploads\/2022\/07\/abt-each-624x797.png 624w\" sizes=\"auto, (max-width: 803px) 100vw, 803px\" \/><\/figure><\/div>\n\n\n\n<div class=\"wp-block-group alignfull has-white-color has-text-color has-background has-link-color wp-elements-90908dd53d711d933bd569a6d3cba8a3\" style=\"background-color:#64215d\"><div class=\"wp-block-group__inner-container is-layout-constrained wp-block-group-is-layout-constrained\">\n<h2 class=\"wp-block-heading has-white-color has-text-color has-link-color wp-elements-f44d9a389e3d317035f07e2097733ff0\">Wie macht das JEDER?<\/h2>\n\n\n\n<p>JEDES Mitglied teilt sein Fachwissen in der Gesundheitskommunikation untereinander und mit der breiteren Gemeinschaft durch zahlreiche laufende Gelegenheiten, darunter:<\/p>\n\n\n\n<ul class=\"wp-block-list tick-list white-tick\">\n<li><a href=\"https:\/\/each.international\/de\/eachevents\/conferences\/\">J\u00e4hrliche internationale Konferenzen<\/a>&nbsp;zur Gesundheitskommunikation, die die Gemeinschaft von Forschern, P\u00e4dagogen, Praktikern und politischen Entscheidungstr\u00e4gern zusammenbringt.<\/li>\n\n\n\n<li><a href=\"https:\/\/each.international\/de\/eachevents\/courses\/\">Workshops und Kurse<\/a>&nbsp;Der Schwerpunkt liegt auf Best Practices in der Gesundheitskommunikationsforschung und -ausbildung.<\/li>\n\n\n\n<li>Aktiv online und pers\u00f6nlich&nbsp;<a href=\"https:\/\/each.international\/de\/members-area\/\">Netzwerke von Lernenden und Fachleuten<\/a>, basierend auf gemeinsamen L\u00e4ndern, Sprachen oder Interessen.<\/li>\n\n\n\n<li>Eine Datenbank von&nbsp;<a href=\"https:\/\/each.international\/de\/resources\/\">gemeinsame Ressourcen und Tools<\/a>&nbsp;entwickelt und\/oder kuratiert von wichtigen Experten auf diesem Gebiet, exklusiv f\u00fcr Mitglieder verf\u00fcgbar.<\/li>\n\n\n\n<li>Direkte Verbindungen mit&nbsp;<a href=\"https:\/\/www.sciencedirect.com\/science\/article\/abs\/pii\/S0738399101001252\" target=\"_blank\" rel=\"noreferrer noopener\">Patientenaufkl\u00e4rung und -beratung<\/a>, die f\u00fchrende Fachzeitschrift f\u00fcr Wissenschaft in der Gesundheitskommunikation.<\/li>\n\n\n\n<li>F\u00f6rderung von Best Practices durch Zusammenarbeit mit&nbsp;<a href=\"https:\/\/each.international\/de\/groups\/\">nationale und internationale Organisationen und Netzwerke<\/a>&nbsp;mit \u00e4hnlichen Zielen.<\/li>\n<\/ul>\n\n\n\n<p>Einige Aktivit\u00e4ten generieren Einnahmen f\u00fcr JEDEN, die zum Wohle unserer Gemeinschaft in andere Aktivit\u00e4ten reinvestiert werden. Dar\u00fcber hinaus tragen Spenden und Sachleistungen dazu bei, dass wir international weiterhin Verbesserungen in der Gesundheitskommunikation weiterentwickeln und unterst\u00fctzen.<\/p>\n<\/div><\/div>\n\n\n\n<h2 class=\"wp-block-heading\">Warum JEDER wichtig ist<\/h2>\n\n\n\n<p>Zahlreiche Belege belegen, dass effektive Kommunikation f\u00fcr eine qualitativ hochwertige klinische Praxis unerl\u00e4sslich ist und zu Folgendem f\u00fchrt:<\/p>\n\n\n\n<ul class=\"wp-block-list\">\n<li>Individuelle Pflege, die die Autonomie des Patienten respektiert<\/li>\n\n\n\n<li>Sicherere und effektivere Gesundheitsversorgung<\/li>\n\n\n\n<li>Verbesserte Krankheitsergebnisse<\/li>\n\n\n\n<li>Zufriedenste und autonome Patienten<\/li>\n\n\n\n<li>Effizientere Dienstleistungen<\/li>\n\n\n\n<li>Kosteng\u00fcnstigere Pflege<\/li>\n<\/ul>\n\n\n\n<p>Es gibt auch Belege daf\u00fcr, dass eine effektivere Kommunikation im Gesundheitswesen m\u00f6glich ist:<\/p>\n\n\n\n<ul class=\"wp-block-list\">\n<li>Wird jedem Gesundheitsdienstleister beigebracht<\/li>\n\n\n\n<li>In der t\u00e4glichen Praxis umgesetzt<\/li>\n<\/ul>\n\n\n\n<p>\u00dcber 30 Jahre Forschung zur Gesundheitskommunikation haben jedoch auch gezeigt, dass es anhaltende Probleme in der Gesundheitskommunikation gibt, die sich negativ auf Patienten, Familien und Anbieter auswirken. Patienten und Familien haben h\u00e4ufig das Gef\u00fchl, dass sie nicht unterst\u00fctzt, nicht geh\u00f6rt oder verstanden werden; Sie werden nicht als Partner in ihre medizinischen Entscheidungen einbezogen.<\/p>\n\n\n\n<p>Als Reaktion darauf unterst\u00fctzt EACH die aktive Entwicklung neuer, effektiverer Kommunikationswege im Gesundheitswesen, um eine gleichberechtigtere, st\u00e4rkere und produktivere Beziehung zwischen allen Parteien zu schaffen.<\/p>\n\n\n\n<div class=\"wp-block-group alignfull has-white-color has-text-color has-background has-link-color wp-elements-914b4c7dd21c48a68bc32757f75085ce\" style=\"background-color:#f08b33\"><div class=\"wp-block-group__inner-container is-layout-constrained wp-block-group-is-layout-constrained\">\n<h2 class=\"wp-block-heading has-white-color has-text-color has-link-color wp-elements-e43c24e841eba2320d334fbacb1e6b0d\">Wo JEDER begann<\/h2>\n\n\n\n<p>EACH wurde im September 2001 von Prof. Dr. offiziell als europ\u00e4ische Organisation gegr\u00fcndet. Jozien Bensing und Prof.dr. Sandra van Dulmen vom NIVEL (Niederl\u00e4ndisches Institut f\u00fcr Gesundheitsforschung) in Zusammenarbeit mit Forschern, medizinischen Ausbildern und Praktikern aus acht europ\u00e4ischen L\u00e4ndern.<\/p>\n\n\n\n<p>Ziel war es, eine multidisziplin\u00e4re Gemeinschaft f\u00fcr Menschen zu schaffen, die in der Kommunikationsforschung und -ausbildung t\u00e4tig sind. Sie wurde als gemeinn\u00fctzige Organisation \u00f6ffentlich ins Leben gerufen und 2014 in eine Wohlt\u00e4tigkeitsorganisation umgewandelt, die sie bis heute besteht.<\/p>\n<\/div><\/div>\n\n\n\n<h2 class=\"wp-block-heading has-text-align-center\">Ehemalige Pr\u00e4sidenten von JEDEM<\/h2>\n\n\n\n<p class=\"has-text-align-center\">2022-2024 Lorraine Noble<\/p>\n\n\n\n<p class=\"has-text-align-center\">2020-2022 Marcy Rosenbaum<\/p>\n\n\n\n<p class=\"has-text-align-center\">2018-2020 Sara Rubinelli<\/p>\n\n\n\n<p class=\"has-text-align-center\">2016\u20132018 Evelyn van Weel-Baumgarten<\/p>\n\n\n\n<p class=\"has-text-align-center\">2014\u20132016 Jonathan Silverman<\/p>\n\n\n\n<p class=\"has-text-align-center\">2012\u20132014 Myriam Deveugele<\/p>\n\n\n\n<p class=\"has-text-align-center\">2010\u20132012 Peter Salmon<\/p>\n\n\n\n<p class=\"has-text-align-center\">2006\u20132010 Wolf Langewitz<\/p>\n\n\n\n<p class=\"has-text-align-center\">2004-2006 Arnstein Finset<\/p>\n\n\n\n<p class=\"has-text-align-center\">2001\u20132004 Jozien Bensing<\/p>","protected":false},"excerpt":{"rendered":"<p>How EACH does it? EACH members share their expertise in healthcare communication with each other and the broader community through many ongoing opportunities including: Some&hellip;<\/p>","protected":false},"author":996,"featured_media":0,"parent":0,"menu_order":0,"comment_status":"closed","ping_status":"open","template":"page-basic-full-width.php","meta":{"_acf_changed":false,"footnotes":""},"class_list":["post-4260","page","type-page","status-publish","hentry"],"acf":[],"_links":{"self":[{"href":"https:\/\/each.international\/de\/wp-json\/wp\/v2\/pages\/4260","targetHints":{"allow":["GET"]}}],"collection":[{"href":"https:\/\/each.international\/de\/wp-json\/wp\/v2\/pages"}],"about":[{"href":"https:\/\/each.international\/de\/wp-json\/wp\/v2\/types\/page"}],"author":[{"embeddable":true,"href":"https:\/\/each.international\/de\/wp-json\/wp\/v2\/users\/996"}],"replies":[{"embeddable":true,"href":"https:\/\/each.international\/de\/wp-json\/wp\/v2\/comments?post=4260"}],"version-history":[{"count":2,"href":"https:\/\/each.international\/de\/wp-json\/wp\/v2\/pages\/4260\/revisions"}],"predecessor-version":[{"id":22001,"href":"https:\/\/each.international\/de\/wp-json\/wp\/v2\/pages\/4260\/revisions\/22001"}],"wp:attachment":[{"href":"https:\/\/each.international\/de\/wp-json\/wp\/v2\/media?parent=4260"}],"curies":[{"name":"wp","href":"https:\/\/api.w.org\/{rel}","templated":true}]}}