{"id":3937,"date":"2016-03-02T15:23:23","date_gmt":"2016-03-02T15:23:23","guid":{"rendered":"http:\/\/www.each.eu\/?page_id=3937"},"modified":"2026-03-23T12:35:16","modified_gmt":"2026-03-23T12:35:16","slug":"improv","status":"publish","type":"page","link":"https:\/\/each.international\/de\/organisation\/sigs\/improv\/","title":{"rendered":"Verbesserung der Ausbildung von Gesundheitsberufen"},"content":{"rendered":"<p>Die Improv SIG ist eine einladende Gruppe f\u00fcr alle, die sich f\u00fcr angewandte Improvisation interessieren. Diese SIG strebt danach, die Grundwerte des Improvisierens zu w\u00fcrdigen \u2013 pr\u00e4sent zu sein, als Teil eines Teams zu spielen, sich f\u00fcr andere einzusetzen und gemeinsam etwas zu erschaffen. Wir hoffen, eine lebendige Gemeinschaft zu schaffen, die in einer Kultur des gegenseitigen Respekts, der Unterst\u00fctzung und der Zusammenarbeit verwurzelt ist.<\/p>\n\n\n\n<p>Die SIG wird sich auch auf die F\u00f6rderung der Improvisationsforschung in der Ausbildung von Gesundheitsberufen konzentrieren. Wir hoffen, in diesem einzigartigen Raum brillante K\u00f6pfe, unterst\u00fctzende Geister und Leidenschaften zusammenzubringen, um Ressourcen zu kuratieren, uns zu vernetzen und mit anderen Mitgliedern weltweit zusammenzuarbeiten, um qualitativ hochwertige Forschung zu produzieren.<\/p>\n\n\n\n<p>Wir werden ein Raum f\u00fcr den Wissensaustausch sein, der individuelles und kollektives Lernen und Fortschritt erm\u00f6glicht.<\/p>\n\n\n\n<p>Willkommen.<\/p>\n\n\n\n<h2 class=\"wp-block-heading has-text-align-center\">Wir sind\u2026<\/h2>\n\n\n\n<p>\u2026 eine Gruppe von P\u00e4dagogen und Forschern, die Techniken des Improvisationstheaters nutzen, um grundlegende F\u00e4higkeiten im Gesundheitswesen zu vermitteln.<\/p>\n\n\n\n<p>Im Gesundheitskommunikationstraining werden Improvisationstechniken eingesetzt, um F\u00e4higkeiten im Zusammenhang mit Empathie, Kommunikation, Teamarbeit und Belastbarkeit zu vermitteln. Diese Arbeit begann mit Viola Spolin in den Vereinigten Staaten und hat durch Keith Johnstones Impro ihre Wurzeln im Vereinigten K\u00f6nigreich. Improvisation basiert auf dem Konzept, dass wir uns besser miteinander verbinden k\u00f6nnen, wenn wir lernen, genau zuzuh\u00f6ren und auf eine Weise zu reagieren, die das Leben von uns selbst und anderen bereichert. Medizinische Improvisation ist in den Vereinigten Staaten und in anderen L\u00e4ndern ein wachsendes Feld. Wir m\u00f6chten eine Gemeinschaft schaffen, um Praktiker zusammenzubringen. Durch die Schaffung von R\u00e4umen und Mechanismen zum Austausch von Ideen, Erkenntnissen und Erfahrungen k\u00f6nnen wir das Feld mit einer Vielfalt an Perspektiven voranbringen.<\/p>\n\n\n\n<p>In dieser SIG finden Kommunikationslehrer, Lehrplangestalter und Forscher einen Raum, um Ideen dar\u00fcber auszutauschen, wie sie Improvisation und andere Theatermethoden in ihre eigene Arbeit integrieren k\u00f6nnen. Diese Methoden haben gro\u00dfes Potenzial, uns bei der Bew\u00e4ltigung einiger hartn\u00e4ckiger Probleme im Gesundheitswesen zu helfen. Dazu geh\u00f6ren fest verwurzelte Hierarchien, Starrheit und Trennung zwischen \u00c4rzten, Patienten und Familien.<\/p>\n\n\n\n<h2 class=\"wp-block-heading\">Offiziere<\/h2>\n\n\n\n<div class=\"wp-block-columns is-layout-flex wp-container-core-columns-is-layout-9d6595d7 wp-block-columns-is-layout-flex\">\n<div class=\"wp-block-column is-layout-flow wp-block-column-is-layout-flow\">\n<div class=\"wp-block-media-text is-stacked-on-mobile\" style=\"grid-template-columns:20% auto\"><figure class=\"wp-block-media-text__media\"><img src=\"https:\/\/each.international\/wp-content\/uploads\/2024\/09\/1697830453-bpfull.jpg\" alt=\"\" class=\"wp-image-21271 size-full\"\/><\/figure><div class=\"wp-block-media-text__content\">\n<p><a href=\"https:\/\/each.international\/de\/members\/aladisa\/profile\/\">Anne Graff LaDisa<\/a><\/p>\n<\/div><\/div>\n<\/div>\n\n\n\n<div class=\"wp-block-column is-layout-flow wp-block-column-is-layout-flow\">\n<div class=\"wp-block-media-text is-stacked-on-mobile\" style=\"grid-template-columns:20% auto\"><figure class=\"wp-block-media-text__media\"><img loading=\"lazy\" width=\"300\" height=\"300\" src=\"https:\/\/each.international\/wp-content\/uploads\/2021\/02\/photoSarahShepherd.jpg\" alt=\"Sarah Shepherd\" class=\"wp-image-14788 size-full\" srcset=\"https:\/\/each.international\/wp-content\/uploads\/2021\/02\/photoSarahShepherd.jpg 300w, https:\/\/each.international\/wp-content\/uploads\/2021\/02\/photoSarahShepherd-150x150.jpg 150w, https:\/\/each.international\/wp-content\/uploads\/2021\/02\/photoSarahShepherd-200x200.jpg 200w\" sizes=\"auto, (max-width: 300px) 100vw, 300px\" \/><\/figure><div class=\"wp-block-media-text__content\">\n<p><a href=\"https:\/\/each.international\/de\/members\/sshepherd\/profile\/\">Sarah Shepherd<\/a><\/p>\n<\/div><\/div>\n<\/div>\n<\/div>\n\n\n\n<div class=\"wp-block-columns is-layout-flex wp-container-core-columns-is-layout-9d6595d7 wp-block-columns-is-layout-flex\">\n<div class=\"wp-block-column is-layout-flow wp-block-column-is-layout-flow\">\n<div class=\"wp-block-media-text is-stacked-on-mobile\" style=\"grid-template-columns:20% auto\"><figure class=\"wp-block-media-text__media\"><img src=\"https:\/\/each.international\/wp-content\/uploads\/2024\/09\/4c1ed4f87a685ad9711f71a96ffd7250.png\" alt=\"\" class=\"wp-image-21270 size-full\"\/><\/figure><div class=\"wp-block-media-text__content\">\n<p>&nbsp;<a href=\"https:\/\/each.international\/de\/members\/shanson\/profile\/\">Shannon Hanson<\/a><\/p>\n<\/div><\/div>\n<\/div>\n\n\n\n<div class=\"wp-block-column is-layout-flow wp-block-column-is-layout-flow\">\n<div class=\"wp-block-media-text is-stacked-on-mobile\" style=\"grid-template-columns:20% auto\"><figure class=\"wp-block-media-text__media\"><img src=\"https:\/\/each.international\/wp-content\/uploads\/2024\/09\/1695056767-bpfull.jpg\" alt=\"\" class=\"wp-image-21272 size-full\"\/><\/figure><div class=\"wp-block-media-text__content\">\n<p>&nbsp;<a href=\"https:\/\/each.international\/de\/members\/azelenski\/profile\/\">Amy Zelenski<\/a><\/p>\n<\/div><\/div>\n<\/div>\n<\/div>\n\n\n\n<div class=\"wp-block-columns is-layout-flex wp-container-core-columns-is-layout-9d6595d7 wp-block-columns-is-layout-flex\">\n<div class=\"wp-block-column is-layout-flow wp-block-column-is-layout-flow\">\n<div class=\"wp-block-media-text is-stacked-on-mobile\" style=\"grid-template-columns:20% auto\"><figure class=\"wp-block-media-text__media\"><img src=\"https:\/\/each.international\/wp-content\/uploads\/2024\/09\/1697914882-bpfull.jpg\" alt=\"\" class=\"wp-image-21273 size-full\"\/><\/figure><div class=\"wp-block-media-text__content\">\n<p><a href=\"https:\/\/each.international\/de\/members\/amehta\/profile\/\">Ankit Mehta<\/a><\/p>\n<\/div><\/div>\n<\/div>\n\n\n\n<div class=\"wp-block-column is-layout-flow wp-block-column-is-layout-flow\"><\/div>\n<\/div>\n\n\n\n<h2 class=\"wp-block-heading has-text-align-center\">Unser Plan<\/h2>\n\n\n\n<p>Die Improv in Health Professions Education SIG bietet Gemeinschaft f\u00fcr diejenigen, die Improvisationstheatertechniken in der Ausbildung von Gesundheitsfachkr\u00e4ften einsetzen. Wir hoffen, Kooperationen in Forschung und Lehre anzusto\u00dfen. Wir planen, Webinare zum Thema \u201eImprovisation in der Ausbildung von Gesundheitsberufen\u201c anzubieten und die Auswirkungen eines solchen Lehrplans zu untersuchen.<\/p>\n\n\n\n<p><strong>Zu unseren ersten Zielen geh\u00f6ren:<\/strong>:<br>1. Organisieren Sie Treffen der SIG w\u00e4hrend der j\u00e4hrlichen ICCH-Treffen.<br>2. Erleichterung der Forschungs- und Lehrkooperationen zwischen SIG-Mitgliedern.<br>3. Sammeln Sie Informationen \u00fcber die Bed\u00fcrfnisse der Gemeinschaft.<\/p>\n\n\n\n<p><strong><u>2023<\/u><\/strong><br>Durchf\u00fchrung des ersten pers\u00f6nlichen Treffens der SIG w\u00e4hrend der ICCH-Konferenz in Puerto Rico. Bei diesem Treffen werden wir Kontaktinformationen sammeln, um ein Verzeichnis und einen E-Mail-Listenserver zu erstellen.<\/p>\n\n\n\n<p><strong><u>2024<\/u><\/strong><br>Pers\u00f6nliches Treffen w\u00e4hrend der ICCH-Konferenz.<br>Bieten Sie ein Webinar an: Wie wir Improvisation in der Ausbildung von Gesundheitsberufen nutzen. Befragen Sie SIG-Mitglieder, um die Bed\u00fcrfnisse\/W\u00fcnsche der Gruppe zu verstehen. Richten Sie eine Mentoring-Struktur ein.<\/p>\n\n\n\n<p><strong><u>2025<\/u><\/strong><br>Verfolgen Sie die Mentoring-Struktur und erstellen Sie eine Liste gemeinsamer Projekte w\u00e4hrend des pers\u00f6nlichen SIG-Treffens am ICCH.<br>Bieten Sie ein Webinar an: So untersuchen wir die Wirkung von Improvisation in der Ausbildung von Gesundheitsberufen.<\/p>\n\n\n\n<hr class=\"wp-block-separator has-alpha-channel-opacity\"\/>\n\n\n\n<h2 class=\"wp-block-heading\"><strong>Upcoming Webinars&#8230;<\/strong><\/h2>\n\n\n\n<p><strong>Watch this space!<\/strong><\/p>\n\n\n\n<p><\/p>\n\n\n\n<hr class=\"wp-block-separator has-alpha-channel-opacity\"\/>\n\n\n\n<h2 class=\"wp-block-heading has-text-align-center\">Videos<\/h2>\n\n\n\n<figure class=\"wp-block-embed is-type-video is-provider-vimeo wp-block-embed-vimeo wp-embed-aspect-16-9 wp-has-aspect-ratio\"><div class=\"wp-block-embed__wrapper\">\n<iframe loading=\"lazy\" title=\"Improv SIG Lets Have Fun! Webinar - 2 March 2026\" src=\"https:\/\/player.vimeo.com\/video\/1176157614?dnt=1&amp;app_id=122963\" width=\"640\" height=\"360\" frameborder=\"0\" allow=\"autoplay; fullscreen; picture-in-picture; clipboard-write; encrypted-media; web-share\" referrerpolicy=\"strict-origin-when-cross-origin\"><\/iframe>\n<\/div><figcaption class=\"wp-element-caption\">Improv SIG Lets Have Some Fun! Webinar &#8211; 2 March 2026<\/figcaption><\/figure>\n\n\n\n<div class=\"wp-block-columns is-layout-flex wp-container-core-columns-is-layout-9d6595d7 wp-block-columns-is-layout-flex\">\n<div class=\"wp-block-column is-layout-flow wp-block-column-is-layout-flow\">\n<figure class=\"wp-block-embed is-type-video is-provider-vimeo wp-block-embed-vimeo wp-embed-aspect-16-9 wp-has-aspect-ratio\"><div class=\"wp-block-embed__wrapper\">\n<iframe loading=\"lazy\" title=\"Improv SIG  - Medical Improv\" src=\"https:\/\/player.vimeo.com\/video\/1060408927?dnt=1&amp;app_id=122963\" width=\"640\" height=\"360\" frameborder=\"0\" allow=\"autoplay; fullscreen; picture-in-picture; clipboard-write; encrypted-media; web-share\" referrerpolicy=\"strict-origin-when-cross-origin\"><\/iframe>\n<\/div><figcaption class=\"wp-element-caption\"><em>Wellness<\/em> &#8211; <em><a href=\"https:\/\/forms.gle\/u7fr8VD2grCNRg458\">Bewertungsbogen<\/a><\/em><\/figcaption><\/figure>\n<\/div>\n\n\n\n<div class=\"wp-block-column is-layout-flow wp-block-column-is-layout-flow\">\n<figure class=\"wp-block-embed is-type-video is-provider-vimeo wp-block-embed-vimeo wp-embed-aspect-16-9 wp-has-aspect-ratio\"><div class=\"wp-block-embed__wrapper\">\n<iframe loading=\"lazy\" title=\"Improv SIG - From small steps to big impact\" src=\"https:\/\/player.vimeo.com\/video\/1026078160?dnt=1&amp;app_id=122963\" width=\"640\" height=\"361\" frameborder=\"0\" allow=\"autoplay; fullscreen; picture-in-picture; clipboard-write; encrypted-media; web-share\" referrerpolicy=\"strict-origin-when-cross-origin\"><\/iframe>\n<\/div><figcaption class=\"wp-element-caption\"><em>From Small Steps to Big Impact: Lessons Learned from Building Healthcare Improv Programs<\/em><\/figcaption><\/figure>\n<\/div>\n<\/div>\n\n\n\n<h2 class=\"wp-block-heading has-text-align-center\">Erfahren Sie mehr \u00fcber angewandte Improvisation<\/h2>\n\n\n\n<p><strong>Watson K.<\/strong>&nbsp;<em>Perspektive: Serious Play: Vermittlung medizinischer F\u00e4higkeiten mit Techniken des Improvisationstheaters.<\/em>&nbsp;Acad Med. 2011;86(10):1260\u20135.<\/p>\n\n\n\n<p><strong>Watson K, Fu B.<\/strong>&nbsp;<em>Medizinische Improvisation: ein neuartiger Ansatz f\u00fcr Kommunikations- und Professionalit\u00e4tstraining.<\/em>&nbsp;Ann Intern Med. 2016;165: 591\u20132.<\/p>\n\n\n\n<p><strong>Kaplan-Liss E, Lantz-Gefroh V, Bass E, Killebrew D, Ponzio NM, Savi C, et al.<\/strong>&nbsp;<em>Medizinstudenten beibringen, durch Improvisation einf\u00fchlsam und klar zu kommunizieren.<\/em>&nbsp;Acad Med 2018;93(3):440\u20133.<\/p>\n\n\n\n<p><strong>Hoffmann-Longtin K, Rossing JP, Weinstein E.<\/strong>&nbsp;<em>Zw\u00f6lf Tipps f\u00fcr den Einsatz angewandter Improvisation in der medizinischen Ausbildung.&nbsp;<\/em>Med Teach 2018;40(4):351\u20136.<\/p>\n\n\n\n<p><strong>Fu B.<\/strong>&nbsp;<em>Gemeinsamkeiten: Rahmenbedingungen f\u00fcr die Vermittlung von Improvisationsf\u00e4higkeiten in der medizinischen Ausbildung.<\/em>&nbsp;Teach Learn Med 2019;31(3):342\u201355.<\/p>\n\n\n\n<p><strong>Gao L, Peranson J, Nyhof-Young J, Kapoor E, Rezmovitz J.<\/strong>&nbsp;<em>Die Rolle der \u201eImprovisation\u201c beim Lernen von Gesundheitsfachkr\u00e4ften: eine Scoping-\u00dcberpr\u00fcfung.<\/em>&nbsp;Med. Lehren. 2019;41(5):561\u2013568. doi:10.1080\/0142159X.2018. 1505033<\/p>\n\n\n\n<p><strong>Zelenski AB, Saldivar N, Park LS, Schoenleber V, Osman F, Kraemer S<\/strong>.&nbsp;<em>Interprofessionelle Improvisation: Mit Theatertechniken Empathie f\u00fcr Studierende aus Gesundheitsberufen im Team erlernen<\/em>. Acad Med 2020;95(8):1210\u20134.<\/p>\n\n\n\n<p><strong>Felsman P, Gunawardena S, Seifert CM.<\/strong>&nbsp;<em>Improvisationserfahrung f\u00f6rdert divergentes Denken, Unsicherheitstoleranz und affektives Wohlbefinden.<\/em>&nbsp;Denken Sie an die Schaffung von F\u00e4higkeiten. 2020;35:1871.<\/p>\n\n\n\n<p><strong>Mehta A, Fu B, Chou E, Mitchell S, Fessell D.<\/strong>&nbsp;<em>Improvisation: \u00c4rzte und Medizin ver\u00e4ndern<\/em>. Med Sci Educ. 2020;31(1):263\u2013266. doi:10.1007\/s40670-020-01174-<\/p>\n\n\n\n<p><strong>Chan C, Chou E, La Disa A, Mehta A, Zelenski A, Longtin K.<\/strong>&nbsp;<em>Verwendung der Nominalgruppentechnik zur Bestimmung von F\u00e4higkeiten, die Lernenden in der Ausbildung von Gesundheitsberufen durch angewandte Improvisation vermittelt werden k\u00f6nnen.<\/em>&nbsp;PEC Innovation, Band 3, 2023,100194.<\/p>","protected":false},"excerpt":{"rendered":"<p>The Improv SIG is a welcoming group for anyone interested in applied improv. This SIG aspires to honor the core values of improv \u2013 to&hellip;<\/p>","protected":false},"author":996,"featured_media":0,"parent":5419,"menu_order":0,"comment_status":"closed","ping_status":"open","template":"page-basic-header.php","meta":{"_acf_changed":false,"footnotes":""},"class_list":["post-3937","page","type-page","status-publish","hentry"],"acf":[],"_links":{"self":[{"href":"https:\/\/each.international\/de\/wp-json\/wp\/v2\/pages\/3937","targetHints":{"allow":["GET"]}}],"collection":[{"href":"https:\/\/each.international\/de\/wp-json\/wp\/v2\/pages"}],"about":[{"href":"https:\/\/each.international\/de\/wp-json\/wp\/v2\/types\/page"}],"author":[{"embeddable":true,"href":"https:\/\/each.international\/de\/wp-json\/wp\/v2\/users\/996"}],"replies":[{"embeddable":true,"href":"https:\/\/each.international\/de\/wp-json\/wp\/v2\/comments?post=3937"}],"version-history":[{"count":20,"href":"https:\/\/each.international\/de\/wp-json\/wp\/v2\/pages\/3937\/revisions"}],"predecessor-version":[{"id":23344,"href":"https:\/\/each.international\/de\/wp-json\/wp\/v2\/pages\/3937\/revisions\/23344"}],"up":[{"embeddable":true,"href":"https:\/\/each.international\/de\/wp-json\/wp\/v2\/pages\/5419"}],"wp:attachment":[{"href":"https:\/\/each.international\/de\/wp-json\/wp\/v2\/media?parent=3937"}],"curies":[{"name":"wp","href":"https:\/\/api.w.org\/{rel}","templated":true}]}}