{"id":3212,"date":"2015-09-18T11:04:28","date_gmt":"2015-09-18T10:04:28","guid":{"rendered":"http:\/\/www.each.eu\/?page_id=3212"},"modified":"2024-09-27T12:28:20","modified_gmt":"2024-09-27T11:28:20","slug":"step-1","status":"publish","type":"page","link":"https:\/\/each.international\/de\/organisation\/networking\/step-1\/","title":{"rendered":"Schritt 1"},"content":{"rendered":"<h2 class=\"wp-block-heading\">Definiere das <em>Zweck<\/em> des Netzwerks<\/h2>\n\n\n\n<div class=\"wp-block-image\"><figure class=\"alignright size-large\"><a href=\"https:\/\/each.international\/wp-content\/uploads\/2021\/01\/1a.png\"><img loading=\"lazy\" width=\"300\" height=\"175\" src=\"https:\/\/each.international\/wp-content\/uploads\/2021\/01\/1a.png\" alt=\"\" class=\"wp-image-14165\"\/><\/a><\/figure><\/div>\n\n\n\n<p>Es entstehen Netzwerke und Mitglieder kommen zusammen, weil sie ein gemeinsames Ziel verfolgen, das sie zur Zusammenarbeit motiviert. Dieses Zielbewusstsein muss gruppenintern und nicht aufgezwungen sein und kann sich im Laufe der Zeit durchaus \u00e4ndern oder weiterentwickeln. Mitglieder m\u00fcssen sich zugeh\u00f6rig f\u00fchlen und genau wissen, warum das Netzwerk existiert. Diese Zielstrebigkeit muss die kurzfristigen Kosten f\u00fcr das Engagement der Mitglieder \u00fcberwiegen.<\/p>\n\n\n\n<p>Der Zweck ist daher von entscheidender Bedeutung: Er stellt die Ziele und Ziele des Netzwerks dar und erm\u00f6glicht eine Bewertung des Fortschritts und der Entwicklung des Netzwerks im Laufe der Zeit.<\/p>\n\n\n\n<div class=\"wp-block-image\"><figure class=\"alignleft size-large\"><a href=\"https:\/\/each.international\/wp-content\/uploads\/2021\/01\/1b.png\"><img loading=\"lazy\" width=\"225\" height=\"175\" src=\"https:\/\/each.international\/wp-content\/uploads\/2021\/01\/1b.png\" alt=\"\" class=\"wp-image-14166\"\/><\/a><\/figure><\/div>\n\n\n\n<p>Es gibt zwei m\u00f6gliche Arten gemeinsamer Zwecke. Das erste ist die Unterst\u00fctzung. Hier schlie\u00dfen sich die Mitglieder dem Netzwerk in erster Linie an, um Unterst\u00fctzung zu erhalten und in ihrer individuellen Arbeit wirksam zu werden. Die zweite ist die Agentur. Hier koordinieren die Mitglieder ihre Bem\u00fchungen, gemeinsam zu handeln, um Ver\u00e4nderungen zum Wohle ihrer Gemeinschaft in Bezug auf ein Thema herbeizuf\u00fchren, das ihnen am Herzen liegt. Viele Netzwerke erreichen eine Art Gleichgewicht zwischen beiden.<\/p>\n\n\n\n<p>Netzwerke m\u00fcssen sich \u00fcber den Zweck im Klaren sein und klare Ziele m\u00fcssen definiert werden, um eine gemeinsame Agenda zu entwickeln, die die Gruppe zum Erfolg f\u00fchren m\u00f6chte. Das Netzwerk muss in der Lage sein, die Fragen klar zu beantworten:<\/p>\n\n\n\n<div class=\"wp-block-qubely-buttongroup qubely-block-c4b5c7\"><div class=\"qubely-block-button-group\">\n<div class=\"wp-block-qubely-button qubely-block-00f60c qubely-group-button\"><div class=\"qubely-block-btn-wrapper\"><div class=\"qubely-block-btn\"><a class=\"qubely-block-btn-anchor is-medium\" href=\"https:\/\/each.international\/de\/organisation\/networking\/\">Vernetzung<\/a><\/div><\/div><\/div>\n\n\n\n<div class=\"wp-block-qubely-button qubely-block-a7041d qubely-group-button\"><div class=\"qubely-block-btn-wrapper\"><div class=\"qubely-block-btn\"><a class=\"qubely-block-btn-anchor is-medium\" href=\"https:\/\/each.international\/de\/organisation\/networking\/step-2\/\">Schritt 2<\/a><\/div><\/div><\/div>\n<\/div><\/div>","protected":false},"excerpt":{"rendered":"<p>Define the purpose of the network Networks develop and members come together because they share a common sense of purpose which motivates them to work&hellip;<\/p>","protected":false},"author":996,"featured_media":0,"parent":3206,"menu_order":0,"comment_status":"closed","ping_status":"open","template":"page-basic-header.php","meta":{"_acf_changed":false,"footnotes":""},"class_list":["post-3212","page","type-page","status-publish","hentry"],"acf":[],"_links":{"self":[{"href":"https:\/\/each.international\/de\/wp-json\/wp\/v2\/pages\/3212","targetHints":{"allow":["GET"]}}],"collection":[{"href":"https:\/\/each.international\/de\/wp-json\/wp\/v2\/pages"}],"about":[{"href":"https:\/\/each.international\/de\/wp-json\/wp\/v2\/types\/page"}],"author":[{"embeddable":true,"href":"https:\/\/each.international\/de\/wp-json\/wp\/v2\/users\/996"}],"replies":[{"embeddable":true,"href":"https:\/\/each.international\/de\/wp-json\/wp\/v2\/comments?post=3212"}],"version-history":[{"count":1,"href":"https:\/\/each.international\/de\/wp-json\/wp\/v2\/pages\/3212\/revisions"}],"predecessor-version":[{"id":20662,"href":"https:\/\/each.international\/de\/wp-json\/wp\/v2\/pages\/3212\/revisions\/20662"}],"up":[{"embeddable":true,"href":"https:\/\/each.international\/de\/wp-json\/wp\/v2\/pages\/3206"}],"wp:attachment":[{"href":"https:\/\/each.international\/de\/wp-json\/wp\/v2\/media?parent=3212"}],"curies":[{"name":"wp","href":"https:\/\/api.w.org\/{rel}","templated":true}]}}