{"id":1862,"date":"2014-11-14T17:07:13","date_gmt":"2014-11-14T17:07:13","guid":{"rendered":"http:\/\/www.each.eu\/?page_id=1862"},"modified":"2024-09-27T12:27:59","modified_gmt":"2024-09-27T11:27:59","slug":"charity","status":"publish","type":"page","link":"https:\/\/each.international\/de\/organisation\/charity\/","title":{"rendered":"Wohlt\u00e4tigkeit"},"content":{"rendered":"<p>EACH wurde am 3. November 2014 als gemeinn\u00fctzige eingetragene Organisation (CIO) in das britische Register der Wohlt\u00e4tigkeitsorganisationen eingetragen. Ziel des CIO ist die Linderung von Krankheiten und die Erhaltung der Gesundheit von Patienten zum Wohle der Allgemeinheit durch die F\u00f6rderung einer wirksamen, evidenzbasierten, patientenzentrierten Gesundheitskommunikation zwischen Patienten, Angeh\u00f6rigen und \u00c4rzten auf der ganzen Welt.<\/p>\n\n\n\n<h2 class=\"wp-block-heading\">Registrierte Wohlt\u00e4tigkeitsnummer<\/h2>\n\n\n\n<p>Registrierte Wohlt\u00e4tigkeitsorganisation unter der Nummer 1159050. Klicken Sie&nbsp;<a rel=\"noreferrer noopener\" href=\"https:\/\/register-of-charities.charitycommission.gov.uk\/charity-search\/-\/charity-details\/5048139\" target=\"_blank\">Hier&nbsp;<\/a>um Details der UK Charity Commission einzusehen und&nbsp;<a rel=\"noreferrer noopener\" href=\"https:\/\/each.international\/wp-content\/uploads\/2021\/07\/EACH-Constitution-CIO-161116.pdf\" target=\"_blank\">Hier<\/a>&nbsp;unsere Verfassung zu lesen. Klicken <a rel=\"noreferrer noopener\" href=\"https:\/\/each.international\/wp-content\/uploads\/2021\/07\/RegistrationCertificate_5048139-min.pdf\" target=\"_blank\">Hier<\/a> um die Registrierungsbescheinigung JEDES Wohlt\u00e4tigkeitsvereins anzuzeigen.<\/p>\n\n\n\n<h2 class=\"wp-block-heading\">Wie wir unser gemeinn\u00fctziges Ziel erreichen<\/h2>\n\n\n\n<p>In unserem Spendenantrag haben wir erkl\u00e4rt, dass wir unser Ziel erreichen werden durch:<\/p>\n\n\n\n<ul class=\"wp-block-list\"><li>F\u00f6rderung der Entwicklung der Forschung und Bildung im Bereich Gesundheitskommunikation, um die Qualit\u00e4t der Kommunikation im Gesundheitswesen weltweit zu verbessern und damit die Gesundheitsergebnisse der \u00d6ffentlichkeit zu verbessern<\/li><li>Erm\u00f6glichung des Austauschs und der Verbreitung von Lehr- und Forschungsergebnissen innerhalb der Gemeinschaft von Forschern und Lehrkr\u00e4ften im Bereich Gesundheitskommunikation, um die Qualit\u00e4t der Kommunikation im Gesundheitswesen zu verbessern und dadurch die Erfahrungen von Patienten und Angeh\u00f6rigen zu verbessern.<\/li><li>Verbreitung des Wissens \u00fcber eine wirksame Kommunikation zwischen Patienten, Angeh\u00f6rigen und Gesundheitsfachkr\u00e4ften, Hervorhebung bew\u00e4hrter Verfahren und Verbesserungen in der Bildung, um den sich \u00e4ndernden Bed\u00fcrfnissen der Gesundheitsversorgung gerecht zu werden, und verst\u00e4rkte Entwicklung hin zu einem personenzentrierten Ansatz, der gemeinsame Verantwortung und Entscheidungsfindung beinhaltet.<\/li><li>Aufbau eines aktiven Netzwerks von Forschern, Lehrern und Praktikern auf der ganzen Welt, das sich f\u00fcr die Verbesserung der Patientenerfahrung im Bereich der Kommunikation im Gesundheitswesen einsetzt<\/li><\/ul>\n\n\n\n<h2 class=\"wp-block-heading\">Treuh\u00e4nder<\/h2>\n\n\n\n<p>Alle stimmberechtigten Mitglieder des Exekutiv- und Lenkungsausschusses sind Treuh\u00e4nder der Wohlt\u00e4tigkeitsorganisation.<\/p>\n\n\n\n<h2 class=\"wp-block-heading\">Wohlt\u00e4tige Spenden an JEDEN<\/h2>\n\n\n\n<p>EACH: Die International Association for Communication in Healthcare wurde 2001 gegr\u00fcndet und hat k\u00fcrzlich den Status einer gemeinn\u00fctzigen Organisation erhalten. Der Zweck der Wohlt\u00e4tigkeitsorganisation ist \u201edie Linderung von Krankheiten und die Erhaltung der Gesundheit von Patienten durch die F\u00f6rderung einer wirksamen, evidenzbasierten, patientenzentrierten Gesundheitskommunikation zwischen Patienten, Angeh\u00f6rigen und \u00c4rzten auf der ganzen Welt\u201c. Dies wird durch folgende Aktivit\u00e4ten erreicht:<\/p>\n\n\n\n<ul class=\"wp-block-list\"><li>F\u00f6rderung der Entwicklung der Forschung und Bildung im Bereich Gesundheitskommunikation, um die Qualit\u00e4t der Kommunikation im Gesundheitswesen weltweit zu verbessern und damit die Gesundheitsergebnisse der \u00d6ffentlichkeit zu verbessern<\/li><li>Erm\u00f6glichung des Austauschs und der Verbreitung von Lehr- und Forschungsergebnissen innerhalb der Gemeinschaft von Forschern und Lehrkr\u00e4ften im Bereich Gesundheitskommunikation, um die Qualit\u00e4t der Kommunikation im Gesundheitswesen zu verbessern und dadurch die Erfahrungen von Patienten und Angeh\u00f6rigen zu verbessern<\/li><li>Verbreitung des Wissens \u00fcber eine wirksame Kommunikation zwischen Patienten, Angeh\u00f6rigen und Gesundheitsfachkr\u00e4ften, Hervorhebung bew\u00e4hrter Verfahren und Verbesserungen in der Bildung, um den sich \u00e4ndernden Bed\u00fcrfnissen der Gesundheitsversorgung gerecht zu werden, und verst\u00e4rkte Entwicklung hin zu einem personenzentrierten Ansatz, der gemeinsame Verantwortung und Entscheidungsfindung beinhaltet.<\/li><li>Aufbau eines aktiven Netzwerks von Forschern, Lehrern und Praktikern auf der ganzen Welt, das sich f\u00fcr die Verbesserung der Patientenerfahrung im Bereich der Kommunikation im Gesundheitswesen einsetzt<\/li><\/ul>\n\n\n\n<p>Wir sind derzeit auf der Suche nach Spenden f\u00fcr wohlt\u00e4tige Zwecke, die uns in den n\u00e4chsten drei Jahren dabei helfen sollen, zwei eng miteinander verbundene und grundlegende Projekte umzusetzen, die wesentlich zur Verwirklichung der Vision von JEDEM beitragen werden:<\/p>\n\n\n\n<ol class=\"wp-block-list\"><li><strong>Die F\u00f6rderung und Entwicklung von Nachwuchsforschern in der Gesundheitskommunikation, die in unserem Fachgebiet k\u00fcnftig f\u00fchrend sein werden<\/strong>.<br>Es besteht weltweit ein zunehmendes Interesse an der Erforschung der Kommunikation im Gesundheitswesen, insbesondere an der Untersuchung der Kommunikationsbed\u00fcrfnisse von Patienten und Angeh\u00f6rigen auf ihrem Weg durch das Gesundheitssystem und der Entdeckung der F\u00e4higkeiten, die Gesundheitsfachkr\u00e4fte ben\u00f6tigen, um in der modernen Welt patientenzentrierte Kommunikation zu praktizieren. EACH m\u00f6chte daher durch eine Reihe von Workshops zur Forschungsmethodik und die Bereitstellung fortlaufender Treffen von Nachwuchsforschern zur Er\u00f6rterung ihres Forschungsbedarfs ein System umfassender Unterst\u00fctzung und Schulung f\u00fcr Nachwuchsforscher im Bereich Kommunikation im Gesundheitswesen bereitstellen. Diese w\u00fcrden von leitenden Forschern von EACH unterst\u00fctzt und es der zuk\u00fcnftigen Generation von Gesundheitskommunikationsforschern erm\u00f6glichen, ein starkes Netzwerk aufzubauen und zu bilden, um qualitativ hochwertige Kommunikationsforschung weltweit zu verbreiten.<\/li><li><strong>Die Unterst\u00fctzung und Entwicklung des Kommunikationsunterrichts f\u00fcr medizinisches Fachpersonal in L\u00e4ndern, die in j\u00fcngerer Zeit den Bedarf an Kommunikationstraining erkannt haben<\/strong><br>Ohne die Ausbildung von Gesundheitsfachkr\u00e4ften in Kommunikation k\u00f6nnen wir die Lehren aus der Forschung nicht in die t\u00e4gliche Praxis umsetzen und dadurch den Patienten zugute kommen. Die Welt ist eine sehr vielf\u00e4ltige Gemeinschaft mit unterschiedlichen Gesundheitssystemen und Bildungsangeboten f\u00fcr medizinische Fachkr\u00e4fte. Viele L\u00e4nder beginnen nun mit der Einrichtung von Kommunikationsprogrammen f\u00fcr das Gesundheitswesen auf einem relativ niedrigen Niveau und ben\u00f6tigen erhebliche Hilfe, um diese Agenda voranzutreiben. Die Freiz\u00fcgigkeit von Gesundheitsfachkr\u00e4ften, die im jeweils anderen Land arbeiten, erfordert auch, dass der Standard der Kommunikationsausbildung im Gesundheitswesen in allen L\u00e4ndern gleicher wird. Auch die Patientenpopulationen sind durch die Migration vielf\u00e4ltiger geworden: Daher ist die Bereitstellung einer angemessenen, personenzentrierten Versorgung noch wichtiger und anspruchsvoller geworden. EACH m\u00f6chte daher ein fortlaufendes Programm von \u201eTrain the Trainers\u201c-Kursen f\u00fcr die Grund- und Postgraduiertenausbildung in \u201eStarter\u201c-L\u00e4ndern weltweit anbieten. Diese w\u00fcrden von hochrangigen Kommunikationsp\u00e4dagogen in JEDEM Fachgebiet durchgef\u00fchrt werden und sich auf bestimmte L\u00e4nder konzentrieren, mit dem Ziel, in jedem Land ein Netzwerk von Kommunikationstrainern f\u00fcr das Gesundheitswesen bereitzustellen, die eine fortlaufende, sich selbst tragende Gemeinschaft von Kommunikationstrainern bilden w\u00fcrden.<\/li><\/ol>\n\n\n\n<p>Um die Verwirklichung dieser Vision zu erm\u00f6glichen, sucht EACH drei Jahre lang um wohlt\u00e4tige Spenden in H\u00f6he von 50.000 \u20ac pro Jahr. Ziel dieser ersten Stellungnahme ist es, einen umfassenden \u00dcberblick \u00fcber unsere Organisation und unsere gemeinn\u00fctzigen Bed\u00fcrfnisse zu geben. Detailliertere Informationen zu diesen Projekten und den finanziellen Anforderungen werden bei Bedarf zur Verf\u00fcgung gestellt und es sind pers\u00f6nliche Gespr\u00e4che erforderlich, um bestimmte Projekte zu erkunden, die von einzelnen Spendern unterst\u00fctzt werden sollen.<\/p>\n\n\n\n<p>Bitte wenden Sie sich per E-Mail an den Pr\u00e4sidenten <a href=\"mailto:president@each.international\" data-type=\"mailto\" data-id=\"mailto:president@each.international\">Email<\/a>.<\/p>","protected":false},"excerpt":{"rendered":"<p>EACH was entered into the UK Register of Charities on 3 November 2014 as a charitable incorporated organisation (CIO). The aim of the CIO is&hellip;<\/p>","protected":false},"author":996,"featured_media":0,"parent":9503,"menu_order":0,"comment_status":"closed","ping_status":"open","template":"page-basic-header.php","meta":{"_acf_changed":false,"footnotes":""},"class_list":["post-1862","page","type-page","status-publish","hentry"],"acf":[],"_links":{"self":[{"href":"https:\/\/each.international\/de\/wp-json\/wp\/v2\/pages\/1862","targetHints":{"allow":["GET"]}}],"collection":[{"href":"https:\/\/each.international\/de\/wp-json\/wp\/v2\/pages"}],"about":[{"href":"https:\/\/each.international\/de\/wp-json\/wp\/v2\/types\/page"}],"author":[{"embeddable":true,"href":"https:\/\/each.international\/de\/wp-json\/wp\/v2\/users\/996"}],"replies":[{"embeddable":true,"href":"https:\/\/each.international\/de\/wp-json\/wp\/v2\/comments?post=1862"}],"version-history":[{"count":1,"href":"https:\/\/each.international\/de\/wp-json\/wp\/v2\/pages\/1862\/revisions"}],"predecessor-version":[{"id":20656,"href":"https:\/\/each.international\/de\/wp-json\/wp\/v2\/pages\/1862\/revisions\/20656"}],"up":[{"embeddable":true,"href":"https:\/\/each.international\/de\/wp-json\/wp\/v2\/pages\/9503"}],"wp:attachment":[{"href":"https:\/\/each.international\/de\/wp-json\/wp\/v2\/media?parent=1862"}],"curies":[{"name":"wp","href":"https:\/\/api.w.org\/{rel}","templated":true}]}}