{"id":12393,"date":"2020-07-13T12:14:37","date_gmt":"2020-07-13T11:14:37","guid":{"rendered":"https:\/\/www.each.eu\/?page_id=12393"},"modified":"2024-09-27T12:27:43","modified_gmt":"2024-09-27T11:27:43","slug":"pairing-programme","status":"publish","type":"page","link":"https:\/\/each.international\/de\/pairing-programme\/","title":{"rendered":"ICCH Pairing Programme"},"content":{"rendered":"<p>The Pairing with Colleagues programme was initiated by tEACH, the Teaching Committee of EACH, at the ICCH meeting in 2007 and has continued to be a successful part of the ICCH meetings annually. The purpose of the programme is to provide a formal way for junior colleagues to network with more experienced colleagues at the meeting. The \u201cPairing with Colleagues\u201d session allows less experienced colleagues to have an opportunity for dedicated time to discuss their teaching, research, policy\/practice issues with more experienced persons in the field during the meeting. These sessions will give those with more expertise the opportunity to share their experience and expertise with more junior colleagues.<\/p>\n\n\n\n<p>Der Zeitaufwand wird so gering oder so gro\u00df sein, wie Sie m\u00f6chten. Der minimale Zeitaufwand umfasst die Kommunikation mit Ihrem passenden Kollegen vor der Konferenz und die Auswahl einer Zeit, zu der Sie sich w\u00e4hrend der Besprechung mindestens eine Stunde lang treffen. Den Paaren wird es bestimmte Zeiten geben, zu denen sie sich w\u00e4hrend der Konferenz treffen k\u00f6nnen. Alternativ k\u00f6nnen sich die Paare auch zu einem anderen, f\u00fcr sie passenden Zeitpunkt treffen. Wenn Sie sich nach dem Treffen daf\u00fcr entscheiden, mehr Zeit miteinander zu verbringen oder weiter zu korrespondieren, ist das Ihre Entscheidung.<\/p>\n\n\n\n<div class=\"wp-block-columns is-layout-flex wp-container-core-columns-is-layout-9d6595d7 wp-block-columns-is-layout-flex\">\n<div class=\"wp-block-column is-layout-flow wp-block-column-is-layout-flow\">\n<h2 class=\"wp-block-heading\">Senioren<\/h2>\n\n\n\n<div class=\"wp-block-columns is-layout-flex wp-container-core-columns-is-layout-9d6595d7 wp-block-columns-is-layout-flex\">\n<div class=\"wp-block-column is-layout-flow wp-block-column-is-layout-flow\" style=\"flex-basis:100%\">\n<p>Senior colleagues who are willing to share their expertise in communication in healthcare with a less experienced colleagues have been invited to sign up. Though we refer to participants as \u201cseniors\u201d, this is not meant to reflect age but rather that someone would be comfortable sharing what experience they have had in the field of communication and healthcare.<\/p>\n\n\n\n<p>J\u00fcngere Kollegen k\u00f6nnen Informationen \u00fcber \u00e4ltere Teilnehmer einsehen und ausw\u00e4hlen, mit wem sie zusammengebracht werden m\u00f6chten. Sowohl Senioren als auch Junioren m\u00fcssen entweder \u201epers\u00f6nlich\u201c oder \u201eonline\u201c sein.<\/p>\n\n\n\n<p>Seniors who have been chosen by the number of juniors they would be willing to meet with (seniors can choose 1-3), will automatically be removed from the list of eligible seniors. All participants will be notified 4 weeks before the event with whom they have been paired and provided with contact information.<\/p>\n<\/div>\n<\/div>\n\n\n\n<p>CLOSED<\/p>\n<\/div>\n\n\n\n<div class=\"wp-block-column is-layout-flow wp-block-column-is-layout-flow\">\n<h2 class=\"wp-block-heading\">Junioren<\/h2>\n\n\n\n<p>Nachwuchskollegen, die daran interessiert sind, sich mit einem erfahrenen Kollegen zu treffen, um Ihre Fragen zu Lehre, Forschung und\/oder Kommunikationspolitik im Gesundheitswesen zu besprechen, sind herzlich eingeladen, am Programm \u201ePairing with Colleagues\u201c teilzunehmen. Obwohl wir die Teilnehmer als \u201eJunioren\u201c bezeichnen, ist damit nicht das Alter gemeint, sondern vielmehr jemand, der daran interessiert ist, von diesem Fachwissen zu profitieren und Orientierung f\u00fcr seine eigene Arbeit und Karriere zu erhalten.<\/p>\n\n\n\n<p>Anyone attending the ICCH meeting can participate.&nbsp; To participate, juniors may review the list of participating seniors and select the person whose interests match your needs most closely.&nbsp; Juniors&nbsp;<strong>can only choose one senior colleague with whom to meet<\/strong>&nbsp;and both seniors and juniors must either be \u201conline\u201d or \u201cin person\u201d. Final confirmation of matches and information on how to contact your colleague will be sent out in advance of the event.<\/p>\n\n\n\n<p>CLOSED<\/p>\n<\/div>\n<\/div>\n\n\n\n<h2 class=\"wp-block-heading\">Abfragen<\/h2>\n\n\n\n<p>Wenn Sie Fragen zum Pairing-Programm haben, wenden Sie sich bitte an&nbsp;<a href=\"mailto:info@each.international?subject=ICCH%20Pairing%20Programme%20Query\">info@each.international<\/a>.<\/p>\n\n\n\n<p>Nachfolgend finden Sie einige Kommentare zu den Vorteilen des Programms von Junior- und Senior-Teilnehmern aus fr\u00fcheren Jahren:<\/p>\n\n\n\n<blockquote class=\"wp-block-quote is-layout-flow wp-block-quote-is-layout-flow\">\n<p><em>\u201eViele der gleichen Interessen; eine nachdenkliche und zum Nachdenken anregende Gelegenheit f\u00fcr uns beide.\u201c<\/em><\/p>\n<\/blockquote>\n\n\n\n<blockquote class=\"wp-block-quote is-layout-flow wp-block-quote-is-layout-flow\">\n<p><em>\u201eDer leitende Kollege war sehr ermutigend und best\u00e4tigte meine F\u00e4higkeiten und Erfahrungen sowie deren Anwendbarkeit auf zuk\u00fcnftige Arbeiten. Der \u00e4ltere Kollege hat auch konkrete Vorschl\u00e4ge gemacht und mich auf der Konferenz einigen Leuten vorgestellt.\u201c<\/em><\/p>\n<\/blockquote>\n\n\n\n<blockquote class=\"wp-block-quote is-layout-flow wp-block-quote-is-layout-flow\">\n<p><em>\u201eJemanden kennenzulernen, der viele Interessen mit mir teilt. Sich von der Energie des anderen inspiriert und belebt f\u00fchlen.\u201c<\/em><\/p>\n<\/blockquote>\n\n\n\n<blockquote class=\"wp-block-quote is-layout-flow wp-block-quote-is-layout-flow\">\n<p><em>\u201eBravo f\u00fcr diese Initiative, aus Junior-Perspektive war es eine sehr bereichernde Erfahrung.\u201c<\/em><\/p>\n<\/blockquote>\n\n\n\n<blockquote class=\"wp-block-quote is-layout-flow wp-block-quote-is-layout-flow\">\n<p><em>\u201eIch habe etwas \u00fcber die Perspektive eines j\u00fcngeren Kollegen an einem anderen Standort gelernt; Ich hatte die Gelegenheit, meine eigenen Erfahrungen zu teilen.\u201c<\/em><\/p>\n<\/blockquote>\n\n\n\n<blockquote class=\"wp-block-quote is-layout-flow wp-block-quote-is-layout-flow\">\n<p><em>\u201eWas f\u00fcr eine wunderbare M\u00f6glichkeit, neue\/neuere Konferenzteilnehmer kennenzulernen.\u201c<\/em><\/p>\n<\/blockquote>","protected":false},"excerpt":{"rendered":"<p>The Pairing with Colleagues programme was initiated by tEACH, the Teaching Committee of EACH, at the ICCH meeting in 2007 and has continued to be&hellip;<\/p>","protected":false},"author":996,"featured_media":0,"parent":0,"menu_order":0,"comment_status":"closed","ping_status":"open","template":"page-basic-header.php","meta":{"_acf_changed":false,"footnotes":""},"class_list":["post-12393","page","type-page","status-publish","hentry"],"acf":[],"_links":{"self":[{"href":"https:\/\/each.international\/de\/wp-json\/wp\/v2\/pages\/12393","targetHints":{"allow":["GET"]}}],"collection":[{"href":"https:\/\/each.international\/de\/wp-json\/wp\/v2\/pages"}],"about":[{"href":"https:\/\/each.international\/de\/wp-json\/wp\/v2\/types\/page"}],"author":[{"embeddable":true,"href":"https:\/\/each.international\/de\/wp-json\/wp\/v2\/users\/996"}],"replies":[{"embeddable":true,"href":"https:\/\/each.international\/de\/wp-json\/wp\/v2\/comments?post=12393"}],"version-history":[{"count":11,"href":"https:\/\/each.international\/de\/wp-json\/wp\/v2\/pages\/12393\/revisions"}],"predecessor-version":[{"id":20740,"href":"https:\/\/each.international\/de\/wp-json\/wp\/v2\/pages\/12393\/revisions\/20740"}],"wp:attachment":[{"href":"https:\/\/each.international\/de\/wp-json\/wp\/v2\/media?parent=12393"}],"curies":[{"name":"wp","href":"https:\/\/api.w.org\/{rel}","templated":true}]}}