{"id":10182,"date":"2020-01-13T14:42:05","date_gmt":"2020-01-13T14:42:05","guid":{"rendered":"https:\/\/each.eu\/?page_id=10182"},"modified":"2024-09-27T12:33:29","modified_gmt":"2024-09-27T11:33:29","slug":"peach","status":"publish","type":"page","link":"https:\/\/each.international\/de\/resources\/peach\/","title":{"rendered":"pEACH-Ressourcen"},"content":{"rendered":"<h2 class=\"wp-block-heading\">Webinare<\/h2>\n\n\n\n<figure class=\"wp-block-embed is-type-video is-provider-vimeo wp-block-embed-vimeo wp-embed-aspect-16-9 wp-has-aspect-ratio\"><div class=\"wp-block-embed__wrapper\">\n<iframe loading=\"lazy\" title=\"JEDES Policy-Webinar Warum Politik wichtig ist und wie man politische Entscheidungstr\u00e4ger beeinflusst\" src=\"https:\/\/player.vimeo.com\/video\/881661736?h=dce86bbafd&amp;dnt=1&amp;app_id=122963\" width=\"640\" height=\"360\" frameborder=\"0\" allow=\"autoplay; fullscreen; picture-in-picture; clipboard-write; encrypted-media; web-share\" referrerpolicy=\"strict-origin-when-cross-origin\"><\/iframe>\n<\/div><figcaption class=\"wp-element-caption\"><em>Warum Politik wichtig ist und wie man politische Entscheidungstr\u00e4ger beeinflusst (31. Oktober 2023)<\/em><\/figcaption><\/figure>\n\n\n\n<h2 class=\"wp-block-heading\">Healthchat(ter)-Podcasts<\/h2>\n\n\n<div class=\"wp-block-image\">\n<figure class=\"alignleft is-resized\"><a href=\"https:\/\/each.international\/de\/resources\/peach\/podcasts\/\"><img src=\"https:\/\/each.international\/wp-content\/uploads\/2020\/08\/healthchatter-269x300.jpg\" alt=\"HealthChat(ter) podcasts\" style=\"width:150px\" title=\"Gesundheitschatter\"\/><\/a><\/figure>\n<\/div>\n\n\n<div class=\"wp-block-buttons is-layout-flex wp-block-buttons-is-layout-flex\">\n<div class=\"wp-block-button\"><a class=\"wp-block-button__link wp-element-button\" href=\"https:\/\/each.international\/de\/resources\/peach\/podcasts\/\">PODCASTS<\/a><\/div>\n<\/div>\n\n\n\n<p>HealthChat(ter) ist eine Podcast-Reihe mit dem Ziel, Ideen, Erfahrungen und Erkenntnisse rund um die Kommunikation im Gesundheitswesen auszutauschen. Wir befragen medizinisches Fachpersonal, Forscher, P\u00e4dagogen und Patienten zu einer Reihe von Themen, die sich alle auf ein ausgew\u00e4hltes Thema beziehen. Der Podcast ist eine Initiative (des Unterausschusses f\u00fcr Politik und Praxis) der International Association for Communication in Healthcare und wird von Dr. Sarah White von der Macquarie University in Sydney, Australien, mit Unterst\u00fctzung von Praktikanten geleitet.<\/p>\n\n\n\n<h2 class=\"wp-block-heading\">Beweisschnappsch\u00fcsse<\/h2>\n\n\n\n<p>pEACH has produced the following position papers on big issues in healthcare communication to serve as ready-to-use summaries.&nbsp; We hope you find the below topics useful.&nbsp; Please do&nbsp;<a href=\"mailto:peach@each.international?subject=Position%20Paper%20enquiry\">in Kontakt kommen<\/a>&nbsp;Wenn Sie weitere Themen haben, sollten wir dar\u00fcber nachdenken, sie hinzuzuf\u00fcgen.<\/p>\n\n\n\n<p><a href=\"https:\/\/each.international\/wp-content\/uploads\/2021\/04\/Basic-Principles-of-Communication-Teaching-EACH.pdf\" target=\"_blank\" rel=\"noreferrer noopener\">Grundprinzipien des Kommunikationsunterrichts<\/a><br><a href=\"https:\/\/each.international\/wp-content\/uploads\/2021\/06\/Essentials-of-learner-centered-teaching-EACH.pdf\" target=\"_blank\" rel=\"noreferrer noopener\">Grundlagen des lernerzentrierten Unterrichts (LCT)<\/a><br><a href=\"https:\/\/each.international\/wp-content\/uploads\/2021\/06\/Healthcare-communication-across-language-barriers.pdf\" target=\"_blank\" rel=\"noreferrer noopener\">Kommunikation im Gesundheitswesen \u00fcber Sprachbarrieren hinweg<\/a><br><a href=\"https:\/\/each.international\/wp-content\/uploads\/2021\/06\/Patient-centred-communication-1.pdf\" target=\"_blank\" rel=\"noreferrer noopener\">Patientenzentrierte Kommunikation<\/a><br><a href=\"https:\/\/each.international\/wp-content\/uploads\/2021\/02\/Shared-Decision-Making.pdf\" target=\"_blank\" rel=\"noreferrer noopener\">Gemeinsame Entscheidungsfindung<\/a><br><a href=\"https:\/\/each.international\/wp-content\/uploads\/2018\/08\/Teaching-Communication-Skills-to-Undergraduate-Medical-Students.pdf\" target=\"_blank\" rel=\"noreferrer noopener\">Vermittlung von Kommunikationsf\u00e4higkeiten f\u00fcr Medizinstudenten<\/a><br><a href=\"https:\/\/each.international\/wp-content\/uploads\/2021\/07\/When-developing-Curricula-for-Communication-Skills-Education.pdf\" target=\"_blank\" rel=\"noreferrer noopener\">Bei der Entwicklung von Lehrpl\u00e4nen f\u00fcr die Ausbildung von Kommunikationsf\u00e4higkeiten<\/a><br><a href=\"https:\/\/each.international\/wp-content\/uploads\/2019\/06\/Communication-About-Medical-Errors.pdf\" target=\"_blank\" rel=\"noreferrer noopener\">Kommunikation \u00fcber medizinische Fehler<\/a><br><a href=\"https:\/\/each.international\/wp-content\/uploads\/2019\/06\/Health-Behaviour-Change.pdf\" target=\"_blank\" rel=\"noreferrer noopener\">\u00c4nderung des Gesundheitsverhaltens<\/a><br><a href=\"https:\/\/each.international\/wp-content\/uploads\/2019\/06\/Assessment-of-Communication-Skills.pdf\" target=\"_blank\" rel=\"noreferrer noopener\">Beurteilung der Kommunikationsf\u00e4higkeiten<\/a><br><a href=\"https:\/\/each.international\/wp-content\/uploads\/2019\/06\/End-of-Life-Care.pdf\" target=\"_blank\" rel=\"noreferrer noopener\">Kommunikation mit Patienten und Familien \u00fcber Sterbebegleitung<\/a><br><a href=\"https:\/\/each.international\/wp-content\/uploads\/2020\/05\/pEACH-Evidence-Snapshot_Translation_Ammentorp_FINAL.pdf\" target=\"_blank\" rel=\"noreferrer noopener\">Wissens\u00fcbersetzung<\/a><br><a href=\"https:\/\/each.international\/wp-content\/uploads\/2020\/05\/pEACH-Evidence-Snapshot_Culture_Schouten_FINAL.pdf\" target=\"_blank\" rel=\"noreferrer noopener\">Interkulturelle Kommunikationsf\u00e4higkeiten im Gesundheitswesen<\/a><br><a href=\"https:\/\/each.international\/wp-content\/uploads\/2021\/05\/Basic-Principles-of-Patient-Engagement.pdf\" target=\"_blank\" rel=\"noreferrer noopener\">Grundprinzipien der Patienteneinbindung<\/a><br><a href=\"https:\/\/each.international\/wp-content\/uploads\/2021\/04\/Teaching-breaking-bad-news.pdf\" target=\"_blank\" rel=\"noreferrer noopener\">Unterrichten von Breaking Bad News f\u00fcr Medizinstudenten<\/a><br><a href=\"https:\/\/each.international\/wp-content\/uploads\/2021\/03\/Evidence-snapshot_Communication-and-cancer_Heather-Shepherd.pdf\" target=\"_blank\" rel=\"noreferrer noopener\">Kommunikation und Krebs<\/a><\/p>\n\n\n\n<h2 class=\"wp-block-heading\">Ver\u00f6ffentlichungen<\/h2>\n\n\n\n<p><a href=\"https:\/\/www.clinicalkey.com\/#!\/content\/playContent\/1-s2.0-S0738399120304596?returnurl=https:%2F%2Flinkinghub.elsevier.com%2Fretrieve%2Fpii%2FS0738399120304596%3Fshowall%3Dtrue&amp;referrer=https:%2F%2Fpubmed.ncbi.nlm.nih.gov%2F\" target=\"_blank\" rel=\"noreferrer noopener\">Verbesserung des Kommunikationskompetenztrainings \u2013 Erkenntnisse aus internationalen Initiativen<\/a><\/p>\n\n\n\n<p><a href=\"https:\/\/doi.org\/10.1016\/j.pec.2020.12.025\" target=\"_blank\" rel=\"noreferrer noopener\">Critical observations on and suggested ways forward for healthcare&nbsp;communication during COVID-19: pEACH position paper<\/a><\/p>\n\n\n\n<p><a href=\"https:\/\/doi.org\/10.1016\/j.pec.2020.10.027\" target=\"_blank\" rel=\"noreferrer noopener\">Fostering the creation of common ground between the academia and the&nbsp;profession: The \u2018Position Papers Series\u2019<\/a><\/p>\n\n\n\n<h2 class=\"wp-block-heading\">Infografiken<\/h2>\n\n\n\n<figure class=\"wp-block-gallery has-nested-images columns-4 wp-block-gallery-1 is-layout-flex wp-block-gallery-is-layout-flex\">\n<figure data-wp-context=\"{&quot;imageId&quot;:&quot;69ff0cc9cd0fb&quot;}\" data-wp-interactive=\"core\/image\" data-wp-key=\"69ff0cc9cd0fb\" class=\"wp-block-image wp-lightbox-container\"><img data-wp-class--hide=\"state.isContentHidden\" data-wp-class--show=\"state.isContentVisible\" data-wp-init=\"callbacks.setButtonStyles\" data-wp-on--click=\"actions.showLightbox\" data-wp-on--load=\"callbacks.setButtonStyles\" data-wp-on-window--resize=\"callbacks.setButtonStyles\" src=\"https:\/\/each.international\/wp-content\/uploads\/2021\/02\/Shared-decision-making.png\" alt=\"Shared decision making position papers series PEC\" title=\"Gemeinsame Entscheidungsfindung\"\/><button\n\t\t\tclass=\"lightbox-trigger\"\n\t\t\ttype=\"button\"\n\t\t\taria-haspopup=\"dialog\"\n\t\t\taria-label=\"Vergr\u00f6\u00dfern\"\n\t\t\tdata-wp-init=\"callbacks.initTriggerButton\"\n\t\t\tdata-wp-on--click=\"actions.showLightbox\"\n\t\t\tdata-wp-style--right=\"state.imageButtonRight\"\n\t\t\tdata-wp-style--top=\"state.imageButtonTop\"\n\t\t>\n\t\t\t<svg xmlns=\"http:\/\/www.w3.org\/2000\/svg\" width=\"12\" height=\"12\" fill=\"none\" viewbox=\"0 0 12 12\">\n\t\t\t\t<path fill=\"#fff\" d=\"M2 0a2 2 0 0 0-2 2v2h1.5V2a.5.5 0 0 1 .5-.5h2V0H2Zm2 10.5H2a.5.5 0 0 1-.5-.5V8H0v2a2 2 0 0 0 2 2h2v-1.5ZM8 12v-1.5h2a.5.5 0 0 0 .5-.5V8H12v2a2 2 0 0 1-2 2H8Zm2-12a2 2 0 0 1 2 2v2h-1.5V2a.5.5 0 0 0-.5-.5H8V0h2Z\" \/>\n\t\t\t<\/svg>\n\t\t<\/button><\/figure>\n\n\n\n<figure data-wp-context=\"{&quot;imageId&quot;:&quot;69ff0cc9cd34f&quot;}\" data-wp-interactive=\"core\/image\" data-wp-key=\"69ff0cc9cd34f\" class=\"wp-block-image wp-lightbox-container\"><img data-wp-class--hide=\"state.isContentHidden\" data-wp-class--show=\"state.isContentVisible\" data-wp-init=\"callbacks.setButtonStyles\" data-wp-on--click=\"actions.showLightbox\" data-wp-on--load=\"callbacks.setButtonStyles\" data-wp-on-window--resize=\"callbacks.setButtonStyles\" src=\"https:\/\/each.international\/wp-content\/uploads\/2021\/04\/Basic-principles-of-communication-teaching-s.jpg\" alt=\"Basic principles of communication teaching\" title=\"Grundprinzipien des Kommunikationsunterrichts\"\/><button\n\t\t\tclass=\"lightbox-trigger\"\n\t\t\ttype=\"button\"\n\t\t\taria-haspopup=\"dialog\"\n\t\t\taria-label=\"Vergr\u00f6\u00dfern\"\n\t\t\tdata-wp-init=\"callbacks.initTriggerButton\"\n\t\t\tdata-wp-on--click=\"actions.showLightbox\"\n\t\t\tdata-wp-style--right=\"state.imageButtonRight\"\n\t\t\tdata-wp-style--top=\"state.imageButtonTop\"\n\t\t>\n\t\t\t<svg xmlns=\"http:\/\/www.w3.org\/2000\/svg\" width=\"12\" height=\"12\" fill=\"none\" viewbox=\"0 0 12 12\">\n\t\t\t\t<path fill=\"#fff\" d=\"M2 0a2 2 0 0 0-2 2v2h1.5V2a.5.5 0 0 1 .5-.5h2V0H2Zm2 10.5H2a.5.5 0 0 1-.5-.5V8H0v2a2 2 0 0 0 2 2h2v-1.5ZM8 12v-1.5h2a.5.5 0 0 0 .5-.5V8H12v2a2 2 0 0 1-2 2H8Zm2-12a2 2 0 0 1 2 2v2h-1.5V2a.5.5 0 0 0-.5-.5H8V0h2Z\" \/>\n\t\t\t<\/svg>\n\t\t<\/button><\/figure>\n\n\n\n<figure data-wp-context=\"{&quot;imageId&quot;:&quot;69ff0cc9cd559&quot;}\" data-wp-interactive=\"core\/image\" data-wp-key=\"69ff0cc9cd559\" class=\"wp-block-image wp-lightbox-container\"><img data-wp-class--hide=\"state.isContentHidden\" data-wp-class--show=\"state.isContentVisible\" data-wp-init=\"callbacks.setButtonStyles\" data-wp-on--click=\"actions.showLightbox\" data-wp-on--load=\"callbacks.setButtonStyles\" data-wp-on-window--resize=\"callbacks.setButtonStyles\" src=\"https:\/\/each.international\/wp-content\/uploads\/2021\/04\/Complete-Teaching-breaking-bad-news-to-undergraduate-medical-students-infographic-s.jpg\" alt=\"Complete Teaching breaking bad news to undergraduate medical students infographic\" title=\"Complete Teaching bringt schlechte Nachrichten f\u00fcr Medizinstudenten im Grundstudium\"\/><button\n\t\t\tclass=\"lightbox-trigger\"\n\t\t\ttype=\"button\"\n\t\t\taria-haspopup=\"dialog\"\n\t\t\taria-label=\"Vergr\u00f6\u00dfern\"\n\t\t\tdata-wp-init=\"callbacks.initTriggerButton\"\n\t\t\tdata-wp-on--click=\"actions.showLightbox\"\n\t\t\tdata-wp-style--right=\"state.imageButtonRight\"\n\t\t\tdata-wp-style--top=\"state.imageButtonTop\"\n\t\t>\n\t\t\t<svg xmlns=\"http:\/\/www.w3.org\/2000\/svg\" width=\"12\" height=\"12\" fill=\"none\" viewbox=\"0 0 12 12\">\n\t\t\t\t<path fill=\"#fff\" d=\"M2 0a2 2 0 0 0-2 2v2h1.5V2a.5.5 0 0 1 .5-.5h2V0H2Zm2 10.5H2a.5.5 0 0 1-.5-.5V8H0v2a2 2 0 0 0 2 2h2v-1.5ZM8 12v-1.5h2a.5.5 0 0 0 .5-.5V8H12v2a2 2 0 0 1-2 2H8Zm2-12a2 2 0 0 1 2 2v2h-1.5V2a.5.5 0 0 0-.5-.5H8V0h2Z\" \/>\n\t\t\t<\/svg>\n\t\t<\/button><\/figure>\n\n\n\n<figure data-wp-context=\"{&quot;imageId&quot;:&quot;69ff0cc9cd776&quot;}\" data-wp-interactive=\"core\/image\" data-wp-key=\"69ff0cc9cd776\" class=\"wp-block-image wp-lightbox-container\"><img data-wp-class--hide=\"state.isContentHidden\" data-wp-class--show=\"state.isContentVisible\" data-wp-init=\"callbacks.setButtonStyles\" data-wp-on--click=\"actions.showLightbox\" data-wp-on--load=\"callbacks.setButtonStyles\" data-wp-on-window--resize=\"callbacks.setButtonStyles\" src=\"https:\/\/each.international\/wp-content\/uploads\/2021\/05\/Patient-engagement-FINAL.png\" alt=\"\" title=\"Patienteneinbindung\"\/><button\n\t\t\tclass=\"lightbox-trigger\"\n\t\t\ttype=\"button\"\n\t\t\taria-haspopup=\"dialog\"\n\t\t\taria-label=\"Vergr\u00f6\u00dfern\"\n\t\t\tdata-wp-init=\"callbacks.initTriggerButton\"\n\t\t\tdata-wp-on--click=\"actions.showLightbox\"\n\t\t\tdata-wp-style--right=\"state.imageButtonRight\"\n\t\t\tdata-wp-style--top=\"state.imageButtonTop\"\n\t\t>\n\t\t\t<svg xmlns=\"http:\/\/www.w3.org\/2000\/svg\" width=\"12\" height=\"12\" fill=\"none\" viewbox=\"0 0 12 12\">\n\t\t\t\t<path fill=\"#fff\" d=\"M2 0a2 2 0 0 0-2 2v2h1.5V2a.5.5 0 0 1 .5-.5h2V0H2Zm2 10.5H2a.5.5 0 0 1-.5-.5V8H0v2a2 2 0 0 0 2 2h2v-1.5ZM8 12v-1.5h2a.5.5 0 0 0 .5-.5V8H12v2a2 2 0 0 1-2 2H8Zm2-12a2 2 0 0 1 2 2v2h-1.5V2a.5.5 0 0 0-.5-.5H8V0h2Z\" \/>\n\t\t\t<\/svg>\n\t\t<\/button><\/figure>\n\n\n\n<figure data-wp-context=\"{&quot;imageId&quot;:&quot;69ff0cc9cd9b1&quot;}\" data-wp-interactive=\"core\/image\" data-wp-key=\"69ff0cc9cd9b1\" class=\"wp-block-image wp-lightbox-container\"><img data-wp-class--hide=\"state.isContentHidden\" data-wp-class--show=\"state.isContentVisible\" data-wp-init=\"callbacks.setButtonStyles\" data-wp-on--click=\"actions.showLightbox\" data-wp-on--load=\"callbacks.setButtonStyles\" data-wp-on-window--resize=\"callbacks.setButtonStyles\" src=\"https:\/\/each.international\/wp-content\/uploads\/2021\/06\/Essentials-of-learner-centered-teaching-LCT-Infographic.png\" alt=\"\" title=\"Infografik \u201eGrundlagen des lernerzentrierten Unterrichts\u201c (LCT).\"\/><button\n\t\t\tclass=\"lightbox-trigger\"\n\t\t\ttype=\"button\"\n\t\t\taria-haspopup=\"dialog\"\n\t\t\taria-label=\"Vergr\u00f6\u00dfern\"\n\t\t\tdata-wp-init=\"callbacks.initTriggerButton\"\n\t\t\tdata-wp-on--click=\"actions.showLightbox\"\n\t\t\tdata-wp-style--right=\"state.imageButtonRight\"\n\t\t\tdata-wp-style--top=\"state.imageButtonTop\"\n\t\t>\n\t\t\t<svg xmlns=\"http:\/\/www.w3.org\/2000\/svg\" width=\"12\" height=\"12\" fill=\"none\" viewbox=\"0 0 12 12\">\n\t\t\t\t<path fill=\"#fff\" d=\"M2 0a2 2 0 0 0-2 2v2h1.5V2a.5.5 0 0 1 .5-.5h2V0H2Zm2 10.5H2a.5.5 0 0 1-.5-.5V8H0v2a2 2 0 0 0 2 2h2v-1.5ZM8 12v-1.5h2a.5.5 0 0 0 .5-.5V8H12v2a2 2 0 0 1-2 2H8Zm2-12a2 2 0 0 1 2 2v2h-1.5V2a.5.5 0 0 0-.5-.5H8V0h2Z\" \/>\n\t\t\t<\/svg>\n\t\t<\/button><\/figure>\n\n\n\n<figure data-wp-context=\"{&quot;imageId&quot;:&quot;69ff0cc9cdb86&quot;}\" data-wp-interactive=\"core\/image\" data-wp-key=\"69ff0cc9cdb86\" class=\"wp-block-image wp-lightbox-container\"><img data-wp-class--hide=\"state.isContentHidden\" data-wp-class--show=\"state.isContentVisible\" data-wp-init=\"callbacks.setButtonStyles\" data-wp-on--click=\"actions.showLightbox\" data-wp-on--load=\"callbacks.setButtonStyles\" data-wp-on-window--resize=\"callbacks.setButtonStyles\" src=\"https:\/\/each.international\/wp-content\/uploads\/2021\/06\/Healthcare-comms-across-lang-barriers.png\" alt=\"\" title=\"Kommunikation im Gesundheitswesen \u00fcber Sprachbarrieren hinweg\"\/><button\n\t\t\tclass=\"lightbox-trigger\"\n\t\t\ttype=\"button\"\n\t\t\taria-haspopup=\"dialog\"\n\t\t\taria-label=\"Vergr\u00f6\u00dfern\"\n\t\t\tdata-wp-init=\"callbacks.initTriggerButton\"\n\t\t\tdata-wp-on--click=\"actions.showLightbox\"\n\t\t\tdata-wp-style--right=\"state.imageButtonRight\"\n\t\t\tdata-wp-style--top=\"state.imageButtonTop\"\n\t\t>\n\t\t\t<svg xmlns=\"http:\/\/www.w3.org\/2000\/svg\" width=\"12\" height=\"12\" fill=\"none\" viewbox=\"0 0 12 12\">\n\t\t\t\t<path fill=\"#fff\" d=\"M2 0a2 2 0 0 0-2 2v2h1.5V2a.5.5 0 0 1 .5-.5h2V0H2Zm2 10.5H2a.5.5 0 0 1-.5-.5V8H0v2a2 2 0 0 0 2 2h2v-1.5ZM8 12v-1.5h2a.5.5 0 0 0 .5-.5V8H12v2a2 2 0 0 1-2 2H8Zm2-12a2 2 0 0 1 2 2v2h-1.5V2a.5.5 0 0 0-.5-.5H8V0h2Z\" \/>\n\t\t\t<\/svg>\n\t\t<\/button><\/figure>\n\n\n\n<figure data-wp-context=\"{&quot;imageId&quot;:&quot;69ff0cc9cdd7b&quot;}\" data-wp-interactive=\"core\/image\" data-wp-key=\"69ff0cc9cdd7b\" class=\"wp-block-image wp-lightbox-container\"><img data-wp-class--hide=\"state.isContentHidden\" data-wp-class--show=\"state.isContentVisible\" data-wp-init=\"callbacks.setButtonStyles\" data-wp-on--click=\"actions.showLightbox\" data-wp-on--load=\"callbacks.setButtonStyles\" data-wp-on-window--resize=\"callbacks.setButtonStyles\" src=\"https:\/\/each.international\/wp-content\/uploads\/2021\/06\/Patient-Centred-Communication-1.png\" alt=\"\" title=\"Patientenzentrierte Kommunikation-1\"\/><button\n\t\t\tclass=\"lightbox-trigger\"\n\t\t\ttype=\"button\"\n\t\t\taria-haspopup=\"dialog\"\n\t\t\taria-label=\"Vergr\u00f6\u00dfern\"\n\t\t\tdata-wp-init=\"callbacks.initTriggerButton\"\n\t\t\tdata-wp-on--click=\"actions.showLightbox\"\n\t\t\tdata-wp-style--right=\"state.imageButtonRight\"\n\t\t\tdata-wp-style--top=\"state.imageButtonTop\"\n\t\t>\n\t\t\t<svg xmlns=\"http:\/\/www.w3.org\/2000\/svg\" width=\"12\" height=\"12\" fill=\"none\" viewbox=\"0 0 12 12\">\n\t\t\t\t<path fill=\"#fff\" d=\"M2 0a2 2 0 0 0-2 2v2h1.5V2a.5.5 0 0 1 .5-.5h2V0H2Zm2 10.5H2a.5.5 0 0 1-.5-.5V8H0v2a2 2 0 0 0 2 2h2v-1.5ZM8 12v-1.5h2a.5.5 0 0 0 .5-.5V8H12v2a2 2 0 0 1-2 2H8Zm2-12a2 2 0 0 1 2 2v2h-1.5V2a.5.5 0 0 0-.5-.5H8V0h2Z\" \/>\n\t\t\t<\/svg>\n\t\t<\/button><\/figure>\n\n\n\n<figure data-wp-context=\"{&quot;imageId&quot;:&quot;69ff0cc9cdf78&quot;}\" data-wp-interactive=\"core\/image\" data-wp-key=\"69ff0cc9cdf78\" class=\"wp-block-image wp-lightbox-container\"><img data-wp-class--hide=\"state.isContentHidden\" data-wp-class--show=\"state.isContentVisible\" data-wp-init=\"callbacks.setButtonStyles\" data-wp-on--click=\"actions.showLightbox\" data-wp-on--load=\"callbacks.setButtonStyles\" data-wp-on-window--resize=\"callbacks.setButtonStyles\" src=\"https:\/\/each.international\/wp-content\/uploads\/2021\/07\/When-developing-Curricula-for-Communication-Skills-Education.png\" alt=\"\" title=\"Bei der Entwicklung von Lehrpl\u00e4nen f\u00fcr die Ausbildung von Kommunikationsf\u00e4higkeiten\"\/><button\n\t\t\tclass=\"lightbox-trigger\"\n\t\t\ttype=\"button\"\n\t\t\taria-haspopup=\"dialog\"\n\t\t\taria-label=\"Vergr\u00f6\u00dfern\"\n\t\t\tdata-wp-init=\"callbacks.initTriggerButton\"\n\t\t\tdata-wp-on--click=\"actions.showLightbox\"\n\t\t\tdata-wp-style--right=\"state.imageButtonRight\"\n\t\t\tdata-wp-style--top=\"state.imageButtonTop\"\n\t\t>\n\t\t\t<svg xmlns=\"http:\/\/www.w3.org\/2000\/svg\" width=\"12\" height=\"12\" fill=\"none\" viewbox=\"0 0 12 12\">\n\t\t\t\t<path fill=\"#fff\" d=\"M2 0a2 2 0 0 0-2 2v2h1.5V2a.5.5 0 0 1 .5-.5h2V0H2Zm2 10.5H2a.5.5 0 0 1-.5-.5V8H0v2a2 2 0 0 0 2 2h2v-1.5ZM8 12v-1.5h2a.5.5 0 0 0 .5-.5V8H12v2a2 2 0 0 1-2 2H8Zm2-12a2 2 0 0 1 2 2v2h-1.5V2a.5.5 0 0 0-.5-.5H8V0h2Z\" \/>\n\t\t\t<\/svg>\n\t\t<\/button><\/figure>\n<\/figure>","protected":false},"excerpt":{"rendered":"<p>Webinars Healthchat(ter) podcasts HealthChat(ter) is a podcast series aimed at sharing ideas, experience, and evidence relating to communication in healthcare. We interview healthcare professionals, researchers,&hellip;<\/p>","protected":false},"author":996,"featured_media":0,"parent":7610,"menu_order":0,"comment_status":"closed","ping_status":"open","template":"page-basic-header.php","meta":{"_acf_changed":false,"footnotes":""},"class_list":["post-10182","page","type-page","status-publish","hentry"],"acf":[],"_links":{"self":[{"href":"https:\/\/each.international\/de\/wp-json\/wp\/v2\/pages\/10182","targetHints":{"allow":["GET"]}}],"collection":[{"href":"https:\/\/each.international\/de\/wp-json\/wp\/v2\/pages"}],"about":[{"href":"https:\/\/each.international\/de\/wp-json\/wp\/v2\/types\/page"}],"author":[{"embeddable":true,"href":"https:\/\/each.international\/de\/wp-json\/wp\/v2\/users\/996"}],"replies":[{"embeddable":true,"href":"https:\/\/each.international\/de\/wp-json\/wp\/v2\/comments?post=10182"}],"version-history":[{"count":11,"href":"https:\/\/each.international\/de\/wp-json\/wp\/v2\/pages\/10182\/revisions"}],"predecessor-version":[{"id":22393,"href":"https:\/\/each.international\/de\/wp-json\/wp\/v2\/pages\/10182\/revisions\/22393"}],"up":[{"embeddable":true,"href":"https:\/\/each.international\/de\/wp-json\/wp\/v2\/pages\/7610"}],"wp:attachment":[{"href":"https:\/\/each.international\/de\/wp-json\/wp\/v2\/media?parent=10182"}],"curies":[{"name":"wp","href":"https:\/\/api.w.org\/{rel}","templated":true}]}}