{"id":50,"date":"2021-10-29T10:51:04","date_gmt":"2021-10-29T09:51:04","guid":{"rendered":"http:\/\/www.each.eu\/?page_id=50"},"modified":"2026-02-24T08:58:59","modified_gmt":"2026-02-24T08:58:59","slug":"membership","status":"publish","type":"page","link":"https:\/\/each.international\/da\/membership\/","title":{"rendered":"Medlemskab"},"content":{"rendered":"<span class=\"here\"><\/span><div id=\"iconblock-block_86fdedd127ff042ab17a452d697b85cd\" class=\"icon-blocks\">\n    \n            \n        <div class=\"icon-block\">\n            <div class=\"icon-block-image\"><img src=\"https:\/\/each.international\/wp-content\/uploads\/2022\/07\/member-icon-1.png\" \/><\/div>\n            <div class=\"icon-block-text\">\n                <h3>Internationale netv\u00e6rksmuligheder<\/h3>\n                <p>Klik her for at se kort over nationale repr\u00e6sentanter<\/p>\n                            <\/div>\n        <\/div>\n        \n            \n        <div class=\"icon-block\">\n            <div class=\"icon-block-image\"><img src=\"https:\/\/each.international\/wp-content\/uploads\/2022\/07\/member-icon-2.png\" \/><\/div>\n            <div class=\"icon-block-text\">\n                <h3>Privilegeret adgang til medlemsomr\u00e5det p\u00e5 EACH-webstedet<\/h3>\n                <p>GRATIS adgang til VR-CoDES manualerne.<br \/>\nGRATIS adgang til et bibliotek med undervisnings- og forskningsressourcer.<br \/>\nGRATIS adgang til at s\u00f8ge og forbinde med mennesker, der arbejder med undervisning, forskning og\/eller politik inden for sundhedskommunikation.<\/p>\n                            <\/div>\n        <\/div>\n        \n            \n        <div class=\"icon-block\">\n            <div class=\"icon-block-image\"><img src=\"https:\/\/each.international\/wp-content\/uploads\/2022\/07\/member-icon-3.png\" \/><\/div>\n            <div class=\"icon-block-text\">\n                <h3>Mulighed for at deltage i et af vores udvalg:<\/h3>\n                <p>rEACH, tEACH eller pEACH, som s\u00e5 er berettiget til at s\u00f8ge om \u00e5rlige midler til projektarbejde.<\/p>\n                            <\/div>\n        <\/div>\n        \n            \n        <div class=\"icon-block\">\n            <div class=\"icon-block-image\"><img src=\"https:\/\/each.international\/wp-content\/uploads\/2022\/07\/member-icon-4.png\" \/><\/div>\n            <div class=\"icon-block-text\">\n                <h3>Reducerede tilmeldingsgebyrer for alle HVER begivenheder<\/h3>\n                                            <\/div>\n        <\/div>\n        \n            \n        <div class=\"icon-block\">\n            <div class=\"icon-block-image\"><img src=\"https:\/\/each.international\/wp-content\/uploads\/2022\/07\/member-icon-5.png\" \/><\/div>\n            <div class=\"icon-block-text\">\n                <h3>Mulighed for at deltage i eller oprette en s\u00e6rlig interessegruppe<\/h3>\n                                            <\/div>\n        <\/div>\n        \n            \n        <div class=\"icon-block\">\n            <div class=\"icon-block-image\"><img src=\"https:\/\/each.international\/wp-content\/uploads\/2022\/07\/member-icon-6.png\" \/><\/div>\n            <div class=\"icon-block-text\">\n                <h3>Reduceret kontingent for (PhD) studerende<\/h3>\n                                            <\/div>\n        <\/div>\n        \n        \n<\/div>\n<style type=\"text\/css\">\n    #iconblock-block_86fdedd127ff042ab17a452d697b85cd {\n        background: ;\n        color: ;\n    }\n<\/style>\n\n\n\n\n<div class=\"wp-block-group alignfull has-white-color has-text-color has-background has-link-color wp-elements-7f275eda4337c9a6fe987784455c0f43\" style=\"background-color:#0038a8\"><div class=\"wp-block-group__inner-container is-layout-constrained wp-block-group-is-layout-constrained\">\n<div class=\"wp-block-media-text alignfull has-media-on-the-right is-stacked-on-mobile\" style=\"grid-template-columns:auto 40%\"><div class=\"wp-block-media-text__content\">\n<h2 class=\"wp-block-heading has-white-color has-text-color has-link-color wp-elements-0f801c278b13de32d8af6624113b326c\">Medlemskontingent<\/h2>\n\n\n\n<p>Efter feedback fra vores medlemmer tilbyder HVERT medlemskab nu:<\/p>\n\n\n\n<ul class=\"wp-block-list tick-list white-tick\">\n<li>Value for money \u2013 A rolling membership, ensuring you benefit from a full year regardless of when you join<\/li>\n\n\n\n<li>Longevity of membership \u2013 10% discount to members who wish to sign up for 2 years<\/li>\n\n\n\n<li>Lower membership fee options \u2013 Lower fees for undergraduate** students and members over 65 years of age<\/li>\n\n\n\n<li>Affiliate membership*** \u2013 20% discount for members of International Communication Association (ICA) or WONCA<\/li>\n\n\n\n<li>Institutional membership \u2013 20% discount for institutions registering 5 or more members<\/li>\n\n\n\n<li>Membership grants \u2013 A limited number of grants (up to 50% discount on fees) are available<\/li>\n\n\n\n<li>20% rabat p\u00e5 Elsevier webshop produkter med koden EACH2022<\/li>\n\n\n\n<li>Betydelig rabat for online abonnement p\u00e5 PEC (Patient Education and Counseling)<\/li>\n<\/ul>\n\n\n\n<p>*** Affiliate-medlemskab er \u00e5bent for alle, der er medlem af Internationalen<\/p>\n\n\n\n<p>Communication Association (ICA) eller WONCA. Bevis for medlemskab kr\u00e6ves ved registrering.<\/p>\n\n\n\n<p>Alle nye medlemmer af EACH kan drage fordel af denne rabat; eksisterende medlemmer af EACH kan drage fordel af dette ved fornyelse af medlemskabet.<\/p>\n\n\n\n<p>Institutionsmedlemskab er en mulighed for gruppemedlemskab for medarbejdere eller studerende fra samme institution eller organisation.<\/p>\n\n\n\n<p>Alle medlemmer i gruppen f\u00e5r stadig de samme fordele som et individuelt medlem, inklusive arrangementsrabatter.<\/p>\n\n\n\n<p>\u00c9n hovedperson skal oprette medlemskabet og vil v\u00e6re i stand til at tilf\u00f8je minimum 5 ekstra kolleger til gruppen.<\/p>\n\n\n\n<p>NB Institutionelt medlemskab skal v\u00e6lges p\u00e5 det tidspunkt, hvor man bliver medlem eller fornyer medlemskabet.<\/p>\n\n\n\n<p>Vi beklager, at det ikke er muligt at \u00e6ndre din medlemskategori for at blive medlem af en institutionsgruppe halvvejs gennem dit \u00e5rlige medlemskab.<\/p>\n<\/div><figure class=\"wp-block-media-text__media\"><img loading=\"lazy\" width=\"336\" height=\"432\" src=\"https:\/\/each.international\/wp-content\/uploads\/2022\/07\/image-membership.png\" alt=\"\" class=\"wp-image-17506 size-full\" srcset=\"https:\/\/each.international\/wp-content\/uploads\/2022\/07\/image-membership.png 336w, https:\/\/each.international\/wp-content\/uploads\/2022\/07\/image-membership-233x300.png 233w\" sizes=\"auto, (max-width: 336px) 100vw, 336px\" \/><\/figure><\/div>\n<\/div><\/div>\n\n\n\n<div class=\"wp-block-group shadow-bg\"><div class=\"wp-block-group__inner-container is-layout-constrained wp-block-group-is-layout-constrained\">\n<div class=\"wp-block-columns is-layout-flex wp-container-core-columns-is-layout-9d6595d7 wp-block-columns-is-layout-flex\">\n<div class=\"wp-block-column is-layout-flow wp-block-column-is-layout-flow\">\n<h2 class=\"wp-block-heading\">Fuldt medlemskab<\/h2>\n\n\n\n<p>rabatadgang til Journal Patient Education &amp; Counseling<\/p>\n<\/div>\n\n\n\n<div class=\"wp-block-column is-layout-flow wp-block-column-is-layout-flow\">\n<h2 class=\"wp-block-heading has-text-align-center has-text-color has-link-color wp-elements-e94306e6e0e8ce24910de798bc6a3235\" style=\"color:#0038a8\">\u00a3114<\/h2>\n\n\n\n<p class=\"has-text-align-center\">et \u00e5r<\/p>\n<\/div>\n\n\n\n<div class=\"wp-block-column is-layout-flow wp-block-column-is-layout-flow\">\n<h2 class=\"wp-block-heading has-text-align-center has-text-color has-link-color wp-elements-4b016ff93abf26a8d9fcb38dae5bc456\" style=\"color:#0038a8\">\u00a3205<\/h2>\n\n\n\n<p class=\"has-text-align-center\">to \u00e5r*<\/p>\n<\/div>\n<\/div>\n\n\n\n<div class=\"wp-block-columns is-layout-flex wp-container-core-columns-is-layout-9d6595d7 wp-block-columns-is-layout-flex\">\n<div class=\"wp-block-column is-layout-flow wp-block-column-is-layout-flow\">\n<h2 class=\"wp-block-heading\">Ph.d.-studerende medlemskab**<\/h2>\n\n\n\n<p>rabatadgang til Journal Patient Education &amp; Counseling<\/p>\n<\/div>\n\n\n\n<div class=\"wp-block-column is-layout-flow wp-block-column-is-layout-flow\">\n<h2 class=\"wp-block-heading has-text-align-center has-text-color has-link-color wp-elements-033812b27eaf8c2a34deb1e0571e10e7\" style=\"color:#0038a8\">\u00a3104<\/h2>\n\n\n\n<p class=\"has-text-align-center\">et \u00e5r<\/p>\n<\/div>\n\n\n\n<div class=\"wp-block-column is-layout-flow wp-block-column-is-layout-flow\">\n<h2 class=\"wp-block-heading has-text-align-center has-text-color has-link-color wp-elements-0b2bfa1ace478a46437547f47582755a\" style=\"color:#0038a8\">\u00a3186<\/h2>\n\n\n\n<p class=\"has-text-align-center\">to \u00e5r*<\/p>\n<\/div>\n<\/div>\n\n\n\n<div class=\"wp-block-columns is-layout-flex wp-container-core-columns-is-layout-9d6595d7 wp-block-columns-is-layout-flex\">\n<div class=\"wp-block-column is-layout-flow wp-block-column-is-layout-flow\">\n<h2 class=\"wp-block-heading\">Bachelor-medlemskab**<\/h2>\n\n\n\n<p>rabatadgang til Journal Patient Education &amp; Counseling<\/p>\n<\/div>\n\n\n\n<div class=\"wp-block-column is-layout-flow wp-block-column-is-layout-flow\">\n<h2 class=\"wp-block-heading has-text-align-center has-text-color has-link-color wp-elements-9a1cb00b1f71e3242e7f4d5e297e35da\" style=\"color:#0038a8\">\u00a383<\/h2>\n\n\n\n<p class=\"has-text-align-center\">et \u00e5r<\/p>\n<\/div>\n\n\n\n<div class=\"wp-block-column is-layout-flow wp-block-column-is-layout-flow\">\n<h2 class=\"wp-block-heading has-text-align-center has-text-color has-link-color wp-elements-11fb94cf44af032c28b1c5c2b0ba962e\" style=\"color:#0038a8\">\u00a3145<\/h2>\n\n\n\n<p class=\"has-text-align-center\">to \u00e5r*<\/p>\n<\/div>\n<\/div>\n\n\n\n<div class=\"wp-block-columns is-layout-flex wp-container-core-columns-is-layout-9d6595d7 wp-block-columns-is-layout-flex\">\n<div class=\"wp-block-column is-layout-flow wp-block-column-is-layout-flow\">\n<h2 class=\"wp-block-heading\">Over 65 medlemmer<\/h2>\n\n\n\n<p>rabatadgang til Journal Patient Education &amp; Counseling<\/p>\n<\/div>\n\n\n\n<div class=\"wp-block-column is-layout-flow wp-block-column-is-layout-flow\">\n<h2 class=\"wp-block-heading has-text-align-center has-text-color has-link-color wp-elements-9a1cb00b1f71e3242e7f4d5e297e35da\" style=\"color:#0038a8\">\u00a383<\/h2>\n\n\n\n<p class=\"has-text-align-center\">et \u00e5r<\/p>\n<\/div>\n\n\n\n<div class=\"wp-block-column is-layout-flow wp-block-column-is-layout-flow\">\n<h2 class=\"wp-block-heading has-text-align-center has-text-color has-link-color wp-elements-11fb94cf44af032c28b1c5c2b0ba962e\" style=\"color:#0038a8\">\u00a3145<\/h2>\n\n\n\n<p class=\"has-text-align-center\">to \u00e5r*<\/p>\n<\/div>\n<\/div>\n\n\n\n<div class=\"wp-block-columns is-layout-flex wp-container-core-columns-is-layout-9d6595d7 wp-block-columns-is-layout-flex\">\n<div class=\"wp-block-column is-layout-flow wp-block-column-is-layout-flow\">\n<h2 class=\"wp-block-heading\">Affiliate medlemskab ***<\/h2>\n\n\n\n<p>rabatadgang til Journal Patient Education &amp; Counseling<\/p>\n<\/div>\n\n\n\n<div class=\"wp-block-column is-layout-flow wp-block-column-is-layout-flow\">\n<h2 class=\"wp-block-heading has-text-align-center has-text-color has-link-color wp-elements-9a1cb00b1f71e3242e7f4d5e297e35da\" style=\"color:#0038a8\">\u00a383<\/h2>\n\n\n\n<p class=\"has-text-align-center\">et \u00e5r<\/p>\n<\/div>\n\n\n\n<div class=\"wp-block-column is-layout-flow wp-block-column-is-layout-flow\">\n<h2 class=\"wp-block-heading has-text-align-center has-text-color has-link-color wp-elements-ddd1d73adea0986db5cc32f22f3a5c86\" style=\"color:#0038a8\"><\/h2>\n\n\n\n<p class=\"has-text-align-center\"><\/p>\n<\/div>\n<\/div>\n\n\n\n<div class=\"wp-block-columns is-layout-flex wp-container-core-columns-is-layout-9d6595d7 wp-block-columns-is-layout-flex\">\n<div class=\"wp-block-column is-layout-flow wp-block-column-is-layout-flow\" style=\"flex-basis:33.33%\">\n<h2 class=\"wp-block-heading\">Institutionelt medlemskab<\/h2>\n\n\n\n<p>rabatadgang til Journal Patient Education &amp; Counseling for 5 eller flere medlemmer<\/p>\n<\/div>\n\n\n\n<div class=\"wp-block-column is-layout-flow wp-block-column-is-layout-flow\">\n<h2 class=\"wp-block-heading has-text-align-right has-text-color has-link-color wp-elements-abf3d39fe87de25d0c98780b8b385275\" style=\"color:#0038a8\">\u00a3435<\/h2>\n\n\n\n<p class=\"has-text-align-right\"><small>for 5 medlemmer i et \u00e5r<br>+\u00a388 per additional full member<br>+\u00a375 per additional PhD Student member<br>+\u00a370 pr. yderligere bachelor eller over 65 medlemmer derefter<\/small><\/p>\n<\/div>\n<\/div>\n<\/div><\/div>\n\n\n\n<h2 class=\"wp-block-heading has-text-align-center\">Please consider donating to EACH<\/h2>\n\n\n\n<div class=\"wp-block-columns is-layout-flex wp-container-core-columns-is-layout-9d6595d7 wp-block-columns-is-layout-flex\">\n<div class=\"wp-block-column is-layout-flow wp-block-column-is-layout-flow\">\n<div class=\"wp-block-buttons is-layout-flex wp-block-buttons-is-layout-flex\">\n<div class=\"wp-block-button has-custom-width wp-block-button__width-100\"><a class=\"wp-block-button__link wp-element-button\" href=\"https:\/\/buy.stripe.com\/8x2bJ2gjNest5XF2Yh9MY05\" target=\"_blank\" rel=\"noreferrer noopener\">Doner<\/a><\/div>\n<\/div>\n<\/div>\n\n\n\n<div class=\"wp-block-column is-layout-flow wp-block-column-is-layout-flow\">\n<figure class=\"wp-block-image size-full is-resized\"><a href=\"https:\/\/each.international\/wp-content\/uploads\/2026\/02\/EACH-Scholarship-Donation-QR-Code.png\"><img loading=\"lazy\" width=\"200\" height=\"200\" src=\"https:\/\/each.international\/wp-content\/uploads\/2026\/02\/EACH-Scholarship-Donation-QR-Code.png\" alt=\"\" class=\"wp-image-23303\" style=\"width:242px;height:auto\" srcset=\"https:\/\/each.international\/wp-content\/uploads\/2026\/02\/EACH-Scholarship-Donation-QR-Code.png 200w, https:\/\/each.international\/wp-content\/uploads\/2026\/02\/EACH-Scholarship-Donation-QR-Code-150x150.png 150w, https:\/\/each.international\/wp-content\/uploads\/2026\/02\/EACH-Scholarship-Donation-QR-Code-12x12.png 12w\" sizes=\"auto, (max-width: 200px) 100vw, 200px\" \/><\/a><\/figure>\n<\/div>\n<\/div>\n\n\n\n<p>Din donation g\u00e5r til EACH Scholarship Fund, som medlemmer i \u00f8konomisk n\u00f8d kan ans\u00f8ge om til:<\/p>\n\n\n\n<ul class=\"wp-block-list\">\n<li>Rabat p\u00e5 medlemskontingenter<\/li>\n\n\n\n<li>Tilmeldingsgebyr med rabat for EACH-arrangementer, s\u00e5som International Conference for Communication in Healthcare (ICCH).<\/li>\n<\/ul>\n\n\n\n<p>Tak fordi du st\u00f8tter dine kolleger i sundhedskommunikationsf\u00e6llesskabet.<\/p>\n\n\n\n<h2 class=\"wp-block-heading\">Maternity\/Parental Leave Discount<\/h2>\n\n\n\n<p>From 1 January 2025, EACH has introduced a 50% discounted membership for members on maternity\/parental leave (including adoption) for one year. We understand that this is a time to focus on family and self-care and we want to ensure you can continue enjoying the benefits of membership without added financial stress. Whether it\u2019s staying connected, accessing resources, or attending courses, this reduced membership is EACH\u2019s way of saying thank you for your membership and we look forward to welcoming you back.&nbsp;<\/p>\n\n\n\n<p>Please let us know as soon as you go on leave and we check your membership and apply the discount to your renewal.  Please contact&nbsp;<a href=\"mailto:membership@each.international\">membership@each.international<\/a><\/p>\n\n\n\n<h2 class=\"wp-block-heading\">Begr\u00e6nsede medlemstilskud<\/h2>\n\n\n\n<h2 class=\"wp-block-heading\">Har du brug for lidt hj\u00e6lp?<\/h2>\n\n\n\n<p>There are a limited number of grants available to apply for a discount on membership fees.&nbsp; Please see below for further details about eligibility and how to apply.<\/p>\n\n\n\n<p>Det maksimale tilskud pr. person vil v\u00e6re&nbsp;<strong>50% standard medlemskontingenter<\/strong>.&nbsp;&nbsp;Membership grants will only be awarded to the following membership category:<\/p>\n\n\n\n<ul class=\"wp-block-list\">\n<li><strong>Fuldt medlemskab, kun et \u00e5r<\/strong><\/li>\n<\/ul>\n\n\n\n<p>Before applying for a grant, please do ensure you have tried all other sources of funding available to you, including your local institution\/organisation\/company.&nbsp;&nbsp;Each application will be considered on a case-by-case basis.&nbsp; The discount must be applied for annually.<\/p>\n\n\n\n<p>The limited number of grants available each year will be allocated throughout the year on a \u2018first come, first served basis\u2019 (assuming that the eligibility criteria have been met).&nbsp; It will not be possible to issue any grants once the annual allocation has run out.&nbsp; These grants are awarded from the EACH Scholarship Fund.<\/p>\n\n\n\n<h3 class=\"wp-block-heading\">Berettigelse til ans\u00f8gning om medlemsst\u00f8tte:<\/h3>\n\n\n\n<p><strong>Nedsat indkomst<\/strong><\/p>\n\n\n\n<p>Hvis du ikke har r\u00e5d til HVERT medlemskab p\u00e5 grund af lav indkomst.<\/p>\n\n\n\n<p><strong>Arbejdsl\u00f8shedshj\u00e6lp<\/strong><\/p>\n\n\n\n<p>Hvis du ikke er i aktiv besk\u00e6ftigelse p\u00e5 grund af dine personlige forhold, fx af en af f\u00f8lgende \u00e5rsager:<\/p>\n\n\n\n<ul class=\"wp-block-list\">\n<li>Du stifter familie p\u00e5 fuld tid eller er fuldtidsplejer.<\/li>\n\n\n\n<li>Du oplever langtidsledighed.<\/li>\n\n\n\n<li>Du lider af en langvarig sygdom, der forhindrer dig i at s\u00f8ge arbejde.<\/li>\n<\/ul>\n\n\n\n<h3 class=\"wp-block-heading\">Hvordan man ans\u00f8ger<\/h3>\n\n\n\n<p>Udfyld venligst&nbsp;<a href=\"https:\/\/each.international\/wp-content\/uploads\/2023\/11\/Restricted-membership-application-form-Nov-23.docx\" target=\"_blank\" rel=\"noreferrer noopener\">ans\u00f8gningsskema<\/a>&nbsp;og returnere den til&nbsp;<a href=\"mailto:treasurer@each.international\">treasurer@each.international<\/a>&nbsp;og&nbsp;<a href=\"mailto:info@each.international\">info@each.international<\/a>, sammen med:<\/p>\n\n\n\n<ul class=\"wp-block-list\">\n<li>et f\u00f8lgebrev, der forklarer din motivation for at deltage i EACH and<\/li>\n\n\n\n<li>et referencebrev fra din institution\/organisation\/virksomhed eller en kollega, der har kendskab til dit arbejde med sundhedskommunikation.<\/li>\n<\/ul>\n\n\n\n<p>Applications will be considered throughout the year at monthly Executive meetings.&nbsp; On receipt of your application you will be notified of when you will receive a decision.<\/p>\n\n\n\n<div class=\"wp-block-group alignfull has-white-color has-text-color has-background has-link-color wp-elements-b9ed3e69e5e2d10d55f755105da6c8c5\" style=\"background-color:#3a4558\"><div class=\"wp-block-group__inner-container is-layout-constrained wp-block-group-is-layout-constrained\">\n<h1 class=\"wp-block-heading has-white-color has-text-color has-link-color wp-elements-93f8f5208a1a7f6e651cb3ccc8c80b1a\">Vilk\u00e5r og Betingelser<\/h1>\n\n\n\n<p>* To \u00e5rs medlemskab skal v\u00e6lges p\u00e5 tidspunktet for at blive medlem eller forny medlemskab for at modtage rabatten. To \u00e5rs medlemskab er ikke tilg\u00e6ngeligt for tilknyttede medlemskategorier.<\/p>\n\n\n\n<p>** For at kvalificere dig til det reducerede gebyr, der er forbundet med at v\u00e6re studerende, vil du blive bedt om at e-maile en scannet certificering af din studerendes status underskrevet af din akademiske tilknytning inden for 4 uger fra betalingsdatoen. Modtages dette ikke, skal du betale det normale kontingent ellers vil dit medlemskab blive opsagt. Certificeringen skal leveres med hvert efterf\u00f8lgende \u00e5rlige abonnement.<\/p>\n\n\n\n<p>*** For at kvalificere dig til det reducerede gebyr, der er forbundet med Affiliate-medlemskabskategorierne, bliver du bedt om at uploade bevis for medlemskab til ICA eller WONCA, n\u00e5r du registrerer dig for at blive medlem af EACH.<\/p>\n\n\n\n<p>En medlemsfaktura eller bekr\u00e6ftelses-e-mail vil blive accepteret som bevis.<\/p>\n\n\n\n<p>Bem\u00e6rk venligst, at medlemskontingenter ikke refunderes.<\/p>\n<\/div><\/div>\n\n\n\n<h1 class=\"wp-block-heading has-text-align-center\">Foresp\u00f8rgsler<\/h1>\n\n\n\n<p class=\"has-text-align-center\">Hvis du har nogen bekymringer eller sp\u00f8rgsm\u00e5l om at blive medlem, bedes du venligst&nbsp;<a href=\"mailto:info@each.international\">e-mail os<\/a>&nbsp;f\u00f8r tilmelding.<\/p>\n\n\n\n<p><\/p>","protected":false},"excerpt":{"rendered":"<p>Membership Fee Following feedback from our members the EACH membership now offers: *** Affiliate membership is open to anyone that is a member of the&hellip;<\/p>","protected":false},"author":996,"featured_media":0,"parent":0,"menu_order":0,"comment_status":"closed","ping_status":"open","template":"page-basic-full-width.php","meta":{"_acf_changed":false,"footnotes":""},"class_list":["post-50","page","type-page","status-publish","hentry"],"acf":[],"_links":{"self":[{"href":"https:\/\/each.international\/da\/wp-json\/wp\/v2\/pages\/50","targetHints":{"allow":["GET"]}}],"collection":[{"href":"https:\/\/each.international\/da\/wp-json\/wp\/v2\/pages"}],"about":[{"href":"https:\/\/each.international\/da\/wp-json\/wp\/v2\/types\/page"}],"author":[{"embeddable":true,"href":"https:\/\/each.international\/da\/wp-json\/wp\/v2\/users\/996"}],"replies":[{"embeddable":true,"href":"https:\/\/each.international\/da\/wp-json\/wp\/v2\/comments?post=50"}],"version-history":[{"count":36,"href":"https:\/\/each.international\/da\/wp-json\/wp\/v2\/pages\/50\/revisions"}],"predecessor-version":[{"id":23306,"href":"https:\/\/each.international\/da\/wp-json\/wp\/v2\/pages\/50\/revisions\/23306"}],"wp:attachment":[{"href":"https:\/\/each.international\/da\/wp-json\/wp\/v2\/media?parent=50"}],"curies":[{"name":"wp","href":"https:\/\/api.w.org\/{rel}","templated":true}]}}