{"id":3214,"date":"2015-09-17T15:32:30","date_gmt":"2015-09-17T14:32:30","guid":{"rendered":"http:\/\/www.each.eu\/?page_id=3214"},"modified":"2024-09-27T12:28:20","modified_gmt":"2024-09-27T11:28:20","slug":"step-2","status":"publish","type":"page","link":"https:\/\/each.international\/da\/organisation\/networking\/step-2\/","title":{"rendered":"Trin 2"},"content":{"rendered":"<h2 class=\"wp-block-heading\">Definer <em>type<\/em>&nbsp;af netv\u00e6rk?<\/h2>\n\n\n\n<div class=\"wp-block-image\"><figure class=\"alignleft size-large\"><a href=\"https:\/\/each.international\/wp-content\/uploads\/2021\/01\/2a.png\"><img loading=\"lazy\" width=\"225\" height=\"175\" src=\"https:\/\/each.international\/wp-content\/uploads\/2021\/01\/2a.png\" alt=\"\" class=\"wp-image-14167\"\/><\/a><\/figure><\/div>\n\n\n\n<p>Et netv\u00e6rk best\u00e5r af en gruppe mennesker, der er indbyrdes forbundet og deler et f\u00e6lles form\u00e5l\/m\u00e5l. I henhold til dette f\u00e6lles form\u00e5l er det vigtigt at definere typen af netv\u00e6rk, for eksempel:<\/p>\n\n\n\n<p><\/p>\n\n\n\n<div class=\"wp-block-image\"><figure class=\"alignright size-large\"><a href=\"https:\/\/each.international\/wp-content\/uploads\/2021\/01\/2b.png\"><img loading=\"lazy\" width=\"225\" height=\"175\" src=\"https:\/\/each.international\/wp-content\/uploads\/2021\/01\/2b.png\" alt=\"\" class=\"wp-image-14168\"\/><\/a><\/figure><\/div>\n\n\n\n<ul class=\"wp-block-list\"><li>Er det et lokalt eller et bredere netv\u00e6rk?<\/li><li>Hvilken type kontakt mellem medlemmer \u00f8nsker og\/eller har vi brug for<\/li><li>Er det et peer-to-peer-supportnetv\u00e6rk, eller er vi et netv\u00e6rk af mere bureautype?<\/li><\/ul>\n\n\n\n<div class=\"wp-block-qubely-buttongroup qubely-block-3aba36\"><div class=\"qubely-block-button-group\">\n<div class=\"wp-block-qubely-button qubely-block-35e094 qubely-group-button\"><div class=\"qubely-block-btn-wrapper\"><div class=\"qubely-block-btn\"><a class=\"qubely-block-btn-anchor is-medium\" href=\"https:\/\/each.international\/da\/organisation\/networking\/\">Netv\u00e6rk<\/a><\/div><\/div><\/div>\n\n\n\n<div class=\"wp-block-qubely-button qubely-block-79c447 qubely-group-button\"><div class=\"qubely-block-btn-wrapper\"><div class=\"qubely-block-btn\"><a class=\"qubely-block-btn-anchor is-medium\" href=\"https:\/\/each.international\/da\/organisation\/networking\/step-3\/\">Trin 3<\/a><\/div><\/div><\/div>\n<\/div><\/div>","protected":false},"excerpt":{"rendered":"<p>Define the type&nbsp;of network? A network consists of a group of people who are interconnected and share a common purpose\/goal. According to this common purpose,&hellip;<\/p>","protected":false},"author":996,"featured_media":0,"parent":3206,"menu_order":0,"comment_status":"closed","ping_status":"open","template":"page-basic-header.php","meta":{"_acf_changed":false,"footnotes":""},"class_list":["post-3214","page","type-page","status-publish","hentry"],"acf":[],"_links":{"self":[{"href":"https:\/\/each.international\/da\/wp-json\/wp\/v2\/pages\/3214","targetHints":{"allow":["GET"]}}],"collection":[{"href":"https:\/\/each.international\/da\/wp-json\/wp\/v2\/pages"}],"about":[{"href":"https:\/\/each.international\/da\/wp-json\/wp\/v2\/types\/page"}],"author":[{"embeddable":true,"href":"https:\/\/each.international\/da\/wp-json\/wp\/v2\/users\/996"}],"replies":[{"embeddable":true,"href":"https:\/\/each.international\/da\/wp-json\/wp\/v2\/comments?post=3214"}],"version-history":[{"count":1,"href":"https:\/\/each.international\/da\/wp-json\/wp\/v2\/pages\/3214\/revisions"}],"predecessor-version":[{"id":20663,"href":"https:\/\/each.international\/da\/wp-json\/wp\/v2\/pages\/3214\/revisions\/20663"}],"up":[{"embeddable":true,"href":"https:\/\/each.international\/da\/wp-json\/wp\/v2\/pages\/3206"}],"wp:attachment":[{"href":"https:\/\/each.international\/da\/wp-json\/wp\/v2\/media?parent=3214"}],"curies":[{"name":"wp","href":"https:\/\/api.w.org\/{rel}","templated":true}]}}