{"id":3212,"date":"2015-09-18T11:04:28","date_gmt":"2015-09-18T10:04:28","guid":{"rendered":"http:\/\/www.each.eu\/?page_id=3212"},"modified":"2024-09-27T12:28:20","modified_gmt":"2024-09-27T11:28:20","slug":"step-1","status":"publish","type":"page","link":"https:\/\/each.international\/da\/organisation\/networking\/step-1\/","title":{"rendered":"Trin 1"},"content":{"rendered":"<h2 class=\"wp-block-heading\">Definer <em>form\u00e5l<\/em> af netv\u00e6rket<\/h2>\n\n\n\n<div class=\"wp-block-image\"><figure class=\"alignright size-large\"><a href=\"https:\/\/each.international\/wp-content\/uploads\/2021\/01\/1a.png\"><img loading=\"lazy\" width=\"300\" height=\"175\" src=\"https:\/\/each.international\/wp-content\/uploads\/2021\/01\/1a.png\" alt=\"\" class=\"wp-image-14165\"\/><\/a><\/figure><\/div>\n\n\n\n<p>Netv\u00e6rk udvikles og medlemmer m\u00f8des, fordi de deler en f\u00e6lles f\u00f8lelse af form\u00e5l, som motiverer dem til at arbejde sammen. Denne f\u00f8lelse af form\u00e5l skal v\u00e6re intern i gruppen i mods\u00e6tning til p\u00e5tvunget, og kan meget vel \u00e6ndre sig eller udvikle sig over tid. Medlemmer skal f\u00f8le ejerskab og vide pr\u00e6cis, hvorfor netv\u00e6rket eksisterer. Denne f\u00f8lelse af form\u00e5l skal opveje eventuelle kortsigtede omkostninger for medlemmer at engagere sig i.<\/p>\n\n\n\n<p>Form\u00e5let er derfor altafg\u00f8rende: det repr\u00e6senterer netv\u00e6rkets m\u00e5l og m\u00e5ls\u00e6tninger og muligg\u00f8r en vurdering af netv\u00e6rkets fremskridt og udvikling over tid.<\/p>\n\n\n\n<div class=\"wp-block-image\"><figure class=\"alignleft size-large\"><a href=\"https:\/\/each.international\/wp-content\/uploads\/2021\/01\/1b.png\"><img loading=\"lazy\" width=\"225\" height=\"175\" src=\"https:\/\/each.international\/wp-content\/uploads\/2021\/01\/1b.png\" alt=\"\" class=\"wp-image-14166\"\/><\/a><\/figure><\/div>\n\n\n\n<p>Der er to potentielle typer af f\u00e6lles form\u00e5l. Den f\u00f8rste er st\u00f8tte. Her indg\u00e5r medlemmer i netv\u00e6rket for prim\u00e6rt at opn\u00e5 st\u00f8tte og blive effektive i deres individuelle arbejde. Den anden er agentur. Her koordinerer medlemmer deres indsats for at handle sammen for at skabe forandring til f\u00e6lles bedste for deres samfund omkring et emne, som de er st\u00e6rkt forpligtet til. Mange netv\u00e6rk opn\u00e5r en form for balance mellem de to.<\/p>\n\n\n\n<p>Netv\u00e6rk skal v\u00e6re tydelige omkring form\u00e5let, og der skal defineres klare m\u00e5l for at skabe en f\u00e6lles dagsorden, som gruppen \u00f8nsker skal lykkes. Netv\u00e6rket skal kunne svare klart p\u00e5 sp\u00f8rgsm\u00e5lene:<\/p>\n\n\n\n<div class=\"wp-block-qubely-buttongroup qubely-block-c4b5c7\"><div class=\"qubely-block-button-group\">\n<div class=\"wp-block-qubely-button qubely-block-00f60c qubely-group-button\"><div class=\"qubely-block-btn-wrapper\"><div class=\"qubely-block-btn\"><a class=\"qubely-block-btn-anchor is-medium\" href=\"https:\/\/each.international\/da\/organisation\/networking\/\">Netv\u00e6rk<\/a><\/div><\/div><\/div>\n\n\n\n<div class=\"wp-block-qubely-button qubely-block-a7041d qubely-group-button\"><div class=\"qubely-block-btn-wrapper\"><div class=\"qubely-block-btn\"><a class=\"qubely-block-btn-anchor is-medium\" href=\"https:\/\/each.international\/da\/organisation\/networking\/step-2\/\">Trin 2<\/a><\/div><\/div><\/div>\n<\/div><\/div>","protected":false},"excerpt":{"rendered":"<p>Define the purpose of the network Networks develop and members come together because they share a common sense of purpose which motivates them to work&hellip;<\/p>","protected":false},"author":996,"featured_media":0,"parent":3206,"menu_order":0,"comment_status":"closed","ping_status":"open","template":"page-basic-header.php","meta":{"_acf_changed":false,"footnotes":""},"class_list":["post-3212","page","type-page","status-publish","hentry"],"acf":[],"_links":{"self":[{"href":"https:\/\/each.international\/da\/wp-json\/wp\/v2\/pages\/3212","targetHints":{"allow":["GET"]}}],"collection":[{"href":"https:\/\/each.international\/da\/wp-json\/wp\/v2\/pages"}],"about":[{"href":"https:\/\/each.international\/da\/wp-json\/wp\/v2\/types\/page"}],"author":[{"embeddable":true,"href":"https:\/\/each.international\/da\/wp-json\/wp\/v2\/users\/996"}],"replies":[{"embeddable":true,"href":"https:\/\/each.international\/da\/wp-json\/wp\/v2\/comments?post=3212"}],"version-history":[{"count":1,"href":"https:\/\/each.international\/da\/wp-json\/wp\/v2\/pages\/3212\/revisions"}],"predecessor-version":[{"id":20662,"href":"https:\/\/each.international\/da\/wp-json\/wp\/v2\/pages\/3212\/revisions\/20662"}],"up":[{"embeddable":true,"href":"https:\/\/each.international\/da\/wp-json\/wp\/v2\/pages\/3206"}],"wp:attachment":[{"href":"https:\/\/each.international\/da\/wp-json\/wp\/v2\/media?parent=3212"}],"curies":[{"name":"wp","href":"https:\/\/api.w.org\/{rel}","templated":true}]}}