{"id":17641,"date":"2022-08-22T13:09:11","date_gmt":"2022-08-22T12:09:11","guid":{"rendered":"https:\/\/each.international\/?page_id=17641"},"modified":"2024-09-27T12:27:22","modified_gmt":"2024-09-27T11:27:22","slug":"abstract-book","status":"publish","type":"page","link":"https:\/\/each.international\/da\/eachevents\/conferences\/icch-2024\/abstract-book\/","title":{"rendered":"Abstrakt bog"},"content":{"rendered":"<p>ICCH 2022 abstrakt bog kan downloades her. Den abstrakte bog vil blive opdateret med eventuelle program\u00e6ndringer frem til starten af begivenheden. Eventuelle fremtidige versioner vil v\u00e6re tilg\u00e6ngelige for download fra denne side.<\/p>\n<ul>\n<li><a href=\"https:\/\/each.international\/wp-content\/uploads\/2022\/09\/ICCH-2022-Abstract-Book-v7.pdf\" target=\"_blank\" rel=\"noopener\">Abstrakt bog \u2013 Version 7<\/a><\/li>\n<\/ul>","protected":false},"excerpt":{"rendered":"<p>The ICCH 2022 Abstract Book can be downloaded here. The Abstract Book will be updated with any programme changes up to the start of the&hellip;<\/p>","protected":false},"author":2,"featured_media":0,"parent":5230,"menu_order":0,"comment_status":"closed","ping_status":"open","template":"page-icch.php","meta":{"_acf_changed":false,"footnotes":""},"class_list":["post-17641","page","type-page","status-publish","hentry"],"acf":[],"_links":{"self":[{"href":"https:\/\/each.international\/da\/wp-json\/wp\/v2\/pages\/17641","targetHints":{"allow":["GET"]}}],"collection":[{"href":"https:\/\/each.international\/da\/wp-json\/wp\/v2\/pages"}],"about":[{"href":"https:\/\/each.international\/da\/wp-json\/wp\/v2\/types\/page"}],"author":[{"embeddable":true,"href":"https:\/\/each.international\/da\/wp-json\/wp\/v2\/users\/2"}],"replies":[{"embeddable":true,"href":"https:\/\/each.international\/da\/wp-json\/wp\/v2\/comments?post=17641"}],"version-history":[{"count":1,"href":"https:\/\/each.international\/da\/wp-json\/wp\/v2\/pages\/17641\/revisions"}],"predecessor-version":[{"id":20770,"href":"https:\/\/each.international\/da\/wp-json\/wp\/v2\/pages\/17641\/revisions\/20770"}],"up":[{"embeddable":true,"href":"https:\/\/each.international\/da\/wp-json\/wp\/v2\/pages\/5230"}],"wp:attachment":[{"href":"https:\/\/each.international\/da\/wp-json\/wp\/v2\/media?parent=17641"}],"curies":[{"name":"wp","href":"https:\/\/api.w.org\/{rel}","templated":true}]}}