{"id":13646,"date":"2020-12-16T16:00:00","date_gmt":"2020-12-16T16:00:00","guid":{"rendered":"https:\/\/each.international\/?page_id=13646"},"modified":"2024-09-27T12:27:22","modified_gmt":"2024-09-27T11:27:22","slug":"clinical-communication-skills-online","status":"publish","type":"page","link":"https:\/\/each.international\/da\/eachevents\/courses\/clinical-communication-skills-online\/","title":{"rendered":"Rising to the Challenge of Teaching Clinical Communication Skills Online"},"content":{"rendered":"<p>It is widely acknowledged that face to face teaching using role-play, feedback &amp; re-rehearsal is the gold standard for clinical communication skills (CCS) teaching. However, the Covid-19 pandemic has prompted health professional educators to explore innovative online approaches to address ongoing learners\u2019 needs. For many teachers this is a wholly new approach and they may not be sure how to adapt previous in-person sessions to a virtual context. Others may have started experimenting with different online methods and are looking to identify ways to consolidate progress and identify next steps.<\/p>\n\n\n\n<p>EACH: International Association of Communication in Healthcare is offering a series of three 3-hour workshops providing the opportunity to explore the challenges and rewards of teaching clinical communication skills online. Each workshop in this new series covers different aspects of teaching and learning and can either be attended as a separate event or as a complete set of three workshops.<\/p>\n\n\n\n<div class=\"wp-block-columns is-layout-flex wp-container-core-columns-is-layout-9d6595d7 wp-block-columns-is-layout-flex\">\n<div class=\"wp-block-column is-layout-flow wp-block-column-is-layout-flow\">\n<p>EACH Member<br>per course<br>\u00a335<\/p>\n\n\n\n<p><a href=\"https:\/\/na.eventscloud.com\/ereg\/newreg.php?eventid=602888&amp;\" target=\"_blank\" rel=\"noreferrer noopener\">Tilmeld<\/a><\/p>\n<\/div>\n\n\n\n<div class=\"wp-block-column is-layout-flow wp-block-column-is-layout-flow\">\n<p>EACH Member<br>for 3 courses<br>\u00a375<\/p>\n\n\n\n<p><a href=\"https:\/\/na.eventscloud.com\/ereg\/newreg.php?eventid=602888&amp;\" target=\"_blank\" rel=\"noreferrer noopener\">Tilmeld<\/a><\/p>\n<\/div>\n\n\n\n<div class=\"wp-block-column is-layout-flow wp-block-column-is-layout-flow\">\n<p>Non-Member<br>per course<br>\u00a350<\/p>\n\n\n\n<p><a href=\"https:\/\/na.eventscloud.com\/ereg\/newreg.php?eventid=602888&amp;\" target=\"_blank\" rel=\"noreferrer noopener\">Tilmeld<\/a><\/p>\n<\/div>\n\n\n\n<div class=\"wp-block-column is-layout-flow wp-block-column-is-layout-flow\">\n<p>Non Member<br>for 3 courses<br>\u00a3102<\/p>\n\n\n\n<p><a href=\"https:\/\/na.eventscloud.com\/ereg\/newreg.php?eventid=602888&amp;\" target=\"_blank\" rel=\"noreferrer noopener\">Tilmeld<\/a><\/p>\n<\/div>\n<\/div>\n\n\n\n<figure class=\"wp-block-table is-style-stripes\"><table><tbody><tr><td>Wednesday<strong>&nbsp;<\/strong>10&nbsp;March 2021<\/td><td>08:00 \u2013 11:00 GMT<\/td><td><a href=\"#wksp1\" data-type=\"internal\" data-id=\"#wksp1\">Workshop 1a: \u2018Brave New World\u2019<\/a><\/td><\/tr><tr><td>Wednesday10&nbsp;March 2021<\/td><td>14:00 \u2013 17:00 GMT<\/td><td><a href=\"#wksp1\" data-type=\"internal\" data-id=\"#wksp1\">Workshop 1b: \u2018Brave New World\u2019<\/a><\/td><\/tr><tr><td>Wednesday 28 April 2021<\/td><td>14:00 \u2013 17:00 GMT<\/td><td><a href=\"#wksp2\" data-type=\"internal\" data-id=\"#wksp2\">Workshop 2: \u2018Building your Toolkit\u2019<\/a><\/td><\/tr><tr><td>Wednesday 26 May<\/td><td>14:00 \u2013 17:00 GMT<\/td><td><a href=\"#wksp3\" data-type=\"internal\" data-id=\"#wksp3\">Workshop 3: \u2018Train the Trainers\u2019 \u2013 Understanding the needs of Learners, Teachers and Simulated Patients involved in online teaching<\/a><\/td><\/tr><\/tbody><\/table><\/figure>\n\n\n\n<h2 class=\"wp-block-heading\" id=\"wksp1\">Workshop 1: &#039;Brave New World&#039;<\/h2>\n\n\n\n<p>Den f\u00f8rste workshop i EACH online-serien fokuserer p\u00e5 de kernedokumenterede komponenter i erfaringsbaseret CCS-undervisning, og hvordan disse sikkert og effektivt kan overf\u00f8res til undervisning online ved hj\u00e6lp af videokonferenceplatforme.<\/p>\n\n\n\n<p>Denne workshop vil omfatte demonstrationer, erfaringsm\u00e6ssige \u00f8velser og diskussion af f\u00f8lgende grundl\u00e6ggende undervisningsmetoder:<\/p>\n\n\n\n<ul class=\"wp-block-list\">\n<li>Opbygning af gruppedynamik i et virtuelt klassev\u00e6relse<\/li>\n\n\n\n<li>Facilitering af sikkert og effektivt rollespil med simulerede patienter online<\/li>\n\n\n\n<li>Maksimering af effekten af feedback online<\/li>\n<\/ul>\n\n\n\n<p>Deltagerne vil have mulighed for at overveje, hvordan onlinev\u00e6rkt\u00f8jer og -teknikker kan bruges til at forbedre online erfaringsbaseret undervisning i klinisk kommunikation i deres egen institution. Der vil ogs\u00e5 v\u00e6re en v\u00e6rdifuld mulighed for at netv\u00e6rke med dine j\u00e6vnaldrende i andre institutioner, mens du deler dine egne erfaringer med online l\u00e6ring, uanset om du bare overvejer at g\u00e5 til online levering eller har brugt disse tilgange i nogen tid.<\/p>\n\n\n\n<p>Bem\u00e6rk venligst, at vi under disse sessioner vil levere tr\u00e6ning ved hj\u00e6lp af Zoom, men mange af principperne og tilgangene kan overf\u00f8res til forskellige platforme.<\/p>\n\n\n\n<h2 class=\"wp-block-heading\" id=\"wksp2\">Workshop 2: \u2018Building your Toolkit\u2019<\/h2>\n\n\n\n<p>Exploring additional approaches for online teaching.&nbsp;<\/p>\n\n\n\n<p>This workshop will explore complementary approaches to role-play with simulated patients, the mainstay of experiential teaching. The approaches covered in this workshop are aimed at offering variety and increasing student engagement in the learning process.<\/p>\n\n\n\n<p>This workshop will include demonstrations, experiential exercises and discussions of the following aspects of communication skills teaching:<\/p>\n\n\n\n<p>-Using pre-recorded video clips to teach clinical communication skills online<\/p>\n\n\n\n<ul class=\"wp-block-list\">\n<li>Peer role-play as a teaching technique<\/li>\n\n\n\n<li>Experiential exercises to vary learning<\/li>\n\n\n\n<li>Using synchronous experiential online learning time most effectively<\/li>\n<\/ul>\n\n\n\n<h2 class=\"wp-block-heading\" id=\"wksp3\">Workshop 3: \u2018Train the Trainers\u2019 \u2013 Understanding the needs of Learners, Teachers and Simulated patients involved in online teaching<\/h2>\n\n\n\n<p>This final workshop of the series aims to equip teachers with the necessary skills to train and support others to deliver online clinical communication skills teaching.<\/p>\n\n\n\n<p>This workshop will share recent survey results and shared experience to consider how tutors, students and simulated patients can be best prepared in order to maximise the impact of the virtual clinical communication skills classroom. This workshop will include:<\/p>\n\n\n\n<ul class=\"wp-block-list\">\n<li>The Student Perspective -What do we know so far? What aspects of online clinical communication skills teaching are valued by students? What helps them to engage and what switches them off?<\/li>\n\n\n\n<li>The Teacher\u2019s Perspective \u2013 How can I prepare others to teach clinical communication skills online?&nbsp;<\/li>\n\n\n\n<li>How do I begin to develop virtual sessions?&nbsp; Considering the required changes to Teaching plans, Faculty training and Role-play scenarios etc.<\/li>\n\n\n\n<li>The Patient\u2019s Perspective &#8211; Giving a credible performance, the challenges of role- from the \u2018waist up\u2019?<\/li>\n<\/ul>\n\n\n\n<h2 class=\"wp-block-heading\">Facilitatorer<\/h2>\n\n\n<div class=\"wp-block-image\">\n<figure class=\"alignleft size-full is-resized\"><a href=\"https:\/\/each.international\/wp-content\/uploads\/2021\/02\/photoSandraBlackburn.jpg\"><img loading=\"lazy\" width=\"300\" height=\"300\" src=\"https:\/\/each.international\/wp-content\/uploads\/2021\/02\/photoSandraBlackburn.jpg\" alt=\"Sandra Winterburn\" class=\"wp-image-14702\" style=\"width:100px\" srcset=\"https:\/\/each.international\/wp-content\/uploads\/2021\/02\/photoSandraBlackburn.jpg 300w, https:\/\/each.international\/wp-content\/uploads\/2021\/02\/photoSandraBlackburn-150x150.jpg 150w, https:\/\/each.international\/wp-content\/uploads\/2021\/02\/photoSandraBlackburn-200x200.jpg 200w\" sizes=\"auto, (max-width: 300px) 100vw, 300px\" \/><\/a><\/figure>\n<\/div>\n\n\n<p><strong>Sandra Winterburn<br><\/strong><em>Akademisk leder for Clinical Communication Curriculum, Norwich Medical School<\/em>&nbsp;<br>Sandra arbejder som lektor ved Norwich Medical School, hvor hun er akademisk leder for det kliniske kommunikationspensum. Hun har en baggrund i sygepleje og har i mere end 15 \u00e5r v\u00e6ret aktivt involveret i undervisning af kliniker-patientkommunikation til en r\u00e6kke faggrupper, b\u00e5de p\u00e5 bachelor- og postgraduat-niveau.<\/p>\n\n\n\n<p>Sandra er medformand for undervisningsudvalget (tEACH) i EACH og har en s\u00e6rlig interesse i:<\/p>\n\n\n\n<ul class=\"wp-block-list\">\n<li>Sm\u00e5 gruppe erfaringsbaserede undervisningsmetoder (inklusive online levering)<\/li>\n\n\n\n<li>Tr\u00e6n Trainers initiativer<\/li>\n\n\n\n<li>Curriculum Design for Healthcare Communication<\/li>\n<\/ul>\n\n\n\n<hr class=\"wp-block-separator has-alpha-channel-opacity\"\/>\n\n\n<div class=\"wp-block-image\">\n<figure class=\"alignleft size-full is-resized\"><a href=\"https:\/\/each.international\/wp-content\/uploads\/2022\/05\/marcy.png\"><img loading=\"lazy\" width=\"150\" height=\"150\" src=\"https:\/\/each.international\/wp-content\/uploads\/2022\/05\/marcy.png\" alt=\"\" class=\"wp-image-16907\" style=\"width:100px\"\/><\/a><\/figure>\n<\/div>\n\n\n<p><strong>Marcy Rosenbaum<\/strong><br><em>University of Iowa Carver College of Medicine, USA<br><\/em>Marcy Rosenbaum, PhD, is Professor of Family Medicine at the University of Iowa Carver College of Medicine in the US.\u00a0 She is currently the President of EACH and former co-chair of tEACH, the teaching committee of EACH.\u00a0 She has conducted research on and taught about clinical communication and medical education for over 30 years with a particular emphasis on workplace based communication learning.<\/p>\n\n\n\n<hr class=\"wp-block-separator has-alpha-channel-opacity\"\/>\n\n\n<div class=\"wp-block-image\">\n<figure class=\"alignleft size-full is-resized\"><a href=\"https:\/\/each.international\/wp-content\/uploads\/2021\/02\/photoLauraBlackburn.jpg\"><img loading=\"lazy\" width=\"300\" height=\"300\" src=\"https:\/\/each.international\/wp-content\/uploads\/2021\/02\/photoLauraBlackburn.jpg\" alt=\"Laura Blackburn\" class=\"wp-image-14701\" style=\"width:100px\" srcset=\"https:\/\/each.international\/wp-content\/uploads\/2021\/02\/photoLauraBlackburn.jpg 300w, https:\/\/each.international\/wp-content\/uploads\/2021\/02\/photoLauraBlackburn-150x150.jpg 150w, https:\/\/each.international\/wp-content\/uploads\/2021\/02\/photoLauraBlackburn-200x200.jpg 200w\" sizes=\"auto, (max-width: 300px) 100vw, 300px\" \/><\/a><\/figure>\n<\/div>\n\n\n<p><strong>Laura Blackburn&nbsp;<br><\/strong><em>Occupational Health Physician, Lecturer and Coach, East of England<\/em><br>Dr Laura Blackburn is an Occupational Health Physician, Lecturer and Coach based in the East of England. With a strong interest in learner engagement and the use of technology in teaching, the last 12 months have proved the opportunity to accelerate the development of creative and innovative approaches to meet learner\u2019s changing needs. One such opportunity has been in working with the Norwich Medical School Consultations Skills Team in the delivery of undergraduate consultation skills training and also in developing and delivering postgraduates training nationally.<\/p>\n\n\n\n<p>Although a coaching approach weaves throughout Laura\u2019s practice as a Clinician and Educator, a particular focus is coaching professionals looking to change careers or flourish during periods of challenge and transition. This includes working with national organisations in establishing coaching schemes and meeting their development, delivery and training needs.<\/p>\n\n\n\n<hr class=\"wp-block-separator has-alpha-channel-opacity\"\/>\n\n\n<div class=\"wp-block-image\">\n<figure class=\"alignleft size-full is-resized\"><a href=\"https:\/\/each.international\/wp-content\/uploads\/2021\/02\/photoKimTaylor.jpg\"><img loading=\"lazy\" width=\"300\" height=\"300\" src=\"https:\/\/each.international\/wp-content\/uploads\/2021\/02\/photoKimTaylor.jpg\" alt=\"Kim Taylor\" class=\"wp-image-14700\" style=\"width:100px\" srcset=\"https:\/\/each.international\/wp-content\/uploads\/2021\/02\/photoKimTaylor.jpg 300w, https:\/\/each.international\/wp-content\/uploads\/2021\/02\/photoKimTaylor-150x150.jpg 150w, https:\/\/each.international\/wp-content\/uploads\/2021\/02\/photoKimTaylor-200x200.jpg 200w\" sizes=\"auto, (max-width: 300px) 100vw, 300px\" \/><\/a><\/figure>\n<\/div>\n\n\n<p><strong>Kim Taylor<br><\/strong><em>Simuleret patient, klinisk kommunikationsf\u00e6rdighedstr\u00e6ning<\/em><br>Kim Taylor\u2019s work as a simulated patient in the field of Clinical Communication Skills training has led to workshops and courses with doctors and healthcare professionals throughout the UK and Internationally from Norway to Sri Lanka, Russia to South Africa.<\/p>\n\n\n\n<p>At undergraduate level, Kim works in experiential sessions with medical students at the University of Cambridge.<\/p>\n\n\n\n<p>With a special interest in the development of training materials, Kim is currently consulting on a number of projects for the University including a review of the simulated patient training programme and the creation of resources to support the Clinical School\u2019s online experiential CCS sessions.<\/p>\n\n\n\n<hr class=\"wp-block-separator has-alpha-channel-opacity\"\/>\n\n\n<div class=\"wp-block-image\">\n<figure class=\"alignleft size-full is-resized\"><a href=\"https:\/\/each.international\/wp-content\/uploads\/2021\/03\/photoConorGilligan.jpg\"><img loading=\"lazy\" width=\"300\" height=\"300\" src=\"https:\/\/each.international\/wp-content\/uploads\/2021\/03\/photoConorGilligan.jpg\" alt=\"Conor Gilligan\" class=\"wp-image-14927\" style=\"width:100px\" srcset=\"https:\/\/each.international\/wp-content\/uploads\/2021\/03\/photoConorGilligan.jpg 300w, https:\/\/each.international\/wp-content\/uploads\/2021\/03\/photoConorGilligan-150x150.jpg 150w, https:\/\/each.international\/wp-content\/uploads\/2021\/03\/photoConorGilligan-200x200.jpg 200w\" sizes=\"auto, (max-width: 300px) 100vw, 300px\" \/><\/a><\/figure>\n<\/div>\n\n\n<p><strong>Conor Gilligan<\/strong><br><em>University of Newcastle, Australia<\/em><br>Conor is Associate Professor in Health Behaviour Science at the University of Newcastle, and leads the Discipline of Health Behaviour Science in designing and implementing the clinical communication skills curriculum in the Joint Medical Program (Universities of Newcastle and New England). Conor facilitates small group learning with undergraduate students across all stages of training, and is passionate about contributing to the development of a workforce of patient centred clinicians who communicate effectively with patients and with each other, as well as about upskilling clinicians to contribute to students\u2019 learning in their clinical supervision roles. Conor is an active teacher, researcher, and curriculum developer in this space.<\/p>","protected":false},"excerpt":{"rendered":"<p>It is widely acknowledged that face to face teaching using role-play, feedback &amp; re-rehearsal is the gold standard for clinical communication skills (CCS) teaching. However,&hellip;<\/p>","protected":false},"author":996,"featured_media":21165,"parent":2324,"menu_order":0,"comment_status":"closed","ping_status":"open","template":"page-basic-full-width.php","meta":{"_acf_changed":false,"footnotes":""},"class_list":["post-13646","page","type-page","status-publish","has-post-thumbnail","hentry"],"acf":[],"_links":{"self":[{"href":"https:\/\/each.international\/da\/wp-json\/wp\/v2\/pages\/13646","targetHints":{"allow":["GET"]}}],"collection":[{"href":"https:\/\/each.international\/da\/wp-json\/wp\/v2\/pages"}],"about":[{"href":"https:\/\/each.international\/da\/wp-json\/wp\/v2\/types\/page"}],"author":[{"embeddable":true,"href":"https:\/\/each.international\/da\/wp-json\/wp\/v2\/users\/996"}],"replies":[{"embeddable":true,"href":"https:\/\/each.international\/da\/wp-json\/wp\/v2\/comments?post=13646"}],"version-history":[{"count":1,"href":"https:\/\/each.international\/da\/wp-json\/wp\/v2\/pages\/13646\/revisions"}],"predecessor-version":[{"id":20752,"href":"https:\/\/each.international\/da\/wp-json\/wp\/v2\/pages\/13646\/revisions\/20752"}],"up":[{"embeddable":true,"href":"https:\/\/each.international\/da\/wp-json\/wp\/v2\/pages\/2324"}],"wp:featuredmedia":[{"embeddable":true,"href":"https:\/\/each.international\/da\/wp-json\/wp\/v2\/media\/21165"}],"wp:attachment":[{"href":"https:\/\/each.international\/da\/wp-json\/wp\/v2\/media?parent=13646"}],"curies":[{"name":"wp","href":"https:\/\/api.w.org\/{rel}","templated":true}]}}