{"id":11558,"date":"2020-03-10T15:02:27","date_gmt":"2020-03-10T15:02:27","guid":{"rendered":"https:\/\/www.each.eu\/?page_id=11558"},"modified":"2024-09-27T12:27:22","modified_gmt":"2024-09-27T11:27:22","slug":"pre-conference-courses","status":"publish","type":"page","link":"https:\/\/each.international\/da\/eachevents\/conferences\/icch-2024\/pre-conference-courses\/","title":{"rendered":"Pr\u00e6-konference kurser"},"content":{"rendered":"<h1 class=\"wp-block-heading\">Pre-conference courses and workshops<\/h1>\n\n\n\n<h2 class=\"wp-block-heading\">V\u00e6rksteder<\/h2>\n\n\n\n<h3 class=\"wp-block-heading\">Workshop 1: The art of feedback: engaging learners in feedback conversations for communication development<\/h3>\n\n\n\n<p>This workshop is for clinical communication educators and those considering taking on this role. Real-time verbal feedback is an important component of experiential clinical communication training. Effective feedback from both peer learners and facilitators increases inclusivity, engagement and knowledge retention, leading towards improved communication and thus patient outcomes. Nevertheless, divergent approaches to managing feedback during the live session result in varied student experiences. This is partially due to the limited research on feedback, most of which describes the feedback as a unidirectional information transmission. Although more recent studies allude to a dynamic co-constructed process to capture the requirements for active learner participation. Using the recently published&nbsp;<em>\u2018Feedback Kidney Model\u2019<\/em>&nbsp;as a framework for our workshop, we will explore how to help learners fully engage in feedback interactions and process feedback to benefit their learning.<\/p>\n\n\n\n<p>By the end of the workshop, participants will be able to:<\/p>\n\n\n\n<ol class=\"wp-block-list\">\n<li>Appraise their own feedback practices.<\/li>\n\n\n\n<li>Critique the \u2018Feedback Kidney Model\u2019.<\/li>\n\n\n\n<li>Adapt the \u2018Feedback Kidney Model\u2019 for use in local contexts.<\/li>\n\n\n\n<li>Design and facilitate dialogic feedback in clinical communication education more effectively.<\/li>\n<\/ol>\n\n\n\n<p><strong>Facilitatorer<\/strong>: Dr Shuangyu Li, Dr Katherine Miles, Dr Abdul-salam Sultan.<\/p>\n\n\n\n<p>Date: Tuesday 10 September 0800 \u2013 1145<br>Fee: \u00a375 including lunch and refreshments<\/p>\n\n\n\n<h3 class=\"wp-block-heading\">Workshop 2: Comunicacion Centrada en las Personas \u2013 taller ofrecido en Espanol (Relationship-Centered Communication foundational workshop, offered in Spanish)<\/h3>\n\n\n\n<p>ACH has offered the foundational Relationship-Centered Communication workshop in different cultures and languages around the world by certified facilitators. We have provided this curriculum in CDMX (Mexico City), San Juan PR, and would like to offer in Spanish for local participants to experience the curriculum in their home language for engaging in a culturally and linguistically congruent manner with patients, students, and colleagues. This workshop provides a critical overview of the fundamental communication skills that support effective, empathic, and equitable communication with patients and colleagues. After reviewing the essential importance of communication, the course teaches the key fundamental skill sets that all who communicate in healthcare can adopt. A substantial portion of workshop time is spent in small groups with facilitated skills practice using participants own cases of everyday communication in their work in healthcare.<\/p>\n\n\n\n<p>By the end of the workshop, participants will be able to:<\/p>\n\n\n\n<ol class=\"wp-block-list\">\n<li>Describe the evidence base that supports relationship-centered communication.<\/li>\n\n\n\n<li>Describe and demonstrate how to build rapport.<\/li>\n\n\n\n<li>Demonstrate how to elicit a patient\u2019s or colleague\u2019s agenda.<\/li>\n\n\n\n<li>Demonstrate how to negotiate what can be managed safely in the allocated time.<\/li>\n\n\n\n<li>Demonstrate how to elicit the patient\u2019s or colleague\u2019s perspective.<\/li>\n\n\n\n<li>Demonstrate how to respond with empathy.<\/li>\n\n\n\n<li>Demonstrate communication skills to maximize the patient\u2019s or colleague\u2019s understanding of a collaborative plan.<\/li>\n\n\n\n<li>Identify 1-2 new communication skills to implement into practice<\/li>\n<\/ol>\n\n\n\n<p><strong>Facilitators:&nbsp;<\/strong>ACH<\/p>\n\n\n\n<p>Date: Tuesday 10 September 0830 \u2013 1300<br>Fee: \u00a375 including lunch and refreshments<\/p>\n\n\n\n<h3 class=\"wp-block-heading\">Workshop 3: The Verona Coding of Emotional Sequences (VR-CoDES). Rapid review of the coding system and reflections emerging from its use in the literature<\/h3>\n\n\n\n<p>Since 2003, the \u201cVerona Network on Sequence Analysis,\u201d composed of a number of EACH members coming from eight European countries (Belgium, England, Germany, Italy, the Netherlands, Norway, Scotland, and Switzerland) and from the USA, has met to define how to analyze emotional communication in provider-patient encounters. As a result, a&nbsp;<em>consensus statement&nbsp;<\/em>was published in 2011 in PEC<sup>1,2<\/sup>&nbsp;with a description of a new coding scheme, the&nbsp;<em>Verona Coding Definitions of Emotional Sequences (VR-CoDES<\/em>), followed by a conceptual paper, published in PEC in 2017, that explained the theoretical and empirical framework of&nbsp;<em>VR-KODER<\/em>. Since its publication, more than one hundred papers have been published by different research groups, in different healthcare settings.<\/p>\n\n\n\n<p>By the end of the workshop, participants will be able to:<\/p>\n\n\n\n<ol class=\"wp-block-list\">\n<li>Present an overview of the\u00a0<em>VR-KODER<\/em>\u00a0system;<\/li>\n\n\n\n<li>Demonstrate how the coding system works;<\/li>\n\n\n\n<li>Summarize findings from research applying the VR-CoDES<\/li>\n\n\n\n<li>Discuss the strengths and limitations of the VR-CoDES coding system<\/li>\n<\/ol>\n\n\n\n<p><strong>&nbsp;<\/strong><strong>Facilitators:&nbsp;<\/strong>Lidia Del Piccolo, Arnstein Finset<\/p>\n\n\n\n<p>Date: Tuesday 10 September 0800 \u2013 1145<br>Fee: \u00a375 including lunch and refreshments<\/p>\n\n\n\n<h2 class=\"wp-block-heading\">Kurser<\/h2>\n\n\n\n<h3 class=\"wp-block-heading\">Udvikling af l\u00e6seplaner i undervisning i kommunikationsevner<br>tEACH Pre-Course:&nbsp;A two day course for Health Professional Educators<\/h3>\n\n\n\n<p>Monday 9 September \u2013 9am to 5:30pm and<br>Tuesday 10 September \u2013 8:30am -12:30pm<\/p>\n\n\n\n<p>Maximum number of participants: 18<\/p>\n\n\n\n<p>Led by representatives of tEACH, the teaching committee from EACH: &nbsp;International Association for Communication in Healthcare, this course is directed toward teachers of health professionals (for example medical students, nurses, physiotherapists, doctors) who wish to develop a new curriculum or enhance an existing curriculum. We are aware that different institutions in different countries will have varying resources in terms of available teachers, simulated patients and technology and take this into account in helping you. Course content will address developing curriculum ranging from stand-alone session(s) on a specific communication skill area (for example, basic skills, motivational interviewing, bad news telling, etc) to more comprehensive longitudinal communication curriculum for any level of learners. The course will be highly interactive and participant centered and will enable individual participants to formulate concrete plans for the future.<\/p>\n\n\n\n<p>The focus is on how to develop a curriculum suitable to the healthcare setting the participant operates within. The course looks at what to include in the curriculum, and how to deliver and evaluate the curriculum.&nbsp; The course combines large group interactive sessions presenting theory and concrete steps in developing curricula with small group sessions where participants work on their individual curriculum development needs.<\/p>\n\n\n\n<p>As a result of this workshop, participants will be able to:<\/p>\n\n\n\n<ul class=\"wp-block-list\">\n<li>anvende p\u00e6dagogisk teori til at designe l\u00e6seplaner for kommunikationsf\u00e6rdigheder<\/li>\n\n\n\n<li>ensure learners master an increasing range of skills and retain them over time.<\/li>\n\n\n\n<li>organisere kerneindholdet i kommunikationspensum skr\u00e6ddersyet til deres elevers behov<\/li>\n\n\n\n<li>v\u00e6lge passende undervisningsmetoder for hver komponent i l\u00e6seplanen<\/li>\n\n\n\n<li>integrere kommunikation med andre kliniske f\u00e6rdigheder og resten af elevernes program<\/li>\n\n\n\n<li>beskrive centrale problemstillinger i evaluering og implementering af kommunikationspensum<\/li>\n<\/ul>\n\n\n\n<p>Course facilitators include:<\/p>\n\n\n\n<p><strong>Dr. Anne Marie Regan<\/strong>&nbsp;is a practising clinical\/ Neuro psychologist working in clinical practice in varied clinical settings for the last 30 years including Health Service Executive West, &amp; National Disability Authority in Ireland. She an Assistant Scheme Director with the Irish College of General Practitioners GP training programme and has a lead role in overseeing the development of a national curriculum for communication skills teaching in postgraduate GP training.<\/p>\n\n\n\n<p><strong>Dr. Claudia Kiessling<\/strong>&nbsp;er uddannet l\u00e6ge med en mastergrad i folkesundhed og har stillingen som formand og professor for uddannelse af personlige og interpersonelle kompetencer i sundhedspleje ved Witten\/Herdecke Universitet, Tyskland. Hun har v\u00e6ret involveret i medicinsk uddannelse siden 1999 og har arbejdet p\u00e5 flere universiteter i Tyskland og Schweiz. Hendes erhvervserfaring omfatter udvikling og implementering af l\u00e6geuddannelser, vurdering, programevaluering og fakultetsudvikling. Undervisningserfaring omfatter klinisk kommunikation, teamwork, refleksion, problembaseret l\u00e6ring og metodologi for videnskabeligt arbejde. Hendes forskningsinteresser er udvikling af vurderingsinstrumenter inden for klinisk kommunikation (SJT&#039;er, pr\u00e6stationsbaseret vurdering) og evaluering af p\u00e6dagogiske interventioner i l\u00e6geuddannelsen. Hun har v\u00e6ret medlem af EACH siden 2006 og tEACH siden 2011.<\/p>\n\n\n\n<p><strong>Marcy Rosenbaum<\/strong>, PhD, is Professor of Family Medicine at the University of Iowa Carver College of Medicine in the US.&nbsp; She is the Past-President of EACH and former co-chair of tEACH, the teaching committee of EACH.&nbsp; She has conducted research on and taught about clinical communication and medical education for over 30 years and oversees communication skills curriculum for students, residents and practicing clinicians. She has provided faculty development related to communication skills teaching and curriculum all over the world.<\/p>\n\n\n\n<p><strong>Fee<\/strong><\/p>\n\n\n\n<figure class=\"wp-block-table is-style-stripes\"><table class=\"has-fixed-layout\"><tbody><tr><td>Medlem<\/td><td>\u00a3315<\/td><\/tr><tr><td>Non Member<\/td><td>\u00a3355<\/td><\/tr><tr><td>Student<\/td><td>\u00a3195<\/td><\/tr><\/tbody><\/table><\/figure>\n\n\n\n<h3 class=\"wp-block-heading\">Systematic Coding of Observed human Behaviour (SCOBe) in healthcare interaction<br>rEACH: A two day course<\/h3>\n\n\n\n<p>Monday 9 September \u2013 9am to 5:30pm and<br>Tuesday 10 September \u2013 8:30am -12:30pm<\/p>\n\n\n\n<p>Maximum number of participants: 18<\/p>\n\n\n\n<p>Interactions between healthcare professionals and patients are complex. Obtaining a deep understanding of such interactional dynamics is challenging for healthcare communication researchers. To unpack complex interaction and disentangle specific communication behaviours, Systematic Coding of Observed human Behavior (SCOBe) can be used. Several observer-based coding schemes are available. However, it may seem daunting to decide when observational coding is useful, how to select or adapt the appropriate coding scheme, and how to use it to answer your research questions. This course is developed to help researchers and other professionals in using SCOBe for their research.<\/p>\n\n\n\n<p><strong>Kursusm\u00e5l<\/strong><\/p>\n\n\n\n<p>The primary focus of the course will be on using systematic coding to analyse communication behaviour in medical interaction. The course will enable participants to:<\/p>\n\n\n\n<ul class=\"wp-block-list\">\n<li>decide when (and when not) to use SCOBe<\/li>\n\n\n\n<li>become acquainted with various coding systems and choose the appropriate system for answering their own research question(s)<\/li>\n\n\n\n<li>apply a coding system through hands-on practice<\/li>\n\n\n\n<li>if no suitable coding schemes are available, modify existing schemes or newly develop a coding scheme<\/li>\n\n\n\n<li>analysere og fortolke data<\/li>\n\n\n\n<li>adequately report on research using SCOBE, using newly established guidelines<\/li>\n\n\n\n<li>avoid common pitfalls of SCOBe.<\/li>\n<\/ul>\n\n\n\n<p>Please note: This course does not focus on discourse analysis or conversation analysis as coding methods.<\/p>\n\n\n\n<ul class=\"wp-block-list\">\n<li><strong>Evaluation:<\/strong>\u00a0This course does not involve any exam or other type of evaluation for participants. However, during the 3<sup>rd<\/sup>\u00a0and final course day, participants present their work in progress and receive personalized feedback. Upon course completion, participants can contact the facilitators for follow-up advice.<\/li>\n\n\n\n<li><strong>Indication of time investment:<\/strong>\u00a032 hours in total, including the course days, preparatory work and reading.<\/li>\n\n\n\n<li><strong>Who can apply:<\/strong>\u00a0researchers of healthcare communication at any stage of their career, including PhD students, junior researchers, postdocs, and more senior researchers.<\/li>\n<\/ul>\n\n\n\n<p><strong>Facilitatorer<\/strong><\/p>\n\n\n\n<p><a href=\"https:\/\/www.nivel.nl\/en\/employee\/j-janneke-noordman\">Janneke Noordman<\/a>, PhD; Senior Researcher \u2018Communication in healthcare\u2019; Nivel, Netherlands Institute for Health Services Research, The Netherlands.&nbsp; Janneke investigates patient-provider communication, with a focus on vulnerable patient groups (e.g. patient with limited health literacy, elderly). Topics include: shared decision making, participatory research, lifestyle counselling. She is an expert in observational coding and trained many researchers in this research methodology, and provides video-feedback to healthcare providers based on their real-life consultations. Janneke is the secretary of the Patient-Provider-Interaction (PPI) Network in The Netherlands and Flanders<\/p>\n\n\n\n<p><a href=\"https:\/\/www.amsterdamumc.org\/en\/research\/researchers\/marij-a.-hillen.htm\">Marij Hillen<\/a>, PhD; Associate Professor \u2018Medical Communication\u2019 &amp; Principal Educator; Amsterdam University Medical Centers, The Netherlands. Marij researches physician-patient communication, with a focus on patient trust and (communication about) uncertainty. She has led the development of an online database of coding instruments for physician-patient communication for the research committee of EACH. In her research, she has developed and used observational coding to assess communication about uncertainty and shared decision.<\/p>\n\n\n\n<p><strong>Fee<\/strong><\/p>\n\n\n\n<figure class=\"wp-block-table is-style-stripes\"><table class=\"has-fixed-layout\"><tbody><tr><td>Medlem<\/td><td>\u00a3315<\/td><\/tr><tr><td>Non Member<\/td><td>\u00a3355<\/td><\/tr><tr><td>Student<\/td><td>\u00a3195<\/td><\/tr><\/tbody><\/table><\/figure>","protected":false},"excerpt":{"rendered":"<p>Pre-conference courses and workshops Workshops Workshop 1: The art of feedback: engaging learners in feedback conversations for communication development This workshop is for clinical communication&hellip;<\/p>","protected":false},"author":996,"featured_media":21102,"parent":5230,"menu_order":0,"comment_status":"closed","ping_status":"open","template":"page-icch.php","meta":{"_acf_changed":false,"footnotes":""},"class_list":["post-11558","page","type-page","status-publish","has-post-thumbnail","hentry"],"acf":[],"_links":{"self":[{"href":"https:\/\/each.international\/da\/wp-json\/wp\/v2\/pages\/11558","targetHints":{"allow":["GET"]}}],"collection":[{"href":"https:\/\/each.international\/da\/wp-json\/wp\/v2\/pages"}],"about":[{"href":"https:\/\/each.international\/da\/wp-json\/wp\/v2\/types\/page"}],"author":[{"embeddable":true,"href":"https:\/\/each.international\/da\/wp-json\/wp\/v2\/users\/996"}],"replies":[{"embeddable":true,"href":"https:\/\/each.international\/da\/wp-json\/wp\/v2\/comments?post=11558"}],"version-history":[{"count":21,"href":"https:\/\/each.international\/da\/wp-json\/wp\/v2\/pages\/11558\/revisions"}],"predecessor-version":[{"id":20728,"href":"https:\/\/each.international\/da\/wp-json\/wp\/v2\/pages\/11558\/revisions\/20728"}],"up":[{"embeddable":true,"href":"https:\/\/each.international\/da\/wp-json\/wp\/v2\/pages\/5230"}],"wp:featuredmedia":[{"embeddable":true,"href":"https:\/\/each.international\/da\/wp-json\/wp\/v2\/media\/21102"}],"wp:attachment":[{"href":"https:\/\/each.international\/da\/wp-json\/wp\/v2\/media?parent=11558"}],"curies":[{"name":"wp","href":"https:\/\/api.w.org\/{rel}","templated":true}]}}